{"id":5525,"date":"2025-07-30T00:41:09","date_gmt":"2025-07-30T00:41:09","guid":{"rendered":"https:\/\/pristinesmilesorlando.com\/atencion-de-urgencias\/"},"modified":"2026-01-23T17:31:36","modified_gmt":"2026-01-23T17:31:36","slug":"atencion-de-urgencias","status":"publish","type":"page","link":"https:\/\/pristinesmilesorlando.com\/es\/atencion-de-urgencias\/","title":{"rendered":"Atenci\u00f3n de urgencias"},"content":{"rendered":"\t\t<div data-elementor-type=\"wp-page\" data-elementor-id=\"5525\" class=\"elementor elementor-5525 elementor-5063\" data-elementor-post-type=\"page\">\n\t\t\t\t<div data-particle_enable=\"false\" data-particle-mobile-disabled=\"false\" class=\"elementor-element elementor-element-6e50be5 e-flex e-con-boxed e-con e-parent\" data-id=\"6e50be5\" data-element_type=\"container\" data-e-type=\"container\">\n\t\t\t\t\t<div class=\"e-con-inner\">\n\t\t\t\t<div class=\"elementor-element elementor-element-adc6eba elementor-widget elementor-widget-heading\" data-id=\"adc6eba\" data-element_type=\"widget\" data-e-type=\"widget\" data-widget_type=\"heading.default\">\n\t\t\t\t<div class=\"elementor-widget-container\">\n\t\t\t\t\t<h1 class=\"elementor-heading-title elementor-size-default\">Atenci\u00f3n odontol\u00f3gica de urgencia<\/h1>\t\t\t\t<\/div>\n\t\t\t\t<\/div>\n\t\t\t\t<div class=\"elementor-element elementor-element-dd0ea7b elementor-widget elementor-widget-text-editor\" data-id=\"dd0ea7b\" data-element_type=\"widget\" data-e-type=\"widget\" data-widget_type=\"text-editor.default\">\n\t\t\t\t<div class=\"elementor-widget-container\">\n\t\t\t\t\t\t\t\t\t<p data-start=\"198\" data-end=\"480\">Un dolor dental repentino o una lesi\u00f3n pueden ser abrumadores, pero no est\u00e1 solo. Nos comprometemos a abordar las preocupaciones dentales urgentes de forma r\u00e1pida y compasiva.  Ya sea durante el horario comercial habitual o fuera de este, nuestro equipo est\u00e1 listo para ayudarte cuando m\u00e1s nos necesites.<\/p><h2 data-start=\"487\" data-end=\"529\">\u00bfQu\u00e9 ocurre durante una visita de urgencia?<\/h2><p data-start=\"531\" data-end=\"661\">Cuando acudas a una cita de urgencia, nuestra prioridad es aliviar tus molestias y evaluar la situaci\u00f3n a fondo.<\/p><p data-start=\"663\" data-end=\"690\">Esto es lo que puede esperar:<\/p><ul><li data-start=\"694\" data-end=\"730\">Una evaluaci\u00f3n dental completa del diente o \u00e1rea problem\u00e1tica<\/li><li data-start=\"733\" data-end=\"764\">Radiograf\u00edas de diagn\u00f3stico (si es necesario)<\/li><li data-start=\"767\" data-end=\"809\">Identificaci\u00f3n de la causa de tu dolor<\/li><li data-start=\"812\" data-end=\"848\">Alivio inmediato siempre que sea posible<\/li><\/ul><p data-start=\"850\" data-end=\"1025\">Si su problema no puede resolverse por completo durante su visita de emergencia, le proporcionaremos una soluci\u00f3n temporal y programaremos una cita de seguimiento para completar su tratamiento.<\/p><h2 data-start=\"1032\" data-end=\"1082\">Atenci\u00f3n de urgencias fuera del horario comercial para pacientes actuales<\/h2><p data-start=\"1084\" data-end=\"1255\">Si usted es un paciente actual que experimenta una emergencia dental fuera del horario de atenci\u00f3n, llame a nuestra oficina y siga las instrucciones del correo de voz.<\/p><h2 data-start=\"1262\" data-end=\"1301\">Ponte en contacto con nosotros durante una urgencia dental<\/h2><p data-start=\"1303\" data-end=\"1511\" data-is-last-node=\"\" data-is-only-node=\"\">No espere m\u00e1s, <a href=\"https:\/\/pristinesmilesorlando.com\/es\/oficina-de-orlando\/\">p\u00f3ngase en contacto con nuestra cl\u00ednica<\/a> si tiene una urgencia dental. Estamos aqu\u00ed para guiarle en los siguientes pasos y ayudarle a recuperar su bienestar lo antes posible. <\/p>\t\t\t\t\t\t\t\t<\/div>\n\t\t\t\t<\/div>\n\t\t\t\t\t<\/div>\n\t\t\t\t<\/div>\n\t\t\t\t<\/div>\n\t\t","protected":false},"excerpt":{"rendered":"<p>Atenci\u00f3n odontol\u00f3gica de urgencia Un dolor dental repentino o una lesi\u00f3n pueden ser abrumadores, pero no est\u00e1 solo. Nos comprometemos a abordar las preocupaciones dentales urgentes de forma r\u00e1pida y compasiva. Ya sea durante el horario comercial habitual o fuera de este, nuestro equipo est\u00e1 listo para ayudarte cuando m\u00e1s nos necesites. \u00bfQu\u00e9 ocurre durante una visita de [&hellip;]<\/p>\n","protected":false},"author":2,"featured_media":0,"parent":0,"menu_order":49,"comment_status":"closed","ping_status":"closed","template":"","meta":{"_seopress_robots_primary_cat":"","_seopress_titles_title":"Atenci\u00f3n odontol\u00f3gica de urgencia en Orlando, FL | Pristine Smiles","_seopress_titles_desc":"En Pristine Smiles ofrecemos atenci\u00f3n odontol\u00f3gica de urgencia de forma r\u00e1pida, aliviando el dolor y abordando problemas urgentes con ex\u00e1menes expertos, radiograf\u00edas y un tratamiento compasivo.","_seopress_robots_index":"","footnotes":""},"class_list":["post-5525","page","type-page","status-publish"],"_links":{"self":[{"href":"https:\/\/pristinesmilesorlando.com\/es\/wp-json\/wp\/v2\/pages\/5525","targetHints":{"allow":["GET"]}}],"collection":[{"href":"https:\/\/pristinesmilesorlando.com\/es\/wp-json\/wp\/v2\/pages"}],"about":[{"href":"https:\/\/pristinesmilesorlando.com\/es\/wp-json\/wp\/v2\/types\/page"}],"author":[{"embeddable":true,"href":"https:\/\/pristinesmilesorlando.com\/es\/wp-json\/wp\/v2\/users\/2"}],"replies":[{"embeddable":true,"href":"https:\/\/pristinesmilesorlando.com\/es\/wp-json\/wp\/v2\/comments?post=5525"}],"version-history":[{"count":3,"href":"https:\/\/pristinesmilesorlando.com\/es\/wp-json\/wp\/v2\/pages\/5525\/revisions"}],"predecessor-version":[{"id":7200,"href":"https:\/\/pristinesmilesorlando.com\/es\/wp-json\/wp\/v2\/pages\/5525\/revisions\/7200"}],"wp:attachment":[{"href":"https:\/\/pristinesmilesorlando.com\/es\/wp-json\/wp\/v2\/media?parent=5525"}],"curies":[{"name":"wp","href":"https:\/\/api.w.org\/{rel}","templated":true}]}}