{"id":5526,"date":"2025-07-30T00:39:04","date_gmt":"2025-07-30T00:39:04","guid":{"rendered":"https:\/\/pristinesmilesorlando.com\/visita-virtual-a-la-clinica\/"},"modified":"2026-01-26T00:28:30","modified_gmt":"2026-01-26T00:28:30","slug":"visita-virtual-a-la-clinica","status":"publish","type":"page","link":"https:\/\/pristinesmilesorlando.com\/es\/visita-virtual-a-la-clinica\/","title":{"rendered":"Visita virtual a la cl\u00ednica"},"content":{"rendered":"\t\t<div data-elementor-type=\"wp-page\" data-elementor-id=\"5526\" class=\"elementor elementor-5526 elementor-5056\" data-elementor-post-type=\"page\">\n\t\t\t\t<div data-particle_enable=\"false\" data-particle-mobile-disabled=\"false\" class=\"elementor-element elementor-element-8331d06 e-flex e-con-boxed e-con e-parent\" data-id=\"8331d06\" data-element_type=\"container\" data-e-type=\"container\">\n\t\t\t\t\t<div class=\"e-con-inner\">\n\t\t\t\t<div class=\"elementor-element elementor-element-bd79d12 elementor-widget elementor-widget-heading\" data-id=\"bd79d12\" data-element_type=\"widget\" data-e-type=\"widget\" data-widget_type=\"heading.default\">\n\t\t\t\t<div class=\"elementor-widget-container\">\n\t\t\t\t\t<h1 class=\"elementor-heading-title elementor-size-default\">Bienvenido a nuestra cl\u00ednica<\/h1>\t\t\t\t<\/div>\n\t\t\t\t<\/div>\n\t\t\t\t<div class=\"elementor-element elementor-element-1d126ee elementor-widget elementor-widget-text-editor\" data-id=\"1d126ee\" data-element_type=\"widget\" data-e-type=\"widget\" data-widget_type=\"text-editor.default\">\n\t\t\t\t<div class=\"elementor-widget-container\">\n\t\t\t\t\t\t\t\t\t<article class=\"text-token-text-primary w-full focus:outline-none scroll-mt-[calc(var(--header-height)+min(200px,max(70px,20svh)))]\" dir=\"auto\" tabindex=\"-1\" data-testid=\"conversation-turn-80\" data-scroll-anchor=\"true\" data-turn=\"assistant\"><div class=\"text-base my-auto mx-auto pb-10 [--thread-content-margin:--spacing(4)] @[37rem]:[--thread-content-margin:--spacing(6)] @[72rem]:[--thread-content-margin:--spacing(16)] px-(--thread-content-margin)\"><div class=\"[--thread-content-max-width:32rem] @[34rem]:[--thread-content-max-width:40rem] @[64rem]:[--thread-content-max-width:48rem] mx-auto max-w-(--thread-content-max-width) flex-1 group\/turn-messages focus-visible:outline-hidden relative flex w-full min-w-0 flex-col agent-turn\" tabindex=\"-1\"><div class=\"flex max-w-full flex-col grow\"><div class=\"min-h-8 text-message relative flex w-full flex-col items-end gap-2 text-start break-words whitespace-normal [.text-message+&amp;]:mt-5\" dir=\"auto\" data-message-author-role=\"assistant\" data-message-id=\"7f9104f6-a48d-46a0-a64d-be01e7250338\" data-message-model-slug=\"gpt-4o\"><div class=\"flex w-full flex-col gap-1 empty:hidden first:pt-[3px]\"><div class=\"markdown prose dark:prose-invert w-full break-words dark\"><p data-start=\"75\" data-end=\"372\" data-is-last-node=\"\" data-is-only-node=\"\">Entre en nuestra cl\u00ednica moderna y acogedora, cuidadosamente dise\u00f1ada para su comodidad. Desde nuestra c\u00f3moda recepci\u00f3n hasta nuestras avanzadas salas de tratamiento, cada detalle refleja nuestra dedicaci\u00f3n a proporcionar una experiencia positiva y sin estr\u00e9s a cada paciente que nos visita. <\/p><\/div><\/div><\/div><\/div><\/div><\/div><\/article>\t\t\t\t\t\t\t\t<\/div>\n\t\t\t\t<\/div>\n\t\t\t\t\t<\/div>\n\t\t\t\t<\/div>\n\t\t<div data-particle_enable=\"false\" data-particle-mobile-disabled=\"false\" class=\"elementor-element elementor-element-eba9418 e-flex e-con-boxed e-con e-parent\" data-id=\"eba9418\" data-element_type=\"container\" data-e-type=\"container\">\n\t\t\t\t\t<div class=\"e-con-inner\">\n\t\t\t\t<div class=\"elementor-element elementor-element-26a45f5 elementor-widget elementor-widget-gallery\" data-id=\"26a45f5\" data-element_type=\"widget\" data-e-type=\"widget\" data-settings=\"{&quot;gallery_layout&quot;:&quot;masonry&quot;,&quot;lazyload&quot;:&quot;yes&quot;,&quot;columns&quot;:4,&quot;columns_tablet&quot;:2,&quot;columns_mobile&quot;:1,&quot;gap&quot;:{&quot;unit&quot;:&quot;px&quot;,&quot;size&quot;:10,&quot;sizes&quot;:[]},&quot;gap_tablet&quot;:{&quot;unit&quot;:&quot;px&quot;,&quot;size&quot;:10,&quot;sizes&quot;:[]},&quot;gap_mobile&quot;:{&quot;unit&quot;:&quot;px&quot;,&quot;size&quot;:10,&quot;sizes&quot;:[]},&quot;link_to&quot;:&quot;file&quot;,&quot;overlay_background&quot;:&quot;yes&quot;,&quot;content_hover_animation&quot;:&quot;fade-in&quot;}\" data-widget_type=\"gallery.default\">\n\t\t\t\t<div class=\"elementor-widget-container\">\n\t\t\t\t\t\t\t<div class=\"elementor-gallery__container\">\n\t\t\t\t\t\t\t<a class=\"e-gallery-item elementor-gallery-item elementor-animated-content\" href=\"https:\/\/pristinesmilesorlando.com\/wp-content\/uploads\/2025\/11\/img_8313-scaled.jpeg\" data-elementor-open-lightbox=\"yes\" data-elementor-lightbox-slideshow=\"26a45f5\" data-elementor-lightbox-title=\"IMG_8313\" data-e-action-hash=\"#elementor-action%3Aaction%3Dlightbox%26settings%3DeyJpZCI6NjE4MCwidXJsIjoiaHR0cHM6XC9cL3ByaXN0aW5lc21pbGVzb3JsYW5kby5jb21cL3dwLWNvbnRlbnRcL3VwbG9hZHNcLzIwMjVcLzExXC9pbWdfODMxMy1zY2FsZWQuanBlZyIsInNsaWRlc2hvdyI6IjI2YTQ1ZjUifQ%3D%3D\">\n\t\t\t\t\t<div class=\"e-gallery-image elementor-gallery-item__image\" data-thumbnail=\"https:\/\/pristinesmilesorlando.com\/wp-content\/uploads\/2025\/11\/img_8313-scaled.jpeg\" data-width=\"2560\" data-height=\"1920\" aria-label=\"Waiting Room Pristine Smiles in Orlando, FL\" role=\"img\" ><\/div>\n\t\t\t\t\t\t\t\t\t\t\t<div class=\"elementor-gallery-item__overlay\"><\/div>\n\t\t\t\t\t\t\t\t\t\t\t\t\t\t<\/a>\n\t\t\t\t\t\t\t<a class=\"e-gallery-item elementor-gallery-item elementor-animated-content\" href=\"https:\/\/pristinesmilesorlando.com\/wp-content\/uploads\/2025\/11\/img_8314-scaled.jpeg\" data-elementor-open-lightbox=\"yes\" data-elementor-lightbox-slideshow=\"26a45f5\" data-elementor-lightbox-title=\"IMG_8314\" data-e-action-hash=\"#elementor-action%3Aaction%3Dlightbox%26settings%3DeyJpZCI6NjE4MSwidXJsIjoiaHR0cHM6XC9cL3ByaXN0aW5lc21pbGVzb3JsYW5kby5jb21cL3dwLWNvbnRlbnRcL3VwbG9hZHNcLzIwMjVcLzExXC9pbWdfODMxNC1zY2FsZWQuanBlZyIsInNsaWRlc2hvdyI6IjI2YTQ1ZjUifQ%3D%3D\">\n\t\t\t\t\t<div class=\"e-gallery-image elementor-gallery-item__image\" data-thumbnail=\"https:\/\/pristinesmilesorlando.com\/wp-content\/uploads\/2025\/11\/img_8314-scaled.jpeg\" data-width=\"2560\" data-height=\"1920\" aria-label=\"Waiting Area Pristine Smiles in Orlando, FL\" role=\"img\" ><\/div>\n\t\t\t\t\t\t\t\t\t\t\t<div class=\"elementor-gallery-item__overlay\"><\/div>\n\t\t\t\t\t\t\t\t\t\t\t\t\t\t<\/a>\n\t\t\t\t\t\t\t<a class=\"e-gallery-item elementor-gallery-item elementor-animated-content\" href=\"https:\/\/pristinesmilesorlando.com\/wp-content\/uploads\/2025\/11\/img_8317-scaled.jpeg\" data-elementor-open-lightbox=\"yes\" data-elementor-lightbox-slideshow=\"26a45f5\" data-elementor-lightbox-title=\"IMG_8317\" data-e-action-hash=\"#elementor-action%3Aaction%3Dlightbox%26settings%3DeyJpZCI6NjE4NSwidXJsIjoiaHR0cHM6XC9cL3ByaXN0aW5lc21pbGVzb3JsYW5kby5jb21cL3dwLWNvbnRlbnRcL3VwbG9hZHNcLzIwMjVcLzExXC9pbWdfODMxNy1zY2FsZWQuanBlZyIsInNsaWRlc2hvdyI6IjI2YTQ1ZjUifQ%3D%3D\">\n\t\t\t\t\t<div class=\"e-gallery-image elementor-gallery-item__image\" data-thumbnail=\"https:\/\/pristinesmilesorlando.com\/wp-content\/uploads\/2025\/11\/img_8317-scaled.jpeg\" data-width=\"1920\" data-height=\"2560\" aria-label=\"Office Tour Pristine Smiles in Orlando, FL\" role=\"img\" ><\/div>\n\t\t\t\t\t\t\t\t\t\t\t<div class=\"elementor-gallery-item__overlay\"><\/div>\n\t\t\t\t\t\t\t\t\t\t\t\t\t\t<\/a>\n\t\t\t\t\t\t\t<a class=\"e-gallery-item elementor-gallery-item elementor-animated-content\" href=\"https:\/\/pristinesmilesorlando.com\/wp-content\/uploads\/2025\/11\/img_8318-scaled.jpeg\" data-elementor-open-lightbox=\"yes\" data-elementor-lightbox-slideshow=\"26a45f5\" data-elementor-lightbox-title=\"IMG_8318\" data-e-action-hash=\"#elementor-action%3Aaction%3Dlightbox%26settings%3DeyJpZCI6NjE4NiwidXJsIjoiaHR0cHM6XC9cL3ByaXN0aW5lc21pbGVzb3JsYW5kby5jb21cL3dwLWNvbnRlbnRcL3VwbG9hZHNcLzIwMjVcLzExXC9pbWdfODMxOC1zY2FsZWQuanBlZyIsInNsaWRlc2hvdyI6IjI2YTQ1ZjUifQ%3D%3D\">\n\t\t\t\t\t<div class=\"e-gallery-image elementor-gallery-item__image\" data-thumbnail=\"https:\/\/pristinesmilesorlando.com\/wp-content\/uploads\/2025\/11\/img_8318-scaled.jpeg\" data-width=\"2560\" data-height=\"1920\" aria-label=\"Consultation Room Pristine Smiles in Orlando, FL\" role=\"img\" ><\/div>\n\t\t\t\t\t\t\t\t\t\t\t<div class=\"elementor-gallery-item__overlay\"><\/div>\n\t\t\t\t\t\t\t\t\t\t\t\t\t\t<\/a>\n\t\t\t\t\t\t\t<a class=\"e-gallery-item elementor-gallery-item elementor-animated-content\" href=\"https:\/\/pristinesmilesorlando.com\/wp-content\/uploads\/2025\/11\/img_8319-scaled.jpeg\" data-elementor-open-lightbox=\"yes\" data-elementor-lightbox-slideshow=\"26a45f5\" data-elementor-lightbox-title=\"IMG_8319\" data-e-action-hash=\"#elementor-action%3Aaction%3Dlightbox%26settings%3DeyJpZCI6NjE4NywidXJsIjoiaHR0cHM6XC9cL3ByaXN0aW5lc21pbGVzb3JsYW5kby5jb21cL3dwLWNvbnRlbnRcL3VwbG9hZHNcLzIwMjVcLzExXC9pbWdfODMxOS1zY2FsZWQuanBlZyIsInNsaWRlc2hvdyI6IjI2YTQ1ZjUifQ%3D%3D\">\n\t\t\t\t\t<div class=\"e-gallery-image elementor-gallery-item__image\" data-thumbnail=\"https:\/\/pristinesmilesorlando.com\/wp-content\/uploads\/2025\/11\/img_8319-scaled.jpeg\" data-width=\"1920\" data-height=\"2560\" aria-label=\"Office Tour Pristine Smiles in Orlando, FL\" role=\"img\" ><\/div>\n\t\t\t\t\t\t\t\t\t\t\t<div class=\"elementor-gallery-item__overlay\"><\/div>\n\t\t\t\t\t\t\t\t\t\t\t\t\t\t<\/a>\n\t\t\t\t\t<\/div>\n\t\t\t\t\t<\/div>\n\t\t\t\t<\/div>\n\t\t\t\t\t<\/div>\n\t\t\t\t<\/div>\n\t\t\t\t<\/div>\n\t\t","protected":false},"excerpt":{"rendered":"<p>Bienvenido a nuestra cl\u00ednica Entre en nuestra cl\u00ednica moderna y acogedora, cuidadosamente dise\u00f1ada para su comodidad. Desde nuestra c\u00f3moda recepci\u00f3n hasta nuestras avanzadas salas de tratamiento, cada detalle refleja nuestra dedicaci\u00f3n a proporcionar una experiencia positiva y sin estr\u00e9s a cada paciente que nos visita.<\/p>\n","protected":false},"author":2,"featured_media":0,"parent":0,"menu_order":15,"comment_status":"closed","ping_status":"closed","template":"","meta":{"_seopress_robots_primary_cat":"","_seopress_titles_title":"Visita virtual a la cl\u00ednica | Pristine Smiles en Orlando, FL","_seopress_titles_desc":"En Pristine Smiles le damos la bienvenida a una cl\u00ednica dental moderna y c\u00f3moda, con salas de tratamiento avanzadas, creando una experiencia positiva y sin estr\u00e9s para todos los pacientes.","_seopress_robots_index":"","footnotes":""},"class_list":["post-5526","page","type-page","status-publish"],"_links":{"self":[{"href":"https:\/\/pristinesmilesorlando.com\/es\/wp-json\/wp\/v2\/pages\/5526","targetHints":{"allow":["GET"]}}],"collection":[{"href":"https:\/\/pristinesmilesorlando.com\/es\/wp-json\/wp\/v2\/pages"}],"about":[{"href":"https:\/\/pristinesmilesorlando.com\/es\/wp-json\/wp\/v2\/types\/page"}],"author":[{"embeddable":true,"href":"https:\/\/pristinesmilesorlando.com\/es\/wp-json\/wp\/v2\/users\/2"}],"replies":[{"embeddable":true,"href":"https:\/\/pristinesmilesorlando.com\/es\/wp-json\/wp\/v2\/comments?post=5526"}],"version-history":[{"count":4,"href":"https:\/\/pristinesmilesorlando.com\/es\/wp-json\/wp\/v2\/pages\/5526\/revisions"}],"predecessor-version":[{"id":7258,"href":"https:\/\/pristinesmilesorlando.com\/es\/wp-json\/wp\/v2\/pages\/5526\/revisions\/7258"}],"wp:attachment":[{"href":"https:\/\/pristinesmilesorlando.com\/es\/wp-json\/wp\/v2\/media?parent=5526"}],"curies":[{"name":"wp","href":"https:\/\/api.w.org\/{rel}","templated":true}]}}