{"id":5530,"date":"2025-07-30T00:45:05","date_gmt":"2025-07-30T00:45:05","guid":{"rendered":"https:\/\/pristinesmilesorlando.com\/odontologia-cosmetica\/"},"modified":"2026-03-08T05:05:56","modified_gmt":"2026-03-08T05:05:56","slug":"odontologia-cosmetica","status":"publish","type":"page","link":"https:\/\/pristinesmilesorlando.com\/es\/odontologia-cosmetica\/","title":{"rendered":"Odontolog\u00eda cosm\u00e9tica"},"content":{"rendered":"\t\t<div data-elementor-type=\"wp-page\" data-elementor-id=\"5530\" class=\"elementor elementor-5530 elementor-5081\" data-elementor-post-type=\"page\">\n\t\t\t\t<div data-particle_enable=\"false\" data-particle-mobile-disabled=\"false\" class=\"elementor-element elementor-element-779b6de e-flex e-con-boxed e-con e-parent\" data-id=\"779b6de\" data-element_type=\"container\" data-e-type=\"container\">\n\t\t\t\t\t<div class=\"e-con-inner\">\n\t\t\t\t<div class=\"elementor-element elementor-element-48b1a44 elementor-widget elementor-widget-heading\" data-id=\"48b1a44\" data-element_type=\"widget\" data-e-type=\"widget\" data-widget_type=\"heading.default\">\n\t\t\t\t<div class=\"elementor-widget-container\">\n\t\t\t\t\t<h1 class=\"elementor-heading-title elementor-size-default\">Odontolog\u00eda cosm\u00e9tica para tu sonrisa<\/h1>\t\t\t\t<\/div>\n\t\t\t\t<\/div>\n\t\t\t\t<div class=\"elementor-element elementor-element-f76987d elementor-widget elementor-widget-text-editor\" data-id=\"f76987d\" data-element_type=\"widget\" data-e-type=\"widget\" data-widget_type=\"text-editor.default\">\n\t\t\t\t<div class=\"elementor-widget-container\">\n\t\t\t\t\t\t\t\t\t<p data-start=\"268\" data-end=\"589\">Una sonrisa bonita y segura puede tener un impacto profundamente positivo en todos los aspectos de su vida. Incluso peque\u00f1as mejoras pueden conducir a mejoras significativas en la apariencia, la autoestima y el bienestar general. En Pristine Smiles, ofrecemos odontolog\u00eda cosm\u00e9tica moderna dise\u00f1ada para ayudarle a conseguir la sonrisa m\u00e1s brillante y equilibrada que siempre ha deseado.  <\/p><p data-start=\"591\" data-end=\"800\">Tanto si desea aclarar la decoloraci\u00f3n, arreglar astillas o bordes irregulares, enderezar sus dientes discretamente o transformar por completo su sonrisa, nuestro equipo le ofrece soluciones personalizadas y adaptadas a sus objetivos.<\/p>\t\t\t\t\t\t\t\t<\/div>\n\t\t\t\t<\/div>\n\t\t\t\t\t<\/div>\n\t\t\t\t<\/div>\n\t\t<div data-particle_enable=\"false\" data-particle-mobile-disabled=\"false\" class=\"elementor-element elementor-element-f9332f0 e-flex e-con-boxed e-con e-parent\" data-id=\"f9332f0\" data-element_type=\"container\" data-e-type=\"container\">\n\t\t\t\t\t<div class=\"e-con-inner\">\n\t\t<div data-particle_enable=\"false\" data-particle-mobile-disabled=\"false\" class=\"elementor-element elementor-element-055c049 e-con-full e-flex e-con e-child\" data-id=\"055c049\" data-element_type=\"container\" data-e-type=\"container\">\n\t\t<div data-particle_enable=\"false\" data-particle-mobile-disabled=\"false\" class=\"elementor-element elementor-element-82e7f93 e-con-full e-flex e-con e-child\" data-id=\"82e7f93\" data-element_type=\"container\" data-e-type=\"container\">\n\t\t\t\t<div class=\"elementor-element elementor-element-a5b8855 elementor-widget elementor-widget-text-editor\" data-id=\"a5b8855\" data-element_type=\"widget\" data-e-type=\"widget\" data-widget_type=\"text-editor.default\">\n\t\t\t\t<div class=\"elementor-widget-container\">\n\t\t\t\t\t\t\t\t\t<h2 data-start=\"558\" data-end=\"602\">Mejoras personalizadas para cada sonrisa<\/h2><p data-start=\"604\" data-end=\"869\">Desde la simple correcci\u00f3n del color hasta la sustituci\u00f3n de varias piezas dentales, ofrecemos soluciones que mejoran tanto la funci\u00f3n como la est\u00e9tica de su sonrisa. Independientemente de su punto de partida, trabajaremos con usted para crear un plan de tratamiento personalizado que se ajuste a sus necesidades y visi\u00f3n. <\/p><h3 data-start=\"871\" data-end=\"892\">Tanto si quieres<\/h3><ul><li data-start=\"895\" data-end=\"919\">Una sonrisa m\u00e1s brillante y blanca<\/li><li data-start=\"922\" data-end=\"965\">Dientes m\u00e1s rectos sin brackets tradicionales<\/li><li data-start=\"968\" data-end=\"1013\">Reparaci\u00f3n de dientes astillados, deformes o desiguales<\/li><li data-start=\"1016\" data-end=\"1047\">Una transformaci\u00f3n completa de la sonrisa<\/li><\/ul><p data-start=\"1049\" data-end=\"1103\">Tenemos las herramientas y la experiencia para ayudarte a conseguirlo.<\/p>\t\t\t\t\t\t\t\t<\/div>\n\t\t\t\t<\/div>\n\t\t\t\t<\/div>\n\t\t<div data-particle_enable=\"false\" data-particle-mobile-disabled=\"false\" class=\"elementor-element elementor-element-71faf86 e-con-full e-flex e-con e-child\" data-id=\"71faf86\" data-element_type=\"container\" data-e-type=\"container\">\n\t\t\t\t<div class=\"elementor-element elementor-element-ac6ea2f elementor-widget elementor-widget-image\" data-id=\"ac6ea2f\" data-element_type=\"widget\" data-e-type=\"widget\" data-widget_type=\"image.default\">\n\t\t\t\t<div class=\"elementor-widget-container\">\n\t\t\t\t\t\t\t\t\t\t\t\t\t\t\t<img fetchpriority=\"high\" decoding=\"async\" width=\"800\" height=\"800\" src=\"https:\/\/pristinesmilesorlando.com\/wp-content\/uploads\/2025\/09\/cosmetic-dentistry-photo-1.png\" class=\"attachment-large size-large wp-image-5531\" alt=\"Odontolog\u00eda Cosm\u00e9tica Pristine Smiles en Orlando, FL\" srcset=\"https:\/\/pristinesmilesorlando.com\/wp-content\/uploads\/2025\/09\/cosmetic-dentistry-photo-1.png 1000w, https:\/\/pristinesmilesorlando.com\/wp-content\/uploads\/2025\/09\/cosmetic-dentistry-photo-1-300x300.png 300w, https:\/\/pristinesmilesorlando.com\/wp-content\/uploads\/2025\/09\/cosmetic-dentistry-photo-1-150x150.png 150w, https:\/\/pristinesmilesorlando.com\/wp-content\/uploads\/2025\/09\/cosmetic-dentistry-photo-1-768x768.png 768w\" sizes=\"(max-width: 800px) 100vw, 800px\" \/>\t\t\t\t\t\t\t\t\t\t\t\t\t\t\t<\/div>\n\t\t\t\t<\/div>\n\t\t\t\t<\/div>\n\t\t\t\t<\/div>\n\t\t<div data-particle_enable=\"false\" data-particle-mobile-disabled=\"false\" class=\"elementor-element elementor-element-fafbe7c e-con-full e-flex e-con e-child\" data-id=\"fafbe7c\" data-element_type=\"container\" data-e-type=\"container\">\n\t\t<div data-particle_enable=\"false\" data-particle-mobile-disabled=\"false\" class=\"elementor-element elementor-element-9483505 e-con-full e-flex e-con e-child\" data-id=\"9483505\" data-element_type=\"container\" data-e-type=\"container\">\n\t\t\t\t<div class=\"elementor-element elementor-element-43ebe9b elementor-widget elementor-widget-text-editor\" data-id=\"43ebe9b\" data-element_type=\"widget\" data-e-type=\"widget\" data-widget_type=\"text-editor.default\">\n\t\t\t\t<div class=\"elementor-widget-container\">\n\t\t\t\t\t\t\t\t\t<h2 data-start=\"1110\" data-end=\"1144\">Nuestros servicios de odontolog\u00eda cosm\u00e9tica<\/h2><p data-start=\"1146\" data-end=\"1219\">Ofrecemos una amplia gama de tratamientos cosm\u00e9ticos adaptados a tus objetivos:<\/p><ul><li data-start=\"1272\" data-end=\"1301\">Blanqueamiento en la cl\u00ednica<\/li><li data-start=\"1272\" data-end=\"1301\">Kits de blanqueamiento para llevar a casa<\/li><li data-start=\"1304\" data-end=\"1322\">Movimiento dental<\/li><li data-start=\"1325\" data-end=\"1340\">Invisalign\u00ae<\/li><\/ul><h2 data-start=\"2040\" data-end=\"2093\">\u00bfC\u00f3mo personalizamos su tratamiento cosm\u00e9tico?<\/h2><p data-start=\"2095\" data-end=\"2340\">Cada sonrisa cuenta una historia diferente, por lo que empezamos con una consulta detallada y una conversaci\u00f3n sobre sus objetivos. Juntos, creamos un plan de tratamiento que puede incluir un servicio o una combinaci\u00f3n de varios para lograr el resultado ideal. <\/p><p data-start=\"2342\" data-end=\"2364\">Nuestro enfoque incluye:<\/p><ul><li data-start=\"2368\" data-end=\"2427\">Evaluaci\u00f3n est\u00e9tica de la forma, el color y la alineaci\u00f3n de los dientes<\/li><li data-start=\"2430\" data-end=\"2470\">Revisi\u00f3n de las preocupaciones y los cambios deseados<\/li><li data-start=\"2473\" data-end=\"2513\">Fotograf\u00eda o escaneos digitales seg\u00fan sea necesario<\/li><li data-start=\"2516\" data-end=\"2584\">Un plan paso a paso adaptado a su comodidad, calendario y presupuesto<\/li><\/ul><h2 data-start=\"1529\" data-end=\"1562\">\u00bfListo para transformar tu sonrisa?<\/h2><p data-start=\"1564\" data-end=\"1850\"><a href=\"https:\/\/pristinesmilesorlando.com\/es\/conoce-a-la-dra-quito\/\">La Dra. Priscila Quito<\/a> responde a sus preguntas y le gu\u00eda a trav\u00e9s del proceso de mejora de su sonrisa. Tanto si busca un peque\u00f1o retoque como una transformaci\u00f3n radical, nos comprometemos a ofrecer resultados excepcionales con una atenci\u00f3n tan personalizada como su sonrisa.<\/p><p data-start=\"1852\" data-end=\"1969\" data-is-last-node=\"\" data-is-only-node=\"\">Trabajemos juntos para crear una sonrisa que se sienta orgulloso de compartir. <a href=\"https:\/\/pristinesmilesorlando.com\/es\/solicitar-una-cita\/\">P\u00f3ngase en contacto con nosotros hoy mismo para programar su consulta est\u00e9tica<\/a>.<\/p>\t\t\t\t\t\t\t\t<\/div>\n\t\t\t\t<\/div>\n\t\t\t\t<\/div>\n\t\t\t\t<\/div>\n\t\t\t\t\t<\/div>\n\t\t\t\t<\/div>\n\t\t<div data-particle_enable=\"false\" data-particle-mobile-disabled=\"false\" class=\"elementor-element elementor-element-6f1535cf e-flex e-con-boxed e-con e-child\" data-id=\"6f1535cf\" data-element_type=\"container\" data-e-type=\"container\">\n\t\t\t\t\t<div class=\"e-con-inner\">\n\t\t\t\t<div class=\"elementor-element elementor-element-36515f22 elementor-widget elementor-widget-heading\" data-id=\"36515f22\" data-element_type=\"widget\" data-e-type=\"widget\" data-widget_type=\"heading.default\">\n\t\t\t\t<div class=\"elementor-widget-container\">\n\t\t\t\t\t<h2 class=\"elementor-heading-title elementor-size-default\">Preguntas frecuentes<\/h2>\t\t\t\t<\/div>\n\t\t\t\t<\/div>\n\t\t\t\t<div class=\"elementor-element elementor-element-41ea1419 elementor-widget__width-inherit elementor-widget elementor-widget-text-editor\" data-id=\"41ea1419\" data-element_type=\"widget\" data-e-type=\"widget\" data-widget_type=\"text-editor.default\">\n\t\t\t\t<div class=\"elementor-widget-container\">\n\t\t\t\t\t\t\t\t\t<p>\u00bfTiene preguntas sobre c\u00f3mo mejorar su sonrisa? Estas preguntas frecuentes responden a lo que muchos pacientes quieren saber antes de iniciar un tratamiento est\u00e9tico. <\/p>\t\t\t\t\t\t\t\t<\/div>\n\t\t\t\t<\/div>\n\t\t\t\t<div class=\"elementor-element elementor-element-57814b72 elementor-widget elementor-widget-n-accordion\" data-id=\"57814b72\" data-element_type=\"widget\" data-e-type=\"widget\" data-settings=\"{&quot;default_state&quot;:&quot;all_collapsed&quot;,&quot;max_items_expended&quot;:&quot;one&quot;,&quot;n_accordion_animation_duration&quot;:{&quot;unit&quot;:&quot;ms&quot;,&quot;size&quot;:400,&quot;sizes&quot;:[]}}\" data-widget_type=\"nested-accordion.default\">\n\t\t\t\t<div class=\"elementor-widget-container\">\n\t\t\t\t\t\t\t<div class=\"e-n-accordion\" aria-label=\"Accordion. Open links with Enter or Space, close with Escape, and navigate with Arrow Keys\">\n\t\t\t\t\t\t<details id=\"e-n-accordion-item-1460\" class=\"e-n-accordion-item\" >\n\t\t\t\t<summary class=\"e-n-accordion-item-title\" data-accordion-index=\"1\" tabindex=\"0\" aria-expanded=\"false\" aria-controls=\"e-n-accordion-item-1460\" >\n\t\t\t\t\t<span class='e-n-accordion-item-title-header'><div class=\"e-n-accordion-item-title-text\"> \u00bfC\u00f3mo s\u00e9 qu\u00e9 tratamiento est\u00e9tico es el adecuado para m\u00ed? <\/div><\/span>\n\t\t\t\t\t\t\t<span class='e-n-accordion-item-title-icon'>\n\t\t\t<span class='e-opened' ><i aria-hidden=\"true\" class=\"fas fa-minus\"><\/i><\/span>\n\t\t\t<span class='e-closed'><i aria-hidden=\"true\" class=\"fas fa-plus\"><\/i><\/span>\n\t\t<\/span>\n\n\t\t\t\t\t\t<\/summary>\n\t\t\t\t<div data-particle_enable=\"false\" data-particle-mobile-disabled=\"false\" role=\"region\" aria-labelledby=\"e-n-accordion-item-1460\" class=\"elementor-element elementor-element-6acf227 e-con-full e-flex e-con e-child\" data-id=\"6acf227\" data-element_type=\"container\" data-e-type=\"container\">\n\t\t\t\t<div class=\"elementor-element elementor-element-4638a9a8 elementor-widget__width-inherit elementor-widget elementor-widget-text-editor\" data-id=\"4638a9a8\" data-element_type=\"widget\" data-e-type=\"widget\" data-widget_type=\"text-editor.default\">\n\t\t\t\t<div class=\"elementor-widget-container\">\n\t\t\t\t\t\t\t\t\t<p>Su dentista evaluar\u00e1 sus dientes, escuchar\u00e1 sus objetivos y le recomendar\u00e1 las opciones m\u00e1s eficaces en funci\u00f3n de si desea unos dientes m\u00e1s blancos, una mejor alineaci\u00f3n o una sonrisa m\u00e1s uniforme.<\/p>\t\t\t\t\t\t\t\t<\/div>\n\t\t\t\t<\/div>\n\t\t\t\t<\/div>\n\t\t\t\t\t<\/details>\n\t\t\t\t\t\t<details id=\"e-n-accordion-item-1461\" class=\"e-n-accordion-item\" >\n\t\t\t\t<summary class=\"e-n-accordion-item-title\" data-accordion-index=\"2\" tabindex=\"-1\" aria-expanded=\"false\" aria-controls=\"e-n-accordion-item-1461\" >\n\t\t\t\t\t<span class='e-n-accordion-item-title-header'><div class=\"e-n-accordion-item-title-text\"> \u00bfPuedo combinar tratamientos est\u00e9ticos? <\/div><\/span>\n\t\t\t\t\t\t\t<span class='e-n-accordion-item-title-icon'>\n\t\t\t<span class='e-opened' ><i aria-hidden=\"true\" class=\"fas fa-minus\"><\/i><\/span>\n\t\t\t<span class='e-closed'><i aria-hidden=\"true\" class=\"fas fa-plus\"><\/i><\/span>\n\t\t<\/span>\n\n\t\t\t\t\t\t<\/summary>\n\t\t\t\t<div data-particle_enable=\"false\" data-particle-mobile-disabled=\"false\" role=\"region\" aria-labelledby=\"e-n-accordion-item-1461\" class=\"elementor-element elementor-element-7912dda1 e-con-full e-flex e-con e-child\" data-id=\"7912dda1\" data-element_type=\"container\" data-e-type=\"container\">\n\t\t\t\t<div class=\"elementor-element elementor-element-5ca5b1e2 elementor-widget elementor-widget-text-editor\" data-id=\"5ca5b1e2\" data-element_type=\"widget\" data-e-type=\"widget\" data-widget_type=\"text-editor.default\">\n\t\t\t\t<div class=\"elementor-widget-container\">\n\t\t\t\t\t\t\t\t\t<p>S\u00ed. Muchos pacientes combinan el blanqueamiento con <span style=\"font-size: 1em;\">Invisalign\u00ae<\/span><span style=\"font-size: 1em;\"> o combinan peque\u00f1os movimientos dentales con el contorneado para obtener un resultado m\u00e1s espectacular pero natural. Tu plan personalizado describir\u00e1 todas las combinaciones adecuadas.<\/span> <\/p>\t\t\t\t\t\t\t\t<\/div>\n\t\t\t\t<\/div>\n\t\t\t\t<\/div>\n\t\t\t\t\t<\/details>\n\t\t\t\t\t\t<details id=\"e-n-accordion-item-1462\" class=\"e-n-accordion-item\" >\n\t\t\t\t<summary class=\"e-n-accordion-item-title\" data-accordion-index=\"3\" tabindex=\"-1\" aria-expanded=\"false\" aria-controls=\"e-n-accordion-item-1462\" >\n\t\t\t\t\t<span class='e-n-accordion-item-title-header'><div class=\"e-n-accordion-item-title-text\"> \u00bfDa\u00f1ar\u00e1 la odontolog\u00eda est\u00e9tica mis dientes naturales? <\/div><\/span>\n\t\t\t\t\t\t\t<span class='e-n-accordion-item-title-icon'>\n\t\t\t<span class='e-opened' ><i aria-hidden=\"true\" class=\"fas fa-minus\"><\/i><\/span>\n\t\t\t<span class='e-closed'><i aria-hidden=\"true\" class=\"fas fa-plus\"><\/i><\/span>\n\t\t<\/span>\n\n\t\t\t\t\t\t<\/summary>\n\t\t\t\t<div data-particle_enable=\"false\" data-particle-mobile-disabled=\"false\" role=\"region\" aria-labelledby=\"e-n-accordion-item-1462\" class=\"elementor-element elementor-element-6e144acc e-con-full e-flex e-con e-child\" data-id=\"6e144acc\" data-element_type=\"container\" data-e-type=\"container\">\n\t\t\t\t<div class=\"elementor-element elementor-element-4f0aae06 elementor-widget__width-inherit elementor-widget elementor-widget-text-editor\" data-id=\"4f0aae06\" data-element_type=\"widget\" data-e-type=\"widget\" data-widget_type=\"text-editor.default\">\n\t\t\t\t<div class=\"elementor-widget-container\">\n\t\t\t\t\t\t\t\t\t<p>No. Los tratamientos est\u00e9ticos como el blanqueamiento, <span style=\"font-size: 1em;\">Invisalign\u00ae<\/span><span style=\"font-size: 1em;\"> y las peque\u00f1as remodelaciones son seguros cuando los realiza un profesional dental. Siempre damos prioridad a la conservaci\u00f3n de los dientes y a la salud bucodental a largo plazo.<\/span> <\/p>\t\t\t\t\t\t\t\t<\/div>\n\t\t\t\t<\/div>\n\t\t\t\t<\/div>\n\t\t\t\t\t<\/details>\n\t\t\t\t\t\t<details id=\"e-n-accordion-item-1463\" class=\"e-n-accordion-item\" >\n\t\t\t\t<summary class=\"e-n-accordion-item-title\" data-accordion-index=\"4\" tabindex=\"-1\" aria-expanded=\"false\" aria-controls=\"e-n-accordion-item-1463\" >\n\t\t\t\t\t<span class='e-n-accordion-item-title-header'><div class=\"e-n-accordion-item-title-text\"> \u00bfCu\u00e1nto suelen durar los resultados est\u00e9ticos? <\/div><\/span>\n\t\t\t\t\t\t\t<span class='e-n-accordion-item-title-icon'>\n\t\t\t<span class='e-opened' ><i aria-hidden=\"true\" class=\"fas fa-minus\"><\/i><\/span>\n\t\t\t<span class='e-closed'><i aria-hidden=\"true\" class=\"fas fa-plus\"><\/i><\/span>\n\t\t<\/span>\n\n\t\t\t\t\t\t<\/summary>\n\t\t\t\t<div data-particle_enable=\"false\" data-particle-mobile-disabled=\"false\" role=\"region\" aria-labelledby=\"e-n-accordion-item-1463\" class=\"elementor-element elementor-element-6649f3f3 e-con-full e-flex e-con e-child\" data-id=\"6649f3f3\" data-element_type=\"container\" data-e-type=\"container\">\n\t\t\t\t<div class=\"elementor-element elementor-element-6c203842 elementor-widget__width-inherit elementor-widget elementor-widget-text-editor\" data-id=\"6c203842\" data-element_type=\"widget\" data-e-type=\"widget\" data-widget_type=\"text-editor.default\">\n\t\t\t\t<div class=\"elementor-widget-container\">\n\t\t\t\t\t\t\t\t\t<p>La longevidad var\u00eda seg\u00fan el tratamiento. Los resultados del blanqueamiento pueden durar de meses a a\u00f1os con buenos h\u00e1bitos, mientras que los cambios de alineaci\u00f3n de <span style=\"font-size: 1em;\">Invisalign\u00ae<\/span><span style=\"font-size: 1em;\"> permanecen estables con el uso de retenedores. Tu dentista revisar\u00e1 los consejos de mantenimiento durante tu visita.<\/span> <\/p>\t\t\t\t\t\t\t\t<\/div>\n\t\t\t\t<\/div>\n\t\t\t\t<\/div>\n\t\t\t\t\t<\/details>\n\t\t\t\t\t\t<details id=\"e-n-accordion-item-1464\" class=\"e-n-accordion-item\" >\n\t\t\t\t<summary class=\"e-n-accordion-item-title\" data-accordion-index=\"5\" tabindex=\"-1\" aria-expanded=\"false\" aria-controls=\"e-n-accordion-item-1464\" >\n\t\t\t\t\t<span class='e-n-accordion-item-title-header'><div class=\"e-n-accordion-item-title-text\"> \u00bfEl tratamiento est\u00e9tico se centra \u00fanicamente en la apariencia? <\/div><\/span>\n\t\t\t\t\t\t\t<span class='e-n-accordion-item-title-icon'>\n\t\t\t<span class='e-opened' ><i aria-hidden=\"true\" class=\"fas fa-minus\"><\/i><\/span>\n\t\t\t<span class='e-closed'><i aria-hidden=\"true\" class=\"fas fa-plus\"><\/i><\/span>\n\t\t<\/span>\n\n\t\t\t\t\t\t<\/summary>\n\t\t\t\t<div data-particle_enable=\"false\" data-particle-mobile-disabled=\"false\" role=\"region\" aria-labelledby=\"e-n-accordion-item-1464\" class=\"elementor-element elementor-element-7eb218f3 e-con-full e-flex e-con e-child\" data-id=\"7eb218f3\" data-element_type=\"container\" data-e-type=\"container\">\n\t\t\t\t<div class=\"elementor-element elementor-element-5aa29e8d elementor-widget__width-inherit elementor-widget elementor-widget-text-editor\" data-id=\"5aa29e8d\" data-element_type=\"widget\" data-e-type=\"widget\" data-widget_type=\"text-editor.default\">\n\t\t\t\t<div class=\"elementor-widget-container\">\n\t\t\t\t\t\t\t\t\t<p>Aunque la odontolog\u00eda est\u00e9tica se centra en la est\u00e9tica, muchos tratamientos tambi\u00e9n mejoran la funci\u00f3n, como la mejora de la alineaci\u00f3n de la mordida, el fortalecimiento del esmalte o la prevenci\u00f3n del desgaste futuro.<\/p>\t\t\t\t\t\t\t\t<\/div>\n\t\t\t\t<\/div>\n\t\t\t\t<\/div>\n\t\t\t\t\t<\/details>\n\t\t\t\t\t<\/div>\n\t\t\t\t\t<script type=\"application\/ld+json\">{\"@context\":\"https:\\\/\\\/schema.org\",\"@type\":\"FAQPage\",\"mainEntity\":[{\"@type\":\"Question\",\"name\":\"\\u00bfC\\u00f3mo s\\u00e9 qu\\u00e9 tratamiento est\\u00e9tico es el adecuado para m\\u00ed?\",\"acceptedAnswer\":{\"@type\":\"Answer\",\"text\":\"Su dentista evaluar\\u00e1 sus dientes, escuchar\\u00e1 sus objetivos y le recomendar\\u00e1 las opciones m\\u00e1s eficaces en funci\\u00f3n de si desea unos dientes m\\u00e1s blancos, una mejor alineaci\\u00f3n o una sonrisa m\\u00e1s uniforme.\"}},{\"@type\":\"Question\",\"name\":\"\\u00bfPuedo combinar tratamientos est\\u00e9ticos?\",\"acceptedAnswer\":{\"@type\":\"Answer\",\"text\":\"S\\u00ed. Muchos pacientes combinan el blanqueamiento con Invisalign\\u00ae o combinan peque\\u00f1os movimientos dentales con el contorneado para obtener un resultado m\\u00e1s espectacular pero natural. Tu plan personalizado describir\\u00e1 todas las combinaciones adecuadas.\"}},{\"@type\":\"Question\",\"name\":\"\\u00bfDa\\u00f1ar\\u00e1 la odontolog\\u00eda est\\u00e9tica mis dientes naturales?\",\"acceptedAnswer\":{\"@type\":\"Answer\",\"text\":\"No. Los tratamientos est\\u00e9ticos como el blanqueamiento, Invisalign\\u00ae y las peque\\u00f1as remodelaciones son seguros cuando los realiza un profesional dental. Siempre damos prioridad a la conservaci\\u00f3n de los dientes y a la salud bucodental a largo plazo.\"}},{\"@type\":\"Question\",\"name\":\"\\u00bfCu\\u00e1nto suelen durar los resultados est\\u00e9ticos?\",\"acceptedAnswer\":{\"@type\":\"Answer\",\"text\":\"La longevidad var\\u00eda seg\\u00fan el tratamiento. Los resultados del blanqueamiento pueden durar de meses a a\\u00f1os con buenos h\\u00e1bitos, mientras que los cambios de alineaci\\u00f3n de Invisalign\\u00ae permanecen estables con el uso de retenedores. Tu dentista revisar\\u00e1 los consejos de mantenimiento durante tu visita.\"}},{\"@type\":\"Question\",\"name\":\"\\u00bfEl tratamiento est\\u00e9tico se centra \\u00fanicamente en la apariencia?\",\"acceptedAnswer\":{\"@type\":\"Answer\",\"text\":\"Aunque la odontolog\\u00eda est\\u00e9tica se centra en la est\\u00e9tica, muchos tratamientos tambi\\u00e9n mejoran la funci\\u00f3n, como la mejora de la alineaci\\u00f3n de la mordida, el fortalecimiento del esmalte o la prevenci\\u00f3n del desgaste futuro.\"}}]}<\/script>\n\t\t\t\t\t\t\t<\/div>\n\t\t\t\t<\/div>\n\t\t\t\t\t<\/div>\n\t\t\t\t<\/div>\n\t\t\t\t<\/div>\n\t\t","protected":false},"excerpt":{"rendered":"<p>Odontolog\u00eda cosm\u00e9tica para tu sonrisa Una sonrisa bonita y segura puede tener un impacto profundamente positivo en todos los aspectos de su vida. Incluso peque\u00f1as mejoras pueden conducir a mejoras significativas en la apariencia, la autoestima y el bienestar general. En Pristine Smiles, ofrecemos odontolog\u00eda cosm\u00e9tica moderna dise\u00f1ada para ayudarle a conseguir la sonrisa m\u00e1s brillante y equilibrada [&hellip;]<\/p>\n","protected":false},"author":2,"featured_media":0,"parent":0,"menu_order":38,"comment_status":"closed","ping_status":"closed","template":"","meta":{"_seopress_robots_primary_cat":"","_seopress_titles_title":"Odontolog\u00eda cosm\u00e9tica Orlando FL | Pristine Smiles","_seopress_titles_desc":"La odontolog\u00eda cosm\u00e9tica de confianza mejora tu sonrisa con el blanqueamiento dental, Invisalign y el dise\u00f1o de sonrisas, mejorando la est\u00e9tica, la funci\u00f3n y la confianza general.","_seopress_robots_index":"","footnotes":""},"class_list":["post-5530","page","type-page","status-publish"],"_links":{"self":[{"href":"https:\/\/pristinesmilesorlando.com\/es\/wp-json\/wp\/v2\/pages\/5530","targetHints":{"allow":["GET"]}}],"collection":[{"href":"https:\/\/pristinesmilesorlando.com\/es\/wp-json\/wp\/v2\/pages"}],"about":[{"href":"https:\/\/pristinesmilesorlando.com\/es\/wp-json\/wp\/v2\/types\/page"}],"author":[{"embeddable":true,"href":"https:\/\/pristinesmilesorlando.com\/es\/wp-json\/wp\/v2\/users\/2"}],"replies":[{"embeddable":true,"href":"https:\/\/pristinesmilesorlando.com\/es\/wp-json\/wp\/v2\/comments?post=5530"}],"version-history":[{"count":15,"href":"https:\/\/pristinesmilesorlando.com\/es\/wp-json\/wp\/v2\/pages\/5530\/revisions"}],"predecessor-version":[{"id":7420,"href":"https:\/\/pristinesmilesorlando.com\/es\/wp-json\/wp\/v2\/pages\/5530\/revisions\/7420"}],"wp:attachment":[{"href":"https:\/\/pristinesmilesorlando.com\/es\/wp-json\/wp\/v2\/media?parent=5530"}],"curies":[{"name":"wp","href":"https:\/\/api.w.org\/{rel}","templated":true}]}}