{"id":5533,"date":"2022-11-09T07:28:57","date_gmt":"2022-11-09T07:28:57","guid":{"rendered":"https:\/\/pristinesmilesorlando.com\/declaracion-de-accesibilidad\/"},"modified":"2025-11-20T03:11:32","modified_gmt":"2025-11-20T03:11:32","slug":"declaracion-de-accesibilidad","status":"publish","type":"page","link":"https:\/\/pristinesmilesorlando.com\/es\/declaracion-de-accesibilidad\/","title":{"rendered":"Declaraci\u00f3n de accesibilidad"},"content":{"rendered":"\t\t<div data-elementor-type=\"wp-page\" data-elementor-id=\"5533\" class=\"elementor elementor-5533 elementor-3177\" data-elementor-post-type=\"page\">\n\t\t\t\t<div data-particle_enable=\"false\" data-particle-mobile-disabled=\"false\" class=\"elementor-element elementor-element-8cad4a6 e-flex e-con-boxed e-con e-parent\" data-id=\"8cad4a6\" data-element_type=\"container\" data-e-type=\"container\">\n\t\t\t\t\t<div class=\"e-con-inner\">\n\t\t\t\t<div class=\"elementor-element elementor-element-82377ca elementor-widget elementor-widget-heading\" data-id=\"82377ca\" data-element_type=\"widget\" data-e-type=\"widget\" data-widget_type=\"heading.default\">\n\t\t\t\t<div class=\"elementor-widget-container\">\n\t\t\t\t\t<h1 class=\"elementor-heading-title elementor-size-default\">Declaraci\u00f3n de accesibilidad<\/h1>\t\t\t\t<\/div>\n\t\t\t\t<\/div>\n\t\t\t\t\t<\/div>\n\t\t\t\t<\/div>\n\t\t\t\t<section data-particle_enable=\"false\" data-particle-mobile-disabled=\"false\" class=\"elementor-section elementor-top-section elementor-element elementor-element-fca3e44 elementor-section-boxed elementor-section-height-default elementor-section-height-default\" data-id=\"fca3e44\" data-element_type=\"section\" data-e-type=\"section\">\n\t\t\t\t\t\t<div class=\"elementor-container elementor-column-gap-default\">\n\t\t\t\t\t<div class=\"elementor-column elementor-col-100 elementor-top-column elementor-element elementor-element-b795c83\" data-id=\"b795c83\" data-element_type=\"column\" data-e-type=\"column\">\n\t\t\t<div class=\"elementor-widget-wrap elementor-element-populated\">\n\t\t\t\t\t\t<div class=\"elementor-element elementor-element-412830f elementor-widget elementor-widget-html\" data-id=\"412830f\" data-element_type=\"widget\" data-e-type=\"widget\" data-widget_type=\"html.default\">\n\t\t\t\t<div class=\"elementor-widget-container\">\n\t\t\t\t\t\r\n<iframe class=\"gfiframe\" src=\"\/\/secureonline.co\/gfembed\/?f=879\" width=\"100%\" height=\"auto\" frameborder=\"0\"><\/iframe>\r\n<script src=\"\/\/secureonline.co\/wp-content\/plugins\/gravity-forms-iframe-master\/assets\/scripts\/gfembed.min.js\" type=\"text\/javascript\"><\/script>\r\n\t\t\t\t<\/div>\n\t\t\t\t<\/div>\n\t\t\t\t\t<\/div>\n\t\t<\/div>\n\t\t\t\t\t<\/div>\n\t\t<\/section>\n\t\t<div data-particle_enable=\"false\" data-particle-mobile-disabled=\"false\" class=\"elementor-element elementor-element-be76bd3 e-flex e-con-boxed e-con e-parent\" data-id=\"be76bd3\" data-element_type=\"container\" data-e-type=\"container\">\n\t\t\t\t\t<div class=\"e-con-inner\">\n\t\t\t\t<div class=\"elementor-element elementor-element-cf7b2d1 elementor-widget-divider--view-line elementor-widget elementor-widget-divider\" data-id=\"cf7b2d1\" data-element_type=\"widget\" data-e-type=\"widget\" data-widget_type=\"divider.default\">\n\t\t\t\t<div class=\"elementor-widget-container\">\n\t\t\t\t\t\t\t<div class=\"elementor-divider\">\n\t\t\t<span class=\"elementor-divider-separator\">\n\t\t\t\t\t\t<\/span>\n\t\t<\/div>\n\t\t\t\t\t\t<\/div>\n\t\t\t\t<\/div>\n\t\t\t\t<div class=\"elementor-element elementor-element-ba473bd elementor-widget elementor-widget-text-editor\" data-id=\"ba473bd\" data-element_type=\"widget\" data-e-type=\"widget\" data-widget_type=\"text-editor.default\">\n\t\t\t\t<div class=\"elementor-widget-container\">\n\t\t\t\t\t\t\t\t\t<h2 class=\"elementor-heading-title elementor-size-default\">Pristine Smiles<\/h2><ul><li>Direcci\u00f3n: 7463 Conroy Windermere Rd Unit B, Orlando, FL 32835, Estados Unidos<\/li><li>Tel\u00e9fono: (407) 291-3600<\/li><\/ul>\t\t\t\t\t\t\t\t<\/div>\n\t\t\t\t<\/div>\n\t\t\t\t\t<\/div>\n\t\t\t\t<\/div>\n\t\t\t\t<\/div>\n\t\t","protected":false},"excerpt":{"rendered":"<p>Declaraci\u00f3n de accesibilidad Pristine Smiles Direcci\u00f3n: 7463 Conroy Windermere Rd Unit B, Orlando, FL 32835, Estados Unidos Tel\u00e9fono: (407) 291-3600<\/p>\n","protected":false},"author":2,"featured_media":0,"parent":0,"menu_order":60,"comment_status":"closed","ping_status":"closed","template":"","meta":{"_seopress_robots_primary_cat":"","_seopress_titles_title":"Declaraci\u00f3n de accesibilidad Pristine Smiles Orlando FL","_seopress_titles_desc":"En Pristine Smiles, nos comprometemos con la accesibilidad del sitio web, ofreciendo consejos y herramientas para ayudar a todos los pacientes a navegar por nuestro contenido con facilidad y confianza.","_seopress_robots_index":"","footnotes":""},"class_list":["post-5533","page","type-page","status-publish"],"_links":{"self":[{"href":"https:\/\/pristinesmilesorlando.com\/es\/wp-json\/wp\/v2\/pages\/5533","targetHints":{"allow":["GET"]}}],"collection":[{"href":"https:\/\/pristinesmilesorlando.com\/es\/wp-json\/wp\/v2\/pages"}],"about":[{"href":"https:\/\/pristinesmilesorlando.com\/es\/wp-json\/wp\/v2\/types\/page"}],"author":[{"embeddable":true,"href":"https:\/\/pristinesmilesorlando.com\/es\/wp-json\/wp\/v2\/users\/2"}],"replies":[{"embeddable":true,"href":"https:\/\/pristinesmilesorlando.com\/es\/wp-json\/wp\/v2\/comments?post=5533"}],"version-history":[{"count":2,"href":"https:\/\/pristinesmilesorlando.com\/es\/wp-json\/wp\/v2\/pages\/5533\/revisions"}],"predecessor-version":[{"id":6172,"href":"https:\/\/pristinesmilesorlando.com\/es\/wp-json\/wp\/v2\/pages\/5533\/revisions\/6172"}],"wp:attachment":[{"href":"https:\/\/pristinesmilesorlando.com\/es\/wp-json\/wp\/v2\/media?parent=5533"}],"curies":[{"name":"wp","href":"https:\/\/api.w.org\/{rel}","templated":true}]}}