{"id":5550,"date":"2016-10-20T13:11:51","date_gmt":"2016-10-20T13:11:51","guid":{"rendered":"https:\/\/pristinesmilesorlando.com\/extracciones\/"},"modified":"2026-01-26T00:28:32","modified_gmt":"2026-01-26T00:28:32","slug":"extracciones","status":"publish","type":"page","link":"https:\/\/pristinesmilesorlando.com\/es\/extracciones\/","title":{"rendered":"Extracciones"},"content":{"rendered":"\t\t<div data-elementor-type=\"wp-page\" data-elementor-id=\"5550\" class=\"elementor elementor-5550 elementor-1525\" data-elementor-post-type=\"page\">\n\t\t\t\t<div data-particle_enable=\"false\" data-particle-mobile-disabled=\"false\" class=\"elementor-element elementor-element-41a1320 e-flex e-con-boxed e-con e-parent\" data-id=\"41a1320\" data-element_type=\"container\" data-e-type=\"container\">\n\t\t\t\t\t<div class=\"e-con-inner\">\n\t\t\t\t<div class=\"elementor-element elementor-element-2fd5e47 elementor-widget elementor-widget-heading\" data-id=\"2fd5e47\" data-element_type=\"widget\" data-e-type=\"widget\" data-widget_type=\"heading.default\">\n\t\t\t\t<div class=\"elementor-widget-container\">\n\t\t\t\t\t<h1 class=\"elementor-heading-title elementor-size-default\">Extracciones dentales<\/h1>\t\t\t\t<\/div>\n\t\t\t\t<\/div>\n\t\t\t\t\t<\/div>\n\t\t\t\t<\/div>\n\t\t<div data-particle_enable=\"false\" data-particle-mobile-disabled=\"false\" class=\"elementor-element elementor-element-3b33a0ba e-flex e-con-boxed e-con e-parent\" data-id=\"3b33a0ba\" data-element_type=\"container\" data-e-type=\"container\">\n\t\t\t\t\t<div class=\"e-con-inner\">\n\t\t\t\t<div class=\"elementor-element elementor-element-2ae63466 elementor-widget elementor-widget-text-editor\" data-id=\"2ae63466\" data-element_type=\"widget\" data-e-type=\"widget\" data-widget_type=\"text-editor.default\">\n\t\t\t\t<div class=\"elementor-widget-container\">\n\t\t\t\t\t\t\t\t\t<p data-start=\"250\" data-end=\"463\">Hay varias razones por las que un paciente puede necesitar una extracci\u00f3n dental. Aunque siempre intentamos conservar los dientes naturales, la extracci\u00f3n puede ser la mejor opci\u00f3n cuando un diente est\u00e1 demasiado da\u00f1ado o representa un riesgo para su salud bucal. <\/p><h2 data-start=\"465\" data-end=\"505\">\u00bfCu\u00e1ndo es necesaria una extracci\u00f3n dental?<\/h2><p data-start=\"507\" data-end=\"582\">Es posible que necesites una extracci\u00f3n si experimentas alguna de las siguientes situaciones:<\/p><ul><li data-start=\"586\" data-end=\"606\">Caries dental grave<\/li><li data-start=\"609\" data-end=\"645\">Enfermedad periodontal (de las enc\u00edas) avanzada<\/li><li data-start=\"648\" data-end=\"711\">Infecci\u00f3n o absceso que no se puede tratar con una endodoncia<\/li><li data-start=\"714\" data-end=\"740\">Dientes o ra\u00edces fracturadas<\/li><li data-start=\"743\" data-end=\"759\">Dientes impactados<\/li><li data-start=\"762\" data-end=\"790\">Dientes con movilidad severa<\/li><li data-start=\"793\" data-end=\"840\">Necesidades de tratamiento de ortodoncia (para crear espacio)<\/li><li data-start=\"843\" data-end=\"867\">Muelas del juicio problem\u00e1ticas<\/li><\/ul><p data-start=\"869\" data-end=\"1160\">Es normal sentir algunas molestias despu\u00e9s de una extracci\u00f3n. Puede minimizar el dolor con medicamentos de venta libre, compresas fr\u00edas y, cuando se le receten, antibi\u00f3ticos. La mayor\u00eda de los pacientes se sienten significativamente mejor en un plazo de 2 a 3 d\u00edas. Si las molestias empeoran o no mejoran, llame a nuestra consulta de inmediato.   <\/p><h2 data-start=\"1167\" data-end=\"1205\">Las muelas del juicio y lo que necesitas saber<\/h2><p data-start=\"1207\" data-end=\"1377\">Las muelas del juicio, o \u00abterceros molares\u00bb, suelen aparecer entre los 16 y los 20 a\u00f1os. Sin embargo, la mand\u00edbula a menudo carece de espacio para ellas, lo que puede provocar impactaci\u00f3n o desalineaci\u00f3n. <\/p><h3 data-start=\"1379\" data-end=\"1415\">Las muelas del juicio impactadas pueden causar<\/h3><ul><li data-start=\"1419\" data-end=\"1460\">Presi\u00f3n o da\u00f1o a los dientes vecinos<\/li><li data-start=\"1463\" data-end=\"1494\">Dolor o molestia persistente<\/li><li data-start=\"1497\" data-end=\"1526\">Infecciones e inflamaci\u00f3n<\/li><\/ul><p data-start=\"1528\" data-end=\"1742\">Si sus muelas del juicio est\u00e1n sanas y tienen suficiente espacio para salir correctamente, es posible que no sea necesario extraerlas. Nuestro equipo evaluar\u00e1 sus muelas del juicio mediante radiograf\u00edas y le recomendar\u00e1 la mejor opci\u00f3n. <\/p><h3 data-start=\"1744\" data-end=\"1790\">Opciones de sedaci\u00f3n para la extracci\u00f3n de muelas del juicio<\/h3><ul><li data-start=\"1794\" data-end=\"1812\">Anestesia local<\/li><li data-start=\"1848\" data-end=\"1889\">La sedaci\u00f3n oral m\u00ednima est\u00e1 disponible bajo petici\u00f3n.<\/li><\/ul><h2 data-start=\"1896\" data-end=\"1939\">Qu\u00e9 esperar durante una extracci\u00f3n dental<\/h2><p data-start=\"1941\" data-end=\"2008\">Queremos que te sientas c\u00f3modo e informado en cada paso del camino.<\/p><h3 data-start=\"2010\" data-end=\"2036\">El proceso de extracci\u00f3n<\/h3><ul><li data-start=\"2040\" data-end=\"2085\">Se adormece la zona con anestesia local.<\/li><li data-start=\"2088\" data-end=\"2184\">Sentir\u00e1s presi\u00f3n, pero no dolor, mientras el doctor mueve suavemente el diente para ensanchar el alv\u00e9olo.<\/li><li data-start=\"2187\" data-end=\"2264\">Si sientes dolor, av\u00edsanos de inmediato para que podamos ajustar tu tratamiento.<\/li><\/ul><h3 data-start=\"2266\" data-end=\"2288\">Seccionamiento de un diente<\/h3><p data-start=\"2290\" data-end=\"2467\">Algunos dientes requieren un procedimiento llamado \u201cseccionamiento\u201d si est\u00e1n firmemente enraizados o curvados. El doctor dividir\u00e1 el diente en secciones m\u00e1s peque\u00f1as y extraer\u00e1 cada pieza individualmente. <\/p><h2 data-start=\"2474\" data-end=\"2521\">Instrucciones para el cuidado posterior para una recuperaci\u00f3n sin problemas<\/h2><ul><li data-start=\"212\" data-end=\"471\"><strong data-start=\"212\" data-end=\"224\">Sangrado:<\/strong> Es normal que haya un ligero sangrado despu\u00e9s de una extracci\u00f3n. Para controlarlo, coloca una gasa h\u00fameda sobre el alv\u00e9olo y muerde firmemente durante unos 45 minutos. Evita perturbar el co\u00e1gulo de sangre y no enjuagues, escupas, fumes ni uses una pajita durante las primeras 24 horas.  <\/li><li data-start=\"475\" data-end=\"685\"><strong data-start=\"475\" data-end=\"487\">Hinchaz\u00f3n:<\/strong> Es de esperar que haya algo de hinchaz\u00f3n. Aplica una bolsa de hielo en la parte exterior de la cara en intervalos de 10 minutos (10 minutos encendida, 20 minutos apagada). Repite seg\u00fan sea necesario durante las primeras 24 horas para reducir las molestias.  <\/li><li data-start=\"689\" data-end=\"846\"><strong data-start=\"689\" data-end=\"708\">Control del dolor:<\/strong> Controla el dolor con analg\u00e9sicos de venta libre como ibuprofeno o paracetamol. Sigue las instrucciones de dosificaci\u00f3n que figuran en la etiqueta. <\/li><li data-start=\"850\" data-end=\"1035\"><strong data-start=\"850\" data-end=\"873\">Comer y beber:<\/strong> Sigue una dieta blanda o l\u00edquida y mastica lejos del lugar de la extracci\u00f3n. Evita las bebidas calientes, el alcohol y los alimentos duros o crujientes mientras la zona se cura. <\/li><li data-start=\"1039\" data-end=\"1323\"><strong data-start=\"1039\" data-end=\"1064\">Cepillado y limpieza:<\/strong> No se cepille cerca del lugar de la extracci\u00f3n durante las primeras 24 horas. Despu\u00e9s de eso, reanude el cepillado suave. En lugar de usar enjuagues bucales comerciales, comience a enjuagarse con agua tibia con sal (\u00bd cucharadita de sal en una taza de agua) a partir de las 72 horas posteriores al procedimiento.  <\/li><\/ul><h2 data-start=\"3392\" data-end=\"3417\">\u00bfQu\u00e9 es la alveolitis seca y cu\u00e1ndo debo llamar?<\/h2><p data-start=\"3419\" data-end=\"3541\">La alveolitis seca puede ocurrir cuando el co\u00e1gulo de sangre se desprende o no se forma. Esto provoca un retraso en la curaci\u00f3n y un dolor importante. <\/p><p data-start=\"3543\" data-end=\"3575\">Los signos de alveolitis seca incluyen:<\/p><ul><li data-start=\"3579\" data-end=\"3627\">Dolor sordo y punzante de 3 a 4 d\u00edas despu\u00e9s de la extracci\u00f3n<\/li><li data-start=\"3630\" data-end=\"3684\">Dolor que se irradia y no responde a la medicaci\u00f3n<\/li><li data-start=\"3687\" data-end=\"3723\">Mal aliento o un sabor desagradable<\/li><li data-start=\"3726\" data-end=\"3765\">Un alv\u00e9olo visiblemente vac\u00edo o de aspecto seco<\/li><\/ul><p data-start=\"3767\" data-end=\"3864\">Si esto ocurre, la <a href=\"https:\/\/pristinesmilesorlando.com\/es\/conoce-a-la-dra-quito\/\">Dra. Priscila Quito<\/a> aplicar\u00e1 un ap\u00f3sito medicado para aliviar las molestias y favorecer la curaci\u00f3n.<\/p><h2 data-start=\"4658\" data-end=\"4688\">\u00bfCu\u00e1nto tiempo tarda la curaci\u00f3n?<\/h2><p data-start=\"4690\" data-end=\"4920\">Aunque la cavidad puede tardar varias semanas o meses en llenarse completamente de hueso, la mayor\u00eda de los pacientes se sienten significativamente mejor en 1 o 2 semanas. Seguir atentamente las instrucciones de cuidado posterior le proporciona la recuperaci\u00f3n m\u00e1s \u00f3ptima. <\/p><h3 data-start=\"84\" data-end=\"139\">Recupere su comodidad y proteja su salud bucal<\/h3><p data-start=\"140\" data-end=\"377\">Si tiene dolor dental, hinchaz\u00f3n o cree que puede necesitar que le extraigan un diente, nuestro equipo est\u00e1 aqu\u00ed para ayudarle a sentirse mejor r\u00e1pidamente. En Pristine Smiles, le brindamos una atenci\u00f3n delicada, precisa y de apoyo desde la consulta hasta la recuperaci\u00f3n. <\/p><p data-start=\"379\" data-end=\"499\" data-is-last-node=\"\" data-is-only-node=\"\"><a href=\"https:\/\/pristinesmilesorlando.com\/es\/solicitar-una-cita\/\">P\u00f3ngase en contacto con nuestra cl\u00ednica hoy mismo para programar su cita<\/a> y dar el siguiente paso hacia una sonrisa m\u00e1s saludable y c\u00f3moda.<\/p>\t\t\t\t\t\t\t\t<\/div>\n\t\t\t\t<\/div>\n\t\t\t\t\t<\/div>\n\t\t\t\t<\/div>\n\t\t<div data-particle_enable=\"false\" data-particle-mobile-disabled=\"false\" class=\"elementor-element elementor-element-592d4b4e e-flex e-con-boxed e-con e-child\" data-id=\"592d4b4e\" data-element_type=\"container\" data-e-type=\"container\">\n\t\t\t\t\t<div class=\"e-con-inner\">\n\t\t\t\t<div class=\"elementor-element elementor-element-7716cf94 elementor-widget elementor-widget-heading\" data-id=\"7716cf94\" data-element_type=\"widget\" data-e-type=\"widget\" data-widget_type=\"heading.default\">\n\t\t\t\t<div class=\"elementor-widget-container\">\n\t\t\t\t\t<h2 class=\"elementor-heading-title elementor-size-default\">Preguntas frecuentes<\/h2>\t\t\t\t<\/div>\n\t\t\t\t<\/div>\n\t\t\t\t<div class=\"elementor-element elementor-element-578e367c elementor-widget__width-inherit elementor-widget elementor-widget-text-editor\" data-id=\"578e367c\" data-element_type=\"widget\" data-e-type=\"widget\" data-widget_type=\"text-editor.default\">\n\t\t\t\t<div class=\"elementor-widget-container\">\n\t\t\t\t\t\t\t\t\t<p>Una extracci\u00f3n dental puede resultar extra\u00f1a, por lo que hemos recopilado informaci\u00f3n \u00fatil para que el proceso sea m\u00e1s claro y f\u00e1cil de entender. Estas respuestas le guiar\u00e1n a trav\u00e9s de lo que puede esperar y c\u00f3mo cuidar su sonrisa despu\u00e9s. <\/p>\t\t\t\t\t\t\t\t<\/div>\n\t\t\t\t<\/div>\n\t\t\t\t<div class=\"elementor-element elementor-element-479be8b9 elementor-widget elementor-widget-n-accordion\" data-id=\"479be8b9\" data-element_type=\"widget\" data-e-type=\"widget\" data-settings=\"{&quot;default_state&quot;:&quot;all_collapsed&quot;,&quot;max_items_expended&quot;:&quot;one&quot;,&quot;n_accordion_animation_duration&quot;:{&quot;unit&quot;:&quot;ms&quot;,&quot;size&quot;:400,&quot;sizes&quot;:[]}}\" data-widget_type=\"nested-accordion.default\">\n\t\t\t\t<div class=\"elementor-widget-container\">\n\t\t\t\t\t\t\t<div class=\"e-n-accordion\" aria-label=\"Accordion. Open links with Enter or Space, close with Escape, and navigate with Arrow Keys\">\n\t\t\t\t\t\t<details id=\"e-n-accordion-item-1200\" class=\"e-n-accordion-item\" >\n\t\t\t\t<summary class=\"e-n-accordion-item-title\" data-accordion-index=\"1\" tabindex=\"0\" aria-expanded=\"false\" aria-controls=\"e-n-accordion-item-1200\" >\n\t\t\t\t\t<span class='e-n-accordion-item-title-header'><div class=\"e-n-accordion-item-title-text\"> \u00bfC\u00f3mo s\u00e9 si un diente se puede salvar o necesita ser extra\u00eddo? <\/div><\/span>\n\t\t\t\t\t\t\t<span class='e-n-accordion-item-title-icon'>\n\t\t\t<span class='e-opened' ><i aria-hidden=\"true\" class=\"fas fa-minus\"><\/i><\/span>\n\t\t\t<span class='e-closed'><i aria-hidden=\"true\" class=\"fas fa-plus\"><\/i><\/span>\n\t\t<\/span>\n\n\t\t\t\t\t\t<\/summary>\n\t\t\t\t<div data-particle_enable=\"false\" data-particle-mobile-disabled=\"false\" role=\"region\" aria-labelledby=\"e-n-accordion-item-1200\" class=\"elementor-element elementor-element-72d302c4 e-con-full e-flex e-con e-child\" data-id=\"72d302c4\" data-element_type=\"container\" data-e-type=\"container\">\n\t\t\t\t<div class=\"elementor-element elementor-element-2a7de32e elementor-widget__width-inherit elementor-widget elementor-widget-text-editor\" data-id=\"2a7de32e\" data-element_type=\"widget\" data-e-type=\"widget\" data-widget_type=\"text-editor.default\">\n\t\t\t\t<div class=\"elementor-widget-container\">\n\t\t\t\t\t\t\t\t\t<p>Nuestro dentista examinar\u00e1 su diente, revisar\u00e1 las radiograf\u00edas y evaluar\u00e1 el alcance del da\u00f1o o la infecci\u00f3n. Si un empaste, una corona o un tratamiento de conducto pueden restaurar el diente de manera predecible, le recomendamos eso primero. La extracci\u00f3n generalmente se sugiere solo cuando un diente no se puede reparar o seguir\u00eda causando problemas incluso despu\u00e9s del tratamiento.  <\/p>\t\t\t\t\t\t\t\t<\/div>\n\t\t\t\t<\/div>\n\t\t\t\t<\/div>\n\t\t\t\t\t<\/details>\n\t\t\t\t\t\t<details id=\"e-n-accordion-item-1201\" class=\"e-n-accordion-item\" >\n\t\t\t\t<summary class=\"e-n-accordion-item-title\" data-accordion-index=\"2\" tabindex=\"-1\" aria-expanded=\"false\" aria-controls=\"e-n-accordion-item-1201\" >\n\t\t\t\t\t<span class='e-n-accordion-item-title-header'><div class=\"e-n-accordion-item-title-text\"> \u00bfRealizan extracciones dentales a ni\u00f1os y adolescentes? <\/div><\/span>\n\t\t\t\t\t\t\t<span class='e-n-accordion-item-title-icon'>\n\t\t\t<span class='e-opened' ><i aria-hidden=\"true\" class=\"fas fa-minus\"><\/i><\/span>\n\t\t\t<span class='e-closed'><i aria-hidden=\"true\" class=\"fas fa-plus\"><\/i><\/span>\n\t\t<\/span>\n\n\t\t\t\t\t\t<\/summary>\n\t\t\t\t<div data-particle_enable=\"false\" data-particle-mobile-disabled=\"false\" role=\"region\" aria-labelledby=\"e-n-accordion-item-1201\" class=\"elementor-element elementor-element-37c897eb e-con-full e-flex e-con e-child\" data-id=\"37c897eb\" data-element_type=\"container\" data-e-type=\"container\">\n\t\t\t\t<div class=\"elementor-element elementor-element-5c43f6b4 elementor-widget elementor-widget-text-editor\" data-id=\"5c43f6b4\" data-element_type=\"widget\" data-e-type=\"widget\" data-widget_type=\"text-editor.default\">\n\t\t\t\t<div class=\"elementor-widget-container\">\n\t\t\t\t\t\t\t\t\t<p>S\u00ed. Brindamos extracciones dentales delicadas para ni\u00f1os y adolescentes cuando los dientes de leche no se caen solos, cuando hay caries graves o cuando se necesita espacio para el tratamiento de ortodoncia. Tenemos especial cuidado en explicar cada paso y mantener c\u00f3modos a los pacientes m\u00e1s j\u00f3venes.  <\/p>\t\t\t\t\t\t\t\t<\/div>\n\t\t\t\t<\/div>\n\t\t\t\t<\/div>\n\t\t\t\t\t<\/details>\n\t\t\t\t\t\t<details id=\"e-n-accordion-item-1202\" class=\"e-n-accordion-item\" >\n\t\t\t\t<summary class=\"e-n-accordion-item-title\" data-accordion-index=\"3\" tabindex=\"-1\" aria-expanded=\"false\" aria-controls=\"e-n-accordion-item-1202\" >\n\t\t\t\t\t<span class='e-n-accordion-item-title-header'><div class=\"e-n-accordion-item-title-text\"> \u00bfPuedo volver al trabajo o a la escuela despu\u00e9s de una extracci\u00f3n dental? <\/div><\/span>\n\t\t\t\t\t\t\t<span class='e-n-accordion-item-title-icon'>\n\t\t\t<span class='e-opened' ><i aria-hidden=\"true\" class=\"fas fa-minus\"><\/i><\/span>\n\t\t\t<span class='e-closed'><i aria-hidden=\"true\" class=\"fas fa-plus\"><\/i><\/span>\n\t\t<\/span>\n\n\t\t\t\t\t\t<\/summary>\n\t\t\t\t<div data-particle_enable=\"false\" data-particle-mobile-disabled=\"false\" role=\"region\" aria-labelledby=\"e-n-accordion-item-1202\" class=\"elementor-element elementor-element-781f1481 e-con-full e-flex e-con e-child\" data-id=\"781f1481\" data-element_type=\"container\" data-e-type=\"container\">\n\t\t\t\t<div class=\"elementor-element elementor-element-777aebf0 elementor-widget__width-inherit elementor-widget elementor-widget-text-editor\" data-id=\"777aebf0\" data-element_type=\"widget\" data-e-type=\"widget\" data-widget_type=\"text-editor.default\">\n\t\t\t\t<div class=\"elementor-widget-container\">\n\t\t\t\t\t\t\t\t\t<p>Muchos pacientes se sienten lo suficientemente bien como para volver al trabajo ligero o a la escuela al d\u00eda siguiente, especialmente despu\u00e9s de una extracci\u00f3n simple. Para extracciones quir\u00fargicas o m\u00faltiples, es posible que desee descansar en casa durante uno o dos d\u00edas. Le daremos orientaci\u00f3n personalizada seg\u00fan el tipo de procedimiento que se le haya realizado.  <\/p>\t\t\t\t\t\t\t\t<\/div>\n\t\t\t\t<\/div>\n\t\t\t\t<\/div>\n\t\t\t\t\t<\/details>\n\t\t\t\t\t\t<details id=\"e-n-accordion-item-1203\" class=\"e-n-accordion-item\" >\n\t\t\t\t<summary class=\"e-n-accordion-item-title\" data-accordion-index=\"4\" tabindex=\"-1\" aria-expanded=\"false\" aria-controls=\"e-n-accordion-item-1203\" >\n\t\t\t\t\t<span class='e-n-accordion-item-title-header'><div class=\"e-n-accordion-item-title-text\"> \u00bfCu\u00e1ndo debo reemplazar un diente despu\u00e9s de haberlo extra\u00eddo? <\/div><\/span>\n\t\t\t\t\t\t\t<span class='e-n-accordion-item-title-icon'>\n\t\t\t<span class='e-opened' ><i aria-hidden=\"true\" class=\"fas fa-minus\"><\/i><\/span>\n\t\t\t<span class='e-closed'><i aria-hidden=\"true\" class=\"fas fa-plus\"><\/i><\/span>\n\t\t<\/span>\n\n\t\t\t\t\t\t<\/summary>\n\t\t\t\t<div data-particle_enable=\"false\" data-particle-mobile-disabled=\"false\" role=\"region\" aria-labelledby=\"e-n-accordion-item-1203\" class=\"elementor-element elementor-element-493aec7f e-con-full e-flex e-con e-child\" data-id=\"493aec7f\" data-element_type=\"container\" data-e-type=\"container\">\n\t\t\t\t<div class=\"elementor-element elementor-element-71ad9e9b elementor-widget__width-inherit elementor-widget elementor-widget-text-editor\" data-id=\"71ad9e9b\" data-element_type=\"widget\" data-e-type=\"widget\" data-widget_type=\"text-editor.default\">\n\t\t\t\t<div class=\"elementor-widget-container\">\n\t\t\t\t\t\t\t\t\t<p>Una vez que la zona se haya curado, la sustituci\u00f3n de un diente perdido ayuda a mantener la mordida y evita que los dientes se desplacen. Las opciones pueden incluir implantes dentales, puentes o dentaduras postizas parciales. En su visita de seguimiento, revisaremos los plazos y le recomendaremos la opci\u00f3n de sustituci\u00f3n que mejor se adapte a su sonrisa y a su presupuesto.  <\/p>\t\t\t\t\t\t\t\t<\/div>\n\t\t\t\t<\/div>\n\t\t\t\t<\/div>\n\t\t\t\t\t<\/details>\n\t\t\t\t\t\t<details id=\"e-n-accordion-item-1204\" class=\"e-n-accordion-item\" >\n\t\t\t\t<summary class=\"e-n-accordion-item-title\" data-accordion-index=\"5\" tabindex=\"-1\" aria-expanded=\"false\" aria-controls=\"e-n-accordion-item-1204\" >\n\t\t\t\t\t<span class='e-n-accordion-item-title-header'><div class=\"e-n-accordion-item-title-text\"> \u00bfC\u00f3mo debo prepararme para mi cita de extracci\u00f3n dental? <\/div><\/span>\n\t\t\t\t\t\t\t<span class='e-n-accordion-item-title-icon'>\n\t\t\t<span class='e-opened' ><i aria-hidden=\"true\" class=\"fas fa-minus\"><\/i><\/span>\n\t\t\t<span class='e-closed'><i aria-hidden=\"true\" class=\"fas fa-plus\"><\/i><\/span>\n\t\t<\/span>\n\n\t\t\t\t\t\t<\/summary>\n\t\t\t\t<div data-particle_enable=\"false\" data-particle-mobile-disabled=\"false\" role=\"region\" aria-labelledby=\"e-n-accordion-item-1204\" class=\"elementor-element elementor-element-1a4aa7ee e-con-full e-flex e-con e-child\" data-id=\"1a4aa7ee\" data-element_type=\"container\" data-e-type=\"container\">\n\t\t\t\t<div class=\"elementor-element elementor-element-3dc682e1 elementor-widget__width-inherit elementor-widget elementor-widget-text-editor\" data-id=\"3dc682e1\" data-element_type=\"widget\" data-e-type=\"widget\" data-widget_type=\"text-editor.default\">\n\t\t\t\t<div class=\"elementor-widget-container\">\n\t\t\t\t\t\t\t\t\t<p>Antes de su visita, inf\u00f3rmenos sobre todos los medicamentos, afecciones m\u00e9dicas y cualquier antecedente de cirug\u00eda o anestesia. Coma una comida ligera a menos que se le indique lo contrario, consiga que alguien le lleve si va a utilizar sedaci\u00f3n oral y use ropa c\u00f3moda. Revisaremos su historial m\u00e9dico y responderemos a las preguntas de \u00faltima hora para que se sienta preparado e informado.  <\/p>\t\t\t\t\t\t\t\t<\/div>\n\t\t\t\t<\/div>\n\t\t\t\t<\/div>\n\t\t\t\t\t<\/details>\n\t\t\t\t\t<\/div>\n\t\t\t\t\t<script type=\"application\/ld+json\">{\"@context\":\"https:\\\/\\\/schema.org\",\"@type\":\"FAQPage\",\"mainEntity\":[{\"@type\":\"Question\",\"name\":\"\\u00bfC\\u00f3mo s\\u00e9 si un diente se puede salvar o necesita ser extra\\u00eddo?\",\"acceptedAnswer\":{\"@type\":\"Answer\",\"text\":\"Nuestro dentista examinar\\u00e1 su diente, revisar\\u00e1 las radiograf\\u00edas y evaluar\\u00e1 el alcance del da\\u00f1o o la infecci\\u00f3n. Si un empaste, una corona o un tratamiento de conducto pueden restaurar el diente de manera predecible, le recomendamos eso primero. La extracci\\u00f3n generalmente se sugiere solo cuando un diente no se puede reparar o seguir\\u00eda causando problemas incluso despu\\u00e9s del tratamiento.\"}},{\"@type\":\"Question\",\"name\":\"\\u00bfRealizan extracciones dentales a ni\\u00f1os y adolescentes?\",\"acceptedAnswer\":{\"@type\":\"Answer\",\"text\":\"S\\u00ed. Brindamos extracciones dentales delicadas para ni\\u00f1os y adolescentes cuando los dientes de leche no se caen solos, cuando hay caries graves o cuando se necesita espacio para el tratamiento de ortodoncia. Tenemos especial cuidado en explicar cada paso y mantener c\\u00f3modos a los pacientes m\\u00e1s j\\u00f3venes.\"}},{\"@type\":\"Question\",\"name\":\"\\u00bfPuedo volver al trabajo o a la escuela despu\\u00e9s de una extracci\\u00f3n dental?\",\"acceptedAnswer\":{\"@type\":\"Answer\",\"text\":\"Muchos pacientes se sienten lo suficientemente bien como para volver al trabajo ligero o a la escuela al d\\u00eda siguiente, especialmente despu\\u00e9s de una extracci\\u00f3n simple. Para extracciones quir\\u00fargicas o m\\u00faltiples, es posible que desee descansar en casa durante uno o dos d\\u00edas. Le daremos orientaci\\u00f3n personalizada seg\\u00fan el tipo de procedimiento que se le haya realizado.\"}},{\"@type\":\"Question\",\"name\":\"\\u00bfCu\\u00e1ndo debo reemplazar un diente despu\\u00e9s de haberlo extra\\u00eddo?\",\"acceptedAnswer\":{\"@type\":\"Answer\",\"text\":\"Una vez que la zona se haya curado, la sustituci\\u00f3n de un diente perdido ayuda a mantener la mordida y evita que los dientes se desplacen. Las opciones pueden incluir implantes dentales, puentes o dentaduras postizas parciales. En su visita de seguimiento, revisaremos los plazos y le recomendaremos la opci\\u00f3n de sustituci\\u00f3n que mejor se adapte a su sonrisa y a su presupuesto.\"}},{\"@type\":\"Question\",\"name\":\"\\u00bfC\\u00f3mo debo prepararme para mi cita de extracci\\u00f3n dental?\",\"acceptedAnswer\":{\"@type\":\"Answer\",\"text\":\"Antes de su visita, inf\\u00f3rmenos sobre todos los medicamentos, afecciones m\\u00e9dicas y cualquier antecedente de cirug\\u00eda o anestesia. Coma una comida ligera a menos que se le indique lo contrario, consiga que alguien le lleve si va a utilizar sedaci\\u00f3n oral y use ropa c\\u00f3moda. Revisaremos su historial m\\u00e9dico y responderemos a las preguntas de \\u00faltima hora para que se sienta preparado e informado.\"}}]}<\/script>\n\t\t\t\t\t\t\t<\/div>\n\t\t\t\t<\/div>\n\t\t\t\t\t<\/div>\n\t\t\t\t<\/div>\n\t\t\t\t<\/div>\n\t\t","protected":false},"excerpt":{"rendered":"<p>Extracciones dentales Hay varias razones por las que un paciente puede necesitar una extracci\u00f3n dental. Aunque siempre intentamos conservar los dientes naturales, la extracci\u00f3n puede ser la mejor opci\u00f3n cuando un diente est\u00e1 demasiado da\u00f1ado o representa un riesgo para su salud bucal. \u00bfCu\u00e1ndo es necesaria una extracci\u00f3n dental? Es posible que necesites una extracci\u00f3n si experimentas alguna [&hellip;]<\/p>\n","protected":false},"author":2,"featured_media":0,"parent":0,"menu_order":32,"comment_status":"open","ping_status":"closed","template":"","meta":{"_seopress_robots_primary_cat":"","_seopress_titles_title":"Extracciones dentales Orlando FL | Pristine Smiles","_seopress_titles_desc":"Las extracciones dentales eliminan de forma segura los dientes da\u00f1ados o problem\u00e1ticos, incluidas las muelas del juicio, utilizando un cuidado delicado y opciones de sedaci\u00f3n para una recuperaci\u00f3n c\u00f3moda.","_seopress_robots_index":"","footnotes":""},"class_list":["post-5550","page","type-page","status-publish"],"_links":{"self":[{"href":"https:\/\/pristinesmilesorlando.com\/es\/wp-json\/wp\/v2\/pages\/5550","targetHints":{"allow":["GET"]}}],"collection":[{"href":"https:\/\/pristinesmilesorlando.com\/es\/wp-json\/wp\/v2\/pages"}],"about":[{"href":"https:\/\/pristinesmilesorlando.com\/es\/wp-json\/wp\/v2\/types\/page"}],"author":[{"embeddable":true,"href":"https:\/\/pristinesmilesorlando.com\/es\/wp-json\/wp\/v2\/users\/2"}],"replies":[{"embeddable":true,"href":"https:\/\/pristinesmilesorlando.com\/es\/wp-json\/wp\/v2\/comments?post=5550"}],"version-history":[{"count":11,"href":"https:\/\/pristinesmilesorlando.com\/es\/wp-json\/wp\/v2\/pages\/5550\/revisions"}],"predecessor-version":[{"id":7146,"href":"https:\/\/pristinesmilesorlando.com\/es\/wp-json\/wp\/v2\/pages\/5550\/revisions\/7146"}],"wp:attachment":[{"href":"https:\/\/pristinesmilesorlando.com\/es\/wp-json\/wp\/v2\/media?parent=5550"}],"curies":[{"name":"wp","href":"https:\/\/api.w.org\/{rel}","templated":true}]}}