{"id":5556,"date":"2022-11-09T07:25:34","date_gmt":"2022-11-09T07:25:34","guid":{"rendered":"https:\/\/pristinesmilesorlando.com\/politica-de-privacidad\/"},"modified":"2026-02-06T15:34:31","modified_gmt":"2026-02-06T15:34:31","slug":"politica-de-privacidad","status":"publish","type":"page","link":"https:\/\/pristinesmilesorlando.com\/es\/politica-de-privacidad\/","title":{"rendered":"Pol\u00edtica de privacidad"},"content":{"rendered":"\t\t<div data-elementor-type=\"wp-page\" data-elementor-id=\"5556\" class=\"elementor elementor-5556 elementor-3172\" data-elementor-post-type=\"page\">\n\t\t\t\t<div data-particle_enable=\"false\" data-particle-mobile-disabled=\"false\" class=\"elementor-element elementor-element-dfe9352 e-flex e-con-boxed e-con e-parent\" data-id=\"dfe9352\" data-element_type=\"container\" data-e-type=\"container\">\n\t\t\t\t\t<div class=\"e-con-inner\">\n\t\t\t\t<div class=\"elementor-element elementor-element-3d1d0d9 elementor-widget elementor-widget-heading\" data-id=\"3d1d0d9\" data-element_type=\"widget\" data-e-type=\"widget\" data-widget_type=\"heading.default\">\n\t\t\t\t<div class=\"elementor-widget-container\">\n\t\t\t\t\t<h1 class=\"elementor-heading-title elementor-size-default\">Pol\u00edtica de privacidad<\/h1>\t\t\t\t<\/div>\n\t\t\t\t<\/div>\n\t\t\t\t\t<\/div>\n\t\t\t\t<\/div>\n\t\t<div data-particle_enable=\"false\" data-particle-mobile-disabled=\"false\" class=\"elementor-element elementor-element-a09424a e-flex e-con-boxed e-con e-parent\" data-id=\"a09424a\" data-element_type=\"container\" data-e-type=\"container\">\n\t\t\t\t\t<div class=\"e-con-inner\">\n\t\t\t\t<div class=\"elementor-element elementor-element-4daba97 elementor-widget elementor-widget-text-editor\" data-id=\"4daba97\" data-element_type=\"widget\" data-e-type=\"widget\" data-widget_type=\"text-editor.default\">\n\t\t\t\t<div class=\"elementor-widget-container\">\n\t\t\t\t\t\t\t\t\t<div id=\"gform_wrapper_877\" class=\"gf_browser_chrome gform_wrapper gravity-theme gform-theme--no-framework\" data-form-theme=\"gravity-theme\" data-form-index=\"0\"><form id=\"gform_877\" action=\"https:\/\/secureonline.co\/gfembed\/?f=877#gf_877\" enctype=\"multipart\/form-data\" method=\"post\" novalidate=\"\" data-formid=\"877\"><div class=\"gform-body gform_body\"><div id=\"gform_fields_877\" class=\"gform_fields top_label form_sublabel_below description_below validation_below\"><div id=\"field_877_1\" class=\"gfield gfield--type-html gfield_html gfield_html_formatted gfield_no_follows_desc field_sublabel_below gfield--no-description field_description_below field_validation_below gfield_visibility_visible\"><div class=\"form-body\"><h2>Pol\u00edtica de privacidad para nuestros valiosos pacientes<\/h2><p>Tu confianza y privacidad son primordiales para nosotros, ya que nos esforzamos por ofrecerte unos servicios dentales excepcionales. Esta pol\u00edtica de privacidad est\u00e1 dise\u00f1ada para informarte sobre c\u00f3mo tratamos la informaci\u00f3n personal recogida a trav\u00e9s de nuestro sitio web: <\/p><ul><li>Los tipos de informaci\u00f3n personal que recopilamos de ti a trav\u00e9s del sitio web, sus usos previstos y la posibilidad de compartirla<\/li><li>Pasos que puedes dar para verificar y actualizar tu informaci\u00f3n<\/li><li>Nuestro compromiso con la seguridad de tu informaci\u00f3n<\/li><li>C\u00f3mo puedes gestionar tus datos y preferencias de comunicaci\u00f3n con nosotros.<\/li><\/ul><h2>Recoger, utilizar y compartir tu informaci\u00f3n<\/h2><p>Recogemos la informaci\u00f3n que decides proporcionarnos a trav\u00e9s de correos electr\u00f3nicos o contacto directo. Esta informaci\u00f3n es de nuestra exclusiva propiedad y nunca se vende ni se distribuye. <\/p><p>Utilizamos tus datos principalmente para responder a tus consultas y satisfacer tus peticiones, asegur\u00e1ndonos de que recibes una atenci\u00f3n dental de primera clase. S\u00f3lo compartimos tus datos con entidades ajenas a nuestra organizaci\u00f3n cuando es necesario para prestar estos servicios o cuando lo exige la ley. <\/p><p>Con tu consentimiento, podemos informarte ocasionalmente sobre nuestras ofertas especiales, nuevos productos o servicios, o cambios en esta pol\u00edtica de privacidad.<\/p><h2>Tu informaci\u00f3n: Tus opciones<\/h2><p>Tienes libertad para controlar tu informaci\u00f3n y la forma en que interactuamos contigo:<\/p><ul><li>Solicitar detalles de la informaci\u00f3n que tenemos sobre ti<\/li><li>Actualiza cualquier informaci\u00f3n incorrecta<\/li><li>Pedirnos que eliminemos tus datos personales<\/li><li>Discutir cualquier duda sobre el uso que hacemos de tu informaci\u00f3n.<\/li><\/ul><h2>Nuestro enfoque de la seguridad de tus datos<\/h2><p>Aunque damos prioridad a la protecci\u00f3n de tu informaci\u00f3n, desaconsejamos el env\u00edo de datos sensibles a trav\u00e9s del formulario de contacto de nuestro sitio web debido a los riesgos potenciales de interceptaci\u00f3n. Nos comprometemos a proteger tus datos, pero recomendamos utilizar m\u00e9todos de comunicaci\u00f3n m\u00e1s seguros para la informaci\u00f3n sensible. <\/p><h2>Comprender las cookies de nuestro sitio web<\/h2><p>S\u00ed, nuestro sitio web puede utilizar cookies, pero \u00e9sta es la pura verdad: las cookies son peque\u00f1os archivos de datos que ayudan a mejorar tu experiencia en nuestro sitio. Recuerdan tus preferencias, haciendo que tus visitas posteriores sean m\u00e1s fluidas y personalizadas. Nuestras cookies no recogen informaci\u00f3n personal ni datos sanitarios; s\u00f3lo est\u00e1n aqu\u00ed para mejorar tu comodidad de navegaci\u00f3n. Recuerda que tienes control sobre las cookies y que puedes ajustar la configuraci\u00f3n de tu navegador para gestionarlas como mejor te parezca.   <\/p><h2>Navegar por enlaces externos<\/h2><p>Nuestro sitio web puede enlazar con otros recursos \u00fatiles, pero ten en cuenta que no supervisamos sus pr\u00e1cticas de privacidad. Te animamos a que revises sus declaraciones de privacidad de forma independiente. <\/p><p>Valoramos tus comentarios y estamos abiertos a sugerencias para mejorar nuestras pr\u00e1cticas de privacidad.<\/p><h2 data-start=\"249\" data-end=\"325\">Aviso de la HIPAA sobre los registros de trastornos por consumo de sustancias (42 CFR Parte 2)<\/h2><p data-start=\"327\" data-end=\"595\">De acuerdo con la normativa federal actualizada y las directrices de la ADA, este consultorio est\u00e1 obligado a incluir informaci\u00f3n en nuestro Aviso de Pr\u00e1cticas de Privacidad que explique c\u00f3mo pueden utilizarse o divulgarse los registros protegidos por <strong data-start=\"515\" data-end=\"569\">el T\u00edtulo 42 del C\u00f3digo de Normativa Federal, Parte 2<\/strong>.<\/p><p data-start=\"597\" data-end=\"1025\">Estas normas federales de la \u00abParte 2\u00bb proporcionan <strong data-start=\"634\" data-end=\"674\">una mayor protecci\u00f3n de la confidencialidad<\/strong> de los registros relacionados con el diagn\u00f3stico, el tratamiento o la derivaci\u00f3n de personas por trastornos relacionados con el consumo de sustancias. Las consultas dentales pueden recibir ocasionalmente esta informaci\u00f3n como parte del historial m\u00e9dico de un paciente o mediante la coordinaci\u00f3n de la atenci\u00f3n con otros proveedores. Cuando se reciben estos registros, est\u00e1n protegidos por estrictos requisitos federales de privacidad.  <\/p><p data-start=\"1027\" data-end=\"1269\">Nuestro Aviso de pr\u00e1cticas de privacidad actualizado explica c\u00f3mo pueden tratarse estos registros cuando se obtienen con el consentimiento de un paciente de un programa de la Parte 2, o en virtud de una de las excepciones legalmente permitidas. Como se indica en el modelo de orientaci\u00f3n de la ADA: <\/p><p data-start=\"1271\" data-end=\"2015\"><em data-start=\"1271\" data-end=\"2015\">\u00abAlgunos datos, como la informaci\u00f3n relacionada con el VIH, la informaci\u00f3n gen\u00e9tica, los registros de tratamiento de trastornos por consumo de alcohol y\/o sustancias y los registros de salud mental pueden tener derecho a protecciones especiales de confidencialidad en virtud de la legislaci\u00f3n estatal o federal aplicable. Respetaremos estas protecciones especiales en los casos aplicables a estos tipos de registros. En ning\u00fan caso utilizaremos ni divulgaremos tu expediente del Programa Parte 2, ni testimonios que describan la informaci\u00f3n contenida en tu expediente del Programa Parte 2, en ning\u00fan procedimiento civil, penal, administrativo o legislativo de ninguna autoridad federal, estatal o local, contra ti, a menos que lo autorice tu consentimiento o lo ordene un tribunal despu\u00e9s de notificarte la orden judicial.\u00bb<\/em><\/p><p data-start=\"2017\" data-end=\"2200\">Estos requisitos existen para garantizar que cualquier informaci\u00f3n relacionada con el trastorno por consumo de sustancias que puedas revelar sea tratada con el m\u00e1ximo nivel de confidencialidad y protecci\u00f3n legal.<\/p><\/div><\/div><\/div><\/div><div class=\"gform-footer gform_footer top_label\"> <\/div><\/form><\/div><div id=\"a11y-speak-assertive\" class=\"a11y-speak-region\" aria-live=\"assertive\" aria-relevant=\"additions text\" aria-atomic=\"true\"> <\/div>\t\t\t\t\t\t\t\t<\/div>\n\t\t\t\t<\/div>\n\t\t\t\t\t<\/div>\n\t\t\t\t<\/div>\n\t\t<div data-particle_enable=\"false\" data-particle-mobile-disabled=\"false\" class=\"elementor-element elementor-element-82d2100 e-flex e-con-boxed e-con e-parent\" data-id=\"82d2100\" data-element_type=\"container\" data-e-type=\"container\">\n\t\t\t\t\t<div class=\"e-con-inner\">\n\t\t\t\t<div class=\"elementor-element elementor-element-6dd31d3 elementor-widget-divider--view-line elementor-widget elementor-widget-divider\" data-id=\"6dd31d3\" data-element_type=\"widget\" data-e-type=\"widget\" data-widget_type=\"divider.default\">\n\t\t\t\t<div class=\"elementor-widget-container\">\n\t\t\t\t\t\t\t<div class=\"elementor-divider\">\n\t\t\t<span class=\"elementor-divider-separator\">\n\t\t\t\t\t\t<\/span>\n\t\t<\/div>\n\t\t\t\t\t\t<\/div>\n\t\t\t\t<\/div>\n\t\t\t\t<div class=\"elementor-element elementor-element-e59c5e1 elementor-widget elementor-widget-text-editor\" data-id=\"e59c5e1\" data-element_type=\"widget\" data-e-type=\"widget\" data-widget_type=\"text-editor.default\">\n\t\t\t\t<div class=\"elementor-widget-container\">\n\t\t\t\t\t\t\t\t\t<h2 class=\"elementor-heading-title elementor-size-default\">Pristine Smiles<\/h2><ul><li>Direcci\u00f3n: 7463 Conroy Windermere Rd Unit B, Orlando, FL 32835, Estados Unidos<\/li><li>Tel\u00e9fono: (407) 291-3600<\/li><\/ul>\t\t\t\t\t\t\t\t<\/div>\n\t\t\t\t<\/div>\n\t\t\t\t\t<\/div>\n\t\t\t\t<\/div>\n\t\t\t\t<\/div>\n\t\t","protected":false},"excerpt":{"rendered":"<p>Pol\u00edtica de privacidad Pol\u00edtica de privacidad para nuestros valiosos pacientes Tu confianza y privacidad son primordiales para nosotros, ya que nos esforzamos por ofrecerte unos servicios dentales excepcionales. Esta pol\u00edtica de privacidad est\u00e1 dise\u00f1ada para informarte sobre c\u00f3mo tratamos la informaci\u00f3n personal recogida a trav\u00e9s de nuestro sitio web: Los tipos de informaci\u00f3n personal que recopilamos de ti [&hellip;]<\/p>\n","protected":false},"author":2,"featured_media":0,"parent":0,"menu_order":56,"comment_status":"closed","ping_status":"closed","template":"","meta":{"_seopress_robots_primary_cat":"","_seopress_titles_title":"Pol\u00edtica de privacidad Pristine Smiles Orlando FL","_seopress_titles_desc":"En Pristine Smiles priorizamos la privacidad del paciente, detallando c\u00f3mo recopilamos, usamos y protegemos tu informaci\u00f3n, a la vez que garantizamos una experiencia dental segura y de confianza.","_seopress_robots_index":"","footnotes":""},"class_list":["post-5556","page","type-page","status-publish"],"_links":{"self":[{"href":"https:\/\/pristinesmilesorlando.com\/es\/wp-json\/wp\/v2\/pages\/5556","targetHints":{"allow":["GET"]}}],"collection":[{"href":"https:\/\/pristinesmilesorlando.com\/es\/wp-json\/wp\/v2\/pages"}],"about":[{"href":"https:\/\/pristinesmilesorlando.com\/es\/wp-json\/wp\/v2\/types\/page"}],"author":[{"embeddable":true,"href":"https:\/\/pristinesmilesorlando.com\/es\/wp-json\/wp\/v2\/users\/2"}],"replies":[{"embeddable":true,"href":"https:\/\/pristinesmilesorlando.com\/es\/wp-json\/wp\/v2\/comments?post=5556"}],"version-history":[{"count":3,"href":"https:\/\/pristinesmilesorlando.com\/es\/wp-json\/wp\/v2\/pages\/5556\/revisions"}],"predecessor-version":[{"id":7309,"href":"https:\/\/pristinesmilesorlando.com\/es\/wp-json\/wp\/v2\/pages\/5556\/revisions\/7309"}],"wp:attachment":[{"href":"https:\/\/pristinesmilesorlando.com\/es\/wp-json\/wp\/v2\/media?parent=5556"}],"curies":[{"name":"wp","href":"https:\/\/api.w.org\/{rel}","templated":true}]}}