{"id":5557,"date":"2016-10-20T13:00:27","date_gmt":"2016-10-20T13:00:27","guid":{"rendered":"https:\/\/pristinesmilesorlando.com\/primera-visita\/"},"modified":"2026-01-26T00:28:30","modified_gmt":"2026-01-26T00:28:30","slug":"primera-visita","status":"publish","type":"page","link":"https:\/\/pristinesmilesorlando.com\/es\/primera-visita\/","title":{"rendered":"Primera visita"},"content":{"rendered":"\t\t<div data-elementor-type=\"wp-page\" data-elementor-id=\"5557\" class=\"elementor elementor-5557 elementor-1493\" data-elementor-post-type=\"page\">\n\t\t\t\t<div data-particle_enable=\"false\" data-particle-mobile-disabled=\"false\" class=\"elementor-element elementor-element-8548c55 e-flex e-con-boxed e-con e-parent\" data-id=\"8548c55\" data-element_type=\"container\" data-e-type=\"container\">\n\t\t\t\t\t<div class=\"e-con-inner\">\n\t\t\t\t<div class=\"elementor-element elementor-element-0cef11d elementor-widget elementor-widget-heading\" data-id=\"0cef11d\" data-element_type=\"widget\" data-e-type=\"widget\" data-widget_type=\"heading.default\">\n\t\t\t\t<div class=\"elementor-widget-container\">\n\t\t\t\t\t<h1 class=\"elementor-heading-title elementor-size-default\">Primera visita dental en Pristine Smiles<\/h1>\t\t\t\t<\/div>\n\t\t\t\t<\/div>\n\t\t\t\t\t<\/div>\n\t\t\t\t<\/div>\n\t\t<div data-particle_enable=\"false\" data-particle-mobile-disabled=\"false\" class=\"elementor-element elementor-element-366f0273 e-flex e-con-boxed e-con e-parent\" data-id=\"366f0273\" data-element_type=\"container\" data-e-type=\"container\">\n\t\t\t\t\t<div class=\"e-con-inner\">\n\t\t\t\t<div class=\"elementor-element elementor-element-4cc04683 elementor-widget elementor-widget-text-editor\" data-id=\"4cc04683\" data-element_type=\"widget\" data-e-type=\"widget\" data-widget_type=\"text-editor.default\">\n\t\t\t\t<div class=\"elementor-widget-container\">\n\t\t\t\t\t\t\t\t\t<p>En Pristine Smiles, nos dedicamos a hacer que su primera visita al dentista sea lo m\u00e1s c\u00f3moda, f\u00e1cil y libre de estr\u00e9s posible. Tanto si es un padre que trae a su hijo a su primera cita dental como si nos visita usted mismo, nuestro objetivo es proporcionarle una atenci\u00f3n dental suave y de alta calidad que le tranquilice desde el momento en que entra. <\/p><p data-start=\"630\" data-end=\"834\">Entendemos que las visitas al dentista a veces pueden generar ansiedad; por eso, ponemos especial cuidado en crear un ambiente acogedor y de apoyo donde se sienta informado, atendido y seguro con su atenci\u00f3n.<\/p><h2 data-start=\"841\" data-end=\"888\">\u00bfQu\u00e9 ocurre durante tu primera visita dental?<\/h2><p data-start=\"890\" data-end=\"1010\">Durante tu cita inicial, nos tomamos un tiempo para conocerte a ti y tus necesidades de salud bucal. Esto es lo que puede esperar:<\/p><ul><li data-start=\"1014\" data-end=\"1061\">Una revisi\u00f3n de tu historial dental y m\u00e9dico<\/li><li data-start=\"1064\" data-end=\"1127\">Una conversaci\u00f3n sobre cualquier pregunta o inquietud que puedas tener<\/li><li data-start=\"1130\" data-end=\"1179\">Radiograf\u00edas digitales para evaluar tus dientes y mand\u00edbula<\/li><li data-start=\"1182\" data-end=\"1253\">Un examen dental completo realizado por la <a href=\"https:\/\/pristinesmilesorlando.com\/es\/conoce-a-la-dra-quito\/\">Dra. Priscila Quito<\/a><\/li><\/ul><p data-start=\"1255\" data-end=\"1461\">Tambi\u00e9n capturaremos im\u00e1genes intraorales para obtener una imagen completa de su salud bucal. Con esta informaci\u00f3n, colaboraremos con usted para dise\u00f1ar un plan de tratamiento personalizado adaptado a sus objetivos de sonrisa. <\/p><p data-start=\"1463\" data-end=\"1578\">Si no se requiere una limpieza avanzada, recibir\u00e1 una <a href=\"https:\/\/pristinesmilesorlando.com\/es\/limpieza-dental\/\">limpieza dental<\/a> profesional y un pulido durante su visita.<\/p><p data-start=\"1582\" data-end=\"1778\">\u00bfNecesita una limpieza profunda? Si su tratamiento requiere una limpieza m\u00e1s exhaustiva, comenzaremos ese proceso durante esta visita (si el tiempo lo permite) o <a href=\"https:\/\/pristinesmilesorlando.com\/es\/solicitar-una-cita\/\">programaremos una cita de seguimiento<\/a> que le convenga. <\/p><p data-start=\"1780\" data-end=\"1906\">Nuestra misi\u00f3n es construir una relaci\u00f3n duradera contigo mientras te ayudamos a lograr y mantener una sonrisa saludable y segura.<\/p><h2 data-start=\"1913\" data-end=\"1955\">\u00bfQu\u00e9 debes traer a tu primera cita?<\/h2><p data-start=\"1957\" data-end=\"2043\">Para que tu visita sea m\u00e1s fluida y eficiente, ten listos los siguientes elementos:<\/p><ul><li data-start=\"2047\" data-end=\"2162\">Formulario de paciente en l\u00ednea completado: rell\u00e9nelo de antemano para que nuestro equipo pueda revisar su informaci\u00f3n con anticipaci\u00f3n. Puede encontrarlo en <a href=\"https:\/\/pristinesmilesorlando.com\/es\/formularios-para-pacientes\/\">Formularios para pacientes<\/a>, o tambi\u00e9n le enviaremos un enlace por mensaje de texto a su tel\u00e9fono. <\/li><li data-start=\"2165\" data-end=\"2290\">Radiograf\u00edas dentales recientes (de los \u00faltimos 6 meses): haga que su proveedor anterior las env\u00ede a nuestra oficina por correo electr\u00f3nico<\/li><li data-start=\"2293\" data-end=\"2326\">Lista actual de medicamentos<\/li><li data-start=\"2329\" data-end=\"2388\">Tarjeta del seguro dental (si corresponde)<\/li><li>Formulario de identificaci\u00f3n con foto, como una licencia de conducir o un pasaporte<\/li><\/ul><p data-start=\"2390\" data-end=\"2484\">Esto nos ayuda a agilizar tu visita y abordar cualquier pregunta financiera o de seguro por adelantado.<\/p><h2 data-start=\"2491\" data-end=\"2540\">\u00bfCon qu\u00e9 frecuencia debes programar revisiones dentales?<\/h2><p data-start=\"2542\" data-end=\"2710\">Seg\u00fan la Asociaci\u00f3n Dental Americana, los pacientes deben ver a un dentista cada seis meses para limpiezas y revisiones de rutina. Estas visitas son esenciales para: <\/p><ul><li data-start=\"2714\" data-end=\"2749\">Prevenir las caries y la enfermedad de las enc\u00edas<\/li><li data-start=\"2752\" data-end=\"2781\">Mantener las restauraciones orales<\/li><li data-start=\"2784\" data-end=\"2815\">Manejar las afecciones periodontales<\/li><\/ul><p data-start=\"2817\" data-end=\"2921\">Durante tus revisiones, tambi\u00e9n revisamos y reforzamos las instrucciones de higiene bucal adaptadas a tus necesidades.<\/p><h3 data-start=\"2923\" data-end=\"2949\">Consejos diarios para la salud bucal<\/h3><p data-start=\"2951\" data-end=\"3022\">Mant\u00e9n tu sonrisa saludable entre visitas con estos h\u00e1bitos respaldados por expertos:<\/p><ul><li data-start=\"3026\" data-end=\"3109\">Cep\u00edllate dos veces al d\u00eda con peque\u00f1os movimientos circulares usando un cepillo de dientes de cerdas suaves<\/li><li data-start=\"3112\" data-end=\"3144\">Usa hilo dental al menos una vez al d\u00eda<\/li><li data-start=\"3147\" data-end=\"3171\">Evita el consumo de tabaco<\/li><li data-start=\"3174\" data-end=\"3210\">Limita los bocadillos azucarados o pegajosos<\/li><li data-start=\"3213\" data-end=\"3254\">Sigue una dieta equilibrada y rica en nutrientes<\/li><li data-start=\"3257\" data-end=\"3311\">Usa enjuagues con fl\u00faor o antis\u00e9pticos seg\u00fan lo prescrito<\/li><li data-start=\"3314\" data-end=\"3377\">Considera los selladores dentales para los molares permanentes de los ni\u00f1os<\/li><\/ul><h2 data-start=\"3384\" data-end=\"3424\">\u00bfExiste alguna consideraci\u00f3n especial antes de su visita?<\/h2><p data-start=\"3426\" data-end=\"3503\">Si se aplica alguna de las siguientes situaciones, cont\u00e1ctanos antes de tu cita:<\/p><ul><li data-start=\"3507\" data-end=\"3570\">Eres menor de 18 a\u00f1os o necesitas la ayuda de un tutor<\/li><li data-start=\"3507\" data-end=\"3570\">Actualmente se encuentra en su primer o tercer trimestre de embarazo<\/li><li data-start=\"3573\" data-end=\"3626\">Tienes alguna de las siguientes condiciones m\u00e9dicas:<ul><li data-start=\"3644\" data-end=\"3663\">Reemplazo articular reciente<\/li><li data-start=\"3644\" data-end=\"3663\">Enfermedad\/defecto card\u00edaco cong\u00e9nito<\/li><li data-start=\"3668\" data-end=\"3691\">V\u00e1lvulas card\u00edacas artificiales<\/li><\/ul><\/li><li data-start=\"3714\" data-end=\"3792\">Necesitas premedicaci\u00f3n o antibi\u00f3ticos seg\u00fan las indicaciones de tu m\u00e9dico<\/li><\/ul><p data-start=\"3794\" data-end=\"3881\">Tomamos todas las precauciones para garantizar que tu visita sea segura, personalizada y sin estr\u00e9s.<\/p>\t\t\t\t\t\t\t\t<\/div>\n\t\t\t\t<\/div>\n\t\t\t\t\t<\/div>\n\t\t\t\t<\/div>\n\t\t<div data-particle_enable=\"false\" data-particle-mobile-disabled=\"false\" class=\"elementor-element elementor-element-6c778391 e-flex e-con-boxed e-con e-child\" data-id=\"6c778391\" data-element_type=\"container\" data-e-type=\"container\">\n\t\t\t\t\t<div class=\"e-con-inner\">\n\t\t\t\t<div class=\"elementor-element elementor-element-199ce8e4 elementor-widget elementor-widget-heading\" data-id=\"199ce8e4\" data-element_type=\"widget\" data-e-type=\"widget\" data-widget_type=\"heading.default\">\n\t\t\t\t<div class=\"elementor-widget-container\">\n\t\t\t\t\t<h2 class=\"elementor-heading-title elementor-size-default\">Preguntas frecuentes<\/h2>\t\t\t\t<\/div>\n\t\t\t\t<\/div>\n\t\t\t\t<div class=\"elementor-element elementor-element-4fb66375 elementor-widget__width-inherit elementor-widget elementor-widget-text-editor\" data-id=\"4fb66375\" data-element_type=\"widget\" data-e-type=\"widget\" data-widget_type=\"text-editor.default\">\n\t\t\t\t<div class=\"elementor-widget-container\">\n\t\t\t\t\t\t\t\t\t<p data-start=\"319\" data-end=\"492\">Sabemos que su primera cita genera mucha curiosidad y, a veces, un poco de incertidumbre. Aqu\u00ed tiene las respuestas a las preguntas que m\u00e1s nos hacen los nuevos pacientes. <\/p>\t\t\t\t\t\t\t\t<\/div>\n\t\t\t\t<\/div>\n\t\t\t\t<div class=\"elementor-element elementor-element-7bec66da elementor-widget elementor-widget-n-accordion\" data-id=\"7bec66da\" data-element_type=\"widget\" data-e-type=\"widget\" data-settings=\"{&quot;default_state&quot;:&quot;expanded&quot;,&quot;max_items_expended&quot;:&quot;one&quot;,&quot;n_accordion_animation_duration&quot;:{&quot;unit&quot;:&quot;ms&quot;,&quot;size&quot;:400,&quot;sizes&quot;:[]}}\" data-widget_type=\"nested-accordion.default\">\n\t\t\t\t<div class=\"elementor-widget-container\">\n\t\t\t\t\t\t\t<div class=\"e-n-accordion\" aria-label=\"Accordion. Open links with Enter or Space, close with Escape, and navigate with Arrow Keys\">\n\t\t\t\t\t\t<details id=\"e-n-accordion-item-2070\" class=\"e-n-accordion-item\" open>\n\t\t\t\t<summary class=\"e-n-accordion-item-title\" data-accordion-index=\"1\" tabindex=\"0\" aria-expanded=\"true\" aria-controls=\"e-n-accordion-item-2070\" >\n\t\t\t\t\t<span class='e-n-accordion-item-title-header'><div class=\"e-n-accordion-item-title-text\"> \u00bfA qu\u00e9 edad debe mi hijo tener su primera visita al dentista en Orlando? <\/div><\/span>\n\t\t\t\t\t\t\t<span class='e-n-accordion-item-title-icon'>\n\t\t\t<span class='e-opened' ><i aria-hidden=\"true\" class=\"fas fa-minus\"><\/i><\/span>\n\t\t\t<span class='e-closed'><i aria-hidden=\"true\" class=\"fas fa-plus\"><\/i><\/span>\n\t\t<\/span>\n\n\t\t\t\t\t\t<\/summary>\n\t\t\t\t<div data-particle_enable=\"false\" data-particle-mobile-disabled=\"false\" role=\"region\" aria-labelledby=\"e-n-accordion-item-2070\" class=\"elementor-element elementor-element-50eea83f e-con-full e-flex e-con e-child\" data-id=\"50eea83f\" data-element_type=\"container\" data-e-type=\"container\">\n\t\t\t\t<div class=\"elementor-element elementor-element-5b748b26 elementor-widget__width-inherit elementor-widget elementor-widget-text-editor\" data-id=\"5b748b26\" data-element_type=\"widget\" data-e-type=\"widget\" data-widget_type=\"text-editor.default\">\n\t\t\t\t<div class=\"elementor-widget-container\">\n\t\t\t\t\t\t\t\t\t<p>La mayor\u00eda de los dentistas, incluido el Dr. Quito, recomiendan que un ni\u00f1o tenga su primera visita al dentista antes de su primer cumplea\u00f1os o cuando le salga su primer diente. Las visitas tempranas ayudan a prevenir la caries y hacen que los ni\u00f1os se sientan c\u00f3modos con el cuidado dental desde el principio. <\/p>\t\t\t\t\t\t\t\t<\/div>\n\t\t\t\t<\/div>\n\t\t\t\t<\/div>\n\t\t\t\t\t<\/details>\n\t\t\t\t\t\t<details id=\"e-n-accordion-item-2071\" class=\"e-n-accordion-item\" >\n\t\t\t\t<summary class=\"e-n-accordion-item-title\" data-accordion-index=\"2\" tabindex=\"-1\" aria-expanded=\"false\" aria-controls=\"e-n-accordion-item-2071\" >\n\t\t\t\t\t<span class='e-n-accordion-item-title-header'><div class=\"e-n-accordion-item-title-text\"> \u00bfCu\u00e1nto suele durar una primera cita con el dentista? <\/div><\/span>\n\t\t\t\t\t\t\t<span class='e-n-accordion-item-title-icon'>\n\t\t\t<span class='e-opened' ><i aria-hidden=\"true\" class=\"fas fa-minus\"><\/i><\/span>\n\t\t\t<span class='e-closed'><i aria-hidden=\"true\" class=\"fas fa-plus\"><\/i><\/span>\n\t\t<\/span>\n\n\t\t\t\t\t\t<\/summary>\n\t\t\t\t<div data-particle_enable=\"false\" data-particle-mobile-disabled=\"false\" role=\"region\" aria-labelledby=\"e-n-accordion-item-2071\" class=\"elementor-element elementor-element-123cf47a e-con-full e-flex e-con e-child\" data-id=\"123cf47a\" data-element_type=\"container\" data-e-type=\"container\">\n\t\t\t\t<div class=\"elementor-element elementor-element-5b3e4cac elementor-widget elementor-widget-text-editor\" data-id=\"5b3e4cac\" data-element_type=\"widget\" data-e-type=\"widget\" data-widget_type=\"text-editor.default\">\n\t\t\t\t<div class=\"elementor-widget-container\">\n\t\t\t\t\t\t\t\t\t<p>Una primera visita en Pristine Smiles suele durar entre 60 y 90 minutos, dependiendo de si se necesitan radiograf\u00edas, una limpieza u otras evaluaciones. Dejamos tiempo adicional para que nunca se sienta apresurado o inseguro acerca de su salud bucal. <\/p>\t\t\t\t\t\t\t\t<\/div>\n\t\t\t\t<\/div>\n\t\t\t\t<\/div>\n\t\t\t\t\t<\/details>\n\t\t\t\t\t\t<details id=\"e-n-accordion-item-2072\" class=\"e-n-accordion-item\" >\n\t\t\t\t<summary class=\"e-n-accordion-item-title\" data-accordion-index=\"3\" tabindex=\"-1\" aria-expanded=\"false\" aria-controls=\"e-n-accordion-item-2072\" >\n\t\t\t\t\t<span class='e-n-accordion-item-title-header'><div class=\"e-n-accordion-item-title-text\"> \u00bfQu\u00e9 ocurre si siento ansiedad antes de mi primera cita con el dentista? <\/div><\/span>\n\t\t\t\t\t\t\t<span class='e-n-accordion-item-title-icon'>\n\t\t\t<span class='e-opened' ><i aria-hidden=\"true\" class=\"fas fa-minus\"><\/i><\/span>\n\t\t\t<span class='e-closed'><i aria-hidden=\"true\" class=\"fas fa-plus\"><\/i><\/span>\n\t\t<\/span>\n\n\t\t\t\t\t\t<\/summary>\n\t\t\t\t<div data-particle_enable=\"false\" data-particle-mobile-disabled=\"false\" role=\"region\" aria-labelledby=\"e-n-accordion-item-2072\" class=\"elementor-element elementor-element-31bdaf55 e-con-full e-flex e-con e-child\" data-id=\"31bdaf55\" data-element_type=\"container\" data-e-type=\"container\">\n\t\t\t\t<div class=\"elementor-element elementor-element-11c3faec elementor-widget__width-inherit elementor-widget elementor-widget-text-editor\" data-id=\"11c3faec\" data-element_type=\"widget\" data-e-type=\"widget\" data-widget_type=\"text-editor.default\">\n\t\t\t\t<div class=\"elementor-widget-container\">\n\t\t\t\t\t\t\t\t\t<p>No est\u00e1 solo, muchos pacientes se sienten nerviosos antes de una visita al dentista. Ofrecemos un ambiente tranquilo, un cuidado delicado y una orientaci\u00f3n de apoyo para ayudarle a sentirse relajado. Simplemente h\u00e1ganos saber sus preocupaciones y personalizaremos su visita.  <\/p>\t\t\t\t\t\t\t\t<\/div>\n\t\t\t\t<\/div>\n\t\t\t\t<\/div>\n\t\t\t\t\t<\/details>\n\t\t\t\t\t\t<details id=\"e-n-accordion-item-2073\" class=\"e-n-accordion-item\" >\n\t\t\t\t<summary class=\"e-n-accordion-item-title\" data-accordion-index=\"4\" tabindex=\"-1\" aria-expanded=\"false\" aria-controls=\"e-n-accordion-item-2073\" >\n\t\t\t\t\t<span class='e-n-accordion-item-title-header'><div class=\"e-n-accordion-item-title-text\"> \u00bfPuedo recibir tratamiento el mismo d\u00eda de mi primera visita al dentista? <\/div><\/span>\n\t\t\t\t\t\t\t<span class='e-n-accordion-item-title-icon'>\n\t\t\t<span class='e-opened' ><i aria-hidden=\"true\" class=\"fas fa-minus\"><\/i><\/span>\n\t\t\t<span class='e-closed'><i aria-hidden=\"true\" class=\"fas fa-plus\"><\/i><\/span>\n\t\t<\/span>\n\n\t\t\t\t\t\t<\/summary>\n\t\t\t\t<div data-particle_enable=\"false\" data-particle-mobile-disabled=\"false\" role=\"region\" aria-labelledby=\"e-n-accordion-item-2073\" class=\"elementor-element elementor-element-34f4c31 e-con-full e-flex e-con e-child\" data-id=\"34f4c31\" data-element_type=\"container\" data-e-type=\"container\">\n\t\t\t\t<div class=\"elementor-element elementor-element-957e43f elementor-widget__width-inherit elementor-widget elementor-widget-text-editor\" data-id=\"957e43f\" data-element_type=\"widget\" data-e-type=\"widget\" data-widget_type=\"text-editor.default\">\n\t\t\t\t<div class=\"elementor-widget-container\">\n\t\t\t\t\t\t\t\t\t<p>A menudo, s\u00ed. Si su examen muestra que es un candidato para una limpieza est\u00e1ndar o tratamientos menores y el tiempo lo permite, los completaremos el mismo d\u00eda. La atenci\u00f3n m\u00e1s avanzada puede programarse para una cita de seguimiento para garantizar que reciba resultados \u00f3ptimos.  <\/p>\t\t\t\t\t\t\t\t<\/div>\n\t\t\t\t<\/div>\n\t\t\t\t<\/div>\n\t\t\t\t\t<\/details>\n\t\t\t\t\t\t<details id=\"e-n-accordion-item-2074\" class=\"e-n-accordion-item\" >\n\t\t\t\t<summary class=\"e-n-accordion-item-title\" data-accordion-index=\"5\" tabindex=\"-1\" aria-expanded=\"false\" aria-controls=\"e-n-accordion-item-2074\" >\n\t\t\t\t\t<span class='e-n-accordion-item-title-header'><div class=\"e-n-accordion-item-title-text\"> \u00bfMe har\u00e1n una limpieza en mi primera visita al dentista? <\/div><\/span>\n\t\t\t\t\t\t\t<span class='e-n-accordion-item-title-icon'>\n\t\t\t<span class='e-opened' ><i aria-hidden=\"true\" class=\"fas fa-minus\"><\/i><\/span>\n\t\t\t<span class='e-closed'><i aria-hidden=\"true\" class=\"fas fa-plus\"><\/i><\/span>\n\t\t<\/span>\n\n\t\t\t\t\t\t<\/summary>\n\t\t\t\t<div data-particle_enable=\"false\" data-particle-mobile-disabled=\"false\" role=\"region\" aria-labelledby=\"e-n-accordion-item-2074\" class=\"elementor-element elementor-element-58cfa9d4 e-con-full e-flex e-con e-child\" data-id=\"58cfa9d4\" data-element_type=\"container\" data-e-type=\"container\">\n\t\t\t\t<div class=\"elementor-element elementor-element-56f07921 elementor-widget__width-inherit elementor-widget elementor-widget-text-editor\" data-id=\"56f07921\" data-element_type=\"widget\" data-e-type=\"widget\" data-widget_type=\"text-editor.default\">\n\t\t\t\t<div class=\"elementor-widget-container\">\n\t\t\t\t\t\t\t\t\t<p>En la mayor\u00eda de los casos, s\u00ed. Si sus enc\u00edas y dientes est\u00e1n sanos, realizaremos una limpieza y pulido est\u00e1ndar durante su primera visita. Si hay signos de enfermedad de las enc\u00edas o acumulaci\u00f3n excesiva, podemos recomendar una limpieza profunda y discutir si puede comenzar el mismo d\u00eda o en una cita de seguimiento.  <\/p>\t\t\t\t\t\t\t\t<\/div>\n\t\t\t\t<\/div>\n\t\t\t\t<\/div>\n\t\t\t\t\t<\/details>\n\t\t\t\t\t<\/div>\n\t\t\t\t\t<script type=\"application\/ld+json\">{\"@context\":\"https:\\\/\\\/schema.org\",\"@type\":\"FAQPage\",\"mainEntity\":[{\"@type\":\"Question\",\"name\":\"\\u00bfA qu\\u00e9 edad debe mi hijo tener su primera visita al dentista en Orlando?\",\"acceptedAnswer\":{\"@type\":\"Answer\",\"text\":\"La mayor\\u00eda de los dentistas, incluido el Dr. Quito, recomiendan que un ni\\u00f1o tenga su primera visita al dentista antes de su primer cumplea\\u00f1os o cuando le salga su primer diente. Las visitas tempranas ayudan a prevenir la caries y hacen que los ni\\u00f1os se sientan c\\u00f3modos con el cuidado dental desde el principio.\"}},{\"@type\":\"Question\",\"name\":\"\\u00bfCu\\u00e1nto suele durar una primera cita con el dentista?\",\"acceptedAnswer\":{\"@type\":\"Answer\",\"text\":\"Una primera visita en Pristine Smiles suele durar entre 60 y 90 minutos, dependiendo de si se necesitan radiograf\\u00edas, una limpieza u otras evaluaciones. Dejamos tiempo adicional para que nunca se sienta apresurado o inseguro acerca de su salud bucal.\"}},{\"@type\":\"Question\",\"name\":\"\\u00bfQu\\u00e9 ocurre si siento ansiedad antes de mi primera cita con el dentista?\",\"acceptedAnswer\":{\"@type\":\"Answer\",\"text\":\"No est\\u00e1 solo, muchos pacientes se sienten nerviosos antes de una visita al dentista. Ofrecemos un ambiente tranquilo, un cuidado delicado y una orientaci\\u00f3n de apoyo para ayudarle a sentirse relajado. Simplemente h\\u00e1ganos saber sus preocupaciones y personalizaremos su visita.\"}},{\"@type\":\"Question\",\"name\":\"\\u00bfPuedo recibir tratamiento el mismo d\\u00eda de mi primera visita al dentista?\",\"acceptedAnswer\":{\"@type\":\"Answer\",\"text\":\"A menudo, s\\u00ed. Si su examen muestra que es un candidato para una limpieza est\\u00e1ndar o tratamientos menores y el tiempo lo permite, los completaremos el mismo d\\u00eda. La atenci\\u00f3n m\\u00e1s avanzada puede programarse para una cita de seguimiento para garantizar que reciba resultados \\u00f3ptimos.\"}},{\"@type\":\"Question\",\"name\":\"\\u00bfMe har\\u00e1n una limpieza en mi primera visita al dentista?\",\"acceptedAnswer\":{\"@type\":\"Answer\",\"text\":\"En la mayor\\u00eda de los casos, s\\u00ed. Si sus enc\\u00edas y dientes est\\u00e1n sanos, realizaremos una limpieza y pulido est\\u00e1ndar durante su primera visita. Si hay signos de enfermedad de las enc\\u00edas o acumulaci\\u00f3n excesiva, podemos recomendar una limpieza profunda y discutir si puede comenzar el mismo d\\u00eda o en una cita de seguimiento.\"}}]}<\/script>\n\t\t\t\t\t\t\t<\/div>\n\t\t\t\t<\/div>\n\t\t\t\t\t<\/div>\n\t\t\t\t<\/div>\n\t\t\t\t<\/div>\n\t\t","protected":false},"excerpt":{"rendered":"<p>Primera visita dental en Pristine Smiles En Pristine Smiles, nos dedicamos a hacer que su primera visita al dentista sea lo m\u00e1s c\u00f3moda, f\u00e1cil y libre de estr\u00e9s posible. Tanto si es un padre que trae a su hijo a su primera cita dental como si nos visita usted mismo, nuestro objetivo es proporcionarle una atenci\u00f3n dental suave [&hellip;]<\/p>\n","protected":false},"author":2,"featured_media":0,"parent":0,"menu_order":18,"comment_status":"open","ping_status":"closed","template":"","meta":{"_seopress_robots_primary_cat":"","_seopress_titles_title":"Primera visita dental en Pristine Smiles","_seopress_titles_desc":"En Pristine Smiles, hacemos que tu primera visita dental sea c\u00f3moda y sin estr\u00e9s, con odontolog\u00eda familiar delicada, ex\u00e1menes exhaustivos, limpiezas y atenci\u00f3n personalizada.","_seopress_robots_index":"","footnotes":""},"class_list":["post-5557","page","type-page","status-publish"],"_links":{"self":[{"href":"https:\/\/pristinesmilesorlando.com\/es\/wp-json\/wp\/v2\/pages\/5557","targetHints":{"allow":["GET"]}}],"collection":[{"href":"https:\/\/pristinesmilesorlando.com\/es\/wp-json\/wp\/v2\/pages"}],"about":[{"href":"https:\/\/pristinesmilesorlando.com\/es\/wp-json\/wp\/v2\/types\/page"}],"author":[{"embeddable":true,"href":"https:\/\/pristinesmilesorlando.com\/es\/wp-json\/wp\/v2\/users\/2"}],"replies":[{"embeddable":true,"href":"https:\/\/pristinesmilesorlando.com\/es\/wp-json\/wp\/v2\/comments?post=5557"}],"version-history":[{"count":13,"href":"https:\/\/pristinesmilesorlando.com\/es\/wp-json\/wp\/v2\/pages\/5557\/revisions"}],"predecessor-version":[{"id":7109,"href":"https:\/\/pristinesmilesorlando.com\/es\/wp-json\/wp\/v2\/pages\/5557\/revisions\/7109"}],"wp:attachment":[{"href":"https:\/\/pristinesmilesorlando.com\/es\/wp-json\/wp\/v2\/media?parent=5557"}],"curies":[{"name":"wp","href":"https:\/\/api.w.org\/{rel}","templated":true}]}}