{"id":5566,"date":"2016-10-20T13:10:48","date_gmt":"2016-10-20T13:10:48","guid":{"rendered":"https:\/\/pristinesmilesorlando.com\/implantes-dentales\/"},"modified":"2026-01-26T00:28:32","modified_gmt":"2026-01-26T00:28:32","slug":"implantes-dentales","status":"publish","type":"page","link":"https:\/\/pristinesmilesorlando.com\/es\/implantes-dentales\/","title":{"rendered":"Implantes dentales"},"content":{"rendered":"\t\t<div data-elementor-type=\"wp-page\" data-elementor-id=\"5566\" class=\"elementor elementor-5566 elementor-1520\" data-elementor-post-type=\"page\">\n\t\t\t\t<div data-particle_enable=\"false\" data-particle-mobile-disabled=\"false\" class=\"elementor-element elementor-element-57ab046 e-flex e-con-boxed e-con e-parent\" data-id=\"57ab046\" data-element_type=\"container\" data-e-type=\"container\">\n\t\t\t\t\t<div class=\"e-con-inner\">\n\t\t\t\t<div class=\"elementor-element elementor-element-ca92901 elementor-widget elementor-widget-heading\" data-id=\"ca92901\" data-element_type=\"widget\" data-e-type=\"widget\" data-widget_type=\"heading.default\">\n\t\t\t\t<div class=\"elementor-widget-container\">\n\t\t\t\t\t<h1 class=\"elementor-heading-title elementor-size-default\">Restauraciones de implantes dentales<\/h1>\t\t\t\t<\/div>\n\t\t\t\t<\/div>\n\t\t\t\t\t<\/div>\n\t\t\t\t<\/div>\n\t\t<div data-particle_enable=\"false\" data-particle-mobile-disabled=\"false\" class=\"elementor-element elementor-element-2997303a e-flex e-con-boxed e-con e-parent\" data-id=\"2997303a\" data-element_type=\"container\" data-e-type=\"container\">\n\t\t\t\t\t<div class=\"e-con-inner\">\n\t\t\t\t<div class=\"elementor-element elementor-element-14ef472f elementor-widget elementor-widget-text-editor\" data-id=\"14ef472f\" data-element_type=\"widget\" data-e-type=\"widget\" data-widget_type=\"text-editor.default\">\n\t\t\t\t<div class=\"elementor-widget-container\">\n\t\t\t\t\t\t\t\t\t<div id=\"category-inner\"><p data-start=\"247\" data-end=\"551\">Los implantes dentales ofrecen una soluci\u00f3n duradera para reemplazar los dientes perdidos, lo que ayuda a los pacientes a recuperar la capacidad de comer, hablar y sonre\u00edr con confianza. Dise\u00f1ados para verse y sentirse como sus dientes naturales, los implantes tambi\u00e9n apoyan la salud del hueso maxilar al prevenir la p\u00e9rdida \u00f3sea que a menudo ocurre despu\u00e9s de la p\u00e9rdida de dientes. <\/p><p data-start=\"553\" data-end=\"829\">En este momento, la <a href=\"https:\/\/pristinesmilesorlando.com\/es\/conoce-a-la-dra-quito\/\">Dra. Priscila Quito<\/a> se centra exclusivamente en la restauraci\u00f3n de implantes dentales. Aunque actualmente no coloca implantes, colabora con cirujanos orales y especialistas de confianza para coordinar la atenci\u00f3n. Su objetivo es ofrecer servicios completos de colocaci\u00f3n de implantes en el futuro.  <\/p><h2 data-start=\"836\" data-end=\"864\">\u00bfQu\u00e9 son los implantes dentales?<\/h2><p data-start=\"866\" data-end=\"1128\">Los implantes dentales son peque\u00f1os postes de titanio que se colocan quir\u00fargicamente en el hueso maxilar para que act\u00faen como ra\u00edces dentales artificiales. Con el tiempo, el hueso maxilar se fusiona naturalmente con el titanio, creando una base fuerte y estable para coronas, puentes o dentaduras postizas hechas a medida. <\/p><p data-start=\"1130\" data-end=\"1166\">Los beneficios de los implantes dentales incluyen:<\/p><ul><li data-start=\"1170\" data-end=\"1193\">Un aspecto y sensaci\u00f3n naturales<\/li><li data-start=\"1196\" data-end=\"1232\">Mayor comodidad y capacidad de masticaci\u00f3n<\/li><li data-start=\"1235\" data-end=\"1255\">Durabilidad a largo plazo<\/li><li data-start=\"1258\" data-end=\"1309\">Preservaci\u00f3n de la estructura facial y la salud del hueso maxilar<\/li><\/ul><h2 data-start=\"1316\" data-end=\"1357\">\u00bfQu\u00e9 implica la restauraci\u00f3n de implantes?<\/h2><p data-start=\"1359\" data-end=\"1560\">Una vez que un especialista al que le remitimos haya colocado quir\u00fargicamente su implante y este haya cicatrizado por completo, la Dra. Quito completar\u00e1 el proceso dise\u00f1ando y colocando su diente o dientes de reemplazo permanentes.<\/p><p data-start=\"1562\" data-end=\"1596\">La fase de restauraci\u00f3n puede incluir:<\/p><ul><li data-start=\"1600\" data-end=\"1657\">Colocaci\u00f3n de pilares (conectores) sobre los implantes cicatrizados<\/li><li data-start=\"1660\" data-end=\"1712\">Toma de impresiones precisas para restauraciones personalizadas<\/li><li data-start=\"1715\" data-end=\"1784\">Creaci\u00f3n de coronas, puentes o dentaduras postizas que coincidan con sus dientes naturales<\/li><li data-start=\"1787\" data-end=\"1831\">Garantizar un ajuste, comodidad y est\u00e9tica adecuados<\/li><\/ul><p data-start=\"1833\" data-end=\"1986\">Su comodidad y satisfacci\u00f3n son siempre nuestras principales prioridades. Nos tomaremos el tiempo necesario para responder a sus preguntas y guiarle en cada paso del proceso. <\/p><h2 data-start=\"1993\" data-end=\"2030\">\u00bfSon los implantes dentales adecuados para usted?<\/h2><p data-start=\"2032\" data-end=\"2375\">Si le faltan uno o m\u00e1s dientes y est\u00e1 interesado en explorar los implantes dentales, le recomendamos una consulta exhaustiva que incluya un examen dental, im\u00e1genes digitales y una revisi\u00f3n de su historial de salud. La Dra. Quito evaluar\u00e1 sus necesidades y le remitir\u00e1 a un especialista de confianza para la parte quir\u00fargica si la colocaci\u00f3n del implante es apropiada. <\/p><p data-start=\"2377\" data-end=\"2518\">Tanto si es nuevo en el mundo de los implantes como si necesita una restauraci\u00f3n en un implante existente, nuestro equipo est\u00e1 aqu\u00ed para ayudarle a conseguir una sonrisa sana y segura.<\/p><\/div>\t\t\t\t\t\t\t\t<\/div>\n\t\t\t\t<\/div>\n\t\t\t\t\t<\/div>\n\t\t\t\t<\/div>\n\t\t<div data-particle_enable=\"false\" data-particle-mobile-disabled=\"false\" class=\"elementor-element elementor-element-59522366 e-flex e-con-boxed e-con e-child\" data-id=\"59522366\" data-element_type=\"container\" data-e-type=\"container\">\n\t\t\t\t\t<div class=\"e-con-inner\">\n\t\t\t\t<div class=\"elementor-element elementor-element-3d19ed89 elementor-widget elementor-widget-heading\" data-id=\"3d19ed89\" data-element_type=\"widget\" data-e-type=\"widget\" data-widget_type=\"heading.default\">\n\t\t\t\t<div class=\"elementor-widget-container\">\n\t\t\t\t\t<h2 class=\"elementor-heading-title elementor-size-default\">Preguntas frecuentes<\/h2>\t\t\t\t<\/div>\n\t\t\t\t<\/div>\n\t\t\t\t<div class=\"elementor-element elementor-element-5772fab5 elementor-widget__width-inherit elementor-widget elementor-widget-text-editor\" data-id=\"5772fab5\" data-element_type=\"widget\" data-e-type=\"widget\" data-widget_type=\"text-editor.default\">\n\t\t\t\t<div class=\"elementor-widget-container\">\n\t\t\t\t\t\t\t\t\t<p>Si est\u00e1 considerando la posibilidad de colocarse implantes dentales o se est\u00e1 preparando para la fase de restauraci\u00f3n, es posible que tenga preguntas sobre c\u00f3mo funciona el proceso. Estas preguntas frecuentes ofrecen respuestas claras y directas para ayudarle a sentirse seguro e informado. <\/p>\t\t\t\t\t\t\t\t<\/div>\n\t\t\t\t<\/div>\n\t\t\t\t<div class=\"elementor-element elementor-element-60e381b6 elementor-widget elementor-widget-n-accordion\" data-id=\"60e381b6\" data-element_type=\"widget\" data-e-type=\"widget\" data-settings=\"{&quot;default_state&quot;:&quot;expanded&quot;,&quot;max_items_expended&quot;:&quot;one&quot;,&quot;n_accordion_animation_duration&quot;:{&quot;unit&quot;:&quot;ms&quot;,&quot;size&quot;:400,&quot;sizes&quot;:[]}}\" data-widget_type=\"nested-accordion.default\">\n\t\t\t\t<div class=\"elementor-widget-container\">\n\t\t\t\t\t\t\t<div class=\"e-n-accordion\" aria-label=\"Accordion. Open links with Enter or Space, close with Escape, and navigate with Arrow Keys\">\n\t\t\t\t\t\t<details id=\"e-n-accordion-item-1620\" class=\"e-n-accordion-item\" open>\n\t\t\t\t<summary class=\"e-n-accordion-item-title\" data-accordion-index=\"1\" tabindex=\"0\" aria-expanded=\"true\" aria-controls=\"e-n-accordion-item-1620\" >\n\t\t\t\t\t<span class='e-n-accordion-item-title-header'><div class=\"e-n-accordion-item-title-text\"> \u00bfCu\u00e1nto tiempo dura el proceso de restauraci\u00f3n del implante dental? <\/div><\/span>\n\t\t\t\t\t\t\t<span class='e-n-accordion-item-title-icon'>\n\t\t\t<span class='e-opened' ><i aria-hidden=\"true\" class=\"fas fa-minus\"><\/i><\/span>\n\t\t\t<span class='e-closed'><i aria-hidden=\"true\" class=\"fas fa-plus\"><\/i><\/span>\n\t\t<\/span>\n\n\t\t\t\t\t\t<\/summary>\n\t\t\t\t<div data-particle_enable=\"false\" data-particle-mobile-disabled=\"false\" role=\"region\" aria-labelledby=\"e-n-accordion-item-1620\" class=\"elementor-element elementor-element-52e3f836 e-con-full e-flex e-con e-child\" data-id=\"52e3f836\" data-element_type=\"container\" data-e-type=\"container\">\n\t\t\t\t<div class=\"elementor-element elementor-element-2ffd886a elementor-widget__width-inherit elementor-widget elementor-widget-text-editor\" data-id=\"2ffd886a\" data-element_type=\"widget\" data-e-type=\"widget\" data-widget_type=\"text-editor.default\">\n\t\t\t\t<div class=\"elementor-widget-container\">\n\t\t\t\t\t\t\t\t\t<p>Una vez que su implante ha cicatrizado, lo que suele tardar unos meses, la fase de restauraci\u00f3n normalmente requiere una o dos visitas para la colocaci\u00f3n del pilar, la toma de impresiones y la entrega final de la corona o el puente.<\/p>\t\t\t\t\t\t\t\t<\/div>\n\t\t\t\t<\/div>\n\t\t\t\t<\/div>\n\t\t\t\t\t<\/details>\n\t\t\t\t\t\t<details id=\"e-n-accordion-item-1621\" class=\"e-n-accordion-item\" >\n\t\t\t\t<summary class=\"e-n-accordion-item-title\" data-accordion-index=\"2\" tabindex=\"-1\" aria-expanded=\"false\" aria-controls=\"e-n-accordion-item-1621\" >\n\t\t\t\t\t<span class='e-n-accordion-item-title-header'><div class=\"e-n-accordion-item-title-text\"> \u00bfPueden restaurar implantes que fueron colocados por otro dentista? <\/div><\/span>\n\t\t\t\t\t\t\t<span class='e-n-accordion-item-title-icon'>\n\t\t\t<span class='e-opened' ><i aria-hidden=\"true\" class=\"fas fa-minus\"><\/i><\/span>\n\t\t\t<span class='e-closed'><i aria-hidden=\"true\" class=\"fas fa-plus\"><\/i><\/span>\n\t\t<\/span>\n\n\t\t\t\t\t\t<\/summary>\n\t\t\t\t<div data-particle_enable=\"false\" data-particle-mobile-disabled=\"false\" role=\"region\" aria-labelledby=\"e-n-accordion-item-1621\" class=\"elementor-element elementor-element-7bf3f2d8 e-con-full e-flex e-con e-child\" data-id=\"7bf3f2d8\" data-element_type=\"container\" data-e-type=\"container\">\n\t\t\t\t<div class=\"elementor-element elementor-element-6e0e824f elementor-widget elementor-widget-text-editor\" data-id=\"6e0e824f\" data-element_type=\"widget\" data-e-type=\"widget\" data-widget_type=\"text-editor.default\">\n\t\t\t\t<div class=\"elementor-widget-container\">\n\t\t\t\t\t\t\t\t\t<p>S\u00ed. Nuestra cl\u00ednica restaura con frecuencia implantes colocados por especialistas o dentistas anteriores. Siempre y cuando el implante est\u00e9 sano y totalmente integrado, podemos dise\u00f1ar una nueva corona, puente o dentadura postiza para que se adapte a su implante existente.  <\/p>\t\t\t\t\t\t\t\t<\/div>\n\t\t\t\t<\/div>\n\t\t\t\t<\/div>\n\t\t\t\t\t<\/details>\n\t\t\t\t\t\t<details id=\"e-n-accordion-item-1622\" class=\"e-n-accordion-item\" >\n\t\t\t\t<summary class=\"e-n-accordion-item-title\" data-accordion-index=\"3\" tabindex=\"-1\" aria-expanded=\"false\" aria-controls=\"e-n-accordion-item-1622\" >\n\t\t\t\t\t<span class='e-n-accordion-item-title-header'><div class=\"e-n-accordion-item-title-text\"> \u00bfTendr\u00e1 un aspecto natural mi corona de implante dental? <\/div><\/span>\n\t\t\t\t\t\t\t<span class='e-n-accordion-item-title-icon'>\n\t\t\t<span class='e-opened' ><i aria-hidden=\"true\" class=\"fas fa-minus\"><\/i><\/span>\n\t\t\t<span class='e-closed'><i aria-hidden=\"true\" class=\"fas fa-plus\"><\/i><\/span>\n\t\t<\/span>\n\n\t\t\t\t\t\t<\/summary>\n\t\t\t\t<div data-particle_enable=\"false\" data-particle-mobile-disabled=\"false\" role=\"region\" aria-labelledby=\"e-n-accordion-item-1622\" class=\"elementor-element elementor-element-310f1099 e-con-full e-flex e-con e-child\" data-id=\"310f1099\" data-element_type=\"container\" data-e-type=\"container\">\n\t\t\t\t<div class=\"elementor-element elementor-element-7f335b3d elementor-widget__width-inherit elementor-widget elementor-widget-text-editor\" data-id=\"7f335b3d\" data-element_type=\"widget\" data-e-type=\"widget\" data-widget_type=\"text-editor.default\">\n\t\t\t\t<div class=\"elementor-widget-container\">\n\t\t\t\t\t\t\t\t\t<p>Por supuesto. Personalizamos el color, la forma y el tama\u00f1o de su corona o puente de implante para que se integre perfectamente con sus dientes circundantes y obtener un resultado est\u00e9tico y natural. <\/p>\t\t\t\t\t\t\t\t<\/div>\n\t\t\t\t<\/div>\n\t\t\t\t<\/div>\n\t\t\t\t\t<\/details>\n\t\t\t\t\t\t<details id=\"e-n-accordion-item-1623\" class=\"e-n-accordion-item\" >\n\t\t\t\t<summary class=\"e-n-accordion-item-title\" data-accordion-index=\"4\" tabindex=\"-1\" aria-expanded=\"false\" aria-controls=\"e-n-accordion-item-1623\" >\n\t\t\t\t\t<span class='e-n-accordion-item-title-header'><div class=\"e-n-accordion-item-title-text\"> \u00bfQu\u00e9 debo hacer si mi corona de implante se siente floja o da\u00f1ada? <\/div><\/span>\n\t\t\t\t\t\t\t<span class='e-n-accordion-item-title-icon'>\n\t\t\t<span class='e-opened' ><i aria-hidden=\"true\" class=\"fas fa-minus\"><\/i><\/span>\n\t\t\t<span class='e-closed'><i aria-hidden=\"true\" class=\"fas fa-plus\"><\/i><\/span>\n\t\t<\/span>\n\n\t\t\t\t\t\t<\/summary>\n\t\t\t\t<div data-particle_enable=\"false\" data-particle-mobile-disabled=\"false\" role=\"region\" aria-labelledby=\"e-n-accordion-item-1623\" class=\"elementor-element elementor-element-12efda02 e-con-full e-flex e-con e-child\" data-id=\"12efda02\" data-element_type=\"container\" data-e-type=\"container\">\n\t\t\t\t<div class=\"elementor-element elementor-element-5967a08b elementor-widget__width-inherit elementor-widget elementor-widget-text-editor\" data-id=\"5967a08b\" data-element_type=\"widget\" data-e-type=\"widget\" data-widget_type=\"text-editor.default\">\n\t\t\t\t<div class=\"elementor-widget-container\">\n\t\t\t\t\t\t\t\t\t<p>P\u00f3ngase en contacto con nuestra cl\u00ednica de inmediato. Las restauraciones de implantes flojas o da\u00f1adas generalmente se pueden reparar o reemplazar sin afectar al propio poste del implante, pero la atenci\u00f3n temprana previene problemas mayores. <\/p>\t\t\t\t\t\t\t\t<\/div>\n\t\t\t\t<\/div>\n\t\t\t\t<\/div>\n\t\t\t\t\t<\/details>\n\t\t\t\t\t\t<details id=\"e-n-accordion-item-1624\" class=\"e-n-accordion-item\" >\n\t\t\t\t<summary class=\"e-n-accordion-item-title\" data-accordion-index=\"5\" tabindex=\"-1\" aria-expanded=\"false\" aria-controls=\"e-n-accordion-item-1624\" >\n\t\t\t\t\t<span class='e-n-accordion-item-title-header'><div class=\"e-n-accordion-item-title-text\"> \u00bfC\u00f3mo debo cuidar mi restauraci\u00f3n de implante dental? <\/div><\/span>\n\t\t\t\t\t\t\t<span class='e-n-accordion-item-title-icon'>\n\t\t\t<span class='e-opened' ><i aria-hidden=\"true\" class=\"fas fa-minus\"><\/i><\/span>\n\t\t\t<span class='e-closed'><i aria-hidden=\"true\" class=\"fas fa-plus\"><\/i><\/span>\n\t\t<\/span>\n\n\t\t\t\t\t\t<\/summary>\n\t\t\t\t<div data-particle_enable=\"false\" data-particle-mobile-disabled=\"false\" role=\"region\" aria-labelledby=\"e-n-accordion-item-1624\" class=\"elementor-element elementor-element-5843e59f e-con-full e-flex e-con e-child\" data-id=\"5843e59f\" data-element_type=\"container\" data-e-type=\"container\">\n\t\t\t\t<div class=\"elementor-element elementor-element-4240e83e elementor-widget__width-inherit elementor-widget elementor-widget-text-editor\" data-id=\"4240e83e\" data-element_type=\"widget\" data-e-type=\"widget\" data-widget_type=\"text-editor.default\">\n\t\t\t\t<div class=\"elementor-widget-container\">\n\t\t\t\t\t\t\t\t\t<p>Es fundamental cepillarse los dientes, usar hilo dental y realizarse limpiezas de rutina a diario. Las coronas y los puentes de implantes no se deterioran, pero las enc\u00edas circundantes deben mantenerse sanas para garantizar el \u00e9xito a largo plazo. <\/p>\t\t\t\t\t\t\t\t<\/div>\n\t\t\t\t<\/div>\n\t\t\t\t<\/div>\n\t\t\t\t\t<\/details>\n\t\t\t\t\t<\/div>\n\t\t\t\t\t<script type=\"application\/ld+json\">{\"@context\":\"https:\\\/\\\/schema.org\",\"@type\":\"FAQPage\",\"mainEntity\":[{\"@type\":\"Question\",\"name\":\"\\u00bfCu\\u00e1nto tiempo dura el proceso de restauraci\\u00f3n del implante dental?\",\"acceptedAnswer\":{\"@type\":\"Answer\",\"text\":\"Una vez que su implante ha cicatrizado, lo que suele tardar unos meses, la fase de restauraci\\u00f3n normalmente requiere una o dos visitas para la colocaci\\u00f3n del pilar, la toma de impresiones y la entrega final de la corona o el puente.\"}},{\"@type\":\"Question\",\"name\":\"\\u00bfPueden restaurar implantes que fueron colocados por otro dentista?\",\"acceptedAnswer\":{\"@type\":\"Answer\",\"text\":\"S\\u00ed. Nuestra cl\\u00ednica restaura con frecuencia implantes colocados por especialistas o dentistas anteriores. Siempre y cuando el implante est\\u00e9 sano y totalmente integrado, podemos dise\\u00f1ar una nueva corona, puente o dentadura postiza para que se adapte a su implante existente.\"}},{\"@type\":\"Question\",\"name\":\"\\u00bfTendr\\u00e1 un aspecto natural mi corona de implante dental?\",\"acceptedAnswer\":{\"@type\":\"Answer\",\"text\":\"Por supuesto. Personalizamos el color, la forma y el tama\\u00f1o de su corona o puente de implante para que se integre perfectamente con sus dientes circundantes y obtener un resultado est\\u00e9tico y natural.\"}},{\"@type\":\"Question\",\"name\":\"\\u00bfQu\\u00e9 debo hacer si mi corona de implante se siente floja o da\\u00f1ada?\",\"acceptedAnswer\":{\"@type\":\"Answer\",\"text\":\"P\\u00f3ngase en contacto con nuestra cl\\u00ednica de inmediato. Las restauraciones de implantes flojas o da\\u00f1adas generalmente se pueden reparar o reemplazar sin afectar al propio poste del implante, pero la atenci\\u00f3n temprana previene problemas mayores.\"}},{\"@type\":\"Question\",\"name\":\"\\u00bfC\\u00f3mo debo cuidar mi restauraci\\u00f3n de implante dental?\",\"acceptedAnswer\":{\"@type\":\"Answer\",\"text\":\"Es fundamental cepillarse los dientes, usar hilo dental y realizarse limpiezas de rutina a diario. Las coronas y los puentes de implantes no se deterioran, pero las enc\\u00edas circundantes deben mantenerse sanas para garantizar el \\u00e9xito a largo plazo.\"}}]}<\/script>\n\t\t\t\t\t\t\t<\/div>\n\t\t\t\t<\/div>\n\t\t\t\t\t<\/div>\n\t\t\t\t<\/div>\n\t\t\t\t<\/div>\n\t\t","protected":false},"excerpt":{"rendered":"<p>Restauraciones de implantes dentales Los implantes dentales ofrecen una soluci\u00f3n duradera para reemplazar los dientes perdidos, lo que ayuda a los pacientes a recuperar la capacidad de comer, hablar y sonre\u00edr con confianza. Dise\u00f1ados para verse y sentirse como sus dientes naturales, los implantes tambi\u00e9n apoyan la salud del hueso maxilar al prevenir la p\u00e9rdida \u00f3sea que a [&hellip;]<\/p>\n","protected":false},"author":2,"featured_media":0,"parent":0,"menu_order":30,"comment_status":"open","ping_status":"closed","template":"","meta":{"_seopress_robots_primary_cat":"","_seopress_titles_title":"Implantes dentales Orlando FL | Pristine Smiles","_seopress_titles_desc":"Las restauraciones de implantes dentales reemplazan los dientes perdidos con coronas, puentes o dentaduras postizas duraderas y de aspecto natural, restaurando la funci\u00f3n, la comodidad y la confianza.","_seopress_robots_index":"","footnotes":""},"class_list":["post-5566","page","type-page","status-publish"],"_links":{"self":[{"href":"https:\/\/pristinesmilesorlando.com\/es\/wp-json\/wp\/v2\/pages\/5566","targetHints":{"allow":["GET"]}}],"collection":[{"href":"https:\/\/pristinesmilesorlando.com\/es\/wp-json\/wp\/v2\/pages"}],"about":[{"href":"https:\/\/pristinesmilesorlando.com\/es\/wp-json\/wp\/v2\/types\/page"}],"author":[{"embeddable":true,"href":"https:\/\/pristinesmilesorlando.com\/es\/wp-json\/wp\/v2\/users\/2"}],"replies":[{"embeddable":true,"href":"https:\/\/pristinesmilesorlando.com\/es\/wp-json\/wp\/v2\/comments?post=5566"}],"version-history":[{"count":6,"href":"https:\/\/pristinesmilesorlando.com\/es\/wp-json\/wp\/v2\/pages\/5566\/revisions"}],"predecessor-version":[{"id":7136,"href":"https:\/\/pristinesmilesorlando.com\/es\/wp-json\/wp\/v2\/pages\/5566\/revisions\/7136"}],"wp:attachment":[{"href":"https:\/\/pristinesmilesorlando.com\/es\/wp-json\/wp\/v2\/media?parent=5566"}],"curies":[{"name":"wp","href":"https:\/\/api.w.org\/{rel}","templated":true}]}}