{"id":5567,"date":"2022-11-17T20:30:58","date_gmt":"2022-11-17T20:30:58","guid":{"rendered":"https:\/\/pristinesmilesorlando.com\/financiacion-sencilla\/"},"modified":"2026-01-26T00:28:30","modified_gmt":"2026-01-26T00:28:30","slug":"financiacion-sencilla","status":"publish","type":"page","link":"https:\/\/pristinesmilesorlando.com\/es\/financiacion-sencilla\/","title":{"rendered":"Financiaci\u00f3n sencilla"},"content":{"rendered":"\t\t<div data-elementor-type=\"wp-page\" data-elementor-id=\"5567\" class=\"elementor elementor-5567 elementor-3361\" data-elementor-post-type=\"page\">\n\t\t\t\t<div data-particle_enable=\"false\" data-particle-mobile-disabled=\"false\" class=\"elementor-element elementor-element-abd19b9 e-flex e-con-boxed e-con e-parent\" data-id=\"abd19b9\" data-element_type=\"container\" data-e-type=\"container\">\n\t\t\t\t\t<div class=\"e-con-inner\">\n\t\t\t\t<div class=\"elementor-element elementor-element-9d80554 elementor-widget elementor-widget-heading\" data-id=\"9d80554\" data-element_type=\"widget\" data-e-type=\"widget\" data-widget_type=\"heading.default\">\n\t\t\t\t<div class=\"elementor-widget-container\">\n\t\t\t\t\t<h1 class=\"elementor-heading-title elementor-size-default\">Informaci\u00f3n financiera y de seguros<\/h1>\t\t\t\t<\/div>\n\t\t\t\t<\/div>\n\t\t\t\t\t<\/div>\n\t\t\t\t<\/div>\n\t\t<div data-particle_enable=\"false\" data-particle-mobile-disabled=\"false\" class=\"elementor-element elementor-element-1dd2f6e e-flex e-con-boxed e-con e-parent\" data-id=\"1dd2f6e\" data-element_type=\"container\" data-e-type=\"container\">\n\t\t\t\t\t<div class=\"e-con-inner\">\n\t\t\t\t<div class=\"elementor-element elementor-element-7316849 elementor-widget elementor-widget-text-editor\" data-id=\"7316849\" data-element_type=\"widget\" data-e-type=\"widget\" data-widget_type=\"text-editor.default\">\n\t\t\t\t<div class=\"elementor-widget-container\">\n\t\t\t\t\t\t\t\t\t<p data-start=\"335\" data-end=\"623\">En Pristine Smiles, creemos que todo el mundo merece tener acceso a una atenci\u00f3n dental de alta calidad, sin el estr\u00e9s de facturaciones confusas o gastos inesperados. Por eso, ofrecemos opciones de pago flexibles y colaboramos estrechamente con usted para que su tratamiento dental sea manejable y sin estr\u00e9s. <\/p><p data-start=\"625\" data-end=\"802\">Nuestro equipo de recepci\u00f3n est\u00e1 aqu\u00ed para guiarte a trav\u00e9s de tus opciones y garantizarte una experiencia fluida de principio a fin.<\/p>\t\t\t\t\t\t\t\t<\/div>\n\t\t\t\t<\/div>\n\t\t\t\t\t<\/div>\n\t\t\t\t<\/div>\n\t\t<div data-particle_enable=\"false\" data-particle-mobile-disabled=\"false\" class=\"elementor-element elementor-element-ad4827f e-flex e-con-boxed e-con e-parent\" data-id=\"ad4827f\" data-element_type=\"container\" data-e-type=\"container\">\n\t\t\t\t\t<div class=\"e-con-inner\">\n\t\t<div data-particle_enable=\"false\" data-particle-mobile-disabled=\"false\" class=\"elementor-element elementor-element-40a3ea3 e-con-full e-flex e-con e-child\" data-id=\"40a3ea3\" data-element_type=\"container\" data-e-type=\"container\">\n\t\t\t\t<div class=\"elementor-element elementor-element-b0300eb elementor-widget__width-initial elementor-widget elementor-widget-text-editor\" data-id=\"b0300eb\" data-element_type=\"widget\" data-e-type=\"widget\" data-widget_type=\"text-editor.default\">\n\t\t\t\t<div class=\"elementor-widget-container\">\n\t\t\t\t\t\t\t\t\t<h2 data-start=\"809\" data-end=\"841\">Opciones de pago dental f\u00e1ciles y c\u00f3modas<\/h2><p data-start=\"843\" data-end=\"920\">Aceptamos m\u00faltiples formas de pago para que tu visita sea sencilla y asequible:<\/p><ul><li data-start=\"924\" data-end=\"942\">Efectivo o cheque<\/li><li data-start=\"945\" data-end=\"1015\">Tarjetas de cr\u00e9dito principales (Visa, MasterCard, American Express, Discover) <\/li><li data-start=\"1018\" data-end=\"1036\">Tarjetas HSA\/FSA<\/li><li data-start=\"1039\" data-end=\"1138\">Cherry: una empresa de planes de pago para gastos de bolsillo con altos importes de aprobaci\u00f3n, solicitud r\u00e1pida y sencilla, econ\u00f3mica y sin verificaci\u00f3n de cr\u00e9dito exhaustiva. <span style=\"background-color: transparent; text-align: var(--text-align); color: var( --e-global-color-text );\">M\u00e1s informaci\u00f3n sobre <\/span><a style=\"text-align: var(--text-align);\" href=\"https:\/\/withcherry.com\/consumers\" target=\"_blank\" rel=\"noopener\">Cherry<\/a><span style=\"background-color: transparent; text-align: var(--text-align); color: var( --e-global-color-text );\">.<\/span><\/li><li data-start=\"1141\" data-end=\"1204\">Hay opciones de planes de pago disponibles. \u00a1Cons\u00faltanos para obtener m\u00e1s informaci\u00f3n!<\/li><\/ul><p data-start=\"1206\" data-end=\"1316\">Nuestro equipo estar\u00e1 encantado de explicarte estas opciones y ayudarte a encontrar la que mejor se adapte a tu familia.<\/p>\t\t\t\t\t\t\t\t<\/div>\n\t\t\t\t<\/div>\n\t\t\t\t<\/div>\n\t\t<div data-particle_enable=\"false\" data-particle-mobile-disabled=\"false\" class=\"elementor-element elementor-element-90502c0 e-con-full e-flex e-con e-child\" data-id=\"90502c0\" data-element_type=\"container\" data-e-type=\"container\">\n\t\t\t\t<div class=\"elementor-element elementor-element-ef92baa elementor-widget elementor-widget-image\" data-id=\"ef92baa\" data-element_type=\"widget\" data-e-type=\"widget\" data-widget_type=\"image.default\">\n\t\t\t\t<div class=\"elementor-widget-container\">\n\t\t\t\t\t\t\t\t\t\t\t\t\t\t\t<img fetchpriority=\"high\" decoding=\"async\" width=\"800\" height=\"800\" src=\"https:\/\/pristinesmilesorlando.com\/wp-content\/uploads\/2025\/10\/6872569d93dde2a217d7260d_dental-high-approval-30-1024x1024.png\" class=\"attachment-large size-large wp-image-5568\" alt=\"Dentistry Financing Pristine Smiles in Orlando, FL\" srcset=\"https:\/\/pristinesmilesorlando.com\/wp-content\/uploads\/2025\/10\/6872569d93dde2a217d7260d_dental-high-approval-30-1024x1024.png 1024w, https:\/\/pristinesmilesorlando.com\/wp-content\/uploads\/2025\/10\/6872569d93dde2a217d7260d_dental-high-approval-30-300x300.png 300w, https:\/\/pristinesmilesorlando.com\/wp-content\/uploads\/2025\/10\/6872569d93dde2a217d7260d_dental-high-approval-30-150x150.png 150w, https:\/\/pristinesmilesorlando.com\/wp-content\/uploads\/2025\/10\/6872569d93dde2a217d7260d_dental-high-approval-30-768x768.png 768w, https:\/\/pristinesmilesorlando.com\/wp-content\/uploads\/2025\/10\/6872569d93dde2a217d7260d_dental-high-approval-30.png 1080w\" sizes=\"(max-width: 800px) 100vw, 800px\" \/>\t\t\t\t\t\t\t\t\t\t\t\t\t\t\t<\/div>\n\t\t\t\t<\/div>\n\t\t\t\t<\/div>\n\t\t\t\t\t<\/div>\n\t\t\t\t<\/div>\n\t\t<div data-particle_enable=\"false\" data-particle-mobile-disabled=\"false\" class=\"elementor-element elementor-element-11d8fbd e-flex e-con-boxed e-con e-parent\" data-id=\"11d8fbd\" data-element_type=\"container\" data-e-type=\"container\">\n\t\t\t\t\t<div class=\"e-con-inner\">\n\t\t\t\t<div class=\"elementor-element elementor-element-cc2b18a elementor-widget elementor-widget-text-editor\" data-id=\"cc2b18a\" data-element_type=\"widget\" data-e-type=\"widget\" data-widget_type=\"text-editor.default\">\n\t\t\t\t<div class=\"elementor-widget-container\">\n\t\t\t\t\t\t\t\t\t<h2 data-start=\"1323\" data-end=\"1380\">Como proveedor dental PPO fuera de la red, \u00bfqu\u00e9 significa esto para usted?<\/h2><p>Como proveedor dental PPO fuera de la red, \u00bfqu\u00e9 significa esto para ti?<\/p><ul><li data-start=\"1689\" data-end=\"1747\">Con un plan PPO, puedes elegir a tu proveedor dental<\/li><li data-start=\"1689\" data-end=\"1747\">No aceptamos planes DHMO ni Medicaid\/Medicare<\/li><li data-start=\"1689\" data-end=\"1747\">Podemos proporcionar una atenci\u00f3n dental individualizada y de alta calidad sin que las compa\u00f1\u00edas de seguros influyan en el diagn\u00f3stico o el tratamiento<\/li><li>Podemos comprobar tu cobertura de beneficios fuera de la red por ti; para saber la cantidad exacta, tendr\u00e1s que llamar a tu proveedor de seguros.<\/li><li>Usted paga por adelantado el tratamiento proporcionado ese d\u00eda y, a continuaci\u00f3n, nosotros presentamos la reclamaci\u00f3n a su seguro en su nombre.<\/li><\/ul>\t\t\t\t\t\t\t\t<\/div>\n\t\t\t\t<\/div>\n\t\t\t\t\t<\/div>\n\t\t\t\t<\/div>\n\t\t\t\t<section data-particle_enable=\"false\" data-particle-mobile-disabled=\"false\" class=\"elementor-section elementor-top-section elementor-element elementor-element-e09374b elementor-section-boxed elementor-section-height-default elementor-section-height-default\" data-id=\"e09374b\" data-element_type=\"section\" data-e-type=\"section\">\n\t\t\t\t\t\t<div class=\"elementor-container elementor-column-gap-default\">\n\t\t\t\t\t<div class=\"elementor-column elementor-col-100 elementor-top-column elementor-element elementor-element-c532232\" data-id=\"c532232\" data-element_type=\"column\" data-e-type=\"column\">\n\t\t\t<div class=\"elementor-widget-wrap elementor-element-populated\">\n\t\t\t\t\t\t<div class=\"elementor-element elementor-element-355d08c elementor-widget elementor-widget-text-editor\" data-id=\"355d08c\" data-element_type=\"widget\" data-e-type=\"widget\" data-widget_type=\"text-editor.default\">\n\t\t\t\t<div class=\"elementor-widget-container\">\n\t\t\t\t\t\t\t\t\t<h2 data-start=\"1323\" data-end=\"1380\">\u00bfCu\u00e1l es su proceso de reembolso del seguro?<\/h2><p data-start=\"1382\" data-end=\"1601\">Aunque estamos fuera de la red con cualquier plan de seguro dental, con gusto presentamos reclamaciones en tu nombre siempre y cuando tengas un seguro PPO para que tu compa\u00f1\u00eda de seguros pueda reembolsarte directamente. Esto significa que usted recibir\u00e1 el cheque en un plazo de 14 d\u00edas h\u00e1biles, no nosotros. Ten en cuenta que el importe de tu reembolso se basa en tu plan de p\u00f3liza de seguro dental actual. <\/p><p data-start=\"1603\" data-end=\"1622\">  Para ayudarte, nosotros:<\/p><ul><li data-start=\"1626\" data-end=\"1686\">Presentamos tus reclamaciones electr\u00f3nicamente para una tramitaci\u00f3n m\u00e1s r\u00e1pida<\/li><li data-start=\"1689\" data-end=\"1747\">Proporcionamos documentaci\u00f3n detallada para maximizar tu reembolso<\/li><li data-start=\"1750\" data-end=\"1804\">Te ayudamos a entender qu\u00e9 esperar de tu plan<\/li><\/ul><p data-start=\"1806\" data-end=\"1913\">Por favor, traiga su informaci\u00f3n actual del seguro junto con un documento de identificaci\u00f3n con foto a su primera cita, y nosotros nos encargaremos del resto.<\/p><h2 data-start=\"1920\" data-end=\"1961\">\u00bfTienes preguntas sobre el pago o el seguro?<\/h2><p data-start=\"1963\" data-end=\"2101\">Estamos aqu\u00ed para ayudarle en cada paso del camino. <a href=\"https:\/\/pristinesmilesorlando.com\/es\/oficina-de-orlando\/\">P\u00f3ngase en contacto con nosotros<\/a> hoy mismo y perm\u00edtanos ayudarle a encontrar la mejor soluci\u00f3n de pago para sus necesidades de atenci\u00f3n dental. <\/p>\t\t\t\t\t\t\t\t<\/div>\n\t\t\t\t<\/div>\n\t\t\t\t\t<\/div>\n\t\t<\/div>\n\t\t\t\t\t<\/div>\n\t\t<\/section>\n\t\t<div data-particle_enable=\"false\" data-particle-mobile-disabled=\"false\" class=\"elementor-element elementor-element-5d684d6f e-flex e-con-boxed e-con e-child\" data-id=\"5d684d6f\" data-element_type=\"container\" data-e-type=\"container\">\n\t\t\t\t\t<div class=\"e-con-inner\">\n\t\t\t\t<div class=\"elementor-element elementor-element-6b0187e3 elementor-widget elementor-widget-heading\" data-id=\"6b0187e3\" data-element_type=\"widget\" data-e-type=\"widget\" data-widget_type=\"heading.default\">\n\t\t\t\t<div class=\"elementor-widget-container\">\n\t\t\t\t\t<h2 class=\"elementor-heading-title elementor-size-default\">Preguntas frecuentes<\/h2>\t\t\t\t<\/div>\n\t\t\t\t<\/div>\n\t\t\t\t<div class=\"elementor-element elementor-element-23fb63b6 elementor-widget__width-inherit elementor-widget elementor-widget-text-editor\" data-id=\"23fb63b6\" data-element_type=\"widget\" data-e-type=\"widget\" data-widget_type=\"text-editor.default\">\n\t\t\t\t<div class=\"elementor-widget-container\">\n\t\t\t\t\t\t\t\t\t<p data-start=\"320\" data-end=\"524\">Entender los pagos dentales y los seguros puede resultar confuso, por lo que hemos respondido a las preguntas m\u00e1s frecuentes de nuestros pacientes. Esta gu\u00eda r\u00e1pida le ayudar\u00e1 a sentirse informado y preparado. <\/p>\t\t\t\t\t\t\t\t<\/div>\n\t\t\t\t<\/div>\n\t\t\t\t<div class=\"elementor-element elementor-element-7c29f080 elementor-widget elementor-widget-n-accordion\" data-id=\"7c29f080\" data-element_type=\"widget\" data-e-type=\"widget\" data-settings=\"{&quot;default_state&quot;:&quot;expanded&quot;,&quot;max_items_expended&quot;:&quot;one&quot;,&quot;n_accordion_animation_duration&quot;:{&quot;unit&quot;:&quot;ms&quot;,&quot;size&quot;:400,&quot;sizes&quot;:[]}}\" data-widget_type=\"nested-accordion.default\">\n\t\t\t\t<div class=\"elementor-widget-container\">\n\t\t\t\t\t\t\t<div class=\"e-n-accordion\" aria-label=\"Accordion. Open links with Enter or Space, close with Escape, and navigate with Arrow Keys\">\n\t\t\t\t\t\t<details id=\"e-n-accordion-item-2080\" class=\"e-n-accordion-item\" open>\n\t\t\t\t<summary class=\"e-n-accordion-item-title\" data-accordion-index=\"1\" tabindex=\"0\" aria-expanded=\"true\" aria-controls=\"e-n-accordion-item-2080\" >\n\t\t\t\t\t<span class='e-n-accordion-item-title-header'><div class=\"e-n-accordion-item-title-text\"> \u00bfQu\u00e9 m\u00e9todos de pago aceptan en su cl\u00ednica dental de Orlando? <\/div><\/span>\n\t\t\t\t\t\t\t<span class='e-n-accordion-item-title-icon'>\n\t\t\t<span class='e-opened' ><i aria-hidden=\"true\" class=\"fas fa-minus\"><\/i><\/span>\n\t\t\t<span class='e-closed'><i aria-hidden=\"true\" class=\"fas fa-plus\"><\/i><\/span>\n\t\t<\/span>\n\n\t\t\t\t\t\t<\/summary>\n\t\t\t\t<div data-particle_enable=\"false\" data-particle-mobile-disabled=\"false\" role=\"region\" aria-labelledby=\"e-n-accordion-item-2080\" class=\"elementor-element elementor-element-587f2a5a e-con-full e-flex e-con e-child\" data-id=\"587f2a5a\" data-element_type=\"container\" data-e-type=\"container\">\n\t\t\t\t<div class=\"elementor-element elementor-element-251ac0cd elementor-widget__width-inherit elementor-widget elementor-widget-text-editor\" data-id=\"251ac0cd\" data-element_type=\"widget\" data-e-type=\"widget\" data-widget_type=\"text-editor.default\">\n\t\t\t\t<div class=\"elementor-widget-container\">\n\t\t\t\t\t\t\t\t\t<p>Ofrecemos opciones de pago sencillas y flexibles, como tarjetas de cr\u00e9dito, tarjetas HSA\/FSA, efectivo y planes de pago de Cherry. Nuestro objetivo es que la gesti\u00f3n de la atenci\u00f3n dental sea sencilla y sin estr\u00e9s para todos los pacientes. <\/p>\t\t\t\t\t\t\t\t<\/div>\n\t\t\t\t<\/div>\n\t\t\t\t<\/div>\n\t\t\t\t\t<\/details>\n\t\t\t\t\t\t<details id=\"e-n-accordion-item-2081\" class=\"e-n-accordion-item\" >\n\t\t\t\t<summary class=\"e-n-accordion-item-title\" data-accordion-index=\"2\" tabindex=\"-1\" aria-expanded=\"false\" aria-controls=\"e-n-accordion-item-2081\" >\n\t\t\t\t\t<span class='e-n-accordion-item-title-header'><div class=\"e-n-accordion-item-title-text\"> \u00bfC\u00f3mo funcionan los planes de pago de Cherry para tratamientos dentales? <\/div><\/span>\n\t\t\t\t\t\t\t<span class='e-n-accordion-item-title-icon'>\n\t\t\t<span class='e-opened' ><i aria-hidden=\"true\" class=\"fas fa-minus\"><\/i><\/span>\n\t\t\t<span class='e-closed'><i aria-hidden=\"true\" class=\"fas fa-plus\"><\/i><\/span>\n\t\t<\/span>\n\n\t\t\t\t\t\t<\/summary>\n\t\t\t\t<div data-particle_enable=\"false\" data-particle-mobile-disabled=\"false\" role=\"region\" aria-labelledby=\"e-n-accordion-item-2081\" class=\"elementor-element elementor-element-64d2ef08 e-con-full e-flex e-con e-child\" data-id=\"64d2ef08\" data-element_type=\"container\" data-e-type=\"container\">\n\t\t\t\t<div class=\"elementor-element elementor-element-4cd254ae elementor-widget elementor-widget-text-editor\" data-id=\"4cd254ae\" data-element_type=\"widget\" data-e-type=\"widget\" data-widget_type=\"text-editor.default\">\n\t\t\t\t<div class=\"elementor-widget-container\">\n\t\t\t\t\t\t\t\t\t<p>Cherry ofrece una solicitud r\u00e1pida sin verificaci\u00f3n estricta de cr\u00e9dito, importes de aprobaci\u00f3n elevados y pagos mensuales asequibles. Es una opci\u00f3n c\u00f3moda para los pacientes que desean repartir el coste de su atenci\u00f3n dental. <\/p>\t\t\t\t\t\t\t\t<\/div>\n\t\t\t\t<\/div>\n\t\t\t\t<\/div>\n\t\t\t\t\t<\/details>\n\t\t\t\t\t\t<details id=\"e-n-accordion-item-2082\" class=\"e-n-accordion-item\" >\n\t\t\t\t<summary class=\"e-n-accordion-item-title\" data-accordion-index=\"3\" tabindex=\"-1\" aria-expanded=\"false\" aria-controls=\"e-n-accordion-item-2082\" >\n\t\t\t\t\t<span class='e-n-accordion-item-title-header'><div class=\"e-n-accordion-item-title-text\"> \u00bfPuedo seguir acudiendo a su consulta si mi seguro ha cambiado? <\/div><\/span>\n\t\t\t\t\t\t\t<span class='e-n-accordion-item-title-icon'>\n\t\t\t<span class='e-opened' ><i aria-hidden=\"true\" class=\"fas fa-minus\"><\/i><\/span>\n\t\t\t<span class='e-closed'><i aria-hidden=\"true\" class=\"fas fa-plus\"><\/i><\/span>\n\t\t<\/span>\n\n\t\t\t\t\t\t<\/summary>\n\t\t\t\t<div data-particle_enable=\"false\" data-particle-mobile-disabled=\"false\" role=\"region\" aria-labelledby=\"e-n-accordion-item-2082\" class=\"elementor-element elementor-element-2501df3c e-con-full e-flex e-con e-child\" data-id=\"2501df3c\" data-element_type=\"container\" data-e-type=\"container\">\n\t\t\t\t<div class=\"elementor-element elementor-element-1e5353f1 elementor-widget__width-inherit elementor-widget elementor-widget-text-editor\" data-id=\"1e5353f1\" data-element_type=\"widget\" data-e-type=\"widget\" data-widget_type=\"text-editor.default\">\n\t\t\t\t<div class=\"elementor-widget-container\">\n\t\t\t\t\t\t\t\t\t<p>S\u00ed. Incluso si su plan cambia, podemos verificar si todav\u00eda tiene cobertura PPO fuera de la red. Siempre tendr\u00e1 la libertad de elegir nuestra consulta para su atenci\u00f3n.  <\/p>\t\t\t\t\t\t\t\t<\/div>\n\t\t\t\t<\/div>\n\t\t\t\t<\/div>\n\t\t\t\t\t<\/details>\n\t\t\t\t\t\t<details id=\"e-n-accordion-item-2083\" class=\"e-n-accordion-item\" >\n\t\t\t\t<summary class=\"e-n-accordion-item-title\" data-accordion-index=\"4\" tabindex=\"-1\" aria-expanded=\"false\" aria-controls=\"e-n-accordion-item-2083\" >\n\t\t\t\t\t<span class='e-n-accordion-item-title-header'><div class=\"e-n-accordion-item-title-text\"> \u00bfQu\u00e9 ocurre si no estoy seguro de cu\u00e1nto me reembolsar\u00e1 mi seguro? <\/div><\/span>\n\t\t\t\t\t\t\t<span class='e-n-accordion-item-title-icon'>\n\t\t\t<span class='e-opened' ><i aria-hidden=\"true\" class=\"fas fa-minus\"><\/i><\/span>\n\t\t\t<span class='e-closed'><i aria-hidden=\"true\" class=\"fas fa-plus\"><\/i><\/span>\n\t\t<\/span>\n\n\t\t\t\t\t\t<\/summary>\n\t\t\t\t<div data-particle_enable=\"false\" data-particle-mobile-disabled=\"false\" role=\"region\" aria-labelledby=\"e-n-accordion-item-2083\" class=\"elementor-element elementor-element-1a25f216 e-con-full e-flex e-con e-child\" data-id=\"1a25f216\" data-element_type=\"container\" data-e-type=\"container\">\n\t\t\t\t<div class=\"elementor-element elementor-element-5e5e9f2a elementor-widget__width-inherit elementor-widget elementor-widget-text-editor\" data-id=\"5e5e9f2a\" data-element_type=\"widget\" data-e-type=\"widget\" data-widget_type=\"text-editor.default\">\n\t\t\t\t<div class=\"elementor-widget-container\">\n\t\t\t\t\t\t\t\t\t<p data-start=\"2509\" data-end=\"2771\">Nuestro equipo comprueba sus beneficios fuera de la red y le ayuda a comprender las expectativas generales. Para conocer los importes exactos del reembolso, su proveedor de seguros puede proporcionarle la informaci\u00f3n m\u00e1s precisa. <\/p>\t\t\t\t\t\t\t\t<\/div>\n\t\t\t\t<\/div>\n\t\t\t\t<\/div>\n\t\t\t\t\t<\/details>\n\t\t\t\t\t\t<details id=\"e-n-accordion-item-2084\" class=\"e-n-accordion-item\" >\n\t\t\t\t<summary class=\"e-n-accordion-item-title\" data-accordion-index=\"5\" tabindex=\"-1\" aria-expanded=\"false\" aria-controls=\"e-n-accordion-item-2084\" >\n\t\t\t\t\t<span class='e-n-accordion-item-title-header'><div class=\"e-n-accordion-item-title-text\"> \u00bfAyudan a los pacientes a estimar sus costes dentales antes del tratamiento? <\/div><\/span>\n\t\t\t\t\t\t\t<span class='e-n-accordion-item-title-icon'>\n\t\t\t<span class='e-opened' ><i aria-hidden=\"true\" class=\"fas fa-minus\"><\/i><\/span>\n\t\t\t<span class='e-closed'><i aria-hidden=\"true\" class=\"fas fa-plus\"><\/i><\/span>\n\t\t<\/span>\n\n\t\t\t\t\t\t<\/summary>\n\t\t\t\t<div data-particle_enable=\"false\" data-particle-mobile-disabled=\"false\" role=\"region\" aria-labelledby=\"e-n-accordion-item-2084\" class=\"elementor-element elementor-element-1a195324 e-con-full e-flex e-con e-child\" data-id=\"1a195324\" data-element_type=\"container\" data-e-type=\"container\">\n\t\t\t\t<div class=\"elementor-element elementor-element-62ce1960 elementor-widget__width-inherit elementor-widget elementor-widget-text-editor\" data-id=\"62ce1960\" data-element_type=\"widget\" data-e-type=\"widget\" data-widget_type=\"text-editor.default\">\n\t\t\t\t<div class=\"elementor-widget-container\">\n\t\t\t\t\t\t\t\t\t<p>Por supuesto. Revisamos su plan de tratamiento, le proporcionamos un desglose claro de los costes y le explicamos su potencial de reembolso. La transparencia forma parte de la prestaci\u00f3n de una experiencia financiera sin estr\u00e9s.  <\/p>\t\t\t\t\t\t\t\t<\/div>\n\t\t\t\t<\/div>\n\t\t\t\t<\/div>\n\t\t\t\t\t<\/details>\n\t\t\t\t\t<\/div>\n\t\t\t\t\t<script type=\"application\/ld+json\">{\"@context\":\"https:\\\/\\\/schema.org\",\"@type\":\"FAQPage\",\"mainEntity\":[{\"@type\":\"Question\",\"name\":\"\\u00bfQu\\u00e9 m\\u00e9todos de pago aceptan en su cl\\u00ednica dental de Orlando?\",\"acceptedAnswer\":{\"@type\":\"Answer\",\"text\":\"Ofrecemos opciones de pago sencillas y flexibles, como tarjetas de cr\\u00e9dito, tarjetas HSA\\\/FSA, efectivo y planes de pago de Cherry. Nuestro objetivo es que la gesti\\u00f3n de la atenci\\u00f3n dental sea sencilla y sin estr\\u00e9s para todos los pacientes.\"}},{\"@type\":\"Question\",\"name\":\"\\u00bfC\\u00f3mo funcionan los planes de pago de Cherry para tratamientos dentales?\",\"acceptedAnswer\":{\"@type\":\"Answer\",\"text\":\"Cherry ofrece una solicitud r\\u00e1pida sin verificaci\\u00f3n estricta de cr\\u00e9dito, importes de aprobaci\\u00f3n elevados y pagos mensuales asequibles. Es una opci\\u00f3n c\\u00f3moda para los pacientes que desean repartir el coste de su atenci\\u00f3n dental.\"}},{\"@type\":\"Question\",\"name\":\"\\u00bfPuedo seguir acudiendo a su consulta si mi seguro ha cambiado?\",\"acceptedAnswer\":{\"@type\":\"Answer\",\"text\":\"S\\u00ed. Incluso si su plan cambia, podemos verificar si todav\\u00eda tiene cobertura PPO fuera de la red. Siempre tendr\\u00e1 la libertad de elegir nuestra consulta para su atenci\\u00f3n.\"}},{\"@type\":\"Question\",\"name\":\"\\u00bfQu\\u00e9 ocurre si no estoy seguro de cu\\u00e1nto me reembolsar\\u00e1 mi seguro?\",\"acceptedAnswer\":{\"@type\":\"Answer\",\"text\":\"Nuestro equipo comprueba sus beneficios fuera de la red y le ayuda a comprender las expectativas generales. Para conocer los importes exactos del reembolso, su proveedor de seguros puede proporcionarle la informaci\\u00f3n m\\u00e1s precisa.\"}},{\"@type\":\"Question\",\"name\":\"\\u00bfAyudan a los pacientes a estimar sus costes dentales antes del tratamiento?\",\"acceptedAnswer\":{\"@type\":\"Answer\",\"text\":\"Por supuesto. Revisamos su plan de tratamiento, le proporcionamos un desglose claro de los costes y le explicamos su potencial de reembolso. La transparencia forma parte de la prestaci\\u00f3n de una experiencia financiera sin estr\\u00e9s.\"}}]}<\/script>\n\t\t\t\t\t\t\t<\/div>\n\t\t\t\t<\/div>\n\t\t\t\t\t<\/div>\n\t\t\t\t<\/div>\n\t\t\t\t<\/div>\n\t\t","protected":false},"excerpt":{"rendered":"<p>Informaci\u00f3n financiera y de seguros En Pristine Smiles, creemos que todo el mundo merece tener acceso a una atenci\u00f3n dental de alta calidad, sin el estr\u00e9s de facturaciones confusas o gastos inesperados. Por eso, ofrecemos opciones de pago flexibles y colaboramos estrechamente con usted para que su tratamiento dental sea manejable y sin estr\u00e9s. Nuestro equipo de recepci\u00f3n [&hellip;]<\/p>\n","protected":false},"author":2,"featured_media":0,"parent":0,"menu_order":20,"comment_status":"closed","ping_status":"closed","template":"","meta":{"_seopress_robots_primary_cat":"","_seopress_titles_title":"Financiaci\u00f3n dental asequible en Orlando, FL | Pristine Smiles","_seopress_titles_desc":"En Pristine Smiles, la atenci\u00f3n dental asequible es posible gracias a opciones de pago flexibles, asistencia con reclamaciones de seguros y soluciones sin estr\u00e9s para cada paciente.","_seopress_robots_index":"","footnotes":""},"class_list":["post-5567","page","type-page","status-publish"],"_links":{"self":[{"href":"https:\/\/pristinesmilesorlando.com\/es\/wp-json\/wp\/v2\/pages\/5567","targetHints":{"allow":["GET"]}}],"collection":[{"href":"https:\/\/pristinesmilesorlando.com\/es\/wp-json\/wp\/v2\/pages"}],"about":[{"href":"https:\/\/pristinesmilesorlando.com\/es\/wp-json\/wp\/v2\/types\/page"}],"author":[{"embeddable":true,"href":"https:\/\/pristinesmilesorlando.com\/es\/wp-json\/wp\/v2\/users\/2"}],"replies":[{"embeddable":true,"href":"https:\/\/pristinesmilesorlando.com\/es\/wp-json\/wp\/v2\/comments?post=5567"}],"version-history":[{"count":15,"href":"https:\/\/pristinesmilesorlando.com\/es\/wp-json\/wp\/v2\/pages\/5567\/revisions"}],"predecessor-version":[{"id":7255,"href":"https:\/\/pristinesmilesorlando.com\/es\/wp-json\/wp\/v2\/pages\/5567\/revisions\/7255"}],"wp:attachment":[{"href":"https:\/\/pristinesmilesorlando.com\/es\/wp-json\/wp\/v2\/media?parent=5567"}],"curies":[{"name":"wp","href":"https:\/\/api.w.org\/{rel}","templated":true}]}}