{"id":5571,"date":"2025-07-30T00:22:54","date_gmt":"2025-07-30T00:22:54","guid":{"rendered":"https:\/\/pristinesmilesorlando.com\/conoce-a-la-dra-quito\/"},"modified":"2026-01-26T00:28:30","modified_gmt":"2026-01-26T00:28:30","slug":"conoce-a-la-dra-quito","status":"publish","type":"page","link":"https:\/\/pristinesmilesorlando.com\/es\/conoce-a-la-dra-quito\/","title":{"rendered":"Conoce a la Dra. Quito"},"content":{"rendered":"\t\t<div data-elementor-type=\"wp-page\" data-elementor-id=\"5571\" class=\"elementor elementor-5571 elementor-5040\" data-elementor-post-type=\"page\">\n\t\t\t\t<div data-particle_enable=\"false\" data-particle-mobile-disabled=\"false\" class=\"elementor-element elementor-element-209d172 e-flex e-con-boxed e-con e-parent\" data-id=\"209d172\" data-element_type=\"container\" data-e-type=\"container\">\n\t\t\t\t\t<div class=\"e-con-inner\">\n\t\t\t\t<div class=\"elementor-element elementor-element-7143c36 elementor-widget elementor-widget-heading\" data-id=\"7143c36\" data-element_type=\"widget\" data-e-type=\"widget\" data-widget_type=\"heading.default\">\n\t\t\t\t<div class=\"elementor-widget-container\">\n\t\t\t\t\t<h1 class=\"elementor-heading-title elementor-size-default\">Dentista Dra. Priscila Quito en Orlando, FL<\/h1>\t\t\t\t<\/div>\n\t\t\t\t<\/div>\n\t\t\t\t<div class=\"elementor-element elementor-element-85116a3 elementor-widget elementor-widget-text-editor\" data-id=\"85116a3\" data-element_type=\"widget\" data-e-type=\"widget\" data-widget_type=\"text-editor.default\">\n\t\t\t\t<div class=\"elementor-widget-container\">\n\t\t\t\t\t\t\t\t\t<p>La Dra. Priscila Quito naci\u00f3 en Cuenca, Ecuador. Ecuador es un pa\u00eds peque\u00f1o de Sudam\u00e9rica rico en biodiversidad debido a sus cuatro regiones: la cordillera de los Andes, la selva amaz\u00f3nica, la costa del Pac\u00edfico y las Islas Gal\u00e1pagos. Cuando ten\u00eda once a\u00f1os, se mud\u00f3 a Orlando, Florida, donde r\u00e1pidamente tuvo que adaptarse a una nueva cultura mientras aprend\u00eda ingl\u00e9s. Ahora, habla ingl\u00e9s y espa\u00f1ol con fluidez. Es la mayor de cuatro hermanos y, a pesar de los obst\u00e1culos que enfrent\u00f3 para alcanzar el sue\u00f1o americano y convertirse en dentista, nunca se rindi\u00f3 y ahora es due\u00f1a de su propia cl\u00ednica dental en la zona de Windermere.     <\/p>\t\t\t\t\t\t\t\t<\/div>\n\t\t\t\t<\/div>\n\t\t\t\t\t<\/div>\n\t\t\t\t<\/div>\n\t\t<div data-particle_enable=\"false\" data-particle-mobile-disabled=\"false\" class=\"elementor-element elementor-element-462ec13 e-flex e-con-boxed e-con e-parent\" data-id=\"462ec13\" data-element_type=\"container\" data-e-type=\"container\">\n\t\t\t\t\t<div class=\"e-con-inner\">\n\t\t<div data-particle_enable=\"false\" data-particle-mobile-disabled=\"false\" class=\"elementor-element elementor-element-d1680c2 e-con-full e-flex e-con e-child\" data-id=\"d1680c2\" data-element_type=\"container\" data-e-type=\"container\">\n\t\t\t\t<div class=\"elementor-element elementor-element-83e281a elementor-widget elementor-widget-text-editor\" data-id=\"83e281a\" data-element_type=\"widget\" data-e-type=\"widget\" data-widget_type=\"text-editor.default\">\n\t\t\t\t<div class=\"elementor-widget-container\">\n\t\t\t\t\t\t\t\t\t<h2 data-start=\"453\" data-end=\"479\">Educaci\u00f3n y formaci\u00f3n<\/h2><ul><li data-start=\"481\" data-end=\"647\"><p data-start=\"483\" data-end=\"647\">Asisti\u00f3 a la Universidad de Florida Central, gradu\u00e1ndose con <em data-start=\"542\" data-end=\"560\">honores Cum Laude<\/em> con una Licenciatura en Ciencias en Biolog\u00eda y una especializaci\u00f3n secundaria en Administraci\u00f3n de Empresas<\/p><\/li><li data-start=\"648\" data-end=\"737\"><p data-start=\"650\" data-end=\"737\">Asisti\u00f3 a la escuela de medicina dental de la Universidad de Pittsburgh en Pittsburgh, PA<\/p><\/li><li data-start=\"738\" data-end=\"950\"><p data-start=\"740\" data-end=\"871\">Complet\u00f3 una residencia de pr\u00e1ctica general de un a\u00f1o en el NYU Winthrop Hospital en Mineola, NY, donde adquiri\u00f3 competencia en:<\/p><\/li><\/ul><p> \u2013 Extracciones quir\u00fargicas<br> \u2013 Tratamientos de conducto molar<br> \u2013 Pr\u00f3tesis<\/p>\t\t\t\t\t\t\t\t<\/div>\n\t\t\t\t<\/div>\n\t\t\t\t<\/div>\n\t\t<div data-particle_enable=\"false\" data-particle-mobile-disabled=\"false\" class=\"elementor-element elementor-element-d11314b e-con-full e-flex e-con e-child\" data-id=\"d11314b\" data-element_type=\"container\" data-e-type=\"container\">\n\t\t\t\t<div class=\"elementor-element elementor-element-8d56dcb elementor-widget elementor-widget-image\" data-id=\"8d56dcb\" data-element_type=\"widget\" data-e-type=\"widget\" data-widget_type=\"image.default\">\n\t\t\t\t<div class=\"elementor-widget-container\">\n\t\t\t\t\t\t\t\t\t\t\t\t\t\t\t<img fetchpriority=\"high\" decoding=\"async\" width=\"2560\" height=\"1707\" src=\"https:\/\/pristinesmilesorlando.com\/wp-content\/uploads\/2026\/01\/dr.-priscila-quito-pcq1-scaled.jpg\" class=\"attachment-full size-full wp-image-7208\" alt=\"Dr. Priscila Quito at Pristine Smiles in Orlando, FL\" srcset=\"https:\/\/pristinesmilesorlando.com\/wp-content\/uploads\/2026\/01\/dr.-priscila-quito-pcq1-scaled.jpg 2560w, https:\/\/pristinesmilesorlando.com\/wp-content\/uploads\/2026\/01\/dr.-priscila-quito-pcq1-300x200.jpg 300w, https:\/\/pristinesmilesorlando.com\/wp-content\/uploads\/2026\/01\/dr.-priscila-quito-pcq1-1024x683.jpg 1024w, https:\/\/pristinesmilesorlando.com\/wp-content\/uploads\/2026\/01\/dr.-priscila-quito-pcq1-768x512.jpg 768w, https:\/\/pristinesmilesorlando.com\/wp-content\/uploads\/2026\/01\/dr.-priscila-quito-pcq1-1536x1024.jpg 1536w, https:\/\/pristinesmilesorlando.com\/wp-content\/uploads\/2026\/01\/dr.-priscila-quito-pcq1-2048x1365.jpg 2048w\" sizes=\"(max-width: 2560px) 100vw, 2560px\" \/>\t\t\t\t\t\t\t\t\t\t\t\t\t\t\t<\/div>\n\t\t\t\t<\/div>\n\t\t\t\t<\/div>\n\t\t\t\t\t<\/div>\n\t\t\t\t<\/div>\n\t\t<div data-particle_enable=\"false\" data-particle-mobile-disabled=\"false\" class=\"elementor-element elementor-element-6a99ab4 e-flex e-con-boxed e-con e-parent\" data-id=\"6a99ab4\" data-element_type=\"container\" data-e-type=\"container\">\n\t\t\t\t\t<div class=\"e-con-inner\">\n\t\t\t\t<div class=\"elementor-element elementor-element-415823a elementor-widget elementor-widget-text-editor\" data-id=\"415823a\" data-element_type=\"widget\" data-e-type=\"widget\" data-widget_type=\"text-editor.default\">\n\t\t\t\t<div class=\"elementor-widget-container\">\n\t\t\t\t\t\t\t\t\t<p data-start=\"1044\" data-end=\"1073\">La Dra. Quito tiene licencia para ejercer la odontolog\u00eda en los estados de Florida y Nueva York.<\/p><h2 data-start=\"1044\" data-end=\"1073\">Experiencia y filosof\u00eda<\/h2><p data-start=\"1075\" data-end=\"1360\">Como dentista general amable, atenta y apasionada, centrada en la atenci\u00f3n preventiva y de calidad, la Dra. Quito ha estado ejerciendo en el \u00e1rea de Orlando durante cinco a\u00f1os. Es decidida y compasiva, como la dureza del esmalte dental y la sensibilidad de su pulpa. La Dra. Quito contin\u00faa asistiendo a cursos de formaci\u00f3n continua para mantenerse al d\u00eda con la tecnolog\u00eda actual y los avances en las t\u00e9cnicas dentales con el fin de proporcionar la mejor atenci\u00f3n a sus pacientes.  <\/p><h2 data-start=\"1362\" data-end=\"1384\">Fuera de la consulta<\/h2><p data-start=\"1386\" data-end=\"1558\">Cuando no est\u00e1 trabajando, a la Dra. Quito le gusta pasar tiempo con su familia y su perro llamado Rocky. Le gusta probar nuevas cocinas cuando viaja y disfruta viendo f\u00fatbol, especialmente la Premier League. Espera con inter\u00e9s trabajar con usted para cuidar de sus necesidades dentales.  <\/p>\t\t\t\t\t\t\t\t<\/div>\n\t\t\t\t<\/div>\n\t\t\t\t\t<\/div>\n\t\t\t\t<\/div>\n\t\t\t\t<\/div>\n\t\t","protected":false},"excerpt":{"rendered":"<p>Dentista Dra. Priscila Quito en Orlando, FL La Dra. Priscila Quito naci\u00f3 en Cuenca, Ecuador. Ecuador es un pa\u00eds peque\u00f1o de Sudam\u00e9rica rico en biodiversidad debido a sus cuatro regiones: la cordillera de los Andes, la selva amaz\u00f3nica, la costa del Pac\u00edfico y las Islas Gal\u00e1pagos. Cuando ten\u00eda once a\u00f1os, se mud\u00f3 a Orlando, Florida, donde r\u00e1pidamente tuvo [&hellip;]<\/p>\n","protected":false},"author":2,"featured_media":0,"parent":0,"menu_order":13,"comment_status":"closed","ping_status":"closed","template":"","meta":{"_seopress_robots_primary_cat":"","_seopress_titles_title":"Dentista Dra. Priscila Quito Orlando FL | Pristine Smiles","_seopress_titles_desc":"La Dra. Priscila Quito, experta dentista en Orlando, se especializa en extracciones quir\u00fargicas, endodoncias, pr\u00f3tesis, empastes dentales y atenci\u00f3n dental preventiva avanzada.","_seopress_robots_index":"","footnotes":""},"class_list":["post-5571","page","type-page","status-publish"],"_links":{"self":[{"href":"https:\/\/pristinesmilesorlando.com\/es\/wp-json\/wp\/v2\/pages\/5571","targetHints":{"allow":["GET"]}}],"collection":[{"href":"https:\/\/pristinesmilesorlando.com\/es\/wp-json\/wp\/v2\/pages"}],"about":[{"href":"https:\/\/pristinesmilesorlando.com\/es\/wp-json\/wp\/v2\/types\/page"}],"author":[{"embeddable":true,"href":"https:\/\/pristinesmilesorlando.com\/es\/wp-json\/wp\/v2\/users\/2"}],"replies":[{"embeddable":true,"href":"https:\/\/pristinesmilesorlando.com\/es\/wp-json\/wp\/v2\/comments?post=5571"}],"version-history":[{"count":6,"href":"https:\/\/pristinesmilesorlando.com\/es\/wp-json\/wp\/v2\/pages\/5571\/revisions"}],"predecessor-version":[{"id":7254,"href":"https:\/\/pristinesmilesorlando.com\/es\/wp-json\/wp\/v2\/pages\/5571\/revisions\/7254"}],"wp:attachment":[{"href":"https:\/\/pristinesmilesorlando.com\/es\/wp-json\/wp\/v2\/media?parent=5571"}],"curies":[{"name":"wp","href":"https:\/\/api.w.org\/{rel}","templated":true}]}}