{"id":5575,"date":"2025-07-30T00:43:46","date_gmt":"2025-07-30T00:43:46","guid":{"rendered":"https:\/\/pristinesmilesorlando.com\/invisalign\/"},"modified":"2026-03-08T05:05:56","modified_gmt":"2026-03-08T05:05:56","slug":"invisalign","status":"publish","type":"page","link":"https:\/\/pristinesmilesorlando.com\/es\/invisalign\/","title":{"rendered":"Invisalign"},"content":{"rendered":"\t\t<div data-elementor-type=\"wp-page\" data-elementor-id=\"5575\" class=\"elementor elementor-5575 elementor-5075\" data-elementor-post-type=\"page\">\n\t\t\t\t<div data-particle_enable=\"false\" data-particle-mobile-disabled=\"false\" class=\"elementor-element elementor-element-9f1d8c5 e-flex e-con-boxed e-con e-parent\" data-id=\"9f1d8c5\" data-element_type=\"container\" data-e-type=\"container\">\n\t\t\t\t\t<div class=\"e-con-inner\">\n\t\t\t\t<div class=\"elementor-element elementor-element-44408e1 elementor-widget elementor-widget-heading\" data-id=\"44408e1\" data-element_type=\"widget\" data-e-type=\"widget\" data-widget_type=\"heading.default\">\n\t\t\t\t<div class=\"elementor-widget-container\">\n\t\t\t\t\t<h1 class=\"elementor-heading-title elementor-size-default\">Invisalign\u00ae Provider Alineadores transparentes en Orlando, FL<\/h1>\t\t\t\t<\/div>\n\t\t\t\t<\/div>\n\t\t\t\t<div class=\"elementor-element elementor-element-546f0aa elementor-widget elementor-widget-text-editor\" data-id=\"546f0aa\" data-element_type=\"widget\" data-e-type=\"widget\" data-widget_type=\"text-editor.default\">\n\t\t\t\t<div class=\"elementor-widget-container\">\n\t\t\t\t\t\t\t\t\t<p>En Pristine Smiles hacemos que enderezar tus dientes de forma discreta y c\u00f3moda sea m\u00e1s f\u00e1cil que nunca. Como proveedor certificado de Invisalign\u00ae en Orlando, FL, <a href=\"\/?page_id=5040\" data-uw-rm-brl=\"PR\" data-uw-original-href=\"https:\/\/pristinesmilesorlando.com\/es\/conoce-a-la-dra-quito\/\">la Dra. Priscila Quito<\/a> crea planes de tratamiento personalizados con alineadores transparentes dise\u00f1ados en funci\u00f3n de tu estilo de vida, tus objetivos y tu rutina diaria. Si quieres una sonrisa m\u00e1s recta sin brackets ni alambres met\u00e1licos, Invisalign\u00ae te ofrece una de las soluciones de ortodoncia m\u00e1s flexibles y est\u00e9ticas que existen hoy en d\u00eda.  <\/p><h2 data-start=\"736\" data-end=\"761\">\u00bfPor qu\u00e9 elegir los alineadores transparentes Invisalign\u00ae?<\/h2><p data-start=\"763\" data-end=\"985\">Invisalign\u00ae es una serie de alineadores transparentes hechos a medida para mover gradualmente los dientes hasta su correcta alineaci\u00f3n. Este innovador sistema ha redefinido la ortodoncia moderna para aquellos que desean un tratamiento eficaz con una m\u00ednima alteraci\u00f3n de su vida diaria. <\/p><ul><li data-start=\"1027\" data-end=\"1107\"><strong data-start=\"1027\" data-end=\"1048\">Casi invisibles:<\/strong> Los alineadores de pl\u00e1stico transparente se integran en tu sonrisa natural.<\/li><li data-start=\"1110\" data-end=\"1187\"><strong data-start=\"1110\" data-end=\"1130\">Ajuste c\u00f3modo:<\/strong> Sin brackets ni alambres, solo bandejas lisas moldeadas a medida.<\/li><li data-start=\"1190\" data-end=\"1251\"><strong data-start=\"1190\" data-end=\"1216\">Comodidad extra\u00edble:<\/strong> Come, cep\u00edllate y usa hilo dental con facilidad.<\/li><li data-start=\"1254\" data-end=\"1351\"><strong data-start=\"1254\" data-end=\"1278\">Menos visitas a la cl\u00ednica:<\/strong> No es necesario apretar nada, solo revisiones sencillas para controlar su progreso.<\/li><li data-start=\"1354\" data-end=\"1446\"><strong data-start=\"1354\" data-end=\"1376\">Resultados eficientes:<\/strong> Muchos pacientes ven resultados completos en unos 12 meses (dependiendo del caso).<\/li><\/ul><p data-start=\"1448\" data-end=\"1567\">Cada alineador se crea utilizando tecnolog\u00eda de imagen digital 3D, lo que garantiza un ajuste preciso y ce\u00f1ido, adaptado a tus objetivos de sonrisa.<\/p>\t\t\t\t\t\t\t\t<\/div>\n\t\t\t\t<\/div>\n\t\t\t\t\t<\/div>\n\t\t\t\t<\/div>\n\t\t<div data-particle_enable=\"false\" data-particle-mobile-disabled=\"false\" class=\"elementor-element elementor-element-f4d9681 e-flex e-con-boxed e-con e-parent\" data-id=\"f4d9681\" data-element_type=\"container\" data-e-type=\"container\">\n\t\t\t\t\t<div class=\"e-con-inner\">\n\t\t<div data-particle_enable=\"false\" data-particle-mobile-disabled=\"false\" class=\"elementor-element elementor-element-1fdf7f1 e-con-full e-flex e-con e-child\" data-id=\"1fdf7f1\" data-element_type=\"container\" data-e-type=\"container\">\n\t\t\t\t<div class=\"elementor-element elementor-element-927d427 elementor-widget elementor-widget-text-editor\" data-id=\"927d427\" data-element_type=\"widget\" data-e-type=\"widget\" data-widget_type=\"text-editor.default\">\n\t\t\t\t<div class=\"elementor-widget-container\">\n\t\t\t\t\t\t\t\t\t<h2 data-start=\"1574\" data-end=\"1622\">\u00bfCu\u00e1l es la diferencia entre Invisalign\u00ae y la ortodoncia?<\/h2><p data-start=\"1624\" data-end=\"1777\">Aunque ambas opciones son eficaces, Invisalign\u00ae ofrece una alternativa flexible y moderna a los aparatos met\u00e1licos tradicionales. Los pacientes suelen preferir Invisalign\u00ae por su: <\/p><ul><li data-start=\"1781\" data-end=\"1804\">Apariencia sutil<\/li><li data-start=\"1807\" data-end=\"1836\">Sin restricciones diet\u00e9ticas<\/li><li data-start=\"1839\" data-end=\"1876\">Rutina de higiene bucal simplificada<\/li><li data-start=\"1879\" data-end=\"1902\">Mayor comodidad<\/li><li data-start=\"1905\" data-end=\"1938\">Menos ajustes en el consultorio<\/li><\/ul><p data-start=\"1940\" data-end=\"2081\">Tanto si es estudiante, profesional o padre\/madre ocupado, Invisalign\u00ae ofrece una experiencia de ortodoncia que se adapta perfectamente a su estilo de vida.<\/p>\t\t\t\t\t\t\t\t<\/div>\n\t\t\t\t<\/div>\n\t\t\t\t<\/div>\n\t\t<div data-particle_enable=\"false\" data-particle-mobile-disabled=\"false\" class=\"elementor-element elementor-element-13978b3 e-con-full e-flex e-con e-child\" data-id=\"13978b3\" data-element_type=\"container\" data-e-type=\"container\">\n\t\t\t\t<div class=\"elementor-element elementor-element-fa7616b elementor-widget elementor-widget-video\" data-id=\"fa7616b\" data-element_type=\"widget\" data-e-type=\"widget\" data-settings=\"{&quot;youtube_url&quot;:&quot;https:\\\/\\\/www.youtube.com\\\/watch?v=pOEk3Z0RbWE&quot;,&quot;video_type&quot;:&quot;youtube&quot;,&quot;controls&quot;:&quot;yes&quot;}\" data-widget_type=\"video.default\">\n\t\t\t\t<div class=\"elementor-widget-container\">\n\t\t\t\t\t\t\t<div class=\"elementor-wrapper elementor-open-inline\">\n\t\t\t<div class=\"elementor-video\"><\/div>\t\t<\/div>\n\t\t\t\t\t\t<\/div>\n\t\t\t\t<\/div>\n\t\t\t\t<\/div>\n\t\t\t\t\t<\/div>\n\t\t\t\t<\/div>\n\t\t<div data-particle_enable=\"false\" data-particle-mobile-disabled=\"false\" class=\"elementor-element elementor-element-972c093 e-flex e-con-boxed e-con e-parent\" data-id=\"972c093\" data-element_type=\"container\" data-e-type=\"container\">\n\t\t\t\t\t<div class=\"e-con-inner\">\n\t\t\t\t<div class=\"elementor-element elementor-element-9a73271 elementor-widget elementor-widget-text-editor\" data-id=\"9a73271\" data-element_type=\"widget\" data-e-type=\"widget\" data-widget_type=\"text-editor.default\">\n\t\t\t\t<div class=\"elementor-widget-container\">\n\t\t\t\t\t\t\t\t\t<h2 data-start=\"3221\" data-end=\"3259\">\u00bfCu\u00e1l es el coste de Invisalign\u00ae y las opciones de pago?<\/h2>\n<p data-start=\"3261\" data-end=\"3372\">Una sonrisa bonita es una inversi\u00f3n, y le facilitamos m\u00e1s que nunca el inicio del tratamiento con <a href=\"\/?page_id=3361\" data-uw-rm-brl=\"BE\" data-uw-original-href=\"https:\/\/pristinesmilesorlando.com\/es\/financiacion-sencilla\/\">financiaci\u00f3n flexible<\/a>:<\/p>\n<ul>\n<li data-start=\"3409\" data-end=\"3452\">Planes de pago mensuales (sin intereses)<\/li>\n<li data-start=\"3455\" data-end=\"3483\">Coordinaci\u00f3n con el seguro<\/li>\n<li data-start=\"3486\" data-end=\"3521\">Flexibilidad de la cuenta HSA y FSA<\/li>\n<li data-start=\"3524\" data-end=\"3555\">Se aceptan las principales tarjetas de cr\u00e9dito<\/li>\n<\/ul>\n<p data-start=\"3557\" data-end=\"3664\">Tu compa\u00f1\u00eda de seguros puede proporcionar cobertura de ortodoncia en funci\u00f3n de las limitaciones de edad y el importe de la cobertura m\u00e1xima anual frente a la de por vida. Nuestro equipo estar\u00e1 encantado de guiarte a trav\u00e9s de todas las opciones financieras y maximizar cualquier beneficio de seguro disponible. <\/p>\n<h2 data-start=\"2088\" data-end=\"2129\">Qu\u00e9 esperar del tratamiento de ortodoncia Invisalign<\/h2>\n<p data-start=\"2131\" data-end=\"2236\">Tu viaje con los alineadores transparentes es sencillo, guiado y dise\u00f1ado pensando en la comodidad.<\/p>\n<ol>\n<li data-start=\"2241\" data-end=\"2325\"><strong data-start=\"2241\" data-end=\"2266\">Consulta inicial:<\/strong> Evaluamos tu sonrisa y hablamos de tus objetivos de tratamiento.<\/li>\n<li data-start=\"2329\" data-end=\"2423\"><strong data-start=\"2329\" data-end=\"2353\">Impresiones digitales:<\/strong> La imagen 3D nos permite crear tu hoja de ruta de tratamiento personalizada.<\/li>\n<li data-start=\"2427\" data-end=\"2517\"><strong data-start=\"2427\" data-end=\"2447\">Alineadores personalizados:<\/strong> Recibir\u00e1 una serie de alineadores que mover\u00e1n gradualmente sus dientes.<\/li>\n<li data-start=\"2521\" data-end=\"2581\"><strong data-start=\"2521\" data-end=\"2540\">Usar y reemplazar:<\/strong> Cambia los alineadores aproximadamente cada dos semanas.<\/li>\n<li data-start=\"2585\" data-end=\"2661\"><strong data-start=\"2585\" data-end=\"2605\">Visitas de control:<\/strong> Las visitas ocasionales de control del progreso ayudan a garantizar unos resultados \u00f3ptimos.<\/li>\n<\/ol>\n<p data-start=\"2663\" data-end=\"2746\"><em data-start=\"2663\" data-end=\"2746\">Para obtener el mejor resultado, deber\u00e1 llevar los alineadores durante al menos 22 horas al d\u00eda.<\/em><\/p>\n<h2 data-start=\"3195\" data-end=\"3242\">\u00bfC\u00f3mo se cuidan los alineadores Invisalign\u00ae?<\/h2>\n<p data-start=\"3244\" data-end=\"3323\">Mantener los alineadores limpios ayuda a garantizar un uso c\u00f3modo durante todo el tratamiento.<\/p>\n<p data-start=\"3325\" data-end=\"3347\"><strong data-start=\"3325\" data-end=\"3347\">Los consejos para el cuidado incluyen:<\/strong><\/p>\n<ul>\n<li data-start=\"3351\" data-end=\"3409\">Retire los alineadores antes de comer o beber (excepto agua)<\/li>\n<li data-start=\"3412\" data-end=\"3457\">Cep\u00edllese los dientes y use hilo dental antes de volver a insertar los alineadores<\/li>\n<li data-start=\"3460\" data-end=\"3502\">Limpie los alineadores diariamente con agua tibia<\/li>\n<li data-start=\"3505\" data-end=\"3548\">Evite el agua caliente, ya que puede deformar las bandejas<\/li>\n<li data-start=\"3551\" data-end=\"3608\">Guarde los alineadores en su estuche protector cuando no los est\u00e9 usando<\/li>\n<li data-start=\"3611\" data-end=\"3670\">Use retenedores despu\u00e9s del tratamiento para mantener su sonrisa alineada<\/li>\n<\/ul>\n<h2 data-start=\"3671\" data-end=\"3709\">Empiece hoy mismo con una cita<\/h2>\n<p data-start=\"3711\" data-end=\"3998\" data-is-last-node=\"\" data-is-only-node=\"\">Tanto si est\u00e1 considerando Invisalign\u00ae para usted como para su hijo adolescente, estamos aqu\u00ed para ayudarle a que sus objetivos de sonrisa se hagan realidad. <a href=\"\/?page_id=1591\" data-uw-rm-brl=\"BE\" data-uw-original-href=\"https:\/\/pristinesmilesorlando.com\/es\/solicitar-una-cita\/\">Programe su consulta<\/a> y d\u00e9 el primer paso hacia una sonrisa m\u00e1s recta y segura, sin los brackets.<\/p>\t\t\t\t\t\t\t\t<\/div>\n\t\t\t\t<\/div>\n\t\t\t\t\t<\/div>\n\t\t\t\t<\/div>\n\t\t<div data-particle_enable=\"false\" data-particle-mobile-disabled=\"false\" class=\"elementor-element elementor-element-7ccc01e7 e-flex e-con-boxed e-con e-child\" data-id=\"7ccc01e7\" data-element_type=\"container\" data-e-type=\"container\">\n\t\t\t\t\t<div class=\"e-con-inner\">\n\t\t\t\t<div class=\"elementor-element elementor-element-247c945b elementor-widget elementor-widget-heading\" data-id=\"247c945b\" data-element_type=\"widget\" data-e-type=\"widget\" data-widget_type=\"heading.default\">\n\t\t\t\t<div class=\"elementor-widget-container\">\n\t\t\t\t\t<h2 class=\"elementor-heading-title elementor-size-default\">Preguntas frecuentes<\/h2>\t\t\t\t<\/div>\n\t\t\t\t<\/div>\n\t\t\t\t<div class=\"elementor-element elementor-element-7eb09f7 elementor-widget__width-inherit elementor-widget elementor-widget-text-editor\" data-id=\"7eb09f7\" data-element_type=\"widget\" data-e-type=\"widget\" data-widget_type=\"text-editor.default\">\n\t\t\t\t<div class=\"elementor-widget-container\">\n\t\t\t\t\t\t\t\t\t<p>\u00bfTienes preguntas sobre Invisalign\u00ae? No eres el \u00fanico. Aqu\u00ed tienes algunas de las preguntas m\u00e1s frecuentes de los pacientes antes de empezar el tratamiento con alineadores transparentes.  <\/p>\t\t\t\t\t\t\t\t<\/div>\n\t\t\t\t<\/div>\n\t\t\t\t<div class=\"elementor-element elementor-element-2b574a7f elementor-widget elementor-widget-n-accordion\" data-id=\"2b574a7f\" data-element_type=\"widget\" data-e-type=\"widget\" data-settings=\"{&quot;default_state&quot;:&quot;all_collapsed&quot;,&quot;max_items_expended&quot;:&quot;one&quot;,&quot;n_accordion_animation_duration&quot;:{&quot;unit&quot;:&quot;ms&quot;,&quot;size&quot;:400,&quot;sizes&quot;:[]}}\" data-widget_type=\"nested-accordion.default\">\n\t\t\t\t<div class=\"elementor-widget-container\">\n\t\t\t\t\t\t\t<div class=\"e-n-accordion\" aria-label=\"Accordion. Open links with Enter or Space, close with Escape, and navigate with Arrow Keys\">\n\t\t\t\t\t\t<details id=\"e-n-accordion-item-7270\" class=\"e-n-accordion-item\" >\n\t\t\t\t<summary class=\"e-n-accordion-item-title\" data-accordion-index=\"1\" tabindex=\"0\" aria-expanded=\"false\" aria-controls=\"e-n-accordion-item-7270\" >\n\t\t\t\t\t<span class='e-n-accordion-item-title-header'><div class=\"e-n-accordion-item-title-text\"> \u00bfPuede Invisalign\u00ae solucionar problemas de mordida leves y moderados? <\/div><\/span>\n\t\t\t\t\t\t\t<span class='e-n-accordion-item-title-icon'>\n\t\t\t<span class='e-opened' ><i aria-hidden=\"true\" class=\"fas fa-minus\"><\/i><\/span>\n\t\t\t<span class='e-closed'><i aria-hidden=\"true\" class=\"fas fa-plus\"><\/i><\/span>\n\t\t<\/span>\n\n\t\t\t\t\t\t<\/summary>\n\t\t\t\t<div data-particle_enable=\"false\" data-particle-mobile-disabled=\"false\" role=\"region\" aria-labelledby=\"e-n-accordion-item-7270\" class=\"elementor-element elementor-element-7d4d63c1 e-con-full e-flex e-con e-child\" data-id=\"7d4d63c1\" data-element_type=\"container\" data-e-type=\"container\">\n\t\t\t\t<div class=\"elementor-element elementor-element-6deb7458 elementor-widget__width-inherit elementor-widget elementor-widget-text-editor\" data-id=\"6deb7458\" data-element_type=\"widget\" data-e-type=\"widget\" data-widget_type=\"text-editor.default\">\n\t\t\t\t<div class=\"elementor-widget-container\">\n\t\t\t\t\t\t\t\t\t<p>S\u00ed, Invisalign\u00ae puede corregir muchos problemas de mordida, como sobremordidas leves, prognatismo, mordidas cruzadas y mordidas abiertas. Durante tu consulta, el Dr. Quito evaluar\u00e1 si tu problema de mordida concreto puede tratarse eficazmente con alineadores.  <\/p>\t\t\t\t\t\t\t\t<\/div>\n\t\t\t\t<\/div>\n\t\t\t\t<\/div>\n\t\t\t\t\t<\/details>\n\t\t\t\t\t\t<details id=\"e-n-accordion-item-7271\" class=\"e-n-accordion-item\" >\n\t\t\t\t<summary class=\"e-n-accordion-item-title\" data-accordion-index=\"2\" tabindex=\"-1\" aria-expanded=\"false\" aria-controls=\"e-n-accordion-item-7271\" >\n\t\t\t\t\t<span class='e-n-accordion-item-title-header'><div class=\"e-n-accordion-item-title-text\"> \u00bfAfectan los alineadores Invisalign\u00ae al habla? <\/div><\/span>\n\t\t\t\t\t\t\t<span class='e-n-accordion-item-title-icon'>\n\t\t\t<span class='e-opened' ><i aria-hidden=\"true\" class=\"fas fa-minus\"><\/i><\/span>\n\t\t\t<span class='e-closed'><i aria-hidden=\"true\" class=\"fas fa-plus\"><\/i><\/span>\n\t\t<\/span>\n\n\t\t\t\t\t\t<\/summary>\n\t\t\t\t<div data-particle_enable=\"false\" data-particle-mobile-disabled=\"false\" role=\"region\" aria-labelledby=\"e-n-accordion-item-7271\" class=\"elementor-element elementor-element-77d8dbc9 e-con-full e-flex e-con e-child\" data-id=\"77d8dbc9\" data-element_type=\"container\" data-e-type=\"container\">\n\t\t\t\t<div class=\"elementor-element elementor-element-3860bd7b elementor-widget elementor-widget-text-editor\" data-id=\"3860bd7b\" data-element_type=\"widget\" data-e-type=\"widget\" data-widget_type=\"text-editor.default\">\n\t\t\t\t<div class=\"elementor-widget-container\">\n\t\t\t\t\t\t\t\t\t<p>La mayor\u00eda de los pacientes se adaptan en pocos d\u00edas, y cualquier ceceo leve suele desaparecer r\u00e1pidamente. Debido a que los alineadores se ajustan bien a los dientes, tienden a interferir mucho menos con el habla que otros aparatos de ortodoncia. <\/p>\t\t\t\t\t\t\t\t<\/div>\n\t\t\t\t<\/div>\n\t\t\t\t<\/div>\n\t\t\t\t\t<\/details>\n\t\t\t\t\t\t<details id=\"e-n-accordion-item-7272\" class=\"e-n-accordion-item\" >\n\t\t\t\t<summary class=\"e-n-accordion-item-title\" data-accordion-index=\"3\" tabindex=\"-1\" aria-expanded=\"false\" aria-controls=\"e-n-accordion-item-7272\" >\n\t\t\t\t\t<span class='e-n-accordion-item-title-header'><div class=\"e-n-accordion-item-title-text\"> \u00bfQu\u00e9 debo hacer si pierdo o rompo un alineador? <\/div><\/span>\n\t\t\t\t\t\t\t<span class='e-n-accordion-item-title-icon'>\n\t\t\t<span class='e-opened' ><i aria-hidden=\"true\" class=\"fas fa-minus\"><\/i><\/span>\n\t\t\t<span class='e-closed'><i aria-hidden=\"true\" class=\"fas fa-plus\"><\/i><\/span>\n\t\t<\/span>\n\n\t\t\t\t\t\t<\/summary>\n\t\t\t\t<div data-particle_enable=\"false\" data-particle-mobile-disabled=\"false\" role=\"region\" aria-labelledby=\"e-n-accordion-item-7272\" class=\"elementor-element elementor-element-55e6a6b3 e-con-full e-flex e-con e-child\" data-id=\"55e6a6b3\" data-element_type=\"container\" data-e-type=\"container\">\n\t\t\t\t<div class=\"elementor-element elementor-element-6a29f337 elementor-widget__width-inherit elementor-widget elementor-widget-text-editor\" data-id=\"6a29f337\" data-element_type=\"widget\" data-e-type=\"widget\" data-widget_type=\"text-editor.default\">\n\t\t\t\t<div class=\"elementor-widget-container\">\n\t\t\t\t\t\t\t\t\t<p>Si se pierde o da\u00f1a un alineador, p\u00f3ngase en contacto con nuestra consulta de inmediato. Dependiendo de su progreso, podemos recomendarle que pase al siguiente alineador, que vuelva a uno anterior o que solicite un reemplazo para mantener el tratamiento en curso. <\/p>\t\t\t\t\t\t\t\t<\/div>\n\t\t\t\t<\/div>\n\t\t\t\t<\/div>\n\t\t\t\t\t<\/details>\n\t\t\t\t\t\t<details id=\"e-n-accordion-item-7273\" class=\"e-n-accordion-item\" >\n\t\t\t\t<summary class=\"e-n-accordion-item-title\" data-accordion-index=\"4\" tabindex=\"-1\" aria-expanded=\"false\" aria-controls=\"e-n-accordion-item-7273\" >\n\t\t\t\t\t<span class='e-n-accordion-item-title-header'><div class=\"e-n-accordion-item-title-text\"> \u00bfCon qu\u00e9 frecuencia necesitar\u00e9 visitas de control? <\/div><\/span>\n\t\t\t\t\t\t\t<span class='e-n-accordion-item-title-icon'>\n\t\t\t<span class='e-opened' ><i aria-hidden=\"true\" class=\"fas fa-minus\"><\/i><\/span>\n\t\t\t<span class='e-closed'><i aria-hidden=\"true\" class=\"fas fa-plus\"><\/i><\/span>\n\t\t<\/span>\n\n\t\t\t\t\t\t<\/summary>\n\t\t\t\t<div data-particle_enable=\"false\" data-particle-mobile-disabled=\"false\" role=\"region\" aria-labelledby=\"e-n-accordion-item-7273\" class=\"elementor-element elementor-element-1b34b8ab e-con-full e-flex e-con e-child\" data-id=\"1b34b8ab\" data-element_type=\"container\" data-e-type=\"container\">\n\t\t\t\t<div class=\"elementor-element elementor-element-fa522c8 elementor-widget__width-inherit elementor-widget elementor-widget-text-editor\" data-id=\"fa522c8\" data-element_type=\"widget\" data-e-type=\"widget\" data-widget_type=\"text-editor.default\">\n\t\t\t\t<div class=\"elementor-widget-container\">\n\t\t\t\t\t\t\t\t\t<p>La mayor\u00eda de los pacientes de Invisalign\u00ae s\u00f3lo necesitan citas de progreso cada 6-8 semanas. Estas visitas son r\u00e1pidas, lo que nos permite controlar el movimiento de tus dientes y proporcionarte nuevos alineadores cuando sea necesario. <\/p>\t\t\t\t\t\t\t\t<\/div>\n\t\t\t\t<\/div>\n\t\t\t\t<\/div>\n\t\t\t\t\t<\/details>\n\t\t\t\t\t\t<details id=\"e-n-accordion-item-7274\" class=\"e-n-accordion-item\" >\n\t\t\t\t<summary class=\"e-n-accordion-item-title\" data-accordion-index=\"5\" tabindex=\"-1\" aria-expanded=\"false\" aria-controls=\"e-n-accordion-item-7274\" >\n\t\t\t\t\t<span class='e-n-accordion-item-title-header'><div class=\"e-n-accordion-item-title-text\"> \u00bfPuedo empezar con Invisalign\u00ae si tengo alg\u00fan tratamiento dental, como coronas o adhesivos? <\/div><\/span>\n\t\t\t\t\t\t\t<span class='e-n-accordion-item-title-icon'>\n\t\t\t<span class='e-opened' ><i aria-hidden=\"true\" class=\"fas fa-minus\"><\/i><\/span>\n\t\t\t<span class='e-closed'><i aria-hidden=\"true\" class=\"fas fa-plus\"><\/i><\/span>\n\t\t<\/span>\n\n\t\t\t\t\t\t<\/summary>\n\t\t\t\t<div data-particle_enable=\"false\" data-particle-mobile-disabled=\"false\" role=\"region\" aria-labelledby=\"e-n-accordion-item-7274\" class=\"elementor-element elementor-element-1cf8abc5 e-con-full e-flex e-con e-child\" data-id=\"1cf8abc5\" data-element_type=\"container\" data-e-type=\"container\">\n\t\t\t\t<div class=\"elementor-element elementor-element-2c7fb9c9 elementor-widget__width-inherit elementor-widget elementor-widget-text-editor\" data-id=\"2c7fb9c9\" data-element_type=\"widget\" data-e-type=\"widget\" data-widget_type=\"text-editor.default\">\n\t\t\t\t<div class=\"elementor-widget-container\">\n\t\t\t\t\t\t\t\t\t<p>En muchos casos, s\u00ed. Invisalign\u00ae puede utilizarse a menudo aunque tengas coronas, carillas o adhesivos. El Dr. Quito evaluar\u00e1 tus restauraciones durante la consulta para determinar el plan de tratamiento m\u00e1s seguro y eficaz.  <\/p>\t\t\t\t\t\t\t\t<\/div>\n\t\t\t\t<\/div>\n\t\t\t\t<\/div>\n\t\t\t\t\t<\/details>\n\t\t\t\t\t<\/div>\n\t\t\t\t\t<script type=\"application\/ld+json\">{\"@context\":\"https:\\\/\\\/schema.org\",\"@type\":\"FAQPage\",\"mainEntity\":[{\"@type\":\"Question\",\"name\":\"\\u00bfPuede Invisalign\\u00ae solucionar problemas de mordida leves y moderados?\",\"acceptedAnswer\":{\"@type\":\"Answer\",\"text\":\"S\\u00ed, Invisalign\\u00ae puede corregir muchos problemas de mordida, como sobremordidas leves, prognatismo, mordidas cruzadas y mordidas abiertas. Durante tu consulta, el Dr. Quito evaluar\\u00e1 si tu problema de mordida concreto puede tratarse eficazmente con alineadores.\"}},{\"@type\":\"Question\",\"name\":\"\\u00bfAfectan los alineadores Invisalign\\u00ae al habla?\",\"acceptedAnswer\":{\"@type\":\"Answer\",\"text\":\"La mayor\\u00eda de los pacientes se adaptan en pocos d\\u00edas, y cualquier ceceo leve suele desaparecer r\\u00e1pidamente. Debido a que los alineadores se ajustan bien a los dientes, tienden a interferir mucho menos con el habla que otros aparatos de ortodoncia.\"}},{\"@type\":\"Question\",\"name\":\"\\u00bfQu\\u00e9 debo hacer si pierdo o rompo un alineador?\",\"acceptedAnswer\":{\"@type\":\"Answer\",\"text\":\"Si se pierde o da\\u00f1a un alineador, p\\u00f3ngase en contacto con nuestra consulta de inmediato. Dependiendo de su progreso, podemos recomendarle que pase al siguiente alineador, que vuelva a uno anterior o que solicite un reemplazo para mantener el tratamiento en curso.\"}},{\"@type\":\"Question\",\"name\":\"\\u00bfCon qu\\u00e9 frecuencia necesitar\\u00e9 visitas de control?\",\"acceptedAnswer\":{\"@type\":\"Answer\",\"text\":\"La mayor\\u00eda de los pacientes de Invisalign\\u00ae s\\u00f3lo necesitan citas de progreso cada 6-8 semanas. Estas visitas son r\\u00e1pidas, lo que nos permite controlar el movimiento de tus dientes y proporcionarte nuevos alineadores cuando sea necesario.\"}},{\"@type\":\"Question\",\"name\":\"\\u00bfPuedo empezar con Invisalign\\u00ae si tengo alg\\u00fan tratamiento dental, como coronas o adhesivos?\",\"acceptedAnswer\":{\"@type\":\"Answer\",\"text\":\"En muchos casos, s\\u00ed. Invisalign\\u00ae puede utilizarse a menudo aunque tengas coronas, carillas o adhesivos. El Dr. Quito evaluar\\u00e1 tus restauraciones durante la consulta para determinar el plan de tratamiento m\\u00e1s seguro y eficaz.\"}}]}<\/script>\n\t\t\t\t\t\t\t<\/div>\n\t\t\t\t<\/div>\n\t\t\t\t\t<\/div>\n\t\t\t\t<\/div>\n\t\t\t\t<\/div>\n\t\t","protected":false},"excerpt":{"rendered":"<p>Invisalign\u00ae Provider Alineadores transparentes en Orlando, FL En Pristine Smiles hacemos que enderezar tus dientes de forma discreta y c\u00f3moda sea m\u00e1s f\u00e1cil que nunca. Como proveedor certificado de Invisalign\u00ae en Orlando, FL, la Dra. Priscila Quito crea planes de tratamiento personalizados con alineadores transparentes dise\u00f1ados en funci\u00f3n de tu estilo de vida, tus objetivos y tu rutina [&hellip;]<\/p>\n","protected":false},"author":2,"featured_media":0,"parent":0,"menu_order":43,"comment_status":"closed","ping_status":"closed","template":"","meta":{"_seopress_robots_primary_cat":"","_seopress_titles_title":"Invisalign Orlando FL alineadores transparentes | Pristine Smiles","_seopress_titles_desc":"Tratamiento con alineadores transparentes Invisalign proporcionado por la Dra. Priscila Quito, que te ayuda a comprender el coste de Invisalign y los beneficios de Invisalign frente a los brackets.","_seopress_robots_index":"","footnotes":""},"class_list":["post-5575","page","type-page","status-publish"],"_links":{"self":[{"href":"https:\/\/pristinesmilesorlando.com\/es\/wp-json\/wp\/v2\/pages\/5575","targetHints":{"allow":["GET"]}}],"collection":[{"href":"https:\/\/pristinesmilesorlando.com\/es\/wp-json\/wp\/v2\/pages"}],"about":[{"href":"https:\/\/pristinesmilesorlando.com\/es\/wp-json\/wp\/v2\/types\/page"}],"author":[{"embeddable":true,"href":"https:\/\/pristinesmilesorlando.com\/es\/wp-json\/wp\/v2\/users\/2"}],"replies":[{"embeddable":true,"href":"https:\/\/pristinesmilesorlando.com\/es\/wp-json\/wp\/v2\/comments?post=5575"}],"version-history":[{"count":12,"href":"https:\/\/pristinesmilesorlando.com\/es\/wp-json\/wp\/v2\/pages\/5575\/revisions"}],"predecessor-version":[{"id":7418,"href":"https:\/\/pristinesmilesorlando.com\/es\/wp-json\/wp\/v2\/pages\/5575\/revisions\/7418"}],"wp:attachment":[{"href":"https:\/\/pristinesmilesorlando.com\/es\/wp-json\/wp\/v2\/media?parent=5575"}],"curies":[{"name":"wp","href":"https:\/\/api.w.org\/{rel}","templated":true}]}}