{"id":5577,"date":"2025-07-30T00:44:46","date_gmt":"2025-07-30T00:44:46","guid":{"rendered":"https:\/\/pristinesmilesorlando.com\/odontologia-general\/"},"modified":"2026-01-26T00:28:31","modified_gmt":"2026-01-26T00:28:31","slug":"odontologia-general","status":"publish","type":"page","link":"https:\/\/pristinesmilesorlando.com\/es\/odontologia-general\/","title":{"rendered":"Odontolog\u00eda general"},"content":{"rendered":"\t\t<div data-elementor-type=\"wp-page\" data-elementor-id=\"5577\" class=\"elementor elementor-5577 elementor-5079\" data-elementor-post-type=\"page\">\n\t\t\t\t<div data-particle_enable=\"false\" data-particle-mobile-disabled=\"false\" class=\"elementor-element elementor-element-f69baf6 e-flex e-con-boxed e-con e-parent\" data-id=\"f69baf6\" data-element_type=\"container\" data-e-type=\"container\">\n\t\t\t\t\t<div class=\"e-con-inner\">\n\t\t\t\t<div class=\"elementor-element elementor-element-f6c1345 elementor-widget elementor-widget-heading\" data-id=\"f6c1345\" data-element_type=\"widget\" data-e-type=\"widget\" data-widget_type=\"heading.default\">\n\t\t\t\t<div class=\"elementor-widget-container\">\n\t\t\t\t\t<h1 class=\"elementor-heading-title elementor-size-default\">Servicio de odontolog\u00eda familiar de confianza<\/h1>\t\t\t\t<\/div>\n\t\t\t\t<\/div>\n\t\t\t\t<div class=\"elementor-element elementor-element-8041587 elementor-widget elementor-widget-text-editor\" data-id=\"8041587\" data-element_type=\"widget\" data-e-type=\"widget\" data-widget_type=\"text-editor.default\">\n\t\t\t\t<div class=\"elementor-widget-container\">\n\t\t\t\t\t\t\t\t\t<p data-start=\"305\" data-end=\"556\">En Pristine Smiles, cuidamos de sonrisas de todas las edades porque una salud bucal de por vida comienza con una atenci\u00f3n dental constante y compasiva. Tanto si trae a su hijo peque\u00f1o para su <a href=\"https:\/\/pristinesmilesorlando.com\/es\/primera-visita\/\">primera visita al dentista<\/a> como si programa <a href=\"https:\/\/pristinesmilesorlando.com\/es\/limpieza-dental\/\">revisiones rutinarias<\/a> para toda la familia, nuestro objetivo es que cada cita sea c\u00f3moda, conveniente y adaptada a sus necesidades. <\/p><h2 data-start=\"741\" data-end=\"789\">\u00bfPor qu\u00e9 es tan importante la odontolog\u00eda familiar?<\/h2><p data-start=\"791\" data-end=\"1099\">La odontolog\u00eda familiar permite que cada miembro de su hogar reciba una atenci\u00f3n bucodental integral en una \u00fanica cl\u00ednica dental de confianza. La <a href=\"https:\/\/pristinesmilesorlando.com\/es\/conoce-a-la-dra-quito\/\">Dra. Priscila Quito<\/a> ofrece un tratamiento personalizado en cada etapa de la vida, asegurando que cada paciente reciba la atenci\u00f3n preventiva, la educaci\u00f3n y el apoyo que necesita para mantener una sonrisa saludable.<\/p><h2 data-start=\"770\" data-end=\"817\">Atenci\u00f3n dental completa para cada edad y etapa<\/h2><p data-start=\"819\" data-end=\"1032\">Cada etapa de la vida conlleva sus propios hitos dentales, y estamos equipados para abordarlos todos. La Dra. Priscila Quito adopta un enfoque personalizado y apropiado para cada edad con el fin de ayudar a cada miembro de su familia a mantener una sonrisa saludable. <\/p><p data-start=\"1034\" data-end=\"1080\">Esto es lo que puede esperar a lo largo de las generaciones:<\/p><ul><li data-start=\"1084\" data-end=\"1199\"><strong data-start=\"1084\" data-end=\"1114\">Beb\u00e9s y ni\u00f1os peque\u00f1os<\/strong>: Ex\u00e1menes suaves, educaci\u00f3n sobre los primeros h\u00e1bitos bucales y orientaci\u00f3n para los padres sobre el cuidado en el hogar<\/li><li data-start=\"1202\" data-end=\"1315\"><strong data-start=\"1202\" data-end=\"1227\">Adolescentes<\/strong>: Cuidado preventivo, limpiezas, tratamientos con fl\u00faor y derivaciones de ortodoncia cuando sea necesario<\/li><li data-start=\"1318\" data-end=\"1400\"><strong data-start=\"1318\" data-end=\"1328\">Adultos<\/strong>: Revisiones rutinarias, restauraciones, opciones cosm\u00e9ticas y cuidado periodontal<\/li><li data-start=\"1403\" data-end=\"1515\"><strong data-start=\"1403\" data-end=\"1414\">Personas mayores<\/strong>: Opciones de reemplazo de dientes, control de la enfermedad de las enc\u00edas y seguimiento de problemas dentales relacionados con la salud<\/li><\/ul><p data-start=\"1517\" data-end=\"1625\">Nuestro objetivo es ser su hogar dental de por vida, ofreciendo constancia y atenci\u00f3n de calidad a medida que su familia crece.<\/p><h2 data-start=\"1632\" data-end=\"1673\">Hacer que su visita sea f\u00e1cil y c\u00f3moda<\/h2><p data-start=\"1675\" data-end=\"1909\">Entendemos que visitar al dentista puede resultar estresante para algunos pacientes, especialmente para los m\u00e1s j\u00f3venes o para aquellos con ansiedad dental. Por eso, vamos m\u00e1s all\u00e1 para asegurarnos de que su experiencia sea lo m\u00e1s positiva y relajante posible. <\/p><p data-start=\"1911\" data-end=\"1920\">Ofrecemos:<\/p><ul><li data-start=\"2012\" data-end=\"2106\">Detalles pensados para los ni\u00f1os, como peque\u00f1os juguetes, pegatinas y un equipo atento y centrado en el paciente<\/li><li data-start=\"2109\" data-end=\"2248\">Servicios orientados a la comodidad, como televisores en todas las salas de tratamiento, una almohada de viaje de espuma viscoel\u00e1stica para el cuello y sedaci\u00f3n oral para una mayor relajaci\u00f3n<\/li><\/ul><p data-start=\"2252\" data-end=\"2369\">Una de nuestras principales prioridades es crear un espacio acogedor donde toda su familia se sienta a gusto, en cada paso del camino.<\/p><h2 data-start=\"2376\" data-end=\"2411\">Facilitamos la programaci\u00f3n familiar<\/h2><p data-start=\"2413\" data-end=\"2545\">Con un hogar ajetreado, encontrar tiempo para las citas puede ser dif\u00edcil. Por eso ofrecemos opciones de programaci\u00f3n convenientes, que incluyen: <\/p><ul><li data-start=\"2549\" data-end=\"2614\">Citas el mismo d\u00eda o consecutivas para varios miembros de la familia<\/li><li data-start=\"2617\" data-end=\"2679\">Coordinaci\u00f3n para visitas familiares completas cuando la disponibilidad lo permita<\/li><\/ul><p data-start=\"2681\" data-end=\"2816\">Entendemos la importancia de la flexibilidad y hacemos todo lo posible para que el cuidado bucal se ajuste a su horario.<\/p>\t\t\t\t\t\t\t\t<\/div>\n\t\t\t\t<\/div>\n\t\t\t\t\t<\/div>\n\t\t\t\t<\/div>\n\t\t<div data-particle_enable=\"false\" data-particle-mobile-disabled=\"false\" class=\"elementor-element elementor-element-38a793bf e-flex e-con-boxed e-con e-child\" data-id=\"38a793bf\" data-element_type=\"container\" data-e-type=\"container\">\n\t\t\t\t\t<div class=\"e-con-inner\">\n\t\t\t\t<div class=\"elementor-element elementor-element-15eb854b elementor-widget elementor-widget-heading\" data-id=\"15eb854b\" data-element_type=\"widget\" data-e-type=\"widget\" data-widget_type=\"heading.default\">\n\t\t\t\t<div class=\"elementor-widget-container\">\n\t\t\t\t\t<h2 class=\"elementor-heading-title elementor-size-default\">Preguntas frecuentes<\/h2>\t\t\t\t<\/div>\n\t\t\t\t<\/div>\n\t\t\t\t<div class=\"elementor-element elementor-element-c530f82 elementor-widget__width-inherit elementor-widget elementor-widget-text-editor\" data-id=\"c530f82\" data-element_type=\"widget\" data-e-type=\"widget\" data-widget_type=\"text-editor.default\">\n\t\t\t\t<div class=\"elementor-widget-container\">\n\t\t\t\t\t\t\t\t\t<p>\u00bfTiene preguntas sobre la odontolog\u00eda familiar? Hemos recopilado respuestas \u00fatiles a algunas de las preguntas m\u00e1s comunes que hacen los pacientes antes de su visita. <\/p>\t\t\t\t\t\t\t\t<\/div>\n\t\t\t\t<\/div>\n\t\t\t\t<div class=\"elementor-element elementor-element-d660f6 elementor-widget elementor-widget-n-accordion\" data-id=\"d660f6\" data-element_type=\"widget\" data-e-type=\"widget\" data-settings=\"{&quot;default_state&quot;:&quot;all_collapsed&quot;,&quot;max_items_expended&quot;:&quot;one&quot;,&quot;n_accordion_animation_duration&quot;:{&quot;unit&quot;:&quot;ms&quot;,&quot;size&quot;:400,&quot;sizes&quot;:[]}}\" data-widget_type=\"nested-accordion.default\">\n\t\t\t\t<div class=\"elementor-widget-container\">\n\t\t\t\t\t\t\t<div class=\"e-n-accordion\" aria-label=\"Accordion. Open links with Enter or Space, close with Escape, and navigate with Arrow Keys\">\n\t\t\t\t\t\t<details id=\"e-n-accordion-item-1400\" class=\"e-n-accordion-item\" >\n\t\t\t\t<summary class=\"e-n-accordion-item-title\" data-accordion-index=\"1\" tabindex=\"0\" aria-expanded=\"false\" aria-controls=\"e-n-accordion-item-1400\" >\n\t\t\t\t\t<span class='e-n-accordion-item-title-header'><div class=\"e-n-accordion-item-title-text\"> \u00bfCu\u00e1ndo debe empezar mi hijo a ir al dentista? <\/div><\/span>\n\t\t\t\t\t\t\t<span class='e-n-accordion-item-title-icon'>\n\t\t\t<span class='e-opened' ><i aria-hidden=\"true\" class=\"fas fa-minus\"><\/i><\/span>\n\t\t\t<span class='e-closed'><i aria-hidden=\"true\" class=\"fas fa-plus\"><\/i><\/span>\n\t\t<\/span>\n\n\t\t\t\t\t\t<\/summary>\n\t\t\t\t<div data-particle_enable=\"false\" data-particle-mobile-disabled=\"false\" role=\"region\" aria-labelledby=\"e-n-accordion-item-1400\" class=\"elementor-element elementor-element-6ab340ab e-con-full e-flex e-con e-child\" data-id=\"6ab340ab\" data-element_type=\"container\" data-e-type=\"container\">\n\t\t\t\t<div class=\"elementor-element elementor-element-3b449637 elementor-widget__width-inherit elementor-widget elementor-widget-text-editor\" data-id=\"3b449637\" data-element_type=\"widget\" data-e-type=\"widget\" data-widget_type=\"text-editor.default\">\n\t\t\t\t<div class=\"elementor-widget-container\">\n\t\t\t\t\t\t\t\t\t<p>La mayor\u00eda de los ni\u00f1os deber\u00edan tener su primera visita dental al cumplir un a\u00f1o o dentro de los seis meses siguientes a la erupci\u00f3n de su primer diente. Las visitas tempranas ayudan a prevenir las caries y a establecer h\u00e1bitos dentales positivos. <\/p>\t\t\t\t\t\t\t\t<\/div>\n\t\t\t\t<\/div>\n\t\t\t\t<\/div>\n\t\t\t\t\t<\/details>\n\t\t\t\t\t\t<details id=\"e-n-accordion-item-1401\" class=\"e-n-accordion-item\" >\n\t\t\t\t<summary class=\"e-n-accordion-item-title\" data-accordion-index=\"2\" tabindex=\"-1\" aria-expanded=\"false\" aria-controls=\"e-n-accordion-item-1401\" >\n\t\t\t\t\t<span class='e-n-accordion-item-title-header'><div class=\"e-n-accordion-item-title-text\"> \u00bfTratan a pacientes con ansiedad dental? <\/div><\/span>\n\t\t\t\t\t\t\t<span class='e-n-accordion-item-title-icon'>\n\t\t\t<span class='e-opened' ><i aria-hidden=\"true\" class=\"fas fa-minus\"><\/i><\/span>\n\t\t\t<span class='e-closed'><i aria-hidden=\"true\" class=\"fas fa-plus\"><\/i><\/span>\n\t\t<\/span>\n\n\t\t\t\t\t\t<\/summary>\n\t\t\t\t<div data-particle_enable=\"false\" data-particle-mobile-disabled=\"false\" role=\"region\" aria-labelledby=\"e-n-accordion-item-1401\" class=\"elementor-element elementor-element-3a36940a e-con-full e-flex e-con e-child\" data-id=\"3a36940a\" data-element_type=\"container\" data-e-type=\"container\">\n\t\t\t\t<div class=\"elementor-element elementor-element-709d6222 elementor-widget elementor-widget-text-editor\" data-id=\"709d6222\" data-element_type=\"widget\" data-e-type=\"widget\" data-widget_type=\"text-editor.default\">\n\t\t\t\t<div class=\"elementor-widget-container\">\n\t\t\t\t\t\t\t\t\t<p>S\u00ed. Ofrecemos un ambiente tranquilo, t\u00e9cnicas suaves y opciones de sedaci\u00f3n oral cuando es apropiado para ayudar a los pacientes a sentirse relajados y apoyados durante su visita. <\/p>\t\t\t\t\t\t\t\t<\/div>\n\t\t\t\t<\/div>\n\t\t\t\t<\/div>\n\t\t\t\t\t<\/details>\n\t\t\t\t\t\t<details id=\"e-n-accordion-item-1402\" class=\"e-n-accordion-item\" >\n\t\t\t\t<summary class=\"e-n-accordion-item-title\" data-accordion-index=\"3\" tabindex=\"-1\" aria-expanded=\"false\" aria-controls=\"e-n-accordion-item-1402\" >\n\t\t\t\t\t<span class='e-n-accordion-item-title-header'><div class=\"e-n-accordion-item-title-text\"> \u00bfCon qu\u00e9 frecuencia deben las familias programar revisiones dentales? <\/div><\/span>\n\t\t\t\t\t\t\t<span class='e-n-accordion-item-title-icon'>\n\t\t\t<span class='e-opened' ><i aria-hidden=\"true\" class=\"fas fa-minus\"><\/i><\/span>\n\t\t\t<span class='e-closed'><i aria-hidden=\"true\" class=\"fas fa-plus\"><\/i><\/span>\n\t\t<\/span>\n\n\t\t\t\t\t\t<\/summary>\n\t\t\t\t<div data-particle_enable=\"false\" data-particle-mobile-disabled=\"false\" role=\"region\" aria-labelledby=\"e-n-accordion-item-1402\" class=\"elementor-element elementor-element-42ebee8f e-con-full e-flex e-con e-child\" data-id=\"42ebee8f\" data-element_type=\"container\" data-e-type=\"container\">\n\t\t\t\t<div class=\"elementor-element elementor-element-5a43d58b elementor-widget__width-inherit elementor-widget elementor-widget-text-editor\" data-id=\"5a43d58b\" data-element_type=\"widget\" data-e-type=\"widget\" data-widget_type=\"text-editor.default\">\n\t\t\t\t<div class=\"elementor-widget-container\">\n\t\t\t\t\t\t\t\t\t<p>La mayor\u00eda de los pacientes se benefician de una visita cada seis meses para una limpieza y un examen. Algunos pacientes con problemas de enc\u00edas o mayor riesgo de caries pueden necesitar visitas m\u00e1s frecuentes. <\/p>\t\t\t\t\t\t\t\t<\/div>\n\t\t\t\t<\/div>\n\t\t\t\t<\/div>\n\t\t\t\t\t<\/details>\n\t\t\t\t\t\t<details id=\"e-n-accordion-item-1403\" class=\"e-n-accordion-item\" >\n\t\t\t\t<summary class=\"e-n-accordion-item-title\" data-accordion-index=\"4\" tabindex=\"-1\" aria-expanded=\"false\" aria-controls=\"e-n-accordion-item-1403\" >\n\t\t\t\t\t<span class='e-n-accordion-item-title-header'><div class=\"e-n-accordion-item-title-text\"> \u00bfPueden atender a varios miembros de la familia el mismo d\u00eda? <\/div><\/span>\n\t\t\t\t\t\t\t<span class='e-n-accordion-item-title-icon'>\n\t\t\t<span class='e-opened' ><i aria-hidden=\"true\" class=\"fas fa-minus\"><\/i><\/span>\n\t\t\t<span class='e-closed'><i aria-hidden=\"true\" class=\"fas fa-plus\"><\/i><\/span>\n\t\t<\/span>\n\n\t\t\t\t\t\t<\/summary>\n\t\t\t\t<div data-particle_enable=\"false\" data-particle-mobile-disabled=\"false\" role=\"region\" aria-labelledby=\"e-n-accordion-item-1403\" class=\"elementor-element elementor-element-106fc993 e-con-full e-flex e-con e-child\" data-id=\"106fc993\" data-element_type=\"container\" data-e-type=\"container\">\n\t\t\t\t<div class=\"elementor-element elementor-element-621ade8f elementor-widget__width-inherit elementor-widget elementor-widget-text-editor\" data-id=\"621ade8f\" data-element_type=\"widget\" data-e-type=\"widget\" data-widget_type=\"text-editor.default\">\n\t\t\t\t<div class=\"elementor-widget-container\">\n\t\t\t\t\t\t\t\t\t<p>Por supuesto. Intentamos programar a las familias juntas siempre que sea posible para ahorrar tiempo y simplificar su d\u00eda. <\/p>\t\t\t\t\t\t\t\t<\/div>\n\t\t\t\t<\/div>\n\t\t\t\t<\/div>\n\t\t\t\t\t<\/details>\n\t\t\t\t\t\t<details id=\"e-n-accordion-item-1404\" class=\"e-n-accordion-item\" >\n\t\t\t\t<summary class=\"e-n-accordion-item-title\" data-accordion-index=\"5\" tabindex=\"-1\" aria-expanded=\"false\" aria-controls=\"e-n-accordion-item-1404\" >\n\t\t\t\t\t<span class='e-n-accordion-item-title-header'><div class=\"e-n-accordion-item-title-text\"> \u00bfQu\u00e9 pasa si hace mucho tiempo que no voy al dentista? <\/div><\/span>\n\t\t\t\t\t\t\t<span class='e-n-accordion-item-title-icon'>\n\t\t\t<span class='e-opened' ><i aria-hidden=\"true\" class=\"fas fa-minus\"><\/i><\/span>\n\t\t\t<span class='e-closed'><i aria-hidden=\"true\" class=\"fas fa-plus\"><\/i><\/span>\n\t\t<\/span>\n\n\t\t\t\t\t\t<\/summary>\n\t\t\t\t<div data-particle_enable=\"false\" data-particle-mobile-disabled=\"false\" role=\"region\" aria-labelledby=\"e-n-accordion-item-1404\" class=\"elementor-element elementor-element-14a7b000 e-con-full e-flex e-con e-child\" data-id=\"14a7b000\" data-element_type=\"container\" data-e-type=\"container\">\n\t\t\t\t<div class=\"elementor-element elementor-element-39fc871d elementor-widget__width-inherit elementor-widget elementor-widget-text-editor\" data-id=\"39fc871d\" data-element_type=\"widget\" data-e-type=\"widget\" data-widget_type=\"text-editor.default\">\n\t\t\t\t<div class=\"elementor-widget-container\">\n\t\t\t\t\t\t\t\t\t<p>Es bienvenido aqu\u00ed. Le proporcionamos una atenci\u00f3n sin prejuicios y crearemos un plan que le permita volver a encarrilarse c\u00f3modamente y a su propio ritmo. <\/p>\t\t\t\t\t\t\t\t<\/div>\n\t\t\t\t<\/div>\n\t\t\t\t<\/div>\n\t\t\t\t\t<\/details>\n\t\t\t\t\t<\/div>\n\t\t\t\t\t<script type=\"application\/ld+json\">{\"@context\":\"https:\\\/\\\/schema.org\",\"@type\":\"FAQPage\",\"mainEntity\":[{\"@type\":\"Question\",\"name\":\"\\u00bfCu\\u00e1ndo debe empezar mi hijo a ir al dentista?\",\"acceptedAnswer\":{\"@type\":\"Answer\",\"text\":\"La mayor\\u00eda de los ni\\u00f1os deber\\u00edan tener su primera visita dental al cumplir un a\\u00f1o o dentro de los seis meses siguientes a la erupci\\u00f3n de su primer diente. Las visitas tempranas ayudan a prevenir las caries y a establecer h\\u00e1bitos dentales positivos.\"}},{\"@type\":\"Question\",\"name\":\"\\u00bfTratan a pacientes con ansiedad dental?\",\"acceptedAnswer\":{\"@type\":\"Answer\",\"text\":\"S\\u00ed. Ofrecemos un ambiente tranquilo, t\\u00e9cnicas suaves y opciones de sedaci\\u00f3n oral cuando es apropiado para ayudar a los pacientes a sentirse relajados y apoyados durante su visita.\"}},{\"@type\":\"Question\",\"name\":\"\\u00bfCon qu\\u00e9 frecuencia deben las familias programar revisiones dentales?\",\"acceptedAnswer\":{\"@type\":\"Answer\",\"text\":\"La mayor\\u00eda de los pacientes se benefician de una visita cada seis meses para una limpieza y un examen. Algunos pacientes con problemas de enc\\u00edas o mayor riesgo de caries pueden necesitar visitas m\\u00e1s frecuentes.\"}},{\"@type\":\"Question\",\"name\":\"\\u00bfPueden atender a varios miembros de la familia el mismo d\\u00eda?\",\"acceptedAnswer\":{\"@type\":\"Answer\",\"text\":\"Por supuesto. Intentamos programar a las familias juntas siempre que sea posible para ahorrar tiempo y simplificar su d\\u00eda.\"}},{\"@type\":\"Question\",\"name\":\"\\u00bfQu\\u00e9 pasa si hace mucho tiempo que no voy al dentista?\",\"acceptedAnswer\":{\"@type\":\"Answer\",\"text\":\"Es bienvenido aqu\\u00ed. Le proporcionamos una atenci\\u00f3n sin prejuicios y crearemos un plan que le permita volver a encarrilarse c\\u00f3modamente y a su propio ritmo.\"}}]}<\/script>\n\t\t\t\t\t\t\t<\/div>\n\t\t\t\t<\/div>\n\t\t\t\t\t<\/div>\n\t\t\t\t<\/div>\n\t\t\t\t<\/div>\n\t\t","protected":false},"excerpt":{"rendered":"<p>Servicio de odontolog\u00eda familiar de confianza En Pristine Smiles, cuidamos de sonrisas de todas las edades porque una salud bucal de por vida comienza con una atenci\u00f3n dental constante y compasiva. Tanto si trae a su hijo peque\u00f1o para su primera visita al dentista como si programa revisiones rutinarias para toda la familia, nuestro objetivo es que cada [&hellip;]<\/p>\n","protected":false},"author":2,"featured_media":0,"parent":0,"menu_order":24,"comment_status":"closed","ping_status":"closed","template":"","meta":{"_seopress_robots_primary_cat":"","_seopress_titles_title":"Odontolog\u00eda general Orlando FL | Pristine Smiles","_seopress_titles_desc":"Servicio de odontolog\u00eda familiar de confianza que ofrece una atenci\u00f3n delicada para ni\u00f1os, adolescentes, adultos y personas mayores con servicios integrales, horarios flexibles y visitas centradas en la comodidad.","_seopress_robots_index":"","footnotes":""},"class_list":["post-5577","page","type-page","status-publish"],"_links":{"self":[{"href":"https:\/\/pristinesmilesorlando.com\/es\/wp-json\/wp\/v2\/pages\/5577","targetHints":{"allow":["GET"]}}],"collection":[{"href":"https:\/\/pristinesmilesorlando.com\/es\/wp-json\/wp\/v2\/pages"}],"about":[{"href":"https:\/\/pristinesmilesorlando.com\/es\/wp-json\/wp\/v2\/types\/page"}],"author":[{"embeddable":true,"href":"https:\/\/pristinesmilesorlando.com\/es\/wp-json\/wp\/v2\/users\/2"}],"replies":[{"embeddable":true,"href":"https:\/\/pristinesmilesorlando.com\/es\/wp-json\/wp\/v2\/comments?post=5577"}],"version-history":[{"count":7,"href":"https:\/\/pristinesmilesorlando.com\/es\/wp-json\/wp\/v2\/pages\/5577\/revisions"}],"predecessor-version":[{"id":7120,"href":"https:\/\/pristinesmilesorlando.com\/es\/wp-json\/wp\/v2\/pages\/5577\/revisions\/7120"}],"wp:attachment":[{"href":"https:\/\/pristinesmilesorlando.com\/es\/wp-json\/wp\/v2\/media?parent=5577"}],"curies":[{"name":"wp","href":"https:\/\/api.w.org\/{rel}","templated":true}]}}