{"id":5579,"date":"2025-09-22T14:17:36","date_gmt":"2025-09-22T14:17:36","guid":{"rendered":"https:\/\/pristinesmilesorlando.com\/se-habla-espanol\/"},"modified":"2026-01-26T00:52:04","modified_gmt":"2026-01-26T00:52:04","slug":"se-habla-espanol","status":"publish","type":"page","link":"https:\/\/pristinesmilesorlando.com\/es\/se-habla-espanol\/","title":{"rendered":"Se habla espa\u00f1ol"},"content":{"rendered":"\t\t<div data-elementor-type=\"wp-page\" data-elementor-id=\"5579\" class=\"elementor elementor-5579 elementor-5439\" data-elementor-post-type=\"page\">\n\t\t\t\t<div data-particle_enable=\"false\" data-particle-mobile-disabled=\"false\" class=\"elementor-element elementor-element-7c67478 e-flex e-con-boxed e-con e-parent\" data-id=\"7c67478\" data-element_type=\"container\" data-e-type=\"container\">\n\t\t\t\t\t<div class=\"e-con-inner\">\n\t\t\t\t<div class=\"elementor-element elementor-element-933bc64 elementor-widget elementor-widget-heading\" data-id=\"933bc64\" data-element_type=\"widget\" data-e-type=\"widget\" data-widget_type=\"heading.default\">\n\t\t\t\t<div class=\"elementor-widget-container\">\n\t\t\t\t\t<h1 class=\"elementor-heading-title elementor-size-default\">Bienvenidos a Pristine Smiles en Orlando, FL<\/h1>\t\t\t\t<\/div>\n\t\t\t\t<\/div>\n\t\t\t\t\t<\/div>\n\t\t\t\t<\/div>\n\t\t<div data-particle_enable=\"false\" data-particle-mobile-disabled=\"false\" class=\"elementor-element elementor-element-9231316 e-flex e-con-boxed e-con e-parent\" data-id=\"9231316\" data-element_type=\"container\" data-e-type=\"container\">\n\t\t\t\t\t<div class=\"e-con-inner\">\n\t\t\t\t<div class=\"elementor-element elementor-element-5a4feaf elementor-widget elementor-widget-text-editor\" data-id=\"5a4feaf\" data-element_type=\"widget\" data-e-type=\"widget\" data-widget_type=\"text-editor.default\">\n\t\t\t\t<div class=\"elementor-widget-container\">\n\t\t\t\t\t\t\t\t\t<p data-start=\"248\" data-end=\"600\">Nos dedicamos a brindar atenci\u00f3n dental de alta calidad para ni\u00f1os, adolescentes y adultos en Orlando, FL, y las \u00e1reas cercanas de [city the practice in is]. Nuestra misi\u00f3n no es solo cuidar la salud oral de nuestros pacientes, sino tambi\u00e9n crear sonrisas saludables y duraderas en un entorno c\u00f3modo y profesional. <\/p><h2 data-start=\"602\" data-end=\"650\">Atenci\u00f3n personalizada para toda la familia<\/h2><p data-start=\"652\" data-end=\"990\">Creemos firmemente en construir relaciones duraderas con nuestros pacientes y sus familias. Cada visita est\u00e1 dise\u00f1ada para que te sientas c\u00f3modo, seguro y bien atendido. Desde la primera consulta hasta tu pr\u00f3xima limpieza o tratamiento especializado, nuestro equipo se asegura de que cada paso sea claro, sencillo y efectivo.  <\/p><ul data-start=\"992\" data-end=\"1330\"><li data-start=\"992\" data-end=\"1165\"><p data-start=\"994\" data-end=\"1165\">La Dra. Priscila Quito y nuestro equipo trabajan juntos para garantizar una experiencia positiva y memorable para todos nuestros pacientes. <\/p><\/li><li data-start=\"1166\" data-end=\"1330\"><p data-start=\"1168\" data-end=\"1330\">Nuestro enfoque combina experiencia, profesionalismo y un trato cercano, creando un ambiente donde los ni\u00f1os y adultos disfrutan de sus visitas al dentista.<\/p><\/li><\/ul><h2 data-start=\"1332\" data-end=\"1394\">Tratamientos dentales avanzados adaptados a cada paciente<\/h2><p data-start=\"1396\" data-end=\"1498\">Utilizamos tecnolog\u00edas de \u00faltima generaci\u00f3n y t\u00e9cnicas modernas para ofrecer resultados \u00f3ptimos:<\/p><ul data-start=\"1500\" data-end=\"1975\"><li data-start=\"1500\" data-end=\"1600\"><p data-start=\"1502\" data-end=\"1600\"><strong data-start=\"1502\" data-end=\"1538\">Limpiezas y revisiones generales<\/strong>: para mantener la salud oral y prevenir problemas dentales.<\/p><\/li><li data-start=\"1601\" data-end=\"1703\"><p data-start=\"1603\" data-end=\"1703\"><strong data-start=\"1603\" data-end=\"1633\">Tratamientos restaurativos<\/strong>: empastes, coronas y restauraciones est\u00e9ticas para dientes da\u00f1ados.<\/p><\/li><li data-start=\"1704\" data-end=\"1839\"><p data-start=\"1706\" data-end=\"1839\"><strong data-start=\"1706\" data-end=\"1759\">Ortodoncia preventiva y alineadores Invisalign<\/strong>: opciones c\u00f3modas y discretas para mejorar la alineaci\u00f3n dental y la mordida.<\/p><\/li><li data-start=\"1840\" data-end=\"1975\"><p data-start=\"1842\" data-end=\"1975\"><strong data-start=\"1842\" data-end=\"1885\">Tratamientos pedi\u00e1tricos especializados<\/strong>: cuidamos de los dientes de los m\u00e1s peque\u00f1os con t\u00e9cnicas suaves y adaptadas a su edad.<\/p><\/li><\/ul><p data-start=\"1977\" data-end=\"2129\">Cada tratamiento se personaliza seg\u00fan la edad, necesidades y estilo de vida del paciente, asegurando eficacia y comodidad durante todo el proceso.<\/p><h2 data-start=\"2131\" data-end=\"2164\">Un entorno acogedor y seguro<\/h2><p data-start=\"2166\" data-end=\"2267\">En nuestra cl\u00ednica, cada detalle est\u00e1 pensado para que la experiencia sea agradable y relajada:<\/p><ul data-start=\"2269\" data-end=\"2571\"><li data-start=\"2269\" data-end=\"2345\"><p data-start=\"2271\" data-end=\"2345\">Un ambiente amigable, afectuoso y animado, donde sonre\u00edr es natural.<\/p><\/li><li data-start=\"2346\" data-end=\"2455\"><p data-start=\"2348\" data-end=\"2455\">Equipo altamente capacitado y siempre disponible para responder dudas o brindar asistencia adicional.<\/p><\/li><li data-start=\"2456\" data-end=\"2571\"><p data-start=\"2458\" data-end=\"2571\">Horarios flexibles y amplios, porque sabemos que tu tiempo es valioso y queremos atenderte con puntualidad.<\/p><\/li><\/ul><h2 data-start=\"2573\" data-end=\"2627\">Opciones de financiaci\u00f3n que se adaptan a ti<\/h2><p data-start=\"2629\" data-end=\"2958\">Entendemos que cada familia tiene necesidades y presupuestos diferentes, por eso ofrecemos varias opciones de financiaci\u00f3n que facilitan el acceso a tratamientos dentales sin comprometer la calidad. Nuestro objetivo es que todos puedan disfrutar de una sonrisa saludable y bien cuidada sin preocupaciones financieras. <\/p><h2 data-start=\"2960\" data-end=\"3001\">Nuestro compromiso con la excelencia<\/h2><p data-start=\"3003\" data-end=\"3311\">El compromiso de [Practice Name] es proporcionar un cuidado dental excepcional para todas las edades, respaldado por a\u00f1os de experiencia y un enfoque centrado en el paciente. Cada tratamiento est\u00e1 dise\u00f1ado para ofrecer resultados duraderos, mejorando la salud oral y la confianza en la sonrisa. <\/p><p data-start=\"3313\" data-end=\"3369\">Cuando eliges [Practice Name], eliges un equipo que:<\/p><ul data-start=\"3371\" data-end=\"3670\"><li data-start=\"3371\" data-end=\"3430\"><p data-start=\"3373\" data-end=\"3430\">Prioriza la comodidad y seguridad de cada paciente.<\/p><\/li><li data-start=\"3431\" data-end=\"3501\"><p data-start=\"3433\" data-end=\"3501\">Combina la tecnolog\u00eda avanzada con t\u00e9cnicas dentales probadas.<\/p><\/li><li data-start=\"3502\" data-end=\"3579\"><p data-start=\"3504\" data-end=\"3579\">Mantiene un ambiente positivo y acogedor, ideal para toda la familia.<\/p><\/li><li data-start=\"3580\" data-end=\"3670\"><p data-start=\"3582\" data-end=\"3670\">Ofrece atenci\u00f3n personalizada, adaptada a las necesidades \u00fanicas de cada paciente.<\/p><\/li><\/ul><h2 data-start=\"3672\" data-end=\"3735\">\u00a1Comienza hoy mismo tu camino hacia una sonrisa saludable!<\/h2><p data-start=\"3737\" data-end=\"3971\">Si est\u00e1s listo para cuidar tu salud oral, contacta a Pristine Smile para tu consulta. Descubre c\u00f3mo podemos ayudarte a mantener una sonrisa saludable, brillante y natural para toda la vida. <\/p>\t\t\t\t\t\t\t\t<\/div>\n\t\t\t\t<\/div>\n\t\t\t\t\t<\/div>\n\t\t\t\t<\/div>\n\t\t\t\t<\/div>\n\t\t","protected":false},"excerpt":{"rendered":"<p>Bienvenidos a Pristine Smiles en Orlando, FL Nos dedicamos a brindar atenci\u00f3n dental de alta calidad para ni\u00f1os, adolescentes y adultos en Orlando, FL, y las \u00e1reas cercanas de [city the practice in is]. Nuestra misi\u00f3n no es solo cuidar la salud oral de nuestros pacientes, sino tambi\u00e9n crear sonrisas saludables y duraderas en un entorno c\u00f3modo y [&hellip;]<\/p>\n","protected":false},"author":2,"featured_media":0,"parent":0,"menu_order":51,"comment_status":"closed","ping_status":"closed","template":"","meta":{"_seopress_robots_primary_cat":"","_seopress_titles_title":"Pristine Smiles Orlando FL | Dentista Dra. Priscila Quito","_seopress_titles_desc":"Pristine Smiles en Orlando, FL ofrece atenci\u00f3n dental con la Dra. Priscila Quito, tecnolog\u00eda avanzada y un trato personalizado para ni\u00f1os, adolescentes y adultos. ","_seopress_robots_index":"","footnotes":""},"class_list":["post-5579","page","type-page","status-publish"],"_links":{"self":[{"href":"https:\/\/pristinesmilesorlando.com\/es\/wp-json\/wp\/v2\/pages\/5579","targetHints":{"allow":["GET"]}}],"collection":[{"href":"https:\/\/pristinesmilesorlando.com\/es\/wp-json\/wp\/v2\/pages"}],"about":[{"href":"https:\/\/pristinesmilesorlando.com\/es\/wp-json\/wp\/v2\/types\/page"}],"author":[{"embeddable":true,"href":"https:\/\/pristinesmilesorlando.com\/es\/wp-json\/wp\/v2\/users\/2"}],"replies":[{"embeddable":true,"href":"https:\/\/pristinesmilesorlando.com\/es\/wp-json\/wp\/v2\/comments?post=5579"}],"version-history":[{"count":1,"href":"https:\/\/pristinesmilesorlando.com\/es\/wp-json\/wp\/v2\/pages\/5579\/revisions"}],"predecessor-version":[{"id":5580,"href":"https:\/\/pristinesmilesorlando.com\/es\/wp-json\/wp\/v2\/pages\/5579\/revisions\/5580"}],"wp:attachment":[{"href":"https:\/\/pristinesmilesorlando.com\/es\/wp-json\/wp\/v2\/media?parent=5579"}],"curies":[{"name":"wp","href":"https:\/\/api.w.org\/{rel}","templated":true}]}}