{"id":5582,"date":"2013-08-07T13:15:55","date_gmt":"2013-08-07T13:15:55","guid":{"rendered":"https:\/\/pristinesmilesorlando.com\/blanqueamiento-dental\/"},"modified":"2026-01-26T00:28:34","modified_gmt":"2026-01-26T00:28:34","slug":"blanqueamiento-dental","status":"publish","type":"page","link":"https:\/\/pristinesmilesorlando.com\/es\/blanqueamiento-dental\/","title":{"rendered":"Blanqueamiento dental"},"content":{"rendered":"\t\t<div data-elementor-type=\"wp-page\" data-elementor-id=\"5582\" class=\"elementor elementor-5582 elementor-1540\" data-elementor-post-type=\"page\">\n\t\t\t\t<div data-particle_enable=\"false\" data-particle-mobile-disabled=\"false\" class=\"elementor-element elementor-element-6eabc78 e-flex e-con-boxed e-con e-parent\" data-id=\"6eabc78\" data-element_type=\"container\" data-e-type=\"container\">\n\t\t\t\t\t<div class=\"e-con-inner\">\n\t\t\t\t<div class=\"elementor-element elementor-element-bc7d0c4 elementor-widget elementor-widget-heading\" data-id=\"bc7d0c4\" data-element_type=\"widget\" data-e-type=\"widget\" data-widget_type=\"heading.default\">\n\t\t\t\t<div class=\"elementor-widget-container\">\n\t\t\t\t\t<h1 class=\"elementor-heading-title elementor-size-default\">Blanqueamiento dental profesional<\/h1>\t\t\t\t<\/div>\n\t\t\t\t<\/div>\n\t\t\t\t\t<\/div>\n\t\t\t\t<\/div>\n\t\t<div data-particle_enable=\"false\" data-particle-mobile-disabled=\"false\" class=\"elementor-element elementor-element-2e87e43e e-flex e-con-boxed e-con e-parent\" data-id=\"2e87e43e\" data-element_type=\"container\" data-e-type=\"container\">\n\t\t\t\t\t<div class=\"e-con-inner\">\n\t\t\t\t<div class=\"elementor-element elementor-element-2aea8137 elementor-widget elementor-widget-text-editor\" data-id=\"2aea8137\" data-element_type=\"widget\" data-e-type=\"widget\" data-widget_type=\"text-editor.default\">\n\t\t\t\t<div class=\"elementor-widget-container\">\n\t\t\t\t\t\t\t\t\t<p data-start=\"222\" data-end=\"511\">Ofrecemos servicios profesionales de blanqueamiento dental dise\u00f1ados para proporcionar a su sonrisa un brillo radiante y seguro de forma segura y c\u00f3moda.<\/p><h2 data-start=\"376\" data-end=\"416\">\u00bfQu\u00e9 es el blanqueamiento dental profesional?<\/h2><p data-start=\"418\" data-end=\"716\">El blanqueamiento dental profesional utiliza un gel blanqueador supervisado por un dentista y unas f\u00e9rulas hechas a medida para eliminar las manchas y la decoloraci\u00f3n de los dientes. A diferencia de los kits comprados en tiendas, el tratamiento se adapta a su sonrisa, sus objetivos y su nivel de sensibilidad, para que obtenga resultados notables con la m\u00e1xima comodidad. <\/p><h3 data-start=\"781\" data-end=\"819\">Beneficios de nuestro proceso de blanqueamiento<\/h3><ul><li data-start=\"823\" data-end=\"944\"><strong data-start=\"823\" data-end=\"851\">Resultados uniformes y consistentes:<\/strong> Las bandejas hechas a medida garantizan que el gel blanqueador se aplique uniformemente en todos los dientes visibles.<\/li><li data-start=\"948\" data-end=\"1090\"><strong data-start=\"948\" data-end=\"976\">Suave con los dientes y las enc\u00edas:<\/strong> Nuestra f\u00f3rmula de blanqueamiento est\u00e1 especialmente dise\u00f1ada para minimizar la sensibilidad y, al mismo tiempo, iluminar eficazmente tu sonrisa.<\/li><li data-start=\"1094\" data-end=\"1241\"><strong data-start=\"1094\" data-end=\"1116\">Supervisi\u00f3n experta:<\/strong> Recibir\u00e1 atenci\u00f3n y orientaci\u00f3n de nuestro experimentado equipo en cada paso del camino, lo que garantiza una experiencia fluida y segura.<\/li><\/ul><h2 data-start=\"1248\" data-end=\"1288\">\u00bfQui\u00e9n puede beneficiarse del blanqueamiento dental?<\/h2><p data-start=\"1290\" data-end=\"1457\">El blanqueamiento profesional es un paso final popular despu\u00e9s de los brackets o el <a href=\"https:\/\/pristinesmilesorlando.com\/es\/invisalign\/\">tratamiento Invisalign\u00ae<\/a>, pero tambi\u00e9n es ideal para cualquiera que busque mejorar la apariencia de su sonrisa.<\/p><h3 data-start=\"1459\" data-end=\"1504\">Razones comunes por las que los pacientes eligen el blanqueamiento<\/h3><ul><li data-start=\"1508\" data-end=\"1556\">Manchas superficiales de caf\u00e9, t\u00e9, vino o alimentos<\/li><li data-start=\"1559\" data-end=\"1592\">Decoloraci\u00f3n natural con el tiempo<\/li><li data-start=\"1595\" data-end=\"1641\">Aumentar la confianza para eventos o hitos<\/li><li data-start=\"1644\" data-end=\"1678\">Mejorar la est\u00e9tica general de la sonrisa<\/li><\/ul><h2 data-start=\"723\" data-end=\"774\">\u00bfQu\u00e9 puede esperar del blanqueamiento profesional?<\/h2><p data-start=\"776\" data-end=\"1026\">Nuestros tratamientos de blanqueamiento est\u00e1n dise\u00f1ados para ser eficaces y suaves. Durante su visita, revisaremos sus objetivos, evaluaremos la salud de sus dientes y enc\u00edas, y le proporcionaremos f\u00e9rulas personalizadas y gel blanqueador, junto con instrucciones claras para su uso en casa. <\/p><h2 data-start=\"2226\" data-end=\"2276\">\u00bfEs el blanqueamiento profesional adecuado para su sonrisa?<\/h2><p data-start=\"2278\" data-end=\"2589\">Antes de comenzar, examinaremos sus dientes y enc\u00edas para confirmar que el blanqueamiento es apropiado para usted. En algunos casos, se pueden recomendar otros tratamientos primero, por ejemplo, si tiene caries no tratadas o problemas de enc\u00edas. Una vez que su boca est\u00e9 sana, el blanqueamiento puede ser una excelente manera de mejorar su resultado final.  <\/p><h2 data-start=\"2596\" data-end=\"2633\">Refresque su sonrisa con confianza<\/h2><p data-start=\"2635\" data-end=\"2800\">Ya sea que est\u00e9 celebrando el final de un tratamiento de ortodoncia o simplemente desee una sonrisa diaria m\u00e1s brillante, el blanqueamiento dental profesional es una opci\u00f3n segura y eficaz.<\/p><p data-start=\"2802\" data-end=\"2929\"><a href=\"https:\/\/pristinesmilesorlando.com\/es\/solicitar-una-cita\/\">Programe su cita de blanqueamiento<\/a> con la <a href=\"https:\/\/pristinesmilesorlando.com\/es\/conoce-a-la-dra-quito\/\">Dra. Priscila Quito<\/a> y d\u00e9 el paso final hacia una sonrisa m\u00e1s radiante y segura.<\/p>\t\t\t\t\t\t\t\t<\/div>\n\t\t\t\t<\/div>\n\t\t\t\t\t<\/div>\n\t\t\t\t<\/div>\n\t\t<div data-particle_enable=\"false\" data-particle-mobile-disabled=\"false\" class=\"elementor-element elementor-element-7f9a811 e-flex e-con-boxed e-con e-child\" data-id=\"7f9a811\" data-element_type=\"container\" data-e-type=\"container\">\n\t\t\t\t\t<div class=\"e-con-inner\">\n\t\t\t\t<div class=\"elementor-element elementor-element-772b936e elementor-widget elementor-widget-heading\" data-id=\"772b936e\" data-element_type=\"widget\" data-e-type=\"widget\" data-widget_type=\"heading.default\">\n\t\t\t\t<div class=\"elementor-widget-container\">\n\t\t\t\t\t<h2 class=\"elementor-heading-title elementor-size-default\">Preguntas frecuentes<\/h2>\t\t\t\t<\/div>\n\t\t\t\t<\/div>\n\t\t\t\t<div class=\"elementor-element elementor-element-798e7a34 elementor-widget__width-inherit elementor-widget elementor-widget-text-editor\" data-id=\"798e7a34\" data-element_type=\"widget\" data-e-type=\"widget\" data-widget_type=\"text-editor.default\">\n\t\t\t\t<div class=\"elementor-widget-container\">\n\t\t\t\t\t\t\t\t\t<p>\u00bfTiene m\u00e1s preguntas? Aqu\u00ed tiene algunas respuestas \u00fatiles para guiarle mientras considera este tratamiento. <\/p>\t\t\t\t\t\t\t\t<\/div>\n\t\t\t\t<\/div>\n\t\t\t\t<div class=\"elementor-element elementor-element-28a64480 elementor-widget elementor-widget-n-accordion\" data-id=\"28a64480\" data-element_type=\"widget\" data-e-type=\"widget\" data-settings=\"{&quot;default_state&quot;:&quot;all_collapsed&quot;,&quot;max_items_expended&quot;:&quot;one&quot;,&quot;n_accordion_animation_duration&quot;:{&quot;unit&quot;:&quot;ms&quot;,&quot;size&quot;:400,&quot;sizes&quot;:[]}}\" data-widget_type=\"nested-accordion.default\">\n\t\t\t\t<div class=\"elementor-widget-container\">\n\t\t\t\t\t\t\t<div class=\"e-n-accordion\" aria-label=\"Accordion. Open links with Enter or Space, close with Escape, and navigate with Arrow Keys\">\n\t\t\t\t\t\t<details id=\"e-n-accordion-item-6810\" class=\"e-n-accordion-item\" >\n\t\t\t\t<summary class=\"e-n-accordion-item-title\" data-accordion-index=\"1\" tabindex=\"0\" aria-expanded=\"false\" aria-controls=\"e-n-accordion-item-6810\" >\n\t\t\t\t\t<span class='e-n-accordion-item-title-header'><div class=\"e-n-accordion-item-title-text\"> \u00bfCu\u00e1nto suelen durar los resultados del blanqueamiento dental? <\/div><\/span>\n\t\t\t\t\t\t\t<span class='e-n-accordion-item-title-icon'>\n\t\t\t<span class='e-opened' ><i aria-hidden=\"true\" class=\"fas fa-minus\"><\/i><\/span>\n\t\t\t<span class='e-closed'><i aria-hidden=\"true\" class=\"fas fa-plus\"><\/i><\/span>\n\t\t<\/span>\n\n\t\t\t\t\t\t<\/summary>\n\t\t\t\t<div data-particle_enable=\"false\" data-particle-mobile-disabled=\"false\" role=\"region\" aria-labelledby=\"e-n-accordion-item-6810\" class=\"elementor-element elementor-element-7c096b12 e-con-full e-flex e-con e-child\" data-id=\"7c096b12\" data-element_type=\"container\" data-e-type=\"container\">\n\t\t\t\t<div class=\"elementor-element elementor-element-65f21e14 elementor-widget__width-inherit elementor-widget elementor-widget-text-editor\" data-id=\"65f21e14\" data-element_type=\"widget\" data-e-type=\"widget\" data-widget_type=\"text-editor.default\">\n\t\t\t\t<div class=\"elementor-widget-container\">\n\t\t\t\t\t\t\t\t\t<p>Los resultados var\u00edan de persona a persona, pero muchos pacientes disfrutan de una sonrisa m\u00e1s brillante durante seis meses a dos a\u00f1os. Una buena higiene bucal y la limitaci\u00f3n de alimentos y bebidas que causan manchas pueden ayudar a que sus resultados duren m\u00e1s tiempo. <\/p>\t\t\t\t\t\t\t\t<\/div>\n\t\t\t\t<\/div>\n\t\t\t\t<\/div>\n\t\t\t\t\t<\/details>\n\t\t\t\t\t\t<details id=\"e-n-accordion-item-6811\" class=\"e-n-accordion-item\" >\n\t\t\t\t<summary class=\"e-n-accordion-item-title\" data-accordion-index=\"2\" tabindex=\"-1\" aria-expanded=\"false\" aria-controls=\"e-n-accordion-item-6811\" >\n\t\t\t\t\t<span class='e-n-accordion-item-title-header'><div class=\"e-n-accordion-item-title-text\"> \u00bfFuncionar\u00e1 el blanqueamiento en coronas, carillas o empastes? <\/div><\/span>\n\t\t\t\t\t\t\t<span class='e-n-accordion-item-title-icon'>\n\t\t\t<span class='e-opened' ><i aria-hidden=\"true\" class=\"fas fa-minus\"><\/i><\/span>\n\t\t\t<span class='e-closed'><i aria-hidden=\"true\" class=\"fas fa-plus\"><\/i><\/span>\n\t\t<\/span>\n\n\t\t\t\t\t\t<\/summary>\n\t\t\t\t<div data-particle_enable=\"false\" data-particle-mobile-disabled=\"false\" role=\"region\" aria-labelledby=\"e-n-accordion-item-6811\" class=\"elementor-element elementor-element-3d697e30 e-con-full e-flex e-con e-child\" data-id=\"3d697e30\" data-element_type=\"container\" data-e-type=\"container\">\n\t\t\t\t<div class=\"elementor-element elementor-element-78cfe79e elementor-widget elementor-widget-text-editor\" data-id=\"78cfe79e\" data-element_type=\"widget\" data-e-type=\"widget\" data-widget_type=\"text-editor.default\">\n\t\t\t\t<div class=\"elementor-widget-container\">\n\t\t\t\t\t\t\t\t\t<p>No. El gel blanqueador ilumina el esmalte dental natural, pero no cambia el tono de las coronas, las carillas o los empastes. Si est\u00e1 planeando un trabajo cosm\u00e9tico, podemos recomendarle que se blanquee primero y luego que haga coincidir las nuevas restauraciones con su tono m\u00e1s claro.  <\/p>\t\t\t\t\t\t\t\t<\/div>\n\t\t\t\t<\/div>\n\t\t\t\t<\/div>\n\t\t\t\t\t<\/details>\n\t\t\t\t\t\t<details id=\"e-n-accordion-item-6812\" class=\"e-n-accordion-item\" >\n\t\t\t\t<summary class=\"e-n-accordion-item-title\" data-accordion-index=\"3\" tabindex=\"-1\" aria-expanded=\"false\" aria-controls=\"e-n-accordion-item-6812\" >\n\t\t\t\t\t<span class='e-n-accordion-item-title-header'><div class=\"e-n-accordion-item-title-text\"> \u00bfEs seguro el blanqueamiento profesional para los dientes sensibles? <\/div><\/span>\n\t\t\t\t\t\t\t<span class='e-n-accordion-item-title-icon'>\n\t\t\t<span class='e-opened' ><i aria-hidden=\"true\" class=\"fas fa-minus\"><\/i><\/span>\n\t\t\t<span class='e-closed'><i aria-hidden=\"true\" class=\"fas fa-plus\"><\/i><\/span>\n\t\t<\/span>\n\n\t\t\t\t\t\t<\/summary>\n\t\t\t\t<div data-particle_enable=\"false\" data-particle-mobile-disabled=\"false\" role=\"region\" aria-labelledby=\"e-n-accordion-item-6812\" class=\"elementor-element elementor-element-59bc3280 e-con-full e-flex e-con e-child\" data-id=\"59bc3280\" data-element_type=\"container\" data-e-type=\"container\">\n\t\t\t\t<div class=\"elementor-element elementor-element-202cb259 elementor-widget__width-inherit elementor-widget elementor-widget-text-editor\" data-id=\"202cb259\" data-element_type=\"widget\" data-e-type=\"widget\" data-widget_type=\"text-editor.default\">\n\t\t\t\t<div class=\"elementor-widget-container\">\n\t\t\t\t\t\t\t\t\t<p>S\u00ed, en la mayor\u00eda de los casos. Si tiene dientes sensibles, podemos ajustar la fuerza del gel, recomendar tiempos de uso m\u00e1s cortos o sugerir productos desensibilizantes antes y despu\u00e9s del tratamiento para que se sienta c\u00f3modo. <\/p>\t\t\t\t\t\t\t\t<\/div>\n\t\t\t\t<\/div>\n\t\t\t\t<\/div>\n\t\t\t\t\t<\/details>\n\t\t\t\t\t\t<details id=\"e-n-accordion-item-6813\" class=\"e-n-accordion-item\" >\n\t\t\t\t<summary class=\"e-n-accordion-item-title\" data-accordion-index=\"4\" tabindex=\"-1\" aria-expanded=\"false\" aria-controls=\"e-n-accordion-item-6813\" >\n\t\t\t\t\t<span class='e-n-accordion-item-title-header'><div class=\"e-n-accordion-item-title-text\"> \u00bfC\u00f3mo debo prepararme antes del blanqueamiento? <\/div><\/span>\n\t\t\t\t\t\t\t<span class='e-n-accordion-item-title-icon'>\n\t\t\t<span class='e-opened' ><i aria-hidden=\"true\" class=\"fas fa-minus\"><\/i><\/span>\n\t\t\t<span class='e-closed'><i aria-hidden=\"true\" class=\"fas fa-plus\"><\/i><\/span>\n\t\t<\/span>\n\n\t\t\t\t\t\t<\/summary>\n\t\t\t\t<div data-particle_enable=\"false\" data-particle-mobile-disabled=\"false\" role=\"region\" aria-labelledby=\"e-n-accordion-item-6813\" class=\"elementor-element elementor-element-37e7bc1a e-con-full e-flex e-con e-child\" data-id=\"37e7bc1a\" data-element_type=\"container\" data-e-type=\"container\">\n\t\t\t\t<div class=\"elementor-element elementor-element-5919ef75 elementor-widget__width-inherit elementor-widget elementor-widget-text-editor\" data-id=\"5919ef75\" data-element_type=\"widget\" data-e-type=\"widget\" data-widget_type=\"text-editor.default\">\n\t\t\t\t<div class=\"elementor-widget-container\">\n\t\t\t\t\t\t\t\t\t<p>Lo mejor es hacerse primero un examen y una limpieza de rutina para eliminar la placa y las manchas superficiales. Esto ayuda a que el gel blanqueador funcione de manera m\u00e1s uniforme y, a menudo, mejora el resultado final. <\/p>\t\t\t\t\t\t\t\t<\/div>\n\t\t\t\t<\/div>\n\t\t\t\t<\/div>\n\t\t\t\t\t<\/details>\n\t\t\t\t\t\t<details id=\"e-n-accordion-item-6814\" class=\"e-n-accordion-item\" >\n\t\t\t\t<summary class=\"e-n-accordion-item-title\" data-accordion-index=\"5\" tabindex=\"-1\" aria-expanded=\"false\" aria-controls=\"e-n-accordion-item-6814\" >\n\t\t\t\t\t<span class='e-n-accordion-item-title-header'><div class=\"e-n-accordion-item-title-text\"> \u00bfCon qu\u00e9 frecuencia puedo blanquearme los dientes? <\/div><\/span>\n\t\t\t\t\t\t\t<span class='e-n-accordion-item-title-icon'>\n\t\t\t<span class='e-opened' ><i aria-hidden=\"true\" class=\"fas fa-minus\"><\/i><\/span>\n\t\t\t<span class='e-closed'><i aria-hidden=\"true\" class=\"fas fa-plus\"><\/i><\/span>\n\t\t<\/span>\n\n\t\t\t\t\t\t<\/summary>\n\t\t\t\t<div data-particle_enable=\"false\" data-particle-mobile-disabled=\"false\" role=\"region\" aria-labelledby=\"e-n-accordion-item-6814\" class=\"elementor-element elementor-element-139e41bb e-con-full e-flex e-con e-child\" data-id=\"139e41bb\" data-element_type=\"container\" data-e-type=\"container\">\n\t\t\t\t<div class=\"elementor-element elementor-element-4164fef4 elementor-widget__width-inherit elementor-widget elementor-widget-text-editor\" data-id=\"4164fef4\" data-element_type=\"widget\" data-e-type=\"widget\" data-widget_type=\"text-editor.default\">\n\t\t\t\t<div class=\"elementor-widget-container\">\n\t\t\t\t\t\t\t\t\t<p>La mayor\u00eda de los pacientes solo necesitan una serie completa de blanqueamiento ocasionalmente, y luego usan peque\u00f1os retoques seg\u00fan sea necesario. Su dentista le recomendar\u00e1 un programa que proteja su esmalte y evite el blanqueamiento excesivo. <\/p>\t\t\t\t\t\t\t\t<\/div>\n\t\t\t\t<\/div>\n\t\t\t\t<\/div>\n\t\t\t\t\t<\/details>\n\t\t\t\t\t<\/div>\n\t\t\t\t\t<script type=\"application\/ld+json\">{\"@context\":\"https:\\\/\\\/schema.org\",\"@type\":\"FAQPage\",\"mainEntity\":[{\"@type\":\"Question\",\"name\":\"\\u00bfCu\\u00e1nto suelen durar los resultados del blanqueamiento dental?\",\"acceptedAnswer\":{\"@type\":\"Answer\",\"text\":\"Los resultados var\\u00edan de persona a persona, pero muchos pacientes disfrutan de una sonrisa m\\u00e1s brillante durante seis meses a dos a\\u00f1os. Una buena higiene bucal y la limitaci\\u00f3n de alimentos y bebidas que causan manchas pueden ayudar a que sus resultados duren m\\u00e1s tiempo.\"}},{\"@type\":\"Question\",\"name\":\"\\u00bfFuncionar\\u00e1 el blanqueamiento en coronas, carillas o empastes?\",\"acceptedAnswer\":{\"@type\":\"Answer\",\"text\":\"No. El gel blanqueador ilumina el esmalte dental natural, pero no cambia el tono de las coronas, las carillas o los empastes. Si est\\u00e1 planeando un trabajo cosm\\u00e9tico, podemos recomendarle que se blanquee primero y luego que haga coincidir las nuevas restauraciones con su tono m\\u00e1s claro.\"}},{\"@type\":\"Question\",\"name\":\"\\u00bfEs seguro el blanqueamiento profesional para los dientes sensibles?\",\"acceptedAnswer\":{\"@type\":\"Answer\",\"text\":\"S\\u00ed, en la mayor\\u00eda de los casos. Si tiene dientes sensibles, podemos ajustar la fuerza del gel, recomendar tiempos de uso m\\u00e1s cortos o sugerir productos desensibilizantes antes y despu\\u00e9s del tratamiento para que se sienta c\\u00f3modo.\"}},{\"@type\":\"Question\",\"name\":\"\\u00bfC\\u00f3mo debo prepararme antes del blanqueamiento?\",\"acceptedAnswer\":{\"@type\":\"Answer\",\"text\":\"Lo mejor es hacerse primero un examen y una limpieza de rutina para eliminar la placa y las manchas superficiales. Esto ayuda a que el gel blanqueador funcione de manera m\\u00e1s uniforme y, a menudo, mejora el resultado final.\"}},{\"@type\":\"Question\",\"name\":\"\\u00bfCon qu\\u00e9 frecuencia puedo blanquearme los dientes?\",\"acceptedAnswer\":{\"@type\":\"Answer\",\"text\":\"La mayor\\u00eda de los pacientes solo necesitan una serie completa de blanqueamiento ocasionalmente, y luego usan peque\\u00f1os retoques seg\\u00fan sea necesario. Su dentista le recomendar\\u00e1 un programa que proteja su esmalte y evite el blanqueamiento excesivo.\"}}]}<\/script>\n\t\t\t\t\t\t\t<\/div>\n\t\t\t\t<\/div>\n\t\t\t\t\t<\/div>\n\t\t\t\t<\/div>\n\t\t\t\t<\/div>\n\t\t","protected":false},"excerpt":{"rendered":"<p>Blanqueamiento dental profesional Ofrecemos servicios profesionales de blanqueamiento dental dise\u00f1ados para proporcionar a su sonrisa un brillo radiante y seguro de forma segura y c\u00f3moda. \u00bfQu\u00e9 es el blanqueamiento dental profesional? El blanqueamiento dental profesional utiliza un gel blanqueador supervisado por un dentista y unas f\u00e9rulas hechas a medida para eliminar las manchas y la decoloraci\u00f3n de los [&hellip;]<\/p>\n","protected":false},"author":2,"featured_media":0,"parent":0,"menu_order":42,"comment_status":"open","ping_status":"closed","template":"","meta":{"_seopress_robots_primary_cat":"","_seopress_titles_title":"Blanqueamiento dental Orlando FL | Pristine Smiles","_seopress_titles_desc":"El blanqueamiento dental profesional ilumina tu sonrisa de forma segura, elimina las manchas y mejora la est\u00e9tica dental general con la supervisi\u00f3n de expertos para obtener resultados \u00f3ptimos.","_seopress_robots_index":"","footnotes":""},"class_list":["post-5582","page","type-page","status-publish"],"_links":{"self":[{"href":"https:\/\/pristinesmilesorlando.com\/es\/wp-json\/wp\/v2\/pages\/5582","targetHints":{"allow":["GET"]}}],"collection":[{"href":"https:\/\/pristinesmilesorlando.com\/es\/wp-json\/wp\/v2\/pages"}],"about":[{"href":"https:\/\/pristinesmilesorlando.com\/es\/wp-json\/wp\/v2\/types\/page"}],"author":[{"embeddable":true,"href":"https:\/\/pristinesmilesorlando.com\/es\/wp-json\/wp\/v2\/users\/2"}],"replies":[{"embeddable":true,"href":"https:\/\/pristinesmilesorlando.com\/es\/wp-json\/wp\/v2\/comments?post=5582"}],"version-history":[{"count":9,"href":"https:\/\/pristinesmilesorlando.com\/es\/wp-json\/wp\/v2\/pages\/5582\/revisions"}],"predecessor-version":[{"id":7176,"href":"https:\/\/pristinesmilesorlando.com\/es\/wp-json\/wp\/v2\/pages\/5582\/revisions\/7176"}],"wp:attachment":[{"href":"https:\/\/pristinesmilesorlando.com\/es\/wp-json\/wp\/v2\/media?parent=5582"}],"curies":[{"name":"wp","href":"https:\/\/api.w.org\/{rel}","templated":true}]}}