{"id":5633,"date":"2025-07-30T00:38:31","date_gmt":"2025-07-30T00:38:31","guid":{"rendered":"https:\/\/pristinesmilesorlando.com\/limpieza-dental\/"},"modified":"2026-01-26T00:28:31","modified_gmt":"2026-01-26T00:28:31","slug":"limpieza-dental","status":"publish","type":"page","link":"https:\/\/pristinesmilesorlando.com\/es\/limpieza-dental\/","title":{"rendered":"Limpieza dental"},"content":{"rendered":"\t\t<div data-elementor-type=\"wp-page\" data-elementor-id=\"5633\" class=\"elementor elementor-5633 elementor-5054\" data-elementor-post-type=\"page\">\n\t\t\t\t<div data-particle_enable=\"false\" data-particle-mobile-disabled=\"false\" class=\"elementor-element elementor-element-5ba2b6a e-flex e-con-boxed e-con e-parent\" data-id=\"5ba2b6a\" data-element_type=\"container\" data-e-type=\"container\">\n\t\t\t\t\t<div class=\"e-con-inner\">\n\t\t\t\t<div class=\"elementor-element elementor-element-45dbf18 elementor-widget elementor-widget-heading\" data-id=\"45dbf18\" data-element_type=\"widget\" data-e-type=\"widget\" data-widget_type=\"heading.default\">\n\t\t\t\t<div class=\"elementor-widget-container\">\n\t\t\t\t\t<h1 class=\"elementor-heading-title elementor-size-default\">Limpieza dental preventiva<\/h1>\t\t\t\t<\/div>\n\t\t\t\t<\/div>\n\t\t\t\t<div class=\"elementor-element elementor-element-cbb36e5 elementor-widget elementor-widget-text-editor\" data-id=\"cbb36e5\" data-element_type=\"widget\" data-e-type=\"widget\" data-widget_type=\"text-editor.default\">\n\t\t\t\t<div class=\"elementor-widget-container\">\n\t\t\t\t\t\t\t\t\t<p data-start=\"320\" data-end=\"601\">Creemos que una buena salud bucal comienza con una atenci\u00f3n preventiva de rutina, que incluye limpiezas profesionales peri\u00f3dicas. Estas visitas hacen m\u00e1s que pulir sus dientes; ayudan a prevenir la enfermedad de las enc\u00edas, la caries dental y las costosas emergencias dentales en el futuro. <\/p><p data-start=\"603\" data-end=\"862\">Entre las citas, tus h\u00e1bitos diarios de higiene bucal, cepillarte, usar hilo dental y llevar una dieta equilibrada, juegan un papel clave en la protecci\u00f3n de tu sonrisa. Pero incluso con un buen cuidado en casa, las limpiezas profesionales son esenciales para mantener tu boca sana a largo plazo. <\/p><h2 data-start=\"869\" data-end=\"905\">\u00bfPor qu\u00e9 es tan importante la higiene bucal?<\/h2><p data-start=\"907\" data-end=\"1207\">Los estudios demuestran que los adultos mayores de 35 a\u00f1os pierden m\u00e1s dientes por enfermedades de las enc\u00edas que por <a href=\"https:\/\/pristinesmilesorlando.com\/es\/empastes-dentales\/\">caries<\/a>, y casi el 75% experimentar\u00e1 alguna forma de enfermedad periodontal durante su vida. El cepillado y el uso de hilo dental diarios ayudan, pero las limpiezas rutinarias en nuestra consulta son clave para prevenir la acumulaci\u00f3n de sarro y detectar problemas a tiempo.<\/p><h3 data-start=\"1209\" data-end=\"1237\">\u00bfQu\u00e9 causa la enfermedad de las enc\u00edas?<\/h3><p data-start=\"1239\" data-end=\"1492\">Tanto la caries dental como la enfermedad periodontal son causadas por la placa bacteriana, una pel\u00edcula incolora y pegajosa que se forma constantemente a lo largo de la l\u00ednea de las enc\u00edas. Cuando no se trata, la placa se endurece y se convierte en sarro, lo que provoca inflamaci\u00f3n, infecci\u00f3n y retracci\u00f3n de las enc\u00edas. <\/p><p data-start=\"1494\" data-end=\"1625\">El cuidado constante en casa combinado con limpiezas dentales profesionales es la mejor defensa contra la placa, la caries y la enfermedad de las enc\u00edas.<\/p><h2 data-start=\"1632\" data-end=\"1677\">\u00bfQu\u00e9 puede esperar durante su limpieza dental?<\/h2><p data-start=\"1679\" data-end=\"1800\">Tu visita de limpieza suele durar una hora e incluye mucho m\u00e1s que un simple pulido. Esto es lo que puede esperar:<\/p><ul><li data-start=\"1804\" data-end=\"1833\">Un examen dental completo<\/li><li data-start=\"1836\" data-end=\"1886\">Evaluaci\u00f3n de la salud de las enc\u00edas y registro periodontal<\/li><li data-start=\"1889\" data-end=\"1914\">Detecci\u00f3n de c\u00e1ncer oral<\/li><li data-start=\"1917\" data-end=\"1946\">Radiograf\u00edas digitales, si es necesario<\/li><li data-start=\"1949\" data-end=\"1978\">Eliminaci\u00f3n de placa y sarro<\/li><li data-start=\"1981\" data-end=\"2031\">Tratamiento con fl\u00faor para pacientes propensos a la caries<\/li><li data-start=\"2034\" data-end=\"2098\">Consejos personalizados de higiene bucal para proteger tu sonrisa en casa<\/li><\/ul><p data-start=\"2100\" data-end=\"2258\">Estas visitas tambi\u00e9n le brindan la oportunidad de conectar con la <a href=\"https:\/\/pristinesmilesorlando.com\/es\/conoce-a-la-dra-quito\/\">Dra. Priscila Quito<\/a>, hacer preguntas y aprender a evitar procedimientos m\u00e1s invasivos en el futuro.<\/p><h2 data-start=\"2265\" data-end=\"2289\">C\u00f3mo cepillarse correctamente<\/h2><p data-start=\"2291\" data-end=\"2448\">La Dra. Quito recomienda cepillarse con un cepillo de dientes de cerdas suaves utilizando movimientos circulares suaves. Aqu\u00ed tiene una gu\u00eda paso a paso para un cepillado eficaz: <\/p><ol><li data-start=\"2453\" data-end=\"2525\">Sujeta tu cepillo en un \u00e1ngulo de 45 grados donde tus dientes se unen a las enc\u00edas.<\/li><li data-start=\"2529\" data-end=\"2589\">Usa movimientos peque\u00f1os y circulares para cepillar las superficies exteriores.<\/li><li data-start=\"2593\" data-end=\"2655\">Limpia el interior de tus dientes posteriores usando el mismo movimiento.<\/li><li data-start=\"2744\" data-end=\"2804\">Limpia las superficies de masticaci\u00f3n con movimientos cortos y amplios.<\/li><li data-start=\"2808\" data-end=\"2874\">Termina cepillando suavemente la l\u00ednea de las enc\u00edas para eliminar la placa oculta.<\/li><li data-start=\"2878\" data-end=\"2928\">Enjuaga bien para eliminar los residuos sueltos.<\/li><\/ol><p data-start=\"2932\" data-end=\"3072\">Si siente molestias o tiene preguntas sobre la t\u00e9cnica, no dude en llamar a nuestra consulta.<\/p><h2 data-start=\"3079\" data-end=\"3106\">C\u00f3mo usar el hilo dental eficazmente<\/h2><p data-start=\"3108\" data-end=\"3288\">El hilo dental llega a las \u00e1reas entre los dientes donde el cepillo no puede, que es donde suele comenzar la enfermedad de las enc\u00edas. Aprender la t\u00e9cnica adecuada es esencial. A continuaci\u00f3n, le indicamos c\u00f3mo hacerlo:  <\/p><ol><li data-start=\"3293\" data-end=\"3402\">Usa unos 45 cm de hilo dental y enrolla la mayor parte alrededor de un dedo coraz\u00f3n, el resto alrededor del dedo opuesto.<\/li><li data-start=\"3406\" data-end=\"3466\">Sujeta el hilo dental tenso entre tus pulgares e \u00edndices.<\/li><li data-start=\"3470\" data-end=\"3559\">Gu\u00ede suavemente el hilo dental entre los dientes con un movimiento de vaiv\u00e9n; nunca lo haga bruscamente.<\/li><li data-start=\"3563\" data-end=\"3656\">Curva el hilo dental en forma de C contra un diente y desl\u00edzalo suavemente debajo de la l\u00ednea de las enc\u00edas.<\/li><li data-start=\"3660\" data-end=\"3717\">Mueve el hilo dental hacia arriba y hacia abajo contra la superficie del diente.<\/li><li data-start=\"3721\" data-end=\"3794\">Repite para el diente adyacente y contin\u00faa para cada espacio entre los dientes.<\/li><li data-start=\"3798\" data-end=\"3852\">Usa una secci\u00f3n nueva de hilo dental a medida que se ensucie.<\/li><li data-start=\"3856\" data-end=\"3943\">No olvide limpiar la parte posterior de sus \u00faltimas muelas, tanto en la fila superior como en la inferior.<\/li><li data-start=\"3947\" data-end=\"4013\">Enjuaga bien cuando termines para eliminar la placa y los residuos sueltos.<\/li><\/ol><p data-start=\"4017\" data-end=\"4158\">Es normal sentir una ligera molestia o sangrado durante tus primeros d\u00edas de uso de hilo dental. A medida que tus enc\u00edas sanen y la inflamaci\u00f3n se reduzca, el sangrado deber\u00eda detenerse. <\/p><h2 data-start=\"4165\" data-end=\"4216\">Mantente al tanto de los problemas dentales con el cuidado preventivo<\/h2><p data-start=\"4218\" data-end=\"4472\">Las limpiezas peri\u00f3dicas no solo eliminan la acumulaci\u00f3n de sarro, sino que tambi\u00e9n permiten a nuestro equipo controlar su salud bucal y detectar problemas a tiempo, cuando son m\u00e1s f\u00e1ciles y asequibles de tratar. Las limpiezas son una inversi\u00f3n importante en su salud, comodidad y confianza a largo plazo. <\/p>\t\t\t\t\t\t\t\t<\/div>\n\t\t\t\t<\/div>\n\t\t\t\t\t<\/div>\n\t\t\t\t<\/div>\n\t\t<div data-particle_enable=\"false\" data-particle-mobile-disabled=\"false\" class=\"elementor-element elementor-element-27d435e5 e-flex e-con-boxed e-con e-child\" data-id=\"27d435e5\" data-element_type=\"container\" data-e-type=\"container\">\n\t\t\t\t\t<div class=\"e-con-inner\">\n\t\t\t\t<div class=\"elementor-element elementor-element-ef36cc8 elementor-widget elementor-widget-heading\" data-id=\"ef36cc8\" data-element_type=\"widget\" data-e-type=\"widget\" data-widget_type=\"heading.default\">\n\t\t\t\t<div class=\"elementor-widget-container\">\n\t\t\t\t\t<h2 class=\"elementor-heading-title elementor-size-default\">Preguntas frecuentes<\/h2>\t\t\t\t<\/div>\n\t\t\t\t<\/div>\n\t\t\t\t<div class=\"elementor-element elementor-element-399f0e27 elementor-widget__width-inherit elementor-widget elementor-widget-text-editor\" data-id=\"399f0e27\" data-element_type=\"widget\" data-e-type=\"widget\" data-widget_type=\"text-editor.default\">\n\t\t\t\t<div class=\"elementor-widget-container\">\n\t\t\t\t\t\t\t\t\t<p data-start=\"123\" data-end=\"322\">Si tiene curiosidad por saber c\u00f3mo las limpiezas preventivas protegen su sonrisa, no est\u00e1 solo. Estas preguntas frecuentes responden a las preguntas m\u00e1s comunes que hacen los pacientes sobre c\u00f3mo mantener sus dientes y enc\u00edas sanos. <\/p>\t\t\t\t\t\t\t\t<\/div>\n\t\t\t\t<\/div>\n\t\t\t\t<div class=\"elementor-element elementor-element-422cd9b5 elementor-widget elementor-widget-n-accordion\" data-id=\"422cd9b5\" data-element_type=\"widget\" data-e-type=\"widget\" data-settings=\"{&quot;default_state&quot;:&quot;expanded&quot;,&quot;max_items_expended&quot;:&quot;one&quot;,&quot;n_accordion_animation_duration&quot;:{&quot;unit&quot;:&quot;ms&quot;,&quot;size&quot;:400,&quot;sizes&quot;:[]}}\" data-widget_type=\"nested-accordion.default\">\n\t\t\t\t<div class=\"elementor-widget-container\">\n\t\t\t\t\t\t\t<div class=\"e-n-accordion\" aria-label=\"Accordion. Open links with Enter or Space, close with Escape, and navigate with Arrow Keys\">\n\t\t\t\t\t\t<details id=\"e-n-accordion-item-1110\" class=\"e-n-accordion-item\" open>\n\t\t\t\t<summary class=\"e-n-accordion-item-title\" data-accordion-index=\"1\" tabindex=\"0\" aria-expanded=\"true\" aria-controls=\"e-n-accordion-item-1110\" >\n\t\t\t\t\t<span class='e-n-accordion-item-title-header'><div class=\"e-n-accordion-item-title-text\"> \u00bfCon qu\u00e9 frecuencia debo hacerme una limpieza dental en Orlando? <\/div><\/span>\n\t\t\t\t\t\t\t<span class='e-n-accordion-item-title-icon'>\n\t\t\t<span class='e-opened' ><i aria-hidden=\"true\" class=\"fas fa-minus\"><\/i><\/span>\n\t\t\t<span class='e-closed'><i aria-hidden=\"true\" class=\"fas fa-plus\"><\/i><\/span>\n\t\t<\/span>\n\n\t\t\t\t\t\t<\/summary>\n\t\t\t\t<div data-particle_enable=\"false\" data-particle-mobile-disabled=\"false\" role=\"region\" aria-labelledby=\"e-n-accordion-item-1110\" class=\"elementor-element elementor-element-3d84915e e-con-full e-flex e-con e-child\" data-id=\"3d84915e\" data-element_type=\"container\" data-e-type=\"container\">\n\t\t\t\t<div class=\"elementor-element elementor-element-7419f86e elementor-widget__width-inherit elementor-widget elementor-widget-text-editor\" data-id=\"7419f86e\" data-element_type=\"widget\" data-e-type=\"widget\" data-widget_type=\"text-editor.default\">\n\t\t\t\t<div class=\"elementor-widget-container\">\n\t\t\t\t\t\t\t\t\t<p>La mayor\u00eda de los pacientes se benefician de una limpieza profesional cada seis meses, pero los pacientes con enfermedad de las enc\u00edas o acumulaci\u00f3n excesiva de placa pueden necesitar visitas cada tres o cuatro meses. La Dra. Quito le recomendar\u00e1 un programa adaptado a su salud bucal. <\/p>\t\t\t\t\t\t\t\t<\/div>\n\t\t\t\t<\/div>\n\t\t\t\t<\/div>\n\t\t\t\t\t<\/details>\n\t\t\t\t\t\t<details id=\"e-n-accordion-item-1111\" class=\"e-n-accordion-item\" >\n\t\t\t\t<summary class=\"e-n-accordion-item-title\" data-accordion-index=\"2\" tabindex=\"-1\" aria-expanded=\"false\" aria-controls=\"e-n-accordion-item-1111\" >\n\t\t\t\t\t<span class='e-n-accordion-item-title-header'><div class=\"e-n-accordion-item-title-text\"> \u00bfEs dolorosa una limpieza dental? <\/div><\/span>\n\t\t\t\t\t\t\t<span class='e-n-accordion-item-title-icon'>\n\t\t\t<span class='e-opened' ><i aria-hidden=\"true\" class=\"fas fa-minus\"><\/i><\/span>\n\t\t\t<span class='e-closed'><i aria-hidden=\"true\" class=\"fas fa-plus\"><\/i><\/span>\n\t\t<\/span>\n\n\t\t\t\t\t\t<\/summary>\n\t\t\t\t<div data-particle_enable=\"false\" data-particle-mobile-disabled=\"false\" role=\"region\" aria-labelledby=\"e-n-accordion-item-1111\" class=\"elementor-element elementor-element-789deb90 e-con-full e-flex e-con e-child\" data-id=\"789deb90\" data-element_type=\"container\" data-e-type=\"container\">\n\t\t\t\t<div class=\"elementor-element elementor-element-79117c62 elementor-widget elementor-widget-text-editor\" data-id=\"79117c62\" data-element_type=\"widget\" data-e-type=\"widget\" data-widget_type=\"text-editor.default\">\n\t\t\t\t<div class=\"elementor-widget-container\">\n\t\t\t\t\t\t\t\t\t<p>Las limpiezas son generalmente c\u00f3modas y la mayor\u00eda de los pacientes solo sienten una ligera presi\u00f3n. Si sus enc\u00edas est\u00e1n inflamadas o sensibles, podemos utilizar t\u00e9cnicas suaves u opciones de anestesia para que se relaje durante toda la visita. <\/p>\t\t\t\t\t\t\t\t<\/div>\n\t\t\t\t<\/div>\n\t\t\t\t<\/div>\n\t\t\t\t\t<\/details>\n\t\t\t\t\t\t<details id=\"e-n-accordion-item-1112\" class=\"e-n-accordion-item\" >\n\t\t\t\t<summary class=\"e-n-accordion-item-title\" data-accordion-index=\"3\" tabindex=\"-1\" aria-expanded=\"false\" aria-controls=\"e-n-accordion-item-1112\" >\n\t\t\t\t\t<span class='e-n-accordion-item-title-header'><div class=\"e-n-accordion-item-title-text\"> \u00bfCu\u00e1l es la diferencia entre una limpieza regular y una limpieza profunda? <\/div><\/span>\n\t\t\t\t\t\t\t<span class='e-n-accordion-item-title-icon'>\n\t\t\t<span class='e-opened' ><i aria-hidden=\"true\" class=\"fas fa-minus\"><\/i><\/span>\n\t\t\t<span class='e-closed'><i aria-hidden=\"true\" class=\"fas fa-plus\"><\/i><\/span>\n\t\t<\/span>\n\n\t\t\t\t\t\t<\/summary>\n\t\t\t\t<div data-particle_enable=\"false\" data-particle-mobile-disabled=\"false\" role=\"region\" aria-labelledby=\"e-n-accordion-item-1112\" class=\"elementor-element elementor-element-16d134bc e-con-full e-flex e-con e-child\" data-id=\"16d134bc\" data-element_type=\"container\" data-e-type=\"container\">\n\t\t\t\t<div class=\"elementor-element elementor-element-f83dd24 elementor-widget__width-inherit elementor-widget elementor-widget-text-editor\" data-id=\"f83dd24\" data-element_type=\"widget\" data-e-type=\"widget\" data-widget_type=\"text-editor.default\">\n\t\t\t\t<div class=\"elementor-widget-container\">\n\t\t\t\t\t\t\t\t\t<p>Una limpieza regular se centra en pulir los dientes y eliminar la placa por encima de la l\u00ednea de las enc\u00edas. Una limpieza profunda trata la enfermedad de las enc\u00edas limpiando por debajo de las enc\u00edas y alisando las ra\u00edces para reducir las bacterias y la inflamaci\u00f3n. <\/p>\t\t\t\t\t\t\t\t<\/div>\n\t\t\t\t<\/div>\n\t\t\t\t<\/div>\n\t\t\t\t\t<\/details>\n\t\t\t\t\t\t<details id=\"e-n-accordion-item-1113\" class=\"e-n-accordion-item\" >\n\t\t\t\t<summary class=\"e-n-accordion-item-title\" data-accordion-index=\"4\" tabindex=\"-1\" aria-expanded=\"false\" aria-controls=\"e-n-accordion-item-1113\" >\n\t\t\t\t\t<span class='e-n-accordion-item-title-header'><div class=\"e-n-accordion-item-title-text\"> \u00bfPueden las limpiezas profesionales ayudar con el mal aliento? <\/div><\/span>\n\t\t\t\t\t\t\t<span class='e-n-accordion-item-title-icon'>\n\t\t\t<span class='e-opened' ><i aria-hidden=\"true\" class=\"fas fa-minus\"><\/i><\/span>\n\t\t\t<span class='e-closed'><i aria-hidden=\"true\" class=\"fas fa-plus\"><\/i><\/span>\n\t\t<\/span>\n\n\t\t\t\t\t\t<\/summary>\n\t\t\t\t<div data-particle_enable=\"false\" data-particle-mobile-disabled=\"false\" role=\"region\" aria-labelledby=\"e-n-accordion-item-1113\" class=\"elementor-element elementor-element-41ee148 e-con-full e-flex e-con e-child\" data-id=\"41ee148\" data-element_type=\"container\" data-e-type=\"container\">\n\t\t\t\t<div class=\"elementor-element elementor-element-687b2672 elementor-widget__width-inherit elementor-widget elementor-widget-text-editor\" data-id=\"687b2672\" data-element_type=\"widget\" data-e-type=\"widget\" data-widget_type=\"text-editor.default\">\n\t\t\t\t<div class=\"elementor-widget-container\">\n\t\t\t\t\t\t\t\t\t<p>S\u00ed. El mal aliento persistente suele estar causado por la placa, el sarro o una infecci\u00f3n de las enc\u00edas. Una limpieza profesional elimina las bacterias que causan el mal olor y ayuda a mantener el aliento m\u00e1s fresco entre las visitas.  <\/p>\t\t\t\t\t\t\t\t<\/div>\n\t\t\t\t<\/div>\n\t\t\t\t<\/div>\n\t\t\t\t\t<\/details>\n\t\t\t\t\t\t<details id=\"e-n-accordion-item-1114\" class=\"e-n-accordion-item\" >\n\t\t\t\t<summary class=\"e-n-accordion-item-title\" data-accordion-index=\"5\" tabindex=\"-1\" aria-expanded=\"false\" aria-controls=\"e-n-accordion-item-1114\" >\n\t\t\t\t\t<span class='e-n-accordion-item-title-header'><div class=\"e-n-accordion-item-title-text\"> \u00bfSon seguras las limpiezas dentales durante el embarazo? <\/div><\/span>\n\t\t\t\t\t\t\t<span class='e-n-accordion-item-title-icon'>\n\t\t\t<span class='e-opened' ><i aria-hidden=\"true\" class=\"fas fa-minus\"><\/i><\/span>\n\t\t\t<span class='e-closed'><i aria-hidden=\"true\" class=\"fas fa-plus\"><\/i><\/span>\n\t\t<\/span>\n\n\t\t\t\t\t\t<\/summary>\n\t\t\t\t<div data-particle_enable=\"false\" data-particle-mobile-disabled=\"false\" role=\"region\" aria-labelledby=\"e-n-accordion-item-1114\" class=\"elementor-element elementor-element-527c1bdd e-con-full e-flex e-con e-child\" data-id=\"527c1bdd\" data-element_type=\"container\" data-e-type=\"container\">\n\t\t\t\t<div class=\"elementor-element elementor-element-57bff296 elementor-widget__width-inherit elementor-widget elementor-widget-text-editor\" data-id=\"57bff296\" data-element_type=\"widget\" data-e-type=\"widget\" data-widget_type=\"text-editor.default\">\n\t\t\t\t<div class=\"elementor-widget-container\">\n\t\t\t\t\t\t\t\t\t<p data-start=\"2982\" data-end=\"3216\">Por supuesto. Las limpiezas preventivas son recomendables y seguras durante el embarazo, especialmente en el segundo trimestre. Una buena higiene bucal reduce el riesgo de inflamaci\u00f3n de las enc\u00edas relacionada con el embarazo.  <\/p>\t\t\t\t\t\t\t\t<\/div>\n\t\t\t\t<\/div>\n\t\t\t\t<\/div>\n\t\t\t\t\t<\/details>\n\t\t\t\t\t<\/div>\n\t\t\t\t\t<script type=\"application\/ld+json\">{\"@context\":\"https:\\\/\\\/schema.org\",\"@type\":\"FAQPage\",\"mainEntity\":[{\"@type\":\"Question\",\"name\":\"\\u00bfCon qu\\u00e9 frecuencia debo hacerme una limpieza dental en Orlando?\",\"acceptedAnswer\":{\"@type\":\"Answer\",\"text\":\"La mayor\\u00eda de los pacientes se benefician de una limpieza profesional cada seis meses, pero los pacientes con enfermedad de las enc\\u00edas o acumulaci\\u00f3n excesiva de placa pueden necesitar visitas cada tres o cuatro meses. La Dra. Quito le recomendar\\u00e1 un programa adaptado a su salud bucal.\"}},{\"@type\":\"Question\",\"name\":\"\\u00bfEs dolorosa una limpieza dental?\",\"acceptedAnswer\":{\"@type\":\"Answer\",\"text\":\"Las limpiezas son generalmente c\\u00f3modas y la mayor\\u00eda de los pacientes solo sienten una ligera presi\\u00f3n. Si sus enc\\u00edas est\\u00e1n inflamadas o sensibles, podemos utilizar t\\u00e9cnicas suaves u opciones de anestesia para que se relaje durante toda la visita.\"}},{\"@type\":\"Question\",\"name\":\"\\u00bfCu\\u00e1l es la diferencia entre una limpieza regular y una limpieza profunda?\",\"acceptedAnswer\":{\"@type\":\"Answer\",\"text\":\"Una limpieza regular se centra en pulir los dientes y eliminar la placa por encima de la l\\u00ednea de las enc\\u00edas. Una limpieza profunda trata la enfermedad de las enc\\u00edas limpiando por debajo de las enc\\u00edas y alisando las ra\\u00edces para reducir las bacterias y la inflamaci\\u00f3n.\"}},{\"@type\":\"Question\",\"name\":\"\\u00bfPueden las limpiezas profesionales ayudar con el mal aliento?\",\"acceptedAnswer\":{\"@type\":\"Answer\",\"text\":\"S\\u00ed. El mal aliento persistente suele estar causado por la placa, el sarro o una infecci\\u00f3n de las enc\\u00edas. Una limpieza profesional elimina las bacterias que causan el mal olor y ayuda a mantener el aliento m\\u00e1s fresco entre las visitas.\"}},{\"@type\":\"Question\",\"name\":\"\\u00bfSon seguras las limpiezas dentales durante el embarazo?\",\"acceptedAnswer\":{\"@type\":\"Answer\",\"text\":\"Por supuesto. Las limpiezas preventivas son recomendables y seguras durante el embarazo, especialmente en el segundo trimestre. Una buena higiene bucal reduce el riesgo de inflamaci\\u00f3n de las enc\\u00edas relacionada con el embarazo.\"}}]}<\/script>\n\t\t\t\t\t\t\t<\/div>\n\t\t\t\t<\/div>\n\t\t\t\t\t<\/div>\n\t\t\t\t<\/div>\n\t\t\t\t<\/div>\n\t\t","protected":false},"excerpt":{"rendered":"<p>Limpieza dental preventiva Creemos que una buena salud bucal comienza con una atenci\u00f3n preventiva de rutina, que incluye limpiezas profesionales peri\u00f3dicas. Estas visitas hacen m\u00e1s que pulir sus dientes; ayudan a prevenir la enfermedad de las enc\u00edas, la caries dental y las costosas emergencias dentales en el futuro. Entre las citas, tus h\u00e1bitos diarios de higiene bucal, cepillarte, [&hellip;]<\/p>\n","protected":false},"author":2,"featured_media":0,"parent":0,"menu_order":26,"comment_status":"closed","ping_status":"closed","template":"","meta":{"_seopress_robots_primary_cat":"","_seopress_titles_title":"Limpieza dental Orlando FL | Pristine Smiles","_seopress_titles_desc":"Las limpiezas dentales preventivas protegen la salud bucal eliminando la placa, previniendo la enfermedad de las enc\u00edas y las caries, y manteniendo tu sonrisa sana, limpia y segura.","_seopress_robots_index":"","footnotes":""},"class_list":["post-5633","page","type-page","status-publish"],"_links":{"self":[{"href":"https:\/\/pristinesmilesorlando.com\/es\/wp-json\/wp\/v2\/pages\/5633","targetHints":{"allow":["GET"]}}],"collection":[{"href":"https:\/\/pristinesmilesorlando.com\/es\/wp-json\/wp\/v2\/pages"}],"about":[{"href":"https:\/\/pristinesmilesorlando.com\/es\/wp-json\/wp\/v2\/types\/page"}],"author":[{"embeddable":true,"href":"https:\/\/pristinesmilesorlando.com\/es\/wp-json\/wp\/v2\/users\/2"}],"replies":[{"embeddable":true,"href":"https:\/\/pristinesmilesorlando.com\/es\/wp-json\/wp\/v2\/comments?post=5633"}],"version-history":[{"count":8,"href":"https:\/\/pristinesmilesorlando.com\/es\/wp-json\/wp\/v2\/pages\/5633\/revisions"}],"predecessor-version":[{"id":7126,"href":"https:\/\/pristinesmilesorlando.com\/es\/wp-json\/wp\/v2\/pages\/5633\/revisions\/7126"}],"wp:attachment":[{"href":"https:\/\/pristinesmilesorlando.com\/es\/wp-json\/wp\/v2\/media?parent=5633"}],"curies":[{"name":"wp","href":"https:\/\/api.w.org\/{rel}","templated":true}]}}