{"id":6207,"date":"2025-11-20T03:20:08","date_gmt":"2025-11-20T03:20:08","guid":{"rendered":"https:\/\/pristinesmilesorlando.com\/antes-y-despues\/"},"modified":"2026-01-26T00:41:25","modified_gmt":"2026-01-26T00:41:25","slug":"antes-y-despues","status":"publish","type":"page","link":"https:\/\/pristinesmilesorlando.com\/es\/antes-y-despues\/","title":{"rendered":"Antes y despu\u00e9s"},"content":{"rendered":"\t\t<div data-elementor-type=\"wp-page\" data-elementor-id=\"6207\" class=\"elementor elementor-6207 elementor-6205\" data-elementor-post-type=\"page\">\n\t\t\t\t<div data-particle_enable=\"false\" data-particle-mobile-disabled=\"false\" class=\"elementor-element elementor-element-c88bb70 e-flex e-con-boxed e-con e-parent\" data-id=\"c88bb70\" data-element_type=\"container\" data-e-type=\"container\">\n\t\t\t\t\t<div class=\"e-con-inner\">\n\t\t\t\t<div class=\"elementor-element elementor-element-8811e71 elementor-widget elementor-widget-heading\" data-id=\"8811e71\" data-element_type=\"widget\" data-e-type=\"widget\" data-widget_type=\"heading.default\">\n\t\t\t\t<div class=\"elementor-widget-container\">\n\t\t\t\t\t<h1 class=\"elementor-heading-title elementor-size-default\">Galer\u00eda de antes y despu\u00e9s<\/h1>\t\t\t\t<\/div>\n\t\t\t\t<\/div>\n\t\t\t\t<div class=\"elementor-element elementor-element-7ea9b24 elementor-widget elementor-widget-heading\" data-id=\"7ea9b24\" data-element_type=\"widget\" data-e-type=\"widget\" data-widget_type=\"heading.default\">\n\t\t\t\t<div class=\"elementor-widget-container\">\n\t\t\t\t\t<h2 class=\"elementor-heading-title elementor-size-default\">Vea transformaciones reales de sonrisas<\/h2>\t\t\t\t<\/div>\n\t\t\t\t<\/div>\n\t\t\t\t<div class=\"elementor-element elementor-element-ea2d54a elementor-widget elementor-widget-text-editor\" data-id=\"ea2d54a\" data-element_type=\"widget\" data-e-type=\"widget\" data-widget_type=\"text-editor.default\">\n\t\t\t\t<div class=\"elementor-widget-container\">\n\t\t\t\t\t\t\t\t\t<p>Cada sonrisa tiene una historia. En Pristine Smiles, los resultados de nuestros pacientes resaltan el poderoso impacto de la atenci\u00f3n dental personalizada. Desde mejoras est\u00e9ticas hasta mejoras restaurativas, nuestros casos de antes y despu\u00e9s muestran c\u00f3mo las sonrisas m\u00e1s saludables y brillantes pueden transformar verdaderamente la confianza. Pr\u00f3ximamente habr\u00e1 m\u00e1s fotos disponibles, pero ya puede explorar los tipos de tratamientos que ofrecemos y descubrir c\u00f3mo ayudamos a los pacientes a lograr sonrisas m\u00e1s saludables y seguras.   <\/p>\t\t\t\t\t\t\t\t<\/div>\n\t\t\t\t<\/div>\n\t\t\t\t\t<\/div>\n\t\t\t\t<\/div>\n\t\t<div data-particle_enable=\"false\" data-particle-mobile-disabled=\"false\" class=\"elementor-element elementor-element-b1ca7d4 e-flex e-con-boxed e-con e-parent\" data-id=\"b1ca7d4\" data-element_type=\"container\" data-e-type=\"container\">\n\t\t\t\t\t<div class=\"e-con-inner\">\n\t\t<div data-particle_enable=\"false\" data-particle-mobile-disabled=\"false\" class=\"elementor-element elementor-element-9c2c0a2 e-con-full e-flex e-con e-child\" data-id=\"9c2c0a2\" data-element_type=\"container\" data-e-type=\"container\">\n\t\t\t\t<div class=\"elementor-element elementor-element-b15cc41 elementor-widget elementor-widget-eael-image-comparison\" data-id=\"b15cc41\" data-element_type=\"widget\" data-e-type=\"widget\" data-widget_type=\"eael-image-comparison.default\">\n\t\t\t\t<div class=\"elementor-widget-container\">\n\t\t\t\t\t<div class=\"eael-img-comp-wrapper\"><div id=\"eael-image-comparison-b15cc41\" class=\"eael-img-comp-container twentytwenty-container\" data-offset=\"0.5\" data-orientation=\"horizontal\" data-before_label=\"Antes\" data-after_label=\"Despu\u00e9s\" data-overlay=\"yes\" data-onhover=\"no\" data-onclick=\"no\">\n\t\t\t<img decoding=\"async\" class=\"eael-before-img\" alt=\"\" src=\"https:\/\/pristinesmilesorlando.com\/wp-content\/uploads\/2026\/01\/before.png\">\n\t\t\t<img decoding=\"async\" class=\"eael-after-img\" alt=\"\" src=\"https:\/\/pristinesmilesorlando.com\/wp-content\/uploads\/2026\/01\/2.png\">\n        <\/div><\/div>\t\t\t\t<\/div>\n\t\t\t\t<\/div>\n\t\t\t\t<\/div>\n\t\t\t\t\t<\/div>\n\t\t\t\t<\/div>\n\t\t\t\t<\/div>\n\t\t","protected":false},"excerpt":{"rendered":"<p>Galer\u00eda de antes y despu\u00e9s Vea transformaciones reales de sonrisas Cada sonrisa tiene una historia. En Pristine Smiles, los resultados de nuestros pacientes resaltan el poderoso impacto de la atenci\u00f3n dental personalizada. Desde mejoras est\u00e9ticas hasta mejoras restaurativas, nuestros casos de antes y despu\u00e9s muestran c\u00f3mo las sonrisas m\u00e1s saludables y brillantes pueden transformar verdaderamente la confianza. Pr\u00f3ximamente [&hellip;]<\/p>\n","protected":false},"author":2,"featured_media":0,"parent":0,"menu_order":8,"comment_status":"closed","ping_status":"closed","template":"","meta":{"_seopress_robots_primary_cat":"","_seopress_titles_title":"Antes y Despu\u00e9s | Pristine Smiles en Orlando, FL","_seopress_titles_desc":"La galer\u00eda de antes y despu\u00e9s de Pristine Smiles muestra las transformaciones dentales realizadas por la Dra. Priscila Quito, desde odontolog\u00eda cosm\u00e9tica hasta restauraciones y sonrisas m\u00e1s brillantes.","_seopress_robots_index":"","footnotes":""},"class_list":["post-6207","page","type-page","status-publish"],"_links":{"self":[{"href":"https:\/\/pristinesmilesorlando.com\/es\/wp-json\/wp\/v2\/pages\/6207","targetHints":{"allow":["GET"]}}],"collection":[{"href":"https:\/\/pristinesmilesorlando.com\/es\/wp-json\/wp\/v2\/pages"}],"about":[{"href":"https:\/\/pristinesmilesorlando.com\/es\/wp-json\/wp\/v2\/types\/page"}],"author":[{"embeddable":true,"href":"https:\/\/pristinesmilesorlando.com\/es\/wp-json\/wp\/v2\/users\/2"}],"replies":[{"embeddable":true,"href":"https:\/\/pristinesmilesorlando.com\/es\/wp-json\/wp\/v2\/comments?post=6207"}],"version-history":[{"count":7,"href":"https:\/\/pristinesmilesorlando.com\/es\/wp-json\/wp\/v2\/pages\/6207\/revisions"}],"predecessor-version":[{"id":6996,"href":"https:\/\/pristinesmilesorlando.com\/es\/wp-json\/wp\/v2\/pages\/6207\/revisions\/6996"}],"wp:attachment":[{"href":"https:\/\/pristinesmilesorlando.com\/es\/wp-json\/wp\/v2\/media?parent=6207"}],"curies":[{"name":"wp","href":"https:\/\/api.w.org\/{rel}","templated":true}]}}