{"id":6235,"date":"2025-11-24T19:15:46","date_gmt":"2025-11-24T19:15:46","guid":{"rendered":"https:\/\/pristinesmilesorlando.com\/protesis-dentales-completas-y-parciales\/"},"modified":"2026-01-26T00:28:28","modified_gmt":"2026-01-26T00:28:28","slug":"protesis-dentales-completas-y-parciales","status":"publish","type":"page","link":"https:\/\/pristinesmilesorlando.com\/es\/protesis-dentales-completas-y-parciales\/","title":{"rendered":"Pr\u00f3tesis dentales completas y parciales"},"content":{"rendered":"\t\t<div data-elementor-type=\"wp-page\" data-elementor-id=\"6235\" class=\"elementor elementor-6235 elementor-6233\" data-elementor-post-type=\"page\">\n\t\t\t\t<div data-particle_enable=\"false\" data-particle-mobile-disabled=\"false\" class=\"elementor-element elementor-element-d633430 e-flex e-con-boxed e-con e-parent\" data-id=\"d633430\" data-element_type=\"container\" data-e-type=\"container\">\n\t\t\t\t\t<div class=\"e-con-inner\">\n\t\t\t\t<div class=\"elementor-element elementor-element-184f284 elementor-widget elementor-widget-heading\" data-id=\"184f284\" data-element_type=\"widget\" data-e-type=\"widget\" data-widget_type=\"heading.default\">\n\t\t\t\t<div class=\"elementor-widget-container\">\n\t\t\t\t\t<h1 class=\"elementor-heading-title elementor-size-default\">Pr\u00f3tesis dentales completas y parciales<\/h1>\t\t\t\t<\/div>\n\t\t\t\t<\/div>\n\t\t\t\t<div class=\"elementor-element elementor-element-a430be6 elementor-widget elementor-widget-text-editor\" data-id=\"a430be6\" data-element_type=\"widget\" data-e-type=\"widget\" data-widget_type=\"text-editor.default\">\n\t\t\t\t<div class=\"elementor-widget-container\">\n\t\t\t\t\t\t\t\t\t<p data-start=\"279\" data-end=\"616\">Si le faltan varias piezas dentales o est\u00e1 buscando una opci\u00f3n de reemplazo fiable y de aspecto natural, la <a href=\"https:\/\/pristinesmilesorlando.com\/es\/conoce-a-la-dra-quito\/\">Dra. Priscila Quito<\/a> ofrece dentaduras postizas y parciales dise\u00f1adas para brindar comodidad, funcionalidad y confianza. Las pr\u00f3tesis actuales tienen un aspecto m\u00e1s natural que nunca, lo que le ayudar\u00e1 a sonre\u00edr con m\u00e1s brillo, a hablar con claridad y a disfrutar de los alimentos que le gustan de nuevo.<\/p><h2 data-start=\"586\" data-end=\"607\">\u00bfQu\u00e9 son las dentaduras postizas?<\/h2><p data-start=\"609\" data-end=\"911\">Las dentaduras postizas son aparatos prot\u00e9sicos hechos a medida dise\u00f1ados para reemplazar varios dientes perdidos. Se apoyan c\u00f3modamente en las enc\u00edas, restaurando tanto la funci\u00f3n como la apariencia. Con la tecnolog\u00eda dental avanzada y los materiales mejorados, las dentaduras postizas modernas se ajustan de forma m\u00e1s segura y tienen un aspecto m\u00e1s natural que las de generaciones anteriores.  <\/p><h3 data-start=\"913\" data-end=\"942\">Beneficios de las dentaduras postizas completas<\/h3><p data-start=\"944\" data-end=\"1101\">Las dentaduras postizas completas se recomiendan cuando es necesario reemplazar todos los dientes del arco superior, del arco inferior o de ambos arcos. Los pacientes suelen elegirlas porque proporcionan: <\/p><ul><li data-start=\"1139\" data-end=\"1183\">Una apariencia facial m\u00e1s completa y natural<\/li><li data-start=\"1186\" data-end=\"1217\">Soporte para los labios y las mejillas<\/li><li data-start=\"1220\" data-end=\"1267\">Una soluci\u00f3n de reemplazo dental rentable<\/li><li data-start=\"1270\" data-end=\"1298\">Un impulso est\u00e9tico a la sonrisa<\/li><\/ul><p data-start=\"1300\" data-end=\"1417\">Las dentaduras postizas completas tambi\u00e9n se pueden combinar con soporte de implantes, lo que aumenta significativamente la estabilidad y evita que se resbalen.<\/p><h2 data-start=\"1419\" data-end=\"1448\">\u00bfQu\u00e9 son las dentaduras postizas parciales?<\/h2><p data-start=\"1450\" data-end=\"1662\">Las dentaduras postizas parciales reemplazan varios dientes perdidos al tiempo que conservan los dientes naturales restantes. Utilizan una estructura discreta de metal o acr\u00edlico para sujetarse a los dientes existentes, creando una soluci\u00f3n estable y funcional. <\/p><h3 data-start=\"1664\" data-end=\"1696\">\u00bfPor qu\u00e9 los pacientes eligen las dentaduras postizas parciales?<\/h3><p data-start=\"1698\" data-end=\"1781\">Las dentaduras postizas parciales son una opci\u00f3n ideal cuando todav\u00eda tiene dientes naturales sanos. Ofrecen: <\/p><ul><li data-start=\"1785\" data-end=\"1841\">Un ajuste seguro que se integra de forma natural con su sonrisa<\/li><li data-start=\"1844\" data-end=\"1881\">Un dise\u00f1o extra\u00edble y f\u00e1cil de limpiar<\/li><li data-start=\"1884\" data-end=\"1928\">Prevenci\u00f3n del desplazamiento o la deriva de los dientes<\/li><li data-start=\"1931\" data-end=\"1984\">Mayor comodidad para comer y hablar a diario<\/li><\/ul><p data-start=\"1986\" data-end=\"2106\">Debido a que las dentaduras postizas parciales rellenan los espacios entre los dientes, ayudan a mantener una alineaci\u00f3n adecuada y a proteger la salud bucal a largo plazo.<\/p><h2 data-start=\"2108\" data-end=\"2149\">\u00bfQu\u00e9 hace que las pr\u00f3tesis dentales personalizadas tengan un aspecto natural?<\/h2><p data-start=\"2151\" data-end=\"2359\">Su sonrisa es \u00fanica, y su dentadura postiza tambi\u00e9n deber\u00eda serlo. Cada dentadura postiza, ya sea completa o parcial, se dise\u00f1a a medida utilizando im\u00e1genes modernas, materiales avanzados y t\u00e9cnicas de fabricaci\u00f3n precisas. Esto da como resultado pr\u00f3tesis que:  <\/p><ul><li data-start=\"2363\" data-end=\"2414\">Imitan la translucidez y la forma de los dientes naturales<\/li><li data-start=\"2417\" data-end=\"2451\">Se ajustan c\u00f3modamente a las enc\u00edas<\/li><li data-start=\"2454\" data-end=\"2479\">Proporcionan una mordida equilibrada<\/li><li data-start=\"2482\" data-end=\"2506\">Mejoran el soporte facial<\/li><\/ul><p data-start=\"2508\" data-end=\"2598\">Nos tomamos nuestro tiempo para igualar el tono, el tama\u00f1o y la forma de los dientes para que su nueva sonrisa le resulte natural.<\/p><h2 data-start=\"2600\" data-end=\"2640\">\u00bfCu\u00e1ndo se deben considerar las pr\u00f3tesis dentales completas o parciales?<\/h2><p data-start=\"2642\" data-end=\"2945\">Si tiene dificultades para masticar, nota cambios en su mordida o se siente acomplejado por la falta de dientes, las dentaduras postizas o parciales pueden ser la soluci\u00f3n adecuada. Durante su consulta, evaluamos su salud bucal, revisamos sus objetivos y le recomendamos opciones que restablezcan tanto la funci\u00f3n como la confianza. <\/p><h2 data-start=\"2947\" data-end=\"2989\">Comience su camino hacia una sonrisa segura<\/h2><p data-start=\"2991\" data-end=\"3294\" data-is-last-node=\"\" data-is-only-node=\"\">La falta de dientes no deber\u00eda frenarle. Tanto si necesita una dentadura completa, una dentadura parcial o si desea explorar opciones con implantes, estamos aqu\u00ed para ayudarle a conseguir una sonrisa segura y de aspecto natural. P\u00f3ngase en contacto con nosotros hoy mismo para <a href=\"https:\/\/pristinesmilesorlando.com\/es\/solicitar-una-cita\/\">programar su visita<\/a> y obtener m\u00e1s informaci\u00f3n sobre sus opciones de reemplazo dental.  <\/p>\t\t\t\t\t\t\t\t<\/div>\n\t\t\t\t<\/div>\n\t\t\t\t\t<\/div>\n\t\t\t\t<\/div>\n\t\t<div data-particle_enable=\"false\" data-particle-mobile-disabled=\"false\" class=\"elementor-element elementor-element-2427602f e-flex e-con-boxed e-con e-child\" data-id=\"2427602f\" data-element_type=\"container\" data-e-type=\"container\">\n\t\t\t\t\t<div class=\"e-con-inner\">\n\t\t\t\t<div class=\"elementor-element elementor-element-1f6bbe6e elementor-widget elementor-widget-heading\" data-id=\"1f6bbe6e\" data-element_type=\"widget\" data-e-type=\"widget\" data-widget_type=\"heading.default\">\n\t\t\t\t<div class=\"elementor-widget-container\">\n\t\t\t\t\t<h2 class=\"elementor-heading-title elementor-size-default\">Preguntas frecuentes<\/h2>\t\t\t\t<\/div>\n\t\t\t\t<\/div>\n\t\t\t\t<div class=\"elementor-element elementor-element-7ed4c24f elementor-widget__width-inherit elementor-widget elementor-widget-text-editor\" data-id=\"7ed4c24f\" data-element_type=\"widget\" data-e-type=\"widget\" data-widget_type=\"text-editor.default\">\n\t\t\t\t<div class=\"elementor-widget-container\">\n\t\t\t\t\t\t\t\t\t<p>Muchos pacientes tienen preguntas antes de decidirse por las pr\u00f3tesis dentales completas o parciales. Aqu\u00ed tiene las respuestas a algunas de las preguntas m\u00e1s frecuentes. <\/p>\t\t\t\t\t\t\t\t<\/div>\n\t\t\t\t<\/div>\n\t\t\t\t<div class=\"elementor-element elementor-element-46b880cf elementor-widget elementor-widget-n-accordion\" data-id=\"46b880cf\" data-element_type=\"widget\" data-e-type=\"widget\" data-settings=\"{&quot;default_state&quot;:&quot;all_collapsed&quot;,&quot;max_items_expended&quot;:&quot;one&quot;,&quot;n_accordion_animation_duration&quot;:{&quot;unit&quot;:&quot;ms&quot;,&quot;size&quot;:400,&quot;sizes&quot;:[]}}\" data-widget_type=\"nested-accordion.default\">\n\t\t\t\t<div class=\"elementor-widget-container\">\n\t\t\t\t\t\t\t<div class=\"e-n-accordion\" aria-label=\"Accordion. Open links with Enter or Space, close with Escape, and navigate with Arrow Keys\">\n\t\t\t\t\t\t<details id=\"e-n-accordion-item-1180\" class=\"e-n-accordion-item\" >\n\t\t\t\t<summary class=\"e-n-accordion-item-title\" data-accordion-index=\"1\" tabindex=\"0\" aria-expanded=\"false\" aria-controls=\"e-n-accordion-item-1180\" >\n\t\t\t\t\t<span class='e-n-accordion-item-title-header'><div class=\"e-n-accordion-item-title-text\"> \u00bfCu\u00e1nto tiempo se tarda en acostumbrarse a las nuevas pr\u00f3tesis dentales? <\/div><\/span>\n\t\t\t\t\t\t\t<span class='e-n-accordion-item-title-icon'>\n\t\t\t<span class='e-opened' ><i aria-hidden=\"true\" class=\"fas fa-minus\"><\/i><\/span>\n\t\t\t<span class='e-closed'><i aria-hidden=\"true\" class=\"fas fa-plus\"><\/i><\/span>\n\t\t<\/span>\n\n\t\t\t\t\t\t<\/summary>\n\t\t\t\t<div data-particle_enable=\"false\" data-particle-mobile-disabled=\"false\" role=\"region\" aria-labelledby=\"e-n-accordion-item-1180\" class=\"elementor-element elementor-element-3666ea9a e-con-full e-flex e-con e-child\" data-id=\"3666ea9a\" data-element_type=\"container\" data-e-type=\"container\">\n\t\t\t\t<div class=\"elementor-element elementor-element-613b8314 elementor-widget__width-inherit elementor-widget elementor-widget-text-editor\" data-id=\"613b8314\" data-element_type=\"widget\" data-e-type=\"widget\" data-widget_type=\"text-editor.default\">\n\t\t\t\t<div class=\"elementor-widget-container\">\n\t\t\t\t\t\t\t\t\t<p>La mayor\u00eda de los pacientes necesitan algunas semanas para adaptarse, ya que la lengua, las mejillas y las enc\u00edas se adaptan al nuevo aparato. Leer en voz alta y empezar con alimentos m\u00e1s blandos puede facilitar la transici\u00f3n. <\/p>\t\t\t\t\t\t\t\t<\/div>\n\t\t\t\t<\/div>\n\t\t\t\t<\/div>\n\t\t\t\t\t<\/details>\n\t\t\t\t\t\t<details id=\"e-n-accordion-item-1181\" class=\"e-n-accordion-item\" >\n\t\t\t\t<summary class=\"e-n-accordion-item-title\" data-accordion-index=\"2\" tabindex=\"-1\" aria-expanded=\"false\" aria-controls=\"e-n-accordion-item-1181\" >\n\t\t\t\t\t<span class='e-n-accordion-item-title-header'><div class=\"e-n-accordion-item-title-text\"> \u00bfPuedo comer con normalidad con pr\u00f3tesis dentales completas o parciales? <\/div><\/span>\n\t\t\t\t\t\t\t<span class='e-n-accordion-item-title-icon'>\n\t\t\t<span class='e-opened' ><i aria-hidden=\"true\" class=\"fas fa-minus\"><\/i><\/span>\n\t\t\t<span class='e-closed'><i aria-hidden=\"true\" class=\"fas fa-plus\"><\/i><\/span>\n\t\t<\/span>\n\n\t\t\t\t\t\t<\/summary>\n\t\t\t\t<div data-particle_enable=\"false\" data-particle-mobile-disabled=\"false\" role=\"region\" aria-labelledby=\"e-n-accordion-item-1181\" class=\"elementor-element elementor-element-441b0a07 e-con-full e-flex e-con e-child\" data-id=\"441b0a07\" data-element_type=\"container\" data-e-type=\"container\">\n\t\t\t\t<div class=\"elementor-element elementor-element-109c7b7 elementor-widget elementor-widget-text-editor\" data-id=\"109c7b7\" data-element_type=\"widget\" data-e-type=\"widget\" data-widget_type=\"text-editor.default\">\n\t\t\t\t<div class=\"elementor-widget-container\">\n\t\t\t\t\t\t\t\t\t<p>S\u00ed, pero hay un per\u00edodo de adaptaci\u00f3n. Lo mejor es empezar con alimentos blandos cortados en trozos peque\u00f1os y, a continuaci\u00f3n, volver gradualmente a una dieta m\u00e1s normal a medida que mejoren su comodidad y confianza. <\/p>\t\t\t\t\t\t\t\t<\/div>\n\t\t\t\t<\/div>\n\t\t\t\t<\/div>\n\t\t\t\t\t<\/details>\n\t\t\t\t\t\t<details id=\"e-n-accordion-item-1182\" class=\"e-n-accordion-item\" >\n\t\t\t\t<summary class=\"e-n-accordion-item-title\" data-accordion-index=\"3\" tabindex=\"-1\" aria-expanded=\"false\" aria-controls=\"e-n-accordion-item-1182\" >\n\t\t\t\t\t<span class='e-n-accordion-item-title-header'><div class=\"e-n-accordion-item-title-text\"> \u00bfC\u00f3mo debo limpiar mis pr\u00f3tesis dentales completas y parciales? <\/div><\/span>\n\t\t\t\t\t\t\t<span class='e-n-accordion-item-title-icon'>\n\t\t\t<span class='e-opened' ><i aria-hidden=\"true\" class=\"fas fa-minus\"><\/i><\/span>\n\t\t\t<span class='e-closed'><i aria-hidden=\"true\" class=\"fas fa-plus\"><\/i><\/span>\n\t\t<\/span>\n\n\t\t\t\t\t\t<\/summary>\n\t\t\t\t<div data-particle_enable=\"false\" data-particle-mobile-disabled=\"false\" role=\"region\" aria-labelledby=\"e-n-accordion-item-1182\" class=\"elementor-element elementor-element-14302f15 e-con-full e-flex e-con e-child\" data-id=\"14302f15\" data-element_type=\"container\" data-e-type=\"container\">\n\t\t\t\t<div class=\"elementor-element elementor-element-3a789066 elementor-widget__width-inherit elementor-widget elementor-widget-text-editor\" data-id=\"3a789066\" data-element_type=\"widget\" data-e-type=\"widget\" data-widget_type=\"text-editor.default\">\n\t\t\t\t<div class=\"elementor-widget-container\">\n\t\t\t\t\t\t\t\t\t<p>Retire sus pr\u00f3tesis dentales completas o parciales a diario para limpiarlas, cep\u00edllelas suavemente con un cepillo suave y enju\u00e1guelas bien. Remojarlas en una soluci\u00f3n de limpieza para pr\u00f3tesis dentales seg\u00fan lo recomendado ayuda a mantenerlas frescas y libres de acumulaci\u00f3n. <\/p>\t\t\t\t\t\t\t\t<\/div>\n\t\t\t\t<\/div>\n\t\t\t\t<\/div>\n\t\t\t\t\t<\/details>\n\t\t\t\t\t\t<details id=\"e-n-accordion-item-1183\" class=\"e-n-accordion-item\" >\n\t\t\t\t<summary class=\"e-n-accordion-item-title\" data-accordion-index=\"4\" tabindex=\"-1\" aria-expanded=\"false\" aria-controls=\"e-n-accordion-item-1183\" >\n\t\t\t\t\t<span class='e-n-accordion-item-title-header'><div class=\"e-n-accordion-item-title-text\"> \u00bfCu\u00e1nto suelen durar las pr\u00f3tesis dentales completas y parciales? <\/div><\/span>\n\t\t\t\t\t\t\t<span class='e-n-accordion-item-title-icon'>\n\t\t\t<span class='e-opened' ><i aria-hidden=\"true\" class=\"fas fa-minus\"><\/i><\/span>\n\t\t\t<span class='e-closed'><i aria-hidden=\"true\" class=\"fas fa-plus\"><\/i><\/span>\n\t\t<\/span>\n\n\t\t\t\t\t\t<\/summary>\n\t\t\t\t<div data-particle_enable=\"false\" data-particle-mobile-disabled=\"false\" role=\"region\" aria-labelledby=\"e-n-accordion-item-1183\" class=\"elementor-element elementor-element-1fed56d8 e-con-full e-flex e-con e-child\" data-id=\"1fed56d8\" data-element_type=\"container\" data-e-type=\"container\">\n\t\t\t\t<div class=\"elementor-element elementor-element-53cd269b elementor-widget__width-inherit elementor-widget elementor-widget-text-editor\" data-id=\"53cd269b\" data-element_type=\"widget\" data-e-type=\"widget\" data-widget_type=\"text-editor.default\">\n\t\t\t\t<div class=\"elementor-widget-container\">\n\t\t\t\t\t\t\t\t\t<p>Con un buen cuidado y revisiones dentales peri\u00f3dicas, las pr\u00f3tesis dentales completas y parciales suelen durar muchos a\u00f1os. Con el tiempo, sus enc\u00edas y huesos pueden cambiar, por lo que es posible que se necesiten ajustes o reajustes ocasionales para un mejor ajuste. <\/p>\t\t\t\t\t\t\t\t<\/div>\n\t\t\t\t<\/div>\n\t\t\t\t<\/div>\n\t\t\t\t\t<\/details>\n\t\t\t\t\t\t<details id=\"e-n-accordion-item-1184\" class=\"e-n-accordion-item\" >\n\t\t\t\t<summary class=\"e-n-accordion-item-title\" data-accordion-index=\"5\" tabindex=\"-1\" aria-expanded=\"false\" aria-controls=\"e-n-accordion-item-1184\" >\n\t\t\t\t\t<span class='e-n-accordion-item-title-header'><div class=\"e-n-accordion-item-title-text\"> \u00bfSe pueden combinar las pr\u00f3tesis dentales completas o parciales con implantes dentales? <\/div><\/span>\n\t\t\t\t\t\t\t<span class='e-n-accordion-item-title-icon'>\n\t\t\t<span class='e-opened' ><i aria-hidden=\"true\" class=\"fas fa-minus\"><\/i><\/span>\n\t\t\t<span class='e-closed'><i aria-hidden=\"true\" class=\"fas fa-plus\"><\/i><\/span>\n\t\t<\/span>\n\n\t\t\t\t\t\t<\/summary>\n\t\t\t\t<div data-particle_enable=\"false\" data-particle-mobile-disabled=\"false\" role=\"region\" aria-labelledby=\"e-n-accordion-item-1184\" class=\"elementor-element elementor-element-6794101f e-con-full e-flex e-con e-child\" data-id=\"6794101f\" data-element_type=\"container\" data-e-type=\"container\">\n\t\t\t\t<div class=\"elementor-element elementor-element-106f3f2d elementor-widget__width-inherit elementor-widget elementor-widget-text-editor\" data-id=\"106f3f2d\" data-element_type=\"widget\" data-e-type=\"widget\" data-widget_type=\"text-editor.default\">\n\t\t\t\t<div class=\"elementor-widget-container\">\n\t\t\t\t\t\t\t\t\t<p>S\u00ed, muchos pacientes eligen dentaduras postizas con implantes o pr\u00f3tesis parciales con implantes para mayor estabilidad y comodidad. Durante su consulta, podemos analizar si los implantes son una buena opci\u00f3n para sus necesidades espec\u00edficas. <\/p>\t\t\t\t\t\t\t\t<\/div>\n\t\t\t\t<\/div>\n\t\t\t\t<\/div>\n\t\t\t\t\t<\/details>\n\t\t\t\t\t<\/div>\n\t\t\t\t\t<script type=\"application\/ld+json\">{\"@context\":\"https:\\\/\\\/schema.org\",\"@type\":\"FAQPage\",\"mainEntity\":[{\"@type\":\"Question\",\"name\":\"\\u00bfCu\\u00e1nto tiempo se tarda en acostumbrarse a las nuevas pr\\u00f3tesis dentales?\",\"acceptedAnswer\":{\"@type\":\"Answer\",\"text\":\"La mayor\\u00eda de los pacientes necesitan algunas semanas para adaptarse, ya que la lengua, las mejillas y las enc\\u00edas se adaptan al nuevo aparato. Leer en voz alta y empezar con alimentos m\\u00e1s blandos puede facilitar la transici\\u00f3n.\"}},{\"@type\":\"Question\",\"name\":\"\\u00bfPuedo comer con normalidad con pr\\u00f3tesis dentales completas o parciales?\",\"acceptedAnswer\":{\"@type\":\"Answer\",\"text\":\"S\\u00ed, pero hay un per\\u00edodo de adaptaci\\u00f3n. Lo mejor es empezar con alimentos blandos cortados en trozos peque\\u00f1os y, a continuaci\\u00f3n, volver gradualmente a una dieta m\\u00e1s normal a medida que mejoren su comodidad y confianza.\"}},{\"@type\":\"Question\",\"name\":\"\\u00bfC\\u00f3mo debo limpiar mis pr\\u00f3tesis dentales completas y parciales?\",\"acceptedAnswer\":{\"@type\":\"Answer\",\"text\":\"Retire sus pr\\u00f3tesis dentales completas o parciales a diario para limpiarlas, cep\\u00edllelas suavemente con un cepillo suave y enju\\u00e1guelas bien. Remojarlas en una soluci\\u00f3n de limpieza para pr\\u00f3tesis dentales seg\\u00fan lo recomendado ayuda a mantenerlas frescas y libres de acumulaci\\u00f3n.\"}},{\"@type\":\"Question\",\"name\":\"\\u00bfCu\\u00e1nto suelen durar las pr\\u00f3tesis dentales completas y parciales?\",\"acceptedAnswer\":{\"@type\":\"Answer\",\"text\":\"Con un buen cuidado y revisiones dentales peri\\u00f3dicas, las pr\\u00f3tesis dentales completas y parciales suelen durar muchos a\\u00f1os. Con el tiempo, sus enc\\u00edas y huesos pueden cambiar, por lo que es posible que se necesiten ajustes o reajustes ocasionales para un mejor ajuste.\"}},{\"@type\":\"Question\",\"name\":\"\\u00bfSe pueden combinar las pr\\u00f3tesis dentales completas o parciales con implantes dentales?\",\"acceptedAnswer\":{\"@type\":\"Answer\",\"text\":\"S\\u00ed, muchos pacientes eligen dentaduras postizas con implantes o pr\\u00f3tesis parciales con implantes para mayor estabilidad y comodidad. Durante su consulta, podemos analizar si los implantes son una buena opci\\u00f3n para sus necesidades espec\\u00edficas.\"}}]}<\/script>\n\t\t\t\t\t\t\t<\/div>\n\t\t\t\t<\/div>\n\t\t\t\t\t<\/div>\n\t\t\t\t<\/div>\n\t\t\t\t<\/div>\n\t\t","protected":false},"excerpt":{"rendered":"<p>Pr\u00f3tesis dentales completas y parciales Si le faltan varias piezas dentales o est\u00e1 buscando una opci\u00f3n de reemplazo fiable y de aspecto natural, la Dra. Priscila Quito ofrece dentaduras postizas y parciales dise\u00f1adas para brindar comodidad, funcionalidad y confianza. Las pr\u00f3tesis actuales tienen un aspecto m\u00e1s natural que nunca, lo que le ayudar\u00e1 a sonre\u00edr con m\u00e1s brillo, [&hellip;]<\/p>\n","protected":false},"author":1,"featured_media":0,"parent":0,"menu_order":6,"comment_status":"closed","ping_status":"closed","template":"","meta":{"_seopress_robots_primary_cat":"","_seopress_titles_title":"Dentaduras postizas y parciales en Orlando, FL | Pristine Smiles","_seopress_titles_desc":"Recupere su sonrisa con dentaduras postizas completas y parciales de aspecto natural en Pristine Smiles. Reemplazo dental personalizado que le ayuda a comer, hablar y sonre\u00edr con confianza. ","_seopress_robots_index":"","footnotes":""},"class_list":["post-6235","page","type-page","status-publish"],"_links":{"self":[{"href":"https:\/\/pristinesmilesorlando.com\/es\/wp-json\/wp\/v2\/pages\/6235","targetHints":{"allow":["GET"]}}],"collection":[{"href":"https:\/\/pristinesmilesorlando.com\/es\/wp-json\/wp\/v2\/pages"}],"about":[{"href":"https:\/\/pristinesmilesorlando.com\/es\/wp-json\/wp\/v2\/types\/page"}],"author":[{"embeddable":true,"href":"https:\/\/pristinesmilesorlando.com\/es\/wp-json\/wp\/v2\/users\/1"}],"replies":[{"embeddable":true,"href":"https:\/\/pristinesmilesorlando.com\/es\/wp-json\/wp\/v2\/comments?post=6235"}],"version-history":[{"count":20,"href":"https:\/\/pristinesmilesorlando.com\/es\/wp-json\/wp\/v2\/pages\/6235\/revisions"}],"predecessor-version":[{"id":7141,"href":"https:\/\/pristinesmilesorlando.com\/es\/wp-json\/wp\/v2\/pages\/6235\/revisions\/7141"}],"wp:attachment":[{"href":"https:\/\/pristinesmilesorlando.com\/es\/wp-json\/wp\/v2\/media?parent=6235"}],"curies":[{"name":"wp","href":"https:\/\/api.w.org\/{rel}","templated":true}]}}