{"id":6245,"date":"2025-11-24T19:33:21","date_gmt":"2025-11-24T19:33:21","guid":{"rendered":"https:\/\/pristinesmilesorlando.com\/protectores-bucales-y-retenedores\/"},"modified":"2026-03-08T05:05:56","modified_gmt":"2026-03-08T05:05:56","slug":"protectores-bucales-y-retenedores","status":"publish","type":"page","link":"https:\/\/pristinesmilesorlando.com\/es\/protectores-bucales-y-retenedores\/","title":{"rendered":"Protectores bucales y retenedores"},"content":{"rendered":"\t\t<div data-elementor-type=\"wp-page\" data-elementor-id=\"6245\" class=\"elementor elementor-6245 elementor-6243\" data-elementor-post-type=\"page\">\n\t\t\t\t<div data-particle_enable=\"false\" data-particle-mobile-disabled=\"false\" class=\"elementor-element elementor-element-6de29e5 e-flex e-con-boxed e-con e-parent\" data-id=\"6de29e5\" data-element_type=\"container\" data-e-type=\"container\">\n\t\t\t\t\t<div class=\"e-con-inner\">\n\t\t\t\t<div class=\"elementor-element elementor-element-601e33c elementor-widget elementor-widget-heading\" data-id=\"601e33c\" data-element_type=\"widget\" data-e-type=\"widget\" data-widget_type=\"heading.default\">\n\t\t\t\t<div class=\"elementor-widget-container\">\n\t\t\t\t\t<h1 class=\"elementor-heading-title elementor-size-default\">Protectores bucales y retenedores<\/h1>\t\t\t\t<\/div>\n\t\t\t\t<\/div>\n\t\t\t\t<div class=\"elementor-element elementor-element-b7a8ee1 elementor-widget elementor-widget-text-editor\" data-id=\"b7a8ee1\" data-element_type=\"widget\" data-e-type=\"widget\" data-widget_type=\"text-editor.default\">\n\t\t\t\t<div class=\"elementor-widget-container\">\n\t\t\t\t\t\t\t\t\t<p data-start=\"492\" data-end=\"896\">Proteger su sonrisa es esencial en cada etapa de la vida. Por ello, la Dra. Priscila Quito ofrece protectores bucales y retenedores de alta calidad y hechos a medida, dise\u00f1ados para mantener sus dientes seguros, mantener su alineaci\u00f3n y favorecer la salud bucodental a largo plazo. Tanto si es usted deportista, como si rechina los dientes por la noche o est\u00e1 terminando un tratamiento de ortodoncia, le ofrecemos soluciones adaptadas para su comodidad, durabilidad y confianza.  <\/p>\t\t\t\t\t\t\t\t<\/div>\n\t\t\t\t<\/div>\n\t\t\t\t\t<\/div>\n\t\t\t\t<\/div>\n\t\t<div data-particle_enable=\"false\" data-particle-mobile-disabled=\"false\" class=\"elementor-element elementor-element-8a23f89 e-flex e-con-boxed e-con e-parent\" data-id=\"8a23f89\" data-element_type=\"container\" data-e-type=\"container\">\n\t\t\t\t\t<div class=\"e-con-inner\">\n\t\t<div data-particle_enable=\"false\" data-particle-mobile-disabled=\"false\" class=\"elementor-element elementor-element-6a2f5b8 e-con-full e-flex e-con e-child\" data-id=\"6a2f5b8\" data-element_type=\"container\" data-e-type=\"container\">\n\t\t\t\t<div class=\"elementor-element elementor-element-7af28bd elementor-widget elementor-widget-text-editor\" data-id=\"7af28bd\" data-element_type=\"widget\" data-e-type=\"widget\" data-widget_type=\"text-editor.default\">\n\t\t\t\t<div class=\"elementor-widget-container\">\n\t\t\t\t\t\t\t\t\t<h2 data-start=\"903\" data-end=\"935\">F\u00e9rulas oclusales (protectores nocturnos)<\/h2><p data-start=\"999\" data-end=\"1239\">Si se despierta con tensi\u00f3n en la mand\u00edbula, dolores de cabeza o dientes desgastados, es posible que est\u00e9 rechinando o apretando los dientes por la noche, una afecci\u00f3n conocida como bruxismo. Un protector oclusal personalizado es una de las formas m\u00e1s eficaces de proteger su sonrisa mientras duerme. <\/p><h3 data-start=\"1241\" data-end=\"1278\">\u00bfPor qu\u00e9 son importantes los protectores oclusales?<\/h3><ul><li data-start=\"1281\" data-end=\"1322\">Reducen el dolor de mand\u00edbula y la tensi\u00f3n matutina<\/li><li data-start=\"1325\" data-end=\"1359\">Ayudan a prevenir fracturas y astillamientos<\/li><li data-start=\"1362\" data-end=\"1388\">Protegen el esmalte del desgaste<\/li><li data-start=\"1391\" data-end=\"1442\">Conservan coronas, carillas y restauraciones dentales<\/li><li data-start=\"1445\" data-end=\"1483\">Mejoran la comodidad general durante el sue\u00f1o<\/li><\/ul><p data-start=\"1485\" data-end=\"1604\">Cada protector bucal se ajusta con precisi\u00f3n utilizando materiales de alta calidad para una protecci\u00f3n duradera.<\/p>\t\t\t\t\t\t\t\t<\/div>\n\t\t\t\t<\/div>\n\t\t\t\t<\/div>\n\t\t<div data-particle_enable=\"false\" data-particle-mobile-disabled=\"false\" class=\"elementor-element elementor-element-1c7c78d e-con-full e-flex e-con e-child\" data-id=\"1c7c78d\" data-element_type=\"container\" data-e-type=\"container\">\n\t\t\t\t<div class=\"elementor-element elementor-element-fd86888 elementor-widget elementor-widget-image\" data-id=\"fd86888\" data-element_type=\"widget\" data-e-type=\"widget\" data-widget_type=\"image.default\">\n\t\t\t\t<div class=\"elementor-widget-container\">\n\t\t\t\t\t\t\t\t\t\t\t\t\t\t\t<img fetchpriority=\"high\" decoding=\"async\" width=\"2560\" height=\"2118\" src=\"https:\/\/pristinesmilesorlando.com\/wp-content\/uploads\/2026\/01\/img_0183-scaled.jpeg\" class=\"attachment-full size-full wp-image-6942\" alt=\"Retenedores transparentes Pristine Smiles en Orlando, FL\" srcset=\"https:\/\/pristinesmilesorlando.com\/wp-content\/uploads\/2026\/01\/img_0183-scaled.jpeg 2560w, https:\/\/pristinesmilesorlando.com\/wp-content\/uploads\/2026\/01\/img_0183-300x248.jpeg 300w, https:\/\/pristinesmilesorlando.com\/wp-content\/uploads\/2026\/01\/img_0183-1024x847.jpeg 1024w, https:\/\/pristinesmilesorlando.com\/wp-content\/uploads\/2026\/01\/img_0183-768x635.jpeg 768w, https:\/\/pristinesmilesorlando.com\/wp-content\/uploads\/2026\/01\/img_0183-1536x1271.jpeg 1536w, https:\/\/pristinesmilesorlando.com\/wp-content\/uploads\/2026\/01\/img_0183-2048x1694.jpeg 2048w\" sizes=\"(max-width: 2560px) 100vw, 2560px\" \/>\t\t\t\t\t\t\t\t\t\t\t\t\t\t\t<\/div>\n\t\t\t\t<\/div>\n\t\t\t\t<\/div>\n\t\t\t\t\t<\/div>\n\t\t\t\t<\/div>\n\t\t<div data-particle_enable=\"false\" data-particle-mobile-disabled=\"false\" class=\"elementor-element elementor-element-95a5907 e-flex e-con-boxed e-con e-parent\" data-id=\"95a5907\" data-element_type=\"container\" data-e-type=\"container\">\n\t\t\t\t\t<div class=\"e-con-inner\">\n\t\t<div data-particle_enable=\"false\" data-particle-mobile-disabled=\"false\" class=\"elementor-element elementor-element-aa3e5d1 e-con-full e-flex e-con e-child\" data-id=\"aa3e5d1\" data-element_type=\"container\" data-e-type=\"container\">\n\t\t\t\t<div class=\"elementor-element elementor-element-59796cc elementor-widget elementor-widget-text-editor\" data-id=\"59796cc\" data-element_type=\"widget\" data-e-type=\"widget\" data-widget_type=\"text-editor.default\">\n\t\t\t\t<div class=\"elementor-widget-container\">\n\t\t\t\t\t\t\t\t\t<h2 data-start=\"1611\" data-end=\"1632\">Protectores bucales deportivos<\/h2><p data-start=\"1712\" data-end=\"1958\">Para ni\u00f1os, adolescentes y adultos que practican deportes activos, un <strong data-start=\"1767\" data-end=\"1788\">protector bucal deportivo<\/strong> personalizado es esencial. A diferencia de las versiones compradas en tiendas, los protectores bucales hechos profesionalmente se ajustan de forma segura, se mantienen c\u00f3modos durante los movimientos intensos y reducen significativamente el riesgo de lesiones. <\/p><h3 data-start=\"1960\" data-end=\"1999\">Dise\u00f1ados para la seguridad y el rendimiento<\/h3><ul><li data-start=\"2002\" data-end=\"2048\">Protegen contra la ca\u00edda o rotura de dientes<\/li><li data-start=\"2051\" data-end=\"2089\">Ayudan a prevenir lesiones en labios y mejillas<\/li><li data-start=\"2092\" data-end=\"2140\">Reducen el impacto de los golpes, disminuyendo el riesgo de conmoci\u00f3n cerebral<\/li><li data-start=\"2143\" data-end=\"2191\">F\u00e1ciles de respirar y hablar con ellos durante el juego<\/li><\/ul><p data-start=\"2193\" data-end=\"2336\">Ya sea que juegue al f\u00fatbol americano, baloncesto, f\u00fatbol, hockey o cualquier deporte de contacto, nos aseguraremos de que cada atleta tenga un ajuste ce\u00f1ido y seguro.<\/p>\t\t\t\t\t\t\t\t<\/div>\n\t\t\t\t<\/div>\n\t\t\t\t<\/div>\n\t\t<div data-particle_enable=\"false\" data-particle-mobile-disabled=\"false\" class=\"elementor-element elementor-element-361e8d8 e-con-full e-flex e-con e-child\" data-id=\"361e8d8\" data-element_type=\"container\" data-e-type=\"container\">\n\t\t\t\t<div class=\"elementor-element elementor-element-3e9742a elementor-widget elementor-widget-image\" data-id=\"3e9742a\" data-element_type=\"widget\" data-e-type=\"widget\" data-widget_type=\"image.default\">\n\t\t\t\t<div class=\"elementor-widget-container\">\n\t\t\t\t\t\t\t\t\t\t\t\t\t\t\t<img decoding=\"async\" width=\"2560\" height=\"1707\" src=\"https:\/\/pristinesmilesorlando.com\/wp-content\/uploads\/2025\/11\/mouthguards-clear-blue-istock-660563928-scaled.jpg\" class=\"attachment-full size-full wp-image-6255\" alt=\"Protectores bucales Pristine Smiles en Orlando, FL\" srcset=\"https:\/\/pristinesmilesorlando.com\/wp-content\/uploads\/2025\/11\/mouthguards-clear-blue-istock-660563928-scaled.jpg 2560w, https:\/\/pristinesmilesorlando.com\/wp-content\/uploads\/2025\/11\/mouthguards-clear-blue-istock-660563928-300x200.jpg 300w, https:\/\/pristinesmilesorlando.com\/wp-content\/uploads\/2025\/11\/mouthguards-clear-blue-istock-660563928-1024x683.jpg 1024w, https:\/\/pristinesmilesorlando.com\/wp-content\/uploads\/2025\/11\/mouthguards-clear-blue-istock-660563928-768x512.jpg 768w, https:\/\/pristinesmilesorlando.com\/wp-content\/uploads\/2025\/11\/mouthguards-clear-blue-istock-660563928-1536x1024.jpg 1536w, https:\/\/pristinesmilesorlando.com\/wp-content\/uploads\/2025\/11\/mouthguards-clear-blue-istock-660563928-2048x1365.jpg 2048w\" sizes=\"(max-width: 2560px) 100vw, 2560px\" \/>\t\t\t\t\t\t\t\t\t\t\t\t\t\t\t<\/div>\n\t\t\t\t<\/div>\n\t\t\t\t<\/div>\n\t\t\t\t\t<\/div>\n\t\t\t\t<\/div>\n\t\t<div data-particle_enable=\"false\" data-particle-mobile-disabled=\"false\" class=\"elementor-element elementor-element-02cf186 e-flex e-con-boxed e-con e-parent\" data-id=\"02cf186\" data-element_type=\"container\" data-e-type=\"container\">\n\t\t\t\t\t<div class=\"e-con-inner\">\n\t\t<div data-particle_enable=\"false\" data-particle-mobile-disabled=\"false\" class=\"elementor-element elementor-element-1a369c2 e-con-full e-flex e-con e-child\" data-id=\"1a369c2\" data-element_type=\"container\" data-e-type=\"container\">\n\t\t\t\t<div class=\"elementor-element elementor-element-f06e97d elementor-widget elementor-widget-text-editor\" data-id=\"f06e97d\" data-element_type=\"widget\" data-e-type=\"widget\" data-widget_type=\"text-editor.default\">\n\t\t\t\t<div class=\"elementor-widget-container\">\n\t\t\t\t\t\t\t\t\t<h2 data-start=\"2343\" data-end=\"2378\">Retenedores Vivera\u2122 de invisalign\u00ae<\/h2>\n<p data-start=\"2450\" data-end=\"2682\">Despu\u00e9s de completar un tratamiento de ortodoncia, especialmente <a href=\"\/?page_id=5075\" data-uw-rm-brl=\"PR\" data-uw-original-href=\"https:\/\/pristinesmilesorlando.com\/es\/invisalign\/\">Invisalign\u00ae<\/a>,<span style=\"font-size: 1em;\"> los retenedores<\/span><span style=\"font-size: 1em;\">Vivera\u2122<\/span><span style=\"font-size: 1em;\"> ayudan a mantener tu bonita sonrisa alineada. Fabricados con material termopl\u00e1stico avanzado, los<\/span><span style=\"font-size: 1em;\"> retenedores<\/span><span style=\"font-size: 1em;\">Vivera\u2122<\/span><span style=\"font-size: 1em;\"> son conocidos por su excepcional claridad y resistencia.<\/span><\/p>\n<h3 data-start=\"2684\" data-end=\"2716\">Ventajas de los Vivera\u2122 Retenedores<\/h3>\n<ul>\n<li data-start=\"2719\" data-end=\"2754\">Cristalinos para una apariencia discreta<\/li>\n<li data-start=\"2757\" data-end=\"2804\">Un 30% m\u00e1s fuertes que los retenedores transparentes tradicionales<\/li>\n<li data-start=\"2807\" data-end=\"2848\">Altamente resistentes a las grietas o deformaciones<\/li>\n<li data-start=\"2851\" data-end=\"2899\">Dise\u00f1ados digitalmente para un ajuste preciso y personalizado<\/li>\n<li data-start=\"2902\" data-end=\"2960\">Ideal para la retenci\u00f3n a largo plazo tras el tratamiento Invisalign<br><\/li>\n<\/ul>\n<p data-start=\"2962\" data-end=\"3068\">El Dr. Quito recomienda <span style=\"font-size: 1em;\">Vivera\u2122<\/span><span style=\"font-size: 1em;\"> a los pacientes que desean una soluci\u00f3n de retenci\u00f3n duradera y f\u00e1cil de llevar.<\/span><\/p>\t\t\t\t\t\t\t\t<\/div>\n\t\t\t\t<\/div>\n\t\t\t\t<\/div>\n\t\t<div data-particle_enable=\"false\" data-particle-mobile-disabled=\"false\" class=\"elementor-element elementor-element-9eaf60e e-con-full e-flex e-con e-child\" data-id=\"9eaf60e\" data-element_type=\"container\" data-e-type=\"container\">\n\t\t\t\t<div class=\"elementor-element elementor-element-5f74b26 elementor-widget elementor-widget-image\" data-id=\"5f74b26\" data-element_type=\"widget\" data-e-type=\"widget\" data-widget_type=\"image.default\">\n\t\t\t\t<div class=\"elementor-widget-container\">\n\t\t\t\t\t\t\t\t\t\t\t\t\t\t\t<img decoding=\"async\" width=\"680\" height=\"630\" src=\"https:\/\/pristinesmilesorlando.com\/wp-content\/uploads\/2025\/12\/screenshot-2025-12-17-151556.png\" class=\"attachment-full size-full wp-image-6822\" alt=\"Retenedores Vivera Pristine Smiles en Orlando, FL\" srcset=\"https:\/\/pristinesmilesorlando.com\/wp-content\/uploads\/2025\/12\/screenshot-2025-12-17-151556.png 680w, https:\/\/pristinesmilesorlando.com\/wp-content\/uploads\/2025\/12\/screenshot-2025-12-17-151556-300x278.png 300w\" sizes=\"(max-width: 680px) 100vw, 680px\" \/>\t\t\t\t\t\t\t\t\t\t\t\t\t\t\t<\/div>\n\t\t\t\t<\/div>\n\t\t\t\t<\/div>\n\t\t\t\t\t<\/div>\n\t\t\t\t<\/div>\n\t\t<div data-particle_enable=\"false\" data-particle-mobile-disabled=\"false\" class=\"elementor-element elementor-element-0bb1fd2 e-flex e-con-boxed e-con e-parent\" data-id=\"0bb1fd2\" data-element_type=\"container\" data-e-type=\"container\">\n\t\t\t\t\t<div class=\"e-con-inner\">\n\t\t<div data-particle_enable=\"false\" data-particle-mobile-disabled=\"false\" class=\"elementor-element elementor-element-73ce957 e-con-full e-flex e-con e-child\" data-id=\"73ce957\" data-element_type=\"container\" data-e-type=\"container\">\n\t\t\t\t<div class=\"elementor-element elementor-element-f777951 elementor-widget elementor-widget-text-editor\" data-id=\"f777951\" data-element_type=\"widget\" data-e-type=\"widget\" data-widget_type=\"text-editor.default\">\n\t\t\t\t<div class=\"elementor-widget-container\">\n\t\t\t\t\t\t\t\t\t<h2 data-start=\"3075\" data-end=\"3112\">Retenedores fijos (retenedores adheridos)<\/h2><p data-start=\"3173\" data-end=\"3380\">Los retenedores fijos son alambres delgados adheridos a la parte posterior de los dientes, generalmente los dientes frontales inferiores, para mantener la alineaci\u00f3n a largo plazo. Permanecen en su lugar las 24 horas del d\u00eda, los 7 d\u00edas de la semana, ofreciendo un soporte continuo sin ning\u00fan esfuerzo diario. <\/p><h3 data-start=\"3382\" data-end=\"3414\">\u00bfPor qu\u00e9 elegir un retenedor fijo?<\/h3><ul><li data-start=\"3417\" data-end=\"3460\">Siempre activo, sin olvidos ni p\u00e9rdidas<\/li><li data-start=\"3463\" data-end=\"3491\">Invisible desde el exterior<\/li><li data-start=\"3494\" data-end=\"3525\">Ideal para la estabilidad a largo plazo<\/li><li data-start=\"3528\" data-end=\"3561\">C\u00f3modo y de bajo mantenimiento<\/li><li data-start=\"3564\" data-end=\"3626\">Especialmente beneficioso para pacientes propensos a la reca\u00edda del movimiento<\/li><\/ul><p data-start=\"3628\" data-end=\"3749\">El Dr. Quito le ayudar\u00e1 a determinar si un retenedor fijo es la mejor opci\u00f3n para su plan de retenci\u00f3n de ortodoncia.<\/p>\t\t\t\t\t\t\t\t<\/div>\n\t\t\t\t<\/div>\n\t\t\t\t<\/div>\n\t\t<div data-particle_enable=\"false\" data-particle-mobile-disabled=\"false\" class=\"elementor-element elementor-element-52912ba e-con-full e-flex e-con e-child\" data-id=\"52912ba\" data-element_type=\"container\" data-e-type=\"container\">\n\t\t\t\t<div class=\"elementor-element elementor-element-e537348 elementor-widget elementor-widget-image\" data-id=\"e537348\" data-element_type=\"widget\" data-e-type=\"widget\" data-widget_type=\"image.default\">\n\t\t\t\t<div class=\"elementor-widget-container\">\n\t\t\t\t\t\t\t\t\t\t\t\t\t\t\t<img loading=\"lazy\" decoding=\"async\" width=\"2560\" height=\"1920\" src=\"https:\/\/pristinesmilesorlando.com\/wp-content\/uploads\/2025\/11\/istock-1204178247-fixed-retainer-scaled.jpg\" class=\"attachment-full size-full wp-image-6254\" alt=\"Retenedores fijos Pristine Smiles en Orlando, FL\" srcset=\"https:\/\/pristinesmilesorlando.com\/wp-content\/uploads\/2025\/11\/istock-1204178247-fixed-retainer-scaled.jpg 2560w, https:\/\/pristinesmilesorlando.com\/wp-content\/uploads\/2025\/11\/istock-1204178247-fixed-retainer-300x225.jpg 300w, https:\/\/pristinesmilesorlando.com\/wp-content\/uploads\/2025\/11\/istock-1204178247-fixed-retainer-1024x768.jpg 1024w, https:\/\/pristinesmilesorlando.com\/wp-content\/uploads\/2025\/11\/istock-1204178247-fixed-retainer-768x576.jpg 768w, https:\/\/pristinesmilesorlando.com\/wp-content\/uploads\/2025\/11\/istock-1204178247-fixed-retainer-1536x1152.jpg 1536w, https:\/\/pristinesmilesorlando.com\/wp-content\/uploads\/2025\/11\/istock-1204178247-fixed-retainer-2048x1536.jpg 2048w\" sizes=\"(max-width: 2560px) 100vw, 2560px\" \/>\t\t\t\t\t\t\t\t\t\t\t\t\t\t\t<\/div>\n\t\t\t\t<\/div>\n\t\t\t\t<\/div>\n\t\t\t\t\t<\/div>\n\t\t\t\t<\/div>\n\t\t<div data-particle_enable=\"false\" data-particle-mobile-disabled=\"false\" class=\"elementor-element elementor-element-d556a2c e-flex e-con-boxed e-con e-parent\" data-id=\"d556a2c\" data-element_type=\"container\" data-e-type=\"container\">\n\t\t\t\t\t<div class=\"e-con-inner\">\n\t\t\t\t<div class=\"elementor-element elementor-element-3b401ea elementor-widget elementor-widget-text-editor\" data-id=\"3b401ea\" data-element_type=\"widget\" data-e-type=\"widget\" data-widget_type=\"text-editor.default\">\n\t\t\t\t<div class=\"elementor-widget-container\">\n\t\t\t\t\t\t\t\t\t<h2 data-start=\"3756\" data-end=\"3784\">Mantenga su sonrisa protegida<\/h2><p data-start=\"3786\" data-end=\"4055\">Desde la seguridad deportiva hasta el alivio del rechinamiento nocturno y la retenci\u00f3n ortod\u00f3ncica a largo plazo, le proporcionaremos soluciones personalizadas para cada sonrisa. Si no est\u00e1 seguro de qu\u00e9 protector bucal o retenedor es el adecuado para usted, nuestro equipo est\u00e1 aqu\u00ed para guiarle en cada paso del camino. <\/p><p data-start=\"4057\" data-end=\"4140\"><a href=\"https:\/\/pristinesmilesorlando.com\/es\/solicitar-una-cita\/\">Programe su cita<\/a> hoy mismo para mantener su sonrisa protegida durante los pr\u00f3ximos a\u00f1os.<\/p>\t\t\t\t\t\t\t\t<\/div>\n\t\t\t\t<\/div>\n\t\t\t\t\t<\/div>\n\t\t\t\t<\/div>\n\t\t\t\t<\/div>\n\t\t","protected":false},"excerpt":{"rendered":"<p>Protectores bucales y retenedores Proteger su sonrisa es esencial en cada etapa de la vida. Por ello, la Dra. Priscila Quito ofrece protectores bucales y retenedores de alta calidad y hechos a medida, dise\u00f1ados para mantener sus dientes seguros, mantener su alineaci\u00f3n y favorecer la salud bucodental a largo plazo. Tanto si es usted deportista, como si rechina [&hellip;]<\/p>\n","protected":false},"author":2,"featured_media":0,"parent":0,"menu_order":34,"comment_status":"closed","ping_status":"closed","template":"","meta":{"_seopress_robots_primary_cat":"","_seopress_titles_title":"Protectores bucales y retenedores Orlando FL | Prsitine Smiles","_seopress_titles_desc":"Los protectores bucales y los retenedores incluyen protectores nocturnos para el bruxismo, protectores bucales deportivos para la protecci\u00f3n, retenedores Vivera y retenedores fijos para mantener la alineaci\u00f3n.","_seopress_robots_index":"","footnotes":""},"class_list":["post-6245","page","type-page","status-publish"],"_links":{"self":[{"href":"https:\/\/pristinesmilesorlando.com\/es\/wp-json\/wp\/v2\/pages\/6245","targetHints":{"allow":["GET"]}}],"collection":[{"href":"https:\/\/pristinesmilesorlando.com\/es\/wp-json\/wp\/v2\/pages"}],"about":[{"href":"https:\/\/pristinesmilesorlando.com\/es\/wp-json\/wp\/v2\/types\/page"}],"author":[{"embeddable":true,"href":"https:\/\/pristinesmilesorlando.com\/es\/wp-json\/wp\/v2\/users\/2"}],"replies":[{"embeddable":true,"href":"https:\/\/pristinesmilesorlando.com\/es\/wp-json\/wp\/v2\/comments?post=6245"}],"version-history":[{"count":13,"href":"https:\/\/pristinesmilesorlando.com\/es\/wp-json\/wp\/v2\/pages\/6245\/revisions"}],"predecessor-version":[{"id":7422,"href":"https:\/\/pristinesmilesorlando.com\/es\/wp-json\/wp\/v2\/pages\/6245\/revisions\/7422"}],"wp:attachment":[{"href":"https:\/\/pristinesmilesorlando.com\/es\/wp-json\/wp\/v2\/media?parent=6245"}],"curies":[{"name":"wp","href":"https:\/\/api.w.org\/{rel}","templated":true}]}}