{"id":6264,"date":"2025-11-24T20:07:11","date_gmt":"2025-11-24T20:07:11","guid":{"rendered":"https:\/\/pristinesmilesorlando.com\/tecnologia-avanzada\/"},"modified":"2026-03-08T05:05:57","modified_gmt":"2026-03-08T05:05:57","slug":"tecnologia-avanzada","status":"publish","type":"page","link":"https:\/\/pristinesmilesorlando.com\/es\/tecnologia-avanzada\/","title":{"rendered":"Tecnolog\u00eda avanzada"},"content":{"rendered":"\t\t<div data-elementor-type=\"wp-page\" data-elementor-id=\"6264\" class=\"elementor elementor-6264 elementor-6262\" data-elementor-post-type=\"page\">\n\t\t\t\t<div data-particle_enable=\"false\" data-particle-mobile-disabled=\"false\" class=\"elementor-element elementor-element-7a5d0db e-flex e-con-boxed e-con e-parent\" data-id=\"7a5d0db\" data-element_type=\"container\" data-e-type=\"container\">\n\t\t\t\t\t<div class=\"e-con-inner\">\n\t\t\t\t<div class=\"elementor-element elementor-element-8f1d24d elementor-widget elementor-widget-heading\" data-id=\"8f1d24d\" data-element_type=\"widget\" data-e-type=\"widget\" data-widget_type=\"heading.default\">\n\t\t\t\t<div class=\"elementor-widget-container\">\n\t\t\t\t\t<h1 class=\"elementor-heading-title elementor-size-default\">Tecnolog\u00eda avanzada<\/h1>\t\t\t\t<\/div>\n\t\t\t\t<\/div>\n\t\t\t\t<div class=\"elementor-element elementor-element-e470bc9 elementor-widget elementor-widget-text-editor\" data-id=\"e470bc9\" data-element_type=\"widget\" data-e-type=\"widget\" data-widget_type=\"text-editor.default\">\n\t\t\t\t<div class=\"elementor-widget-container\">\n\t\t\t\t\t\t\t\t\t<p data-start=\"370\" data-end=\"832\">En Pristine Smiles, la <a href=\"\/?page_id=5040\" data-uw-rm-brl=\"PR\" data-uw-original-href=\"https:\/\/pristinesmilesorlando.com\/es\/conoce-a-la-dra-quito\/\">Dra. Priscila Quito<\/a> invierte en la tecnolog\u00eda dental m\u00e1s avanzada disponible para ofrecer una atenci\u00f3n m\u00e1s r\u00e1pida, segura y precisa. Desde im\u00e1genes digitales de alta resoluci\u00f3n hasta la planificaci\u00f3n de tratamientos en 3D y el escaneo de \u00faltima generaci\u00f3n, utilizamos herramientas innovadoras que mejoran la precisi\u00f3n, la comodidad y los resultados cl\u00ednicos para cada paciente. Nuestro objetivo es simple: combinar una habilidad excepcional con tecnolog\u00eda de vanguardia para brindarle la mejor experiencia dental posible.  <\/p>\n<h2 data-start=\"839\" data-end=\"865\">Im\u00e1genes OP3D\u2122 EX (CBCT)<\/h2>\n<p data-start=\"912\" data-end=\"1252\">Cuando se trata de diagnosticar y planificar el tratamiento, la claridad es fundamental. El sistema OP3D EX (CBCT) le brinda a la Dra. Quito una vista completa en 3D de sus dientes, mand\u00edbula, senos paranasales y estructuras circundantes. Este esc\u00e1ner avanzado proporciona im\u00e1genes de alta resoluci\u00f3n con baja exposici\u00f3n a la radiaci\u00f3n, lo que lo hace seguro para adultos y adolescentes.  <\/p>\n<ul>\n<li>Estructura \u00f3sea detallada<\/li>\n<li>Dientes impactados o no erupcionados<\/li>\n<li>Posicionamiento de la articulaci\u00f3n de la mand\u00edbula (ATM)<\/li>\n<li>V\u00edas nerviosas y anatom\u00eda de la ra\u00edz<\/li>\n<\/ul>\n<p data-start=\"1480\" data-end=\"1738\">Con las im\u00e1genes en 3D, podemos planificar los tratamientos con una precisi\u00f3n excepcional, desde <a href=\"\/?page_id=1520\" data-uw-rm-brl=\"PR\" data-uw-original-href=\"https:\/\/pristinesmilesorlando.com\/es\/implantes-dentales\/\">implantes<\/a> y <a href=\"\/?page_id=1525\" data-uw-rm-brl=\"PR\" data-uw-original-href=\"https:\/\/pristinesmilesorlando.com\/es\/extracciones\/\">extracciones<\/a> hasta ortodoncia y evaluaciones de conductos radiculares. El OP3D EX nos permite diagnosticar de forma temprana, tratar de forma predecible y garantizar que reciba el m\u00e1s alto nivel de atenci\u00f3n personalizada. <\/p>\n<h2 data-start=\"1745\" data-end=\"1770\">DTX studio\u2122 clinic pro<\/h2>\n<p data-start=\"1828\" data-end=\"2093\">El software <strong data-start=\"1832\" data-end=\"1857\">DTX Studio Clinic Pro<\/strong> es una potente plataforma digital que conecta el diagn\u00f3stico, las im\u00e1genes y la planificaci\u00f3n del tratamiento en un \u00fanico sistema integrado. Transforma la forma en que analizamos su salud bucal al simplificar datos complejos en im\u00e1genes f\u00e1ciles de entender. <\/p>\n<ul>\n<li data-start=\"2135\" data-end=\"2188\">Combina CBCT, fotos y escaneos en una sola vista<\/li>\n<li data-start=\"2191\" data-end=\"2231\">Permite un diagn\u00f3stico m\u00e1s r\u00e1pido y preciso<\/li>\n<li data-start=\"2234\" data-end=\"2285\">Mejora la comunicaci\u00f3n entre el m\u00e9dico y el paciente<\/li>\n<li data-start=\"2288\" data-end=\"2338\">Mejora la previsibilidad y la eficiencia del tratamiento<\/li>\n<li data-start=\"2341\" data-end=\"2395\">Le permite ver su boca en 3D durante su visita<\/li>\n<\/ul>\n<p data-start=\"2397\" data-end=\"2545\">Esta tecnolog\u00eda nos ayuda a crear planes de tratamiento m\u00e1s precisos y le brinda una imagen clara de lo que est\u00e1 sucediendo con su sonrisa.<\/p>\n<h2 data-start=\"2552\" data-end=\"2590\">Esc\u00e1ner iTero element\u2122 5D plus lite<\/h2>\n<p data-start=\"2651\" data-end=\"2912\">Diga adi\u00f3s a las impresiones engorrosas. El <strong data-start=\"2689\" data-end=\"2720\">iTero Element\u2122 5D Plus Lite<\/strong> es un esc\u00e1ner digital de \u00faltima generaci\u00f3n que se utiliza para <a href=\"\/?page_id=5075\" data-uw-rm-brl=\"PR\" data-uw-original-href=\"https:\/\/pristinesmilesorlando.com\/es\/invisalign\/\">Invisalign\u00ae<\/a>, <a href=\"\/?page_id=6243\" data-uw-rm-brl=\"PR\" data-uw-original-href=\"https:\/\/pristinesmilesorlando.com\/es\/protectores-bucales-y-retenedores\/\">retenedores<\/a>, <a href=\"\/?page_id=1518\" data-uw-rm-brl=\"PR\" data-uw-original-href=\"https:\/\/pristinesmilesorlando.com\/es\/coronas-y-puentes\/\">coronas<\/a> y muchos otros tratamientos dentales. Crea im\u00e1genes 3D r\u00e1pidas y de alta resoluci\u00f3n en solo minutos sin ninguna molestia.  <\/p>\n<ul>\n<li data-start=\"2962\" data-end=\"3007\">Escaneos intraorales de alta definici\u00f3n y a color real<\/li>\n<li data-start=\"3010\" data-end=\"3063\">Simulaciones Invisalign\u00ae para previsualizar tu futura sonrisa<br><\/li>\n<li data-start=\"3124\" data-end=\"3160\">Citas m\u00e1s r\u00e1pidas y sin complicaciones<\/li>\n<li data-start=\"3163\" data-end=\"3227\">Mayor precisi\u00f3n para retenedores y aparatos de mejor ajuste<\/li>\n<\/ul>\n<p data-start=\"3229\" data-end=\"3402\">Con<span style=\"font-size: 1em;\"> la tecnolog\u00eda<\/span><span style=\"font-size: 1em;\">iTero\u2122<\/span><span style=\"font-size: 1em;\">, puedes ver tu sonrisa desde todos los \u00e1ngulos y seguir los cambios a lo largo del tiempo, lo que facilita la comprensi\u00f3n de tu tratamiento y la confianza en los resultados.<\/span><\/p>\n<h2 data-start=\"3409\" data-end=\"3448\">Tecnolog\u00eda que mejora cada visita<\/h2>\n<p data-start=\"3450\" data-end=\"3769\">Al combinar im\u00e1genes avanzadas, diagn\u00f3sticos en 3D y escaneo digital, la Dra. Quito se asegura de que su atenci\u00f3n sea m\u00e1s segura, precisa y c\u00f3moda. Ya sea que est\u00e9 comenzando un tratamiento de ortodoncia, restaurando un diente o manteniendo su salud bucal, nuestra tecnolog\u00eda nos ayuda a ofrecer resultados excepcionales en todo momento. <\/p>\n<p data-start=\"3771\" data-end=\"3841\">Experimente la odontolog\u00eda moderna en su m\u00e1xima expresi\u00f3n, <a href=\"\/?page_id=1591\" data-uw-rm-brl=\"PR\" data-uw-original-href=\"https:\/\/pristinesmilesorlando.com\/es\/solicitar-una-cita\/\">programe su visita hoy mismo<\/a>.<\/p>\t\t\t\t\t\t\t\t<\/div>\n\t\t\t\t<\/div>\n\t\t\t\t\t<\/div>\n\t\t\t\t<\/div>\n\t\t\t\t<\/div>\n\t\t","protected":false},"excerpt":{"rendered":"<p>Tecnolog\u00eda avanzada En Pristine Smiles, la Dra. Priscila Quito invierte en la tecnolog\u00eda dental m\u00e1s avanzada disponible para ofrecer una atenci\u00f3n m\u00e1s r\u00e1pida, segura y precisa. Desde im\u00e1genes digitales de alta resoluci\u00f3n hasta la planificaci\u00f3n de tratamientos en 3D y el escaneo de \u00faltima generaci\u00f3n, utilizamos herramientas innovadoras que mejoran la precisi\u00f3n, la comodidad y los resultados cl\u00ednicos [&hellip;]<\/p>\n","protected":false},"author":2,"featured_media":0,"parent":0,"menu_order":6,"comment_status":"closed","ping_status":"closed","template":"","meta":{"_seopress_robots_primary_cat":"","_seopress_titles_title":"Tecnolog\u00eda dental avanzada | Pristine Smiles Orlando FL","_seopress_titles_desc":"Pristine Smiles utiliza tecnolog\u00eda dental avanzada, como im\u00e1genes 3D y escaneo digital, para un diagn\u00f3stico preciso, visitas c\u00f3modas y resultados siempre predecibles.","_seopress_robots_index":"","footnotes":""},"class_list":["post-6264","page","type-page","status-publish"],"_links":{"self":[{"href":"https:\/\/pristinesmilesorlando.com\/es\/wp-json\/wp\/v2\/pages\/6264","targetHints":{"allow":["GET"]}}],"collection":[{"href":"https:\/\/pristinesmilesorlando.com\/es\/wp-json\/wp\/v2\/pages"}],"about":[{"href":"https:\/\/pristinesmilesorlando.com\/es\/wp-json\/wp\/v2\/types\/page"}],"author":[{"embeddable":true,"href":"https:\/\/pristinesmilesorlando.com\/es\/wp-json\/wp\/v2\/users\/2"}],"replies":[{"embeddable":true,"href":"https:\/\/pristinesmilesorlando.com\/es\/wp-json\/wp\/v2\/comments?post=6264"}],"version-history":[{"count":8,"href":"https:\/\/pristinesmilesorlando.com\/es\/wp-json\/wp\/v2\/pages\/6264\/revisions"}],"predecessor-version":[{"id":7424,"href":"https:\/\/pristinesmilesorlando.com\/es\/wp-json\/wp\/v2\/pages\/6264\/revisions\/7424"}],"wp:attachment":[{"href":"https:\/\/pristinesmilesorlando.com\/es\/wp-json\/wp\/v2\/media?parent=6264"}],"curies":[{"name":"wp","href":"https:\/\/api.w.org\/{rel}","templated":true}]}}